{"id":919,"date":"2017-05-09T01:30:38","date_gmt":"2017-05-09T01:30:38","guid":{"rendered":"http:\/\/www.lowcostpetvaccinations.net\/?page_id=919\/"},"modified":"2021-03-31T18:34:48","modified_gmt":"2021-03-31T18:34:48","slug":"homepage","status":"publish","type":"page","link":"https:\/\/www.lowcostpetvaccinations.net\/es\/","title":{"rendered":"Vacunas para Perros a Bajo Costo"},"content":{"rendered":"<p><img loading=\"lazy\" decoding=\"async\" class=\"alignright wp-image-937 size-full\" src=\"https:\/\/www.lowcostpetvaccinations.net\/wp-content\/uploads\/2016\/10\/home1.png\" alt=\"low cost pet vaccinations in your area\" width=\"304\" height=\"240\" srcset=\"https:\/\/www.lowcostpetvaccinations.net\/wp-content\/uploads\/2016\/10\/home1.png 304w, https:\/\/www.lowcostpetvaccinations.net\/wp-content\/uploads\/2016\/10\/home1.png 300w\" sizes=\"auto, (max-width: 304px) 100vw, 304px\" \/><\/p>\n<h2 style=\"text-align: center;\">Bienvenidos a Low Cost Pet Vaccinations<\/h2>\n<p>Low Cost Pet Vax trabaja en todo Dallas-Fort Worth y San Antonio para ofrecer vacunas para perros a bajo costo y otros servicios de salud de mascotas a precios econ\u00f3micos.<\/p>\n<p>Para proteger la salud de su mascota y de usted, es muy\u00a0 importante vacunar a su mascota para evitar enfermedades como la rabia, moquillo, parvovirus, y leptospirosis que potencialmente sean fatal. Ofrecemos vacunas para perros y gatos a bajo costo a trav\u00e9s de Texas, enfocado en el \u00e1rea DFW y San Antonio.<\/p>\n<p>Tambi\u00e9n ofrecemos pruebas y protecci\u00f3n contra par\u00e1sitos del coraz\u00f3n, junto con microchips para ayudarlo a localizar a su mascota si alg\u00fan d\u00eda se pierde.<\/p>\n<p>En Low Cost Pet Vaccinations, ofrecemos servicios convenientes a precios asequibles para que pueda mantener a sus peque\u00f1os (\u00a1o grandes!) mascota feliz y saludable.<\/p>\n<h2>Vacunas de Mascotas Asequibles en Texas<\/h2>\n<p>Somos un servicio de vacunnaciones completamente m\u00f3vil y a bajo costo. A trav\u00e9s que no tenemos una ubicaci\u00f3n central nos ahorramos el costo de renta para poder ofrecerle vacunas y otros servicios de bienestar para su mascota al precio m\u00e1s bajo.<\/p>\n<p>En cada locaci\u00f3n de cl\u00ednica hay un veterinario disponible para responder a sus preguntas, analizar sus opciones y aplicara las vacunas a su mascota. Nuestros amables t\u00e9cnicos expertos tambi\u00e9n aplican vacunas y pueden ayudarle con cualquier pregunta que tenga.<\/p>\n<p>Nuestro objetivo constante es ofrecer vacunaciones a bajo precio para su mascota y atenderte amistosamente y que sea un servicio conveniente para usted y su mascota. Eso\u00a0significa hacer su experiencia lo m\u00e1s positiva y r\u00e1pida para usted y su mascota.<\/p>\n<p>Tambi\u00e9n podemos contestar cual que preguntas que tenga sobre las vacunas y opciones de prevenci\u00f3n para su mascota. Aunque NO se requiere cita o llamada previa, siempre estamos para atenderlos a trav\u00e9s de nuestros puntos de comunicaci\u00f3n,\u00a0\u00a0871-282-1000, correo electr\u00f3nico: <a href=\"mailto:contact@lowcostpetvax.com\">contact@lowcostpetvax.com<\/a>,\u00a0 y por mensaje de Facebook en http:\/\/www.facebook.com\/lowcostpetvax, por si tiene preguntas!<\/p>\n<h2>Fechas y Ubicaciones<\/h2>\n<p><a href=\"https:\/\/www.lowcostpetvaccinations.net\/es\/horarios-y-ubicaciones\/\">Tenemos ubicaciones cerca de usted en Dallas-Fort Worth y San Antonio<\/a>. Estamos constantemente agregando nuevas locaciones mientras tratamos de expandir nostros servicios para ofrecer vacunaciones a costo bajo lo m\u00e1s posible a todas comunidades. Si no ve su ciudad, o zona, y cree que hay una necesidad en su \u00e1rea, comun\u00edquese con nosotros y av\u00edsenos.<\/p>\n<p>Nuestro horario en cada ubicaci\u00f3n es t\u00edpicamente de 9am a 12pm y de 1pm a 4pm los s\u00e1bados y de 12pm a 4pm los domingos. Para verificar los detalles de cualquier ubicaci\u00f3n, visite nuestra p\u00e1gina de Horarios y Ubicaciones.<\/p>\n<p><em>Nota: \u00a1Constantemente estamos agregando nuevas ubicaciones y actualizando nuestro horario! Frecuentemente revise nuestro horario para que tenga la informaci\u00f3n m\u00e1s recent\u00e9 o s\u00eduenos en Facebook (facebook.com\/lowcostpetvax) para encontrar m\u00e1s detalles.<\/em><\/p>\n<h2>Vacunas para Perros a Bajo Costo<\/h2>\n<p>Ofrecemos todas las vacunas anuales que necesite su perro, incluyendo:<\/p>\n<ul>\n<li>Rabia<\/li>\n<li>Bordetella<\/li>\n<li>DHPPi (moquillo, hepatitis, parvovirus, parainfluenza)<\/li>\n<li>Leptospirosis<\/li>\n<li>Influenza canina<\/li>\n<\/ul>\n<p>Y tambi\u00e9n para su gato, incluyendo:<\/p>\n<ul>\n<li>FVRCP (Rhinotracheitis Felina Viral, Calcivirus, y Panleukopenia)<\/li>\n<li>Leucemia felina<\/li>\n<\/ul>\n<p>Si no est\u00e1 seguro seguro de las vacunas que su mascota necesita, no dude en consultar nuestra gu\u00eda sobre las vacunas que debe solicitar para su mascota o cont\u00e1ctenos.<\/p>\n<p>Tambi\u00e9n podemos explicarle sus diferentes opciones en persona en una de nuestras cl\u00ednicas de vacunaci\u00f3n.<\/p>\n<h2>Par\u00e1sitos del Coraz\u00f3n (Heartworm)<\/h2>\n<p>Afortunadamente se puede prevenir la enfermedad del par\u00e1sitos del coraz\u00f3n en perros a un costo econ\u00f3mico, perro sea muy dificil y costoso de tratar despu\u00e9s que est\u00e9n infestados. Ofrecemos una prueba para confimar si su perro este afectado o no por los par\u00e1sitos del coraz\u00f3n y medicamentos de prevenci\u00f3n. A este momento solamente ofrecemos consejos e informaci\u00f3n para el tratamiento.<\/p>\n<p>Los par\u00e1sitos del coraz\u00f3n son gusanos intravasculares (en los vasos sangu\u00edneos) y se transmiten por picaduras de zancudos infectadas. Si su perro alguna vez ha sido mordido por un zancudo (casi todos) entonces es posible que han sido expuesto al parasito. Son m\u00e1s susceptibles durante la madrugada y anochecer por ser el horario m\u00e1ximo de los zancudos.<\/p>\n<p>Los par\u00e1sitos del coraz\u00f3n son muy comunes en el pa\u00eds, perro son m\u00e1s com\u00fan en Texas por el alto poblaci\u00f3n de zancudos. Ofrecemos pruebas en cada locaci\u00f3n y no es raro que un perro resulte positivo.<\/p>\n<p>Aunque no hay se\u00f1ales iniciales, la enfermedad del parasito del coraz\u00f3n puede ser fatal si no es tratado a tiempo y apropiado. Los par\u00e1sitos pueden causar da\u00f1o en los tejidos del coraz\u00f3n, arterias y los pulmones. A causa de este da\u00f1o puede causar falla cardiaca o problemas similares que resulta en muerte.<\/p>\n<p>En resume, <strong>le\u00a0recomendamos que haga una prueba anual para saber si hay par\u00e1sitos del coraz\u00f3n y administra medicamento a su perro para prevenir los par\u00e1sitos.\u00a0<\/strong>Hay varios medicamentos de prevenci\u00f3n para los par\u00e1sitos del coraz\u00f3n y le podemos a aconsejar cual sea la mejor opci\u00f3n para usted y su perro. Incluso tenemos una prevenci\u00f3n inyectable que es efectiva por 6 meses, ProHeart 6.<\/p>\n<p>(<em>Nota: Aunque los gatos tambi<\/em><em>\u00e9<\/em><em>n pueden tener esta enfermedad, es raro y no son recipientes naturales del parasito. Sin embargo, la prevenci\u00f3n puede protegerlos de cualquier exposici\u00f3n a parasito que puede causar da\u00f1o<\/em><em>)<\/em><\/p>\n<h2>Desparasitaci\u00f3n<\/h2>\n<p>Hay dos tipos de lombrices que infectan a los cachorros y gatitos (que son las victimas principales de los par\u00e1sitos intestinales): <em>Asc<\/em><em>\u00e1<\/em><em>ride y Anquilostoma. <\/em>Estos son par\u00e1sitos intestinales que frecuentemente son transmitidos a trav\u00e9s de sus madres.<\/p>\n<p>Principalmente la asc\u00e1ride en un problema de las mascotas j\u00f3venes debido a que sus sistemas inmunol\u00f3gicos no est\u00e1n desarrollados suficiente. En la mayor\u00eda de los casos solamente causan reducci\u00f3n del crecimiento porque le roban los nutrientes de la comida. Los s\u00edntomas pueden ser leves, pero pueden llegar a ser grave, por ejemplo, molestias gastrointestinales, vomito, diarrea, e incluso enfermedades respiratorias.<\/p>\n<p>Generalmente los huevos de la asc\u00e1ride son transmitidos en las heces de perros infectados y otros perros adultos se infectan al consumir los huevos depositados en el suelo. Sin embargo, estas lombrices pueden permanecer inactivas en el perro adulto y activarse solo en las \u00faltimas etapas del embarazo para infectar a los cachorros. Esto lo hacen al cruzar la membrana placentaria o infectar a los cachorros a trav\u00e9s de la leche materna.<\/p>\n<p>La asc\u00e1ride son un riesgo para los humanos tambi\u00e9n, especialmente en ambientes anti-higi\u00e9nicos, o incluso en las cajas de arenas accesibles a gatos y otros animales. Los humanos se infectan al consumir los huevos infestados transmitidos de mano a boca que ocurre cuando una persona toca el piso, objetos, e incluso una mascota. El movimiento de la larva a trav\u00e9s del cuerpo de una persona es la causa de enfermedades, generalmente en ni\u00f1os, y puede manifestar enfermedades como alta fiebre, hepatitis, falta de apetito, p\u00e9rdida de peso, o toz constante. Esta lombriz tambi\u00e9n puede llegar a causar ceguera debido a la migraci\u00f3n a trav\u00e9s de los ojos.<\/p>\n<p>El anquilostoma es similar a las asc\u00e1rides de muchas maneras. Sin embargo, causan enfermedad al engancharse a la pared de los intestinos y se alimentan de la sangre del hu\u00e9sped. Eso causa malestar gastrointestinal, adem\u00e1s, da\u00f1an a las mascotas j\u00f3venes porque causa anemia debido a la p\u00e9rdida de sangre. Los anquilostomas tambi\u00e9n pueden transferirse a los cachorros mientras a\u00fan est\u00e1n en el \u00fatero, al trav\u00e9s de la leche materna e incluso al trav\u00e9s de penetrar la piel. Los anquilostomas tambi\u00e9n pueden transmitirse a los humanos y causa una enfermedad de comez\u00f3n grave en la piel.<\/p>\n<p>Casi todos los cachorros tienen uno o ambos gusanos intestinales. Sin embargo, son muy simples de tratar con un medicamento desparasitante oral sin dolor. Ofrecemos este desparasitante en nuestros paquetes para cachorros.<\/p>\n<h2>Inyecci\u00f3n contra Solitaria<\/h2>\n<p>Las solitarias son menos frecuentes que los anteriores. Incluso si un perro tiene solitaria se diagnostica f\u00e1cilmente al examinar las heces del perro porque contienen lombrices blancas parecido a granos de arroz aplanados.<\/p>\n<p>Los perros contraen Solitaria cuando comen una pulga infectada, que es el hu\u00e9sped primario de las solitarias. Despu\u00e9s de que un perro ingiere una pulga infectada, la solitaria madura en el intestino del perro y completa su ciclo de vida.<\/p>\n<p>A pesar de que las solitarias pueden ser asquerosas y molestas, generalmente no son da\u00f1oso para los perros. Aunque podr\u00eda causar irritaci\u00f3n leve en la parte trasera de su perro.<\/p>\n<p>Sin embargo, las solitarias en los cachorros pueden ser m\u00e1s seria. Si sospecha que su cachorro tiene solitarias, podemos ofrecerle una inyecci\u00f3n de solitaria (que solo es una vez) para un tratamiento simple y efectivo.<\/p>\n<h2>Microchips<\/h2>\n<p>Un microchip es un dispositivo peque\u00f1o que no se puede separa de su perro. Eso permite que las instalaciones de animal (refugios, cl\u00ednicas, etc.) puedan escanear informaci\u00f3n en el chip e identificar al due\u00f1o, usted. Inyectamos estos peque\u00f1os chips electr\u00f3nicos con una aguja hipod\u00e9rmica; no es m\u00e1s doloroso o invasivo que una vacunaci\u00f3n normal (aunque la aguja es un poco m\u00e1s grande).<\/p>\n<p>Los microchip se quedar\u00e1n con su mascota a comparar de un collar o placa de identidad. Lo recomendamos igual para perros y gatos de afuera. \u00a1Incluso m\u00e1s si su mascota le gusta hacer un viaje de vez en cuando!<\/p>\n<p>Los microchips se &#8220;leen&#8221; cuando se pasa un esc\u00e1ner sobre ellos. Si su mascota alg\u00fan d\u00eda se pierde o termina en un refugio para mascotas, los empleados podr\u00e1n identificarlo inmediatamente como el due\u00f1o del perro.<\/p>\n<h2>Lo que no Hacemos<\/h2>\n<p>Desafortunadamente, dado que somos m\u00f3viles, hay algunas cosas que no podemos hacer. Por nuestro nombre, Low Cost Pet Vaccinations, el servicio que m\u00e1s nos solicitan es de bajo costo para esterilizar y castrar, pero al momento no tenemos una cl\u00ednica f\u00edsica para ofrecer este servicio.<\/p>\n<p>Si busca esterilizaciones econ\u00f3micas en su \u00e1rea,\u00a0<strong>le recomendamos que contacte a su refugio de animales local o SPCA (Sociedad para la prevenci<\/strong><strong>\u00f3<\/strong><strong>n de la crueldad animal). <\/strong>Sabr\u00e1n donde puedes castrar a su mascota por un precio razonable, incluso a veces gratis.<\/p>\n<p>Tampoco hacemos ninguna cirug\u00eda o ex\u00e1menes intensivos. Por favor, consulte a su veterinario para revisiones de salud o si su mascota exhibe un comportamiento inusual o enfermizo.<\/p>\n<h2>\u00bfQu\u00e9 Vacunas para Mascotas Necesito?<\/h2>\n<p>Recomendamos las siguientes vacunas anuales para <strong>PERROS <\/strong>(en orden de mas importante a menos):<\/p>\n<ul>\n<li>Rabia<\/li>\n<li>DHPPi<\/li>\n<li>Leptospirosis<\/li>\n<li>Bordetella<\/li>\n<\/ul>\n<p>El paquete con todas las vacunas para perros a bajo costo que recomemdanos cuesta solamente $55.<\/p>\n<p>Los <strong>GATOS\u00a0<\/strong>necesitan menos vacunas, siendo las siguientes tres que recomendar\u00edamos anualmente:<\/p>\n<ul>\n<li>Rabia<\/li>\n<li>FVRCP<\/li>\n<li>Leucemia<\/li>\n<\/ul>\n<p>*Las vacunas que recibe su mascota dependen del estilo de vida y de su juicio personal, anqu\u00e9 la ley exige la vacuna contra la rabia sin tener en cuenta el estilo de vida. Una vez m\u00e1s, recomendamos las vacunas mencionadas arriba. Puede encontrar m\u00e1s informaci\u00f3n sobre cada vacuna individual y si es necesaria para su mascota en la p\u00e1gina de servicios o biblioteca de salud de mascotas en LowCostPetVaccinations.net<\/p>\n<p>Es importante mantenerse informado sobre sus opciones, para la salud de su mascota y su bolsillo.<\/p>\n<h2>Acerca de Nosotros<\/h2>\n<p>Low Cost Pet Vax se inici\u00f3 en 2016 por el Dr. Rod Munsell, quien quer\u00eda ofrecer atenci\u00f3n m\u00e9dica de mascotas a bajo costo a due\u00f1os en una forma conveniente y amigable.<\/p>\n<p>Aunque siempre recomendamos que visite a un veterinario para revisiones de salud, los precios son comprensiblemente m\u00e1s altos para compensar las intalaciones, el equipo y otros costos de la cl\u00ednica. A pesar de que tenemos m\u00e9dicos veterinarios especialistas que tienen alta conocimentos en medicina y cirug\u00eda veterinaria, nosotors en Low Cost Pet Vax mantenemos sus precios bajos porque nos enfocamos en prevenir enfermedades a su mascota a trav\u00e9s de vacunas, pruebas de bienestar y control de par\u00e1sitos sin gastos generales de una cl\u00ednica.<\/p>\n<p>El Dr. Rod Munsell construy\u00f3 Low Cost Pet Vax con los ideales de un servicio amigable, conveniente y asequible &#8211; demostrando respeto por usted, sus mascotas y por su tiempo.<\/p>\n<p><strong>Queremos ofrecer los mejores servicios disponibles al precio m\u00e1s bajo.<\/strong><\/p>\n<h2>Informaci\u00f3n de Salud de Su Mascota<\/h2>\n<p>Creemos en mantener a las personas informadas sobre la atenci\u00f3n medica preventivo general de las mascotas y las opciones (m\u00e1s econ\u00f3micas) disponibles para ellos como due\u00f1o de mascotas.<\/p>\n<p>Si tiene alguna pregunta sobre la infrmaci\u00f3n general sobre la salud de las mascotas, las vacunas para perros a bajo costo espec\u00edficas que su mascota podr\u00eda necesitar o otras preguntas sobre Low Cost Pet Vax, \u00a1no dude en contactarnos! Podemos ofrecer todo, dese informaci\u00f3n general sobre salud de mascotas hasta noticias sobre vacunas de mascotas de bajo costo y atenci\u00f3n medica en su \u00e1rea.<\/p>\n<p><em>Cont<\/em><em>\u00e1<\/em><em>ctenos aqu<\/em><em>\u00ed<\/em><em>.<\/em><\/p>\n<p>Se requiere mucho para mantener a su mascota feliz y saludable. \u00a1pero no tiene que costarle una fortuna! \u00a1Cont\u00e1ctenos para obtener m\u00e1s informaci\u00f3n sobre c\u00f3mo darles a sus seres queridos la atenci\u00f3n medica que merecen!<\/p>\n<p><em>Cont<\/em><em>\u00e1<\/em><em>ctenos aqu<\/em><em>\u00ed<\/em><em>.<\/em><\/p>\n","protected":false},"excerpt":{"rendered":"<p>Bienvenidos a Low Cost Pet Vaccinations Low Cost Pet Vax trabaja en todo Dallas-Fort Worth y San Antonio para ofrecer vacunas para perros a bajo costo y otros servicios de salud de mascotas a precios econ\u00f3micos. Para proteger la salud de su mascota y de usted, es muy\u00a0 importante vacunar a su mascota para evitar [&hellip;]<\/p>\n","protected":false},"author":3,"featured_media":0,"parent":0,"menu_order":0,"comment_status":"closed","ping_status":"closed","template":"","meta":{"nf_dc_page":"","footnotes":""},"class_list":["post-919","page","type-page","status-publish","hentry"],"yoast_head":"<!-- This site is optimized with the Yoast SEO Premium plugin v27.3 (Yoast SEO v27.4) - https:\/\/yoast.com\/product\/yoast-seo-premium-wordpress\/ -->\n<title>Vacunas para Perros a Bajo Costo - Dallas Fort Worth - San Antonio<\/title>\n<meta name=\"description\" content=\"Low Cost Pet Vax trabaja en todo Dallas-Fort Worth y San Antonio para ofrecer vacunas para perros a bajo costo y mucho mas!\" \/>\n<meta name=\"robots\" content=\"index, follow, max-snippet:-1, max-image-preview:large, max-video-preview:-1\" \/>\n<link rel=\"canonical\" href=\"https:\/\/www.lowcostpetvaccinations.net\/es\/\" \/>\n<meta property=\"og:locale\" content=\"es_ES\" \/>\n<meta property=\"og:type\" content=\"article\" \/>\n<meta property=\"og:title\" content=\"Vacunas para Perros a Bajo Costo\" \/>\n<meta property=\"og:description\" content=\"Low Cost Pet Vax trabaja en todo Dallas-Fort Worth y San Antonio para ofrecer vacunas para perros a bajo costo y mucho mas!\" \/>\n<meta property=\"og:url\" content=\"https:\/\/www.lowcostpetvaccinations.net\/es\/\" \/>\n<meta property=\"og:site_name\" content=\"Low Cost Pet Vax\u00ae\" \/>\n<meta property=\"article:publisher\" content=\"http:\/\/www.facebook.com\/lowcostpetvax\" \/>\n<meta property=\"article:modified_time\" content=\"2021-03-31T18:34:48+00:00\" \/>\n<meta property=\"og:image\" content=\"https:\/\/www.lowcostpetvaccinations.net\/wp-content\/uploads\/2016\/10\/home1.png\" \/>\n<meta name=\"twitter:card\" content=\"summary_large_image\" \/>\n<meta name=\"twitter:site\" content=\"@lowcostpetvax\" \/>\n<meta name=\"twitter:label1\" content=\"Tiempo de lectura\" \/>\n\t<meta name=\"twitter:data1\" content=\"10 minutos\" \/>\n<script type=\"application\/ld+json\" class=\"yoast-schema-graph\">{\"@context\":\"https:\\\/\\\/schema.org\",\"@graph\":[{\"@type\":\"WebPage\",\"@id\":\"https:\\\/\\\/www.lowcostpetvaccinations.net\\\/es\\\/\",\"url\":\"https:\\\/\\\/www.lowcostpetvaccinations.net\\\/es\\\/\",\"name\":\"Vacunas para Perros a Bajo Costo - Dallas Fort Worth - San Antonio\",\"isPartOf\":{\"@id\":\"https:\\\/\\\/www.lowcostpetvaccinations.net\\\/es\\\/#website\"},\"primaryImageOfPage\":{\"@id\":\"https:\\\/\\\/www.lowcostpetvaccinations.net\\\/es\\\/#primaryimage\"},\"image\":{\"@id\":\"https:\\\/\\\/www.lowcostpetvaccinations.net\\\/es\\\/#primaryimage\"},\"thumbnailUrl\":\"https:\\\/\\\/www.lowcostpetvaccinations.net\\\/wp-content\\\/uploads\\\/2016\\\/10\\\/home1.png\",\"datePublished\":\"2017-05-09T01:30:38+00:00\",\"dateModified\":\"2021-03-31T18:34:48+00:00\",\"description\":\"Low Cost Pet Vax trabaja en todo Dallas-Fort Worth y San Antonio para ofrecer vacunas para perros a bajo costo y mucho mas!\",\"breadcrumb\":{\"@id\":\"https:\\\/\\\/www.lowcostpetvaccinations.net\\\/es\\\/#breadcrumb\"},\"inLanguage\":\"es\",\"potentialAction\":[{\"@type\":\"ReadAction\",\"target\":[\"https:\\\/\\\/www.lowcostpetvaccinations.net\\\/es\\\/\"]}]},{\"@type\":\"ImageObject\",\"inLanguage\":\"es\",\"@id\":\"https:\\\/\\\/www.lowcostpetvaccinations.net\\\/es\\\/#primaryimage\",\"url\":\"https:\\\/\\\/www.lowcostpetvaccinations.net\\\/wp-content\\\/uploads\\\/2016\\\/10\\\/home1.png\",\"contentUrl\":\"https:\\\/\\\/www.lowcostpetvaccinations.net\\\/wp-content\\\/uploads\\\/2016\\\/10\\\/home1.png\"},{\"@type\":\"BreadcrumbList\",\"@id\":\"https:\\\/\\\/www.lowcostpetvaccinations.net\\\/es\\\/#breadcrumb\",\"itemListElement\":[{\"@type\":\"ListItem\",\"position\":1,\"name\":\"Home\",\"item\":\"https:\\\/\\\/www.lowcostpetvaccinations.net\\\/es\\\/\"},{\"@type\":\"ListItem\",\"position\":2,\"name\":\"Vacunas para Perros a Bajo Costo\"}]},{\"@type\":\"WebSite\",\"@id\":\"https:\\\/\\\/www.lowcostpetvaccinations.net\\\/es\\\/#website\",\"url\":\"https:\\\/\\\/www.lowcostpetvaccinations.net\\\/es\\\/\",\"name\":\"Low Cost Pet Vax\u00ae\",\"description\":\"Amigable, Conveniente, Accesible\",\"publisher\":{\"@id\":\"https:\\\/\\\/www.lowcostpetvaccinations.net\\\/es\\\/#organization\"},\"potentialAction\":[{\"@type\":\"SearchAction\",\"target\":{\"@type\":\"EntryPoint\",\"urlTemplate\":\"https:\\\/\\\/www.lowcostpetvaccinations.net\\\/es\\\/?s={search_term_string}\"},\"query-input\":{\"@type\":\"PropertyValueSpecification\",\"valueRequired\":true,\"valueName\":\"search_term_string\"}}],\"inLanguage\":\"es\"},{\"@type\":[\"Organization\",\"Place\",\"VeterinaryCare\"],\"@id\":\"https:\\\/\\\/www.lowcostpetvaccinations.net\\\/es\\\/#organization\",\"name\":\"Low Cost Pet Vax\",\"url\":\"https:\\\/\\\/www.lowcostpetvaccinations.net\\\/\",\"logo\":{\"@type\":\"ImageObject\",\"inLanguage\":\"es\",\"@id\":\"https:\\\/\\\/www.lowcostpetvaccinations.net\\\/es\\\/#\\\/schema\\\/logo\\\/image\\\/\",\"url\":\"https:\\\/\\\/www.lowcostpetvaccinations.net\\\/wp-content\\\/uploads\\\/2017\\\/02\\\/Logo.jpg\",\"contentUrl\":\"https:\\\/\\\/www.lowcostpetvaccinations.net\\\/wp-content\\\/uploads\\\/2017\\\/02\\\/Logo.jpg\",\"width\":960,\"height\":831,\"caption\":\"Low Cost Pet Vax\"},\"image\":{\"@id\":\"https:\\\/\\\/www.lowcostpetvaccinations.net\\\/es\\\/#\\\/schema\\\/logo\\\/image\\\/\"},\"sameAs\":[\"http:\\\/\\\/www.facebook.com\\\/lowcostpetvax\",\"https:\\\/\\\/x.com\\\/lowcostpetvax\"],\"telephone\":[\"(817) 282-1000\"],\"email\":\"contact@lowcostpetvax.com\"}]}<\/script>\n<!-- \/ Yoast SEO Premium plugin. -->","yoast_head_json":{"title":"Vacunas para Perros a Bajo Costo - Dallas Fort Worth - San Antonio","description":"Low Cost Pet Vax trabaja en todo Dallas-Fort Worth y San Antonio para ofrecer vacunas para perros a bajo costo y mucho mas!","robots":{"index":"index","follow":"follow","max-snippet":"max-snippet:-1","max-image-preview":"max-image-preview:large","max-video-preview":"max-video-preview:-1"},"canonical":"https:\/\/www.lowcostpetvaccinations.net\/es\/","og_locale":"es_ES","og_type":"article","og_title":"Vacunas para Perros a Bajo Costo","og_description":"Low Cost Pet Vax trabaja en todo Dallas-Fort Worth y San Antonio para ofrecer vacunas para perros a bajo costo y mucho mas!","og_url":"https:\/\/www.lowcostpetvaccinations.net\/es\/","og_site_name":"Low Cost Pet Vax\u00ae","article_publisher":"http:\/\/www.facebook.com\/lowcostpetvax","article_modified_time":"2021-03-31T18:34:48+00:00","og_image":[{"url":"https:\/\/www.lowcostpetvaccinations.net\/wp-content\/uploads\/2016\/10\/home1.png","type":"","width":"","height":""}],"twitter_card":"summary_large_image","twitter_site":"@lowcostpetvax","twitter_misc":{"Tiempo de lectura":"10 minutos"},"schema":{"@context":"https:\/\/schema.org","@graph":[{"@type":"WebPage","@id":"https:\/\/www.lowcostpetvaccinations.net\/es\/","url":"https:\/\/www.lowcostpetvaccinations.net\/es\/","name":"Vacunas para Perros a Bajo Costo - Dallas Fort Worth - San Antonio","isPartOf":{"@id":"https:\/\/www.lowcostpetvaccinations.net\/es\/#website"},"primaryImageOfPage":{"@id":"https:\/\/www.lowcostpetvaccinations.net\/es\/#primaryimage"},"image":{"@id":"https:\/\/www.lowcostpetvaccinations.net\/es\/#primaryimage"},"thumbnailUrl":"https:\/\/www.lowcostpetvaccinations.net\/wp-content\/uploads\/2016\/10\/home1.png","datePublished":"2017-05-09T01:30:38+00:00","dateModified":"2021-03-31T18:34:48+00:00","description":"Low Cost Pet Vax trabaja en todo Dallas-Fort Worth y San Antonio para ofrecer vacunas para perros a bajo costo y mucho mas!","breadcrumb":{"@id":"https:\/\/www.lowcostpetvaccinations.net\/es\/#breadcrumb"},"inLanguage":"es","potentialAction":[{"@type":"ReadAction","target":["https:\/\/www.lowcostpetvaccinations.net\/es\/"]}]},{"@type":"ImageObject","inLanguage":"es","@id":"https:\/\/www.lowcostpetvaccinations.net\/es\/#primaryimage","url":"https:\/\/www.lowcostpetvaccinations.net\/wp-content\/uploads\/2016\/10\/home1.png","contentUrl":"https:\/\/www.lowcostpetvaccinations.net\/wp-content\/uploads\/2016\/10\/home1.png"},{"@type":"BreadcrumbList","@id":"https:\/\/www.lowcostpetvaccinations.net\/es\/#breadcrumb","itemListElement":[{"@type":"ListItem","position":1,"name":"Home","item":"https:\/\/www.lowcostpetvaccinations.net\/es\/"},{"@type":"ListItem","position":2,"name":"Vacunas para Perros a Bajo Costo"}]},{"@type":"WebSite","@id":"https:\/\/www.lowcostpetvaccinations.net\/es\/#website","url":"https:\/\/www.lowcostpetvaccinations.net\/es\/","name":"Low Cost Pet Vax\u00ae","description":"Amigable, Conveniente, Accesible","publisher":{"@id":"https:\/\/www.lowcostpetvaccinations.net\/es\/#organization"},"potentialAction":[{"@type":"SearchAction","target":{"@type":"EntryPoint","urlTemplate":"https:\/\/www.lowcostpetvaccinations.net\/es\/?s={search_term_string}"},"query-input":{"@type":"PropertyValueSpecification","valueRequired":true,"valueName":"search_term_string"}}],"inLanguage":"es"},{"@type":["Organization","Place","VeterinaryCare"],"@id":"https:\/\/www.lowcostpetvaccinations.net\/es\/#organization","name":"Low Cost Pet Vax","url":"https:\/\/www.lowcostpetvaccinations.net\/","logo":{"@type":"ImageObject","inLanguage":"es","@id":"https:\/\/www.lowcostpetvaccinations.net\/es\/#\/schema\/logo\/image\/","url":"https:\/\/www.lowcostpetvaccinations.net\/wp-content\/uploads\/2017\/02\/Logo.jpg","contentUrl":"https:\/\/www.lowcostpetvaccinations.net\/wp-content\/uploads\/2017\/02\/Logo.jpg","width":960,"height":831,"caption":"Low Cost Pet Vax"},"image":{"@id":"https:\/\/www.lowcostpetvaccinations.net\/es\/#\/schema\/logo\/image\/"},"sameAs":["http:\/\/www.facebook.com\/lowcostpetvax","https:\/\/x.com\/lowcostpetvax"],"telephone":["(817) 282-1000"],"email":"contact@lowcostpetvax.com"}]}},"jetpack_sharing_enabled":true,"_links":{"self":[{"href":"https:\/\/www.lowcostpetvaccinations.net\/es\/wp-json\/wp\/v2\/pages\/919","targetHints":{"allow":["GET"]}}],"collection":[{"href":"https:\/\/www.lowcostpetvaccinations.net\/es\/wp-json\/wp\/v2\/pages"}],"about":[{"href":"https:\/\/www.lowcostpetvaccinations.net\/es\/wp-json\/wp\/v2\/types\/page"}],"author":[{"embeddable":true,"href":"https:\/\/www.lowcostpetvaccinations.net\/es\/wp-json\/wp\/v2\/users\/3"}],"replies":[{"embeddable":true,"href":"https:\/\/www.lowcostpetvaccinations.net\/es\/wp-json\/wp\/v2\/comments?post=919"}],"version-history":[{"count":9,"href":"https:\/\/www.lowcostpetvaccinations.net\/es\/wp-json\/wp\/v2\/pages\/919\/revisions"}],"predecessor-version":[{"id":4092,"href":"https:\/\/www.lowcostpetvaccinations.net\/es\/wp-json\/wp\/v2\/pages\/919\/revisions\/4092"}],"wp:attachment":[{"href":"https:\/\/www.lowcostpetvaccinations.net\/es\/wp-json\/wp\/v2\/media?parent=919"}],"curies":[{"name":"wp","href":"https:\/\/api.w.org\/{rel}","templated":true}]}}