{"id":914,"date":"2017-05-04T15:24:41","date_gmt":"2017-05-04T15:24:41","guid":{"rendered":"http:\/\/www.lowcostpetvaccinations.net\/?page_id=914"},"modified":"2017-05-04T15:24:41","modified_gmt":"2017-05-04T15:24:41","slug":"rabia","status":"publish","type":"page","link":"https:\/\/www.lowcostpetvaccinations.net\/es\/libreria-de-salud-animal\/rabia\/","title":{"rendered":"Rabia"},"content":{"rendered":"<h2 style=\"text-align: left;\"><span style=\"font-weight: 400;\">Rabia<\/span><\/h2>\n<figure id=\"attachment_100\" aria-describedby=\"caption-attachment-100\" style=\"width: 225px\" class=\"wp-caption alignright\"><img loading=\"lazy\" decoding=\"async\" class=\"wp-image-100 size-medium\" src=\"https:\/\/www.lowcostpetvaccinations.net\/wp-content\/uploads\/2016\/10\/voucherpic9-225x300.jpg\" width=\"225\" height=\"300\" srcset=\"https:\/\/www.lowcostpetvaccinations.net\/wp-content\/uploads\/2016\/10\/voucherpic9.jpg 225w, https:\/\/www.lowcostpetvaccinations.net\/wp-content\/uploads\/2016\/10\/voucherpic9.jpg 300w\" sizes=\"auto, (max-width: 225px) 100vw, 225px\" \/><figcaption id=\"caption-attachment-100\" class=\"wp-caption-text\">Los gatos y los perros necesitan vacunas contra la rabia<\/figcaption><\/figure>\n<h2><i><span style=\"font-weight: 400;\">\u00bfQu\u00e9 es la rabia?<\/span><\/i><\/h2>\n<p><span style=\"font-weight: 400;\">La rabia es una enfermedad producida por un virus que, probablemente, es la m\u00e1s desagradable de todas las que afectan a los animales de sangre caliente, incluyendo las personas y los perros. Casi siempre es mortal.<\/span><\/p>\n<h2><i><span style=\"font-weight: 400;\">\u00bfC\u00f3mo se transmite?<\/span><\/i><\/h2>\n<p><span style=\"font-weight: 400;\">La transmisi\u00f3n tiene lugar mediante la mordedura de un animal infectado. Es una enfermedad muy antigua y los riesgos del mordisco de un perro afectado se conocen desde el siglo 23 a.C.<\/span><\/p>\n<p><span style=\"font-weight: 400;\">La rabia se da en todos los continentes con la excepci\u00f3n de Australia y la Ant\u00e1rtida. La mayor\u00eda de los pa\u00edses est\u00e1n afectados con la excepci\u00f3n de unos pocos que son islas o casi islas como Gran Breta\u00f1a, Irlanda, Jap\u00f3n, Noruega, Suecia y la Pen\u00ednsula Ib\u00e9rica.<\/span><\/p>\n<h2><i><span style=\"font-weight: 400;\">\u00bfC\u00f3mo se transmite el virus?<\/span><\/i><\/h2>\n<p><span style=\"font-weight: 400;\">El virus de la rabia no sobrevive mucho tiempo fuera del organismo y la infecci\u00f3n se mantiene a trav\u00e9s de animales infectados que muerden a otros. En Texas los zorros, las mofetas, los mapaches y los murci\u00e9lagos son que desempe\u00f1an ese papel.<\/span><\/p>\n<h2><i><span style=\"font-weight: 400;\">\u00bfPuedo vacunar a mi perro? \u00bfEs eficaz la vacunaci\u00f3n?<\/span><\/i><\/h2>\n<p><b>Si<\/b><span style=\"font-weight: 400;\">. La vacunaci\u00f3n estimula la producci\u00f3n de anticuerpos, pero s\u00f3lo son eficaces cuando el virus no ha penetrado en el sistema nervioso. Por eso es esencial asegurarse de que los niveles de anticuerpos sean adecuados antes de la exposici\u00f3n al virus.<\/span><\/p>\n<p><span style=\"font-weight: 400;\">Un mes despu\u00e9s de la primera vacunaci\u00f3n se puede hacer un an\u00e1lisis de sangre para comprobar que se ha desarrollado una inmunidad suficiente.<\/span><b> A partir de ese momento hay que seguir las instrucciones de revacunaci\u00f3n anualmente del fabricante.<\/b><\/p>\n<h2><i><span style=\"font-weight: 400;\">\u00bfPuedo coger la rabia?<\/span><\/i><\/h2>\n<p><span style=\"font-weight: 400;\">La enfermedad es una zoonosis, es decir, puede transmitirse al hombre. No obstante, s\u00f3lo se transmite a trav\u00e9s del mordisco de un animal rabioso y el virus permanece en la saliva del animal infectado durante un tiempo limitado.<\/span><\/p>\n<p><span style=\"font-weight: 400;\">Si le muerde un animal sospechoso, como un perro vagabundo o cualquier perro si se encuentra en el extranjero, ha de limpiarse la herida de inmediato con agua y jab\u00f3n consultar con un m\u00e9dico lo antes posible.<\/span><\/p>\n<p><span style=\"font-weight: 400;\">Una vez que se ha producido la exposici\u00f3n al virus es recomendable iniciar un tratamiento con la vacuna o el suero antirr\u00e1bico, que suele tener \u00e9xito si se instaura de inmediato.<\/span><\/p>\n","protected":false},"excerpt":{"rendered":"<p>Rabia \u00bfQu\u00e9 es la rabia? La rabia es una enfermedad producida por un virus que, probablemente, es la m\u00e1s desagradable de todas las que afectan a los animales de sangre caliente, incluyendo las personas y los perros. Casi siempre es mortal. \u00bfC\u00f3mo se transmite? La transmisi\u00f3n tiene lugar mediante la mordedura de un animal infectado. [&hellip;]<\/p>\n","protected":false},"author":3,"featured_media":0,"parent":1096,"menu_order":28,"comment_status":"closed","ping_status":"closed","template":"","meta":{"nf_dc_page":"","footnotes":""},"class_list":["post-914","page","type-page","status-publish","hentry"],"yoast_head":"<!-- This site is optimized with the Yoast SEO Premium plugin v27.4 (Yoast SEO v27.5) - https:\/\/yoast.com\/product\/yoast-seo-premium-wordpress\/ -->\n<title>Rabia in Dallas - Fort Worth, TX - Low Cost Pet Vax\u00ae<\/title>\n<meta name=\"description\" content=\"Rabia \u00bfQu\u00e9 es la rabia? La rabia es una enfermedad producida por un virus que, probablemente, es la m\u00e1s desagradable de todas las que afectan a los animales\" \/>\n<meta name=\"robots\" content=\"index, follow, max-snippet:-1, max-image-preview:large, max-video-preview:-1\" \/>\n<link rel=\"canonical\" href=\"https:\/\/www.lowcostpetvaccinations.net\/es\/libreria-de-salud-animal\/rabia\/\" \/>\n<meta property=\"og:locale\" content=\"es_ES\" \/>\n<meta property=\"og:type\" content=\"article\" \/>\n<meta property=\"og:title\" content=\"Rabia\" \/>\n<meta property=\"og:description\" content=\"Rabia \u00bfQu\u00e9 es la rabia? La rabia es una enfermedad producida por un virus que, probablemente, es la m\u00e1s desagradable de todas las que afectan a los animales\" \/>\n<meta property=\"og:url\" content=\"https:\/\/www.lowcostpetvaccinations.net\/es\/libreria-de-salud-animal\/rabia\/\" \/>\n<meta property=\"og:site_name\" content=\"Low Cost Pet Vax\u00ae\" \/>\n<meta property=\"article:publisher\" content=\"http:\/\/www.facebook.com\/lowcostpetvax\" \/>\n<meta property=\"og:image\" content=\"https:\/\/www.lowcostpetvaccinations.net\/wp-content\/uploads\/2016\/10\/voucherpic9-225x300.jpg\" \/>\n<meta name=\"twitter:card\" content=\"summary_large_image\" \/>\n<meta name=\"twitter:site\" content=\"@lowcostpetvax\" \/>\n<meta name=\"twitter:label1\" content=\"Tiempo de lectura\" \/>\n\t<meta name=\"twitter:data1\" content=\"2 minutos\" \/>\n<script type=\"application\/ld+json\" class=\"yoast-schema-graph\">{\"@context\":\"https:\\\/\\\/schema.org\",\"@graph\":[{\"@type\":\"WebPage\",\"@id\":\"https:\\\/\\\/www.lowcostpetvaccinations.net\\\/es\\\/libreria-de-salud-animal\\\/rabia\\\/\",\"url\":\"https:\\\/\\\/www.lowcostpetvaccinations.net\\\/es\\\/libreria-de-salud-animal\\\/rabia\\\/\",\"name\":\"Rabia in Dallas - Fort Worth, TX - Low Cost Pet Vax\u00ae\",\"isPartOf\":{\"@id\":\"https:\\\/\\\/www.lowcostpetvaccinations.net\\\/es\\\/#website\"},\"primaryImageOfPage\":{\"@id\":\"https:\\\/\\\/www.lowcostpetvaccinations.net\\\/es\\\/libreria-de-salud-animal\\\/rabia\\\/#primaryimage\"},\"image\":{\"@id\":\"https:\\\/\\\/www.lowcostpetvaccinations.net\\\/es\\\/libreria-de-salud-animal\\\/rabia\\\/#primaryimage\"},\"thumbnailUrl\":\"https:\\\/\\\/www.lowcostpetvaccinations.net\\\/wp-content\\\/uploads\\\/2016\\\/10\\\/voucherpic9-225x300.jpg\",\"datePublished\":\"2017-05-04T15:24:41+00:00\",\"description\":\"Rabia \u00bfQu\u00e9 es la rabia? La rabia es una enfermedad producida por un virus que, probablemente, es la m\u00e1s desagradable de todas las que afectan a los animales\",\"breadcrumb\":{\"@id\":\"https:\\\/\\\/www.lowcostpetvaccinations.net\\\/es\\\/libreria-de-salud-animal\\\/rabia\\\/#breadcrumb\"},\"inLanguage\":\"es\",\"potentialAction\":[{\"@type\":\"ReadAction\",\"target\":[\"https:\\\/\\\/www.lowcostpetvaccinations.net\\\/es\\\/libreria-de-salud-animal\\\/rabia\\\/\"]}]},{\"@type\":\"ImageObject\",\"inLanguage\":\"es\",\"@id\":\"https:\\\/\\\/www.lowcostpetvaccinations.net\\\/es\\\/libreria-de-salud-animal\\\/rabia\\\/#primaryimage\",\"url\":\"https:\\\/\\\/www.lowcostpetvaccinations.net\\\/wp-content\\\/uploads\\\/2016\\\/10\\\/voucherpic9-225x300.jpg\",\"contentUrl\":\"https:\\\/\\\/www.lowcostpetvaccinations.net\\\/wp-content\\\/uploads\\\/2016\\\/10\\\/voucherpic9-225x300.jpg\"},{\"@type\":\"BreadcrumbList\",\"@id\":\"https:\\\/\\\/www.lowcostpetvaccinations.net\\\/es\\\/libreria-de-salud-animal\\\/rabia\\\/#breadcrumb\",\"itemListElement\":[{\"@type\":\"ListItem\",\"position\":1,\"name\":\"Home\",\"item\":\"https:\\\/\\\/www.lowcostpetvaccinations.net\\\/es\\\/\"},{\"@type\":\"ListItem\",\"position\":2,\"name\":\"Libreria de Salud Animal\",\"item\":\"https:\\\/\\\/www.lowcostpetvaccinations.net\\\/es\\\/libreria-de-salud-animal\\\/\"},{\"@type\":\"ListItem\",\"position\":3,\"name\":\"Rabia\"}]},{\"@type\":\"WebSite\",\"@id\":\"https:\\\/\\\/www.lowcostpetvaccinations.net\\\/es\\\/#website\",\"url\":\"https:\\\/\\\/www.lowcostpetvaccinations.net\\\/es\\\/\",\"name\":\"Low Cost Pet Vax\u00ae\",\"description\":\"Amigable, Conveniente, Accesible\",\"publisher\":{\"@id\":\"https:\\\/\\\/www.lowcostpetvaccinations.net\\\/es\\\/#organization\"},\"potentialAction\":[{\"@type\":\"SearchAction\",\"target\":{\"@type\":\"EntryPoint\",\"urlTemplate\":\"https:\\\/\\\/www.lowcostpetvaccinations.net\\\/es\\\/?s={search_term_string}\"},\"query-input\":{\"@type\":\"PropertyValueSpecification\",\"valueRequired\":true,\"valueName\":\"search_term_string\"}}],\"inLanguage\":\"es\"},{\"@type\":[\"Organization\",\"Place\",\"VeterinaryCare\"],\"@id\":\"https:\\\/\\\/www.lowcostpetvaccinations.net\\\/es\\\/#organization\",\"name\":\"Low Cost Pet Vax\",\"url\":\"https:\\\/\\\/www.lowcostpetvaccinations.net\\\/\",\"logo\":{\"@type\":\"ImageObject\",\"inLanguage\":\"es\",\"@id\":\"https:\\\/\\\/www.lowcostpetvaccinations.net\\\/es\\\/#\\\/schema\\\/logo\\\/image\\\/\",\"url\":\"https:\\\/\\\/www.lowcostpetvaccinations.net\\\/wp-content\\\/uploads\\\/2017\\\/02\\\/Logo.jpg\",\"contentUrl\":\"https:\\\/\\\/www.lowcostpetvaccinations.net\\\/wp-content\\\/uploads\\\/2017\\\/02\\\/Logo.jpg\",\"width\":960,\"height\":831,\"caption\":\"Low Cost Pet Vax\"},\"image\":{\"@id\":\"https:\\\/\\\/www.lowcostpetvaccinations.net\\\/es\\\/#\\\/schema\\\/logo\\\/image\\\/\"},\"sameAs\":[\"http:\\\/\\\/www.facebook.com\\\/lowcostpetvax\",\"https:\\\/\\\/x.com\\\/lowcostpetvax\"],\"telephone\":[\"(817) 282-1000\"],\"email\":\"contact@lowcostpetvax.com\"}]}<\/script>\n<!-- \/ Yoast SEO Premium plugin. -->","yoast_head_json":{"title":"Rabia in Dallas - Fort Worth, TX - Low Cost Pet Vax\u00ae","description":"Rabia \u00bfQu\u00e9 es la rabia? La rabia es una enfermedad producida por un virus que, probablemente, es la m\u00e1s desagradable de todas las que afectan a los animales","robots":{"index":"index","follow":"follow","max-snippet":"max-snippet:-1","max-image-preview":"max-image-preview:large","max-video-preview":"max-video-preview:-1"},"canonical":"https:\/\/www.lowcostpetvaccinations.net\/es\/libreria-de-salud-animal\/rabia\/","og_locale":"es_ES","og_type":"article","og_title":"Rabia","og_description":"Rabia \u00bfQu\u00e9 es la rabia? La rabia es una enfermedad producida por un virus que, probablemente, es la m\u00e1s desagradable de todas las que afectan a los animales","og_url":"https:\/\/www.lowcostpetvaccinations.net\/es\/libreria-de-salud-animal\/rabia\/","og_site_name":"Low Cost Pet Vax\u00ae","article_publisher":"http:\/\/www.facebook.com\/lowcostpetvax","og_image":[{"url":"https:\/\/www.lowcostpetvaccinations.net\/wp-content\/uploads\/2016\/10\/voucherpic9-225x300.jpg","type":"","width":"","height":""}],"twitter_card":"summary_large_image","twitter_site":"@lowcostpetvax","twitter_misc":{"Tiempo de lectura":"2 minutos"},"schema":{"@context":"https:\/\/schema.org","@graph":[{"@type":"WebPage","@id":"https:\/\/www.lowcostpetvaccinations.net\/es\/libreria-de-salud-animal\/rabia\/","url":"https:\/\/www.lowcostpetvaccinations.net\/es\/libreria-de-salud-animal\/rabia\/","name":"Rabia in Dallas - Fort Worth, TX - Low Cost Pet Vax\u00ae","isPartOf":{"@id":"https:\/\/www.lowcostpetvaccinations.net\/es\/#website"},"primaryImageOfPage":{"@id":"https:\/\/www.lowcostpetvaccinations.net\/es\/libreria-de-salud-animal\/rabia\/#primaryimage"},"image":{"@id":"https:\/\/www.lowcostpetvaccinations.net\/es\/libreria-de-salud-animal\/rabia\/#primaryimage"},"thumbnailUrl":"https:\/\/www.lowcostpetvaccinations.net\/wp-content\/uploads\/2016\/10\/voucherpic9-225x300.jpg","datePublished":"2017-05-04T15:24:41+00:00","description":"Rabia \u00bfQu\u00e9 es la rabia? La rabia es una enfermedad producida por un virus que, probablemente, es la m\u00e1s desagradable de todas las que afectan a los animales","breadcrumb":{"@id":"https:\/\/www.lowcostpetvaccinations.net\/es\/libreria-de-salud-animal\/rabia\/#breadcrumb"},"inLanguage":"es","potentialAction":[{"@type":"ReadAction","target":["https:\/\/www.lowcostpetvaccinations.net\/es\/libreria-de-salud-animal\/rabia\/"]}]},{"@type":"ImageObject","inLanguage":"es","@id":"https:\/\/www.lowcostpetvaccinations.net\/es\/libreria-de-salud-animal\/rabia\/#primaryimage","url":"https:\/\/www.lowcostpetvaccinations.net\/wp-content\/uploads\/2016\/10\/voucherpic9-225x300.jpg","contentUrl":"https:\/\/www.lowcostpetvaccinations.net\/wp-content\/uploads\/2016\/10\/voucherpic9-225x300.jpg"},{"@type":"BreadcrumbList","@id":"https:\/\/www.lowcostpetvaccinations.net\/es\/libreria-de-salud-animal\/rabia\/#breadcrumb","itemListElement":[{"@type":"ListItem","position":1,"name":"Home","item":"https:\/\/www.lowcostpetvaccinations.net\/es\/"},{"@type":"ListItem","position":2,"name":"Libreria de Salud Animal","item":"https:\/\/www.lowcostpetvaccinations.net\/es\/libreria-de-salud-animal\/"},{"@type":"ListItem","position":3,"name":"Rabia"}]},{"@type":"WebSite","@id":"https:\/\/www.lowcostpetvaccinations.net\/es\/#website","url":"https:\/\/www.lowcostpetvaccinations.net\/es\/","name":"Low Cost Pet Vax\u00ae","description":"Amigable, Conveniente, Accesible","publisher":{"@id":"https:\/\/www.lowcostpetvaccinations.net\/es\/#organization"},"potentialAction":[{"@type":"SearchAction","target":{"@type":"EntryPoint","urlTemplate":"https:\/\/www.lowcostpetvaccinations.net\/es\/?s={search_term_string}"},"query-input":{"@type":"PropertyValueSpecification","valueRequired":true,"valueName":"search_term_string"}}],"inLanguage":"es"},{"@type":["Organization","Place","VeterinaryCare"],"@id":"https:\/\/www.lowcostpetvaccinations.net\/es\/#organization","name":"Low Cost Pet Vax","url":"https:\/\/www.lowcostpetvaccinations.net\/","logo":{"@type":"ImageObject","inLanguage":"es","@id":"https:\/\/www.lowcostpetvaccinations.net\/es\/#\/schema\/logo\/image\/","url":"https:\/\/www.lowcostpetvaccinations.net\/wp-content\/uploads\/2017\/02\/Logo.jpg","contentUrl":"https:\/\/www.lowcostpetvaccinations.net\/wp-content\/uploads\/2017\/02\/Logo.jpg","width":960,"height":831,"caption":"Low Cost Pet Vax"},"image":{"@id":"https:\/\/www.lowcostpetvaccinations.net\/es\/#\/schema\/logo\/image\/"},"sameAs":["http:\/\/www.facebook.com\/lowcostpetvax","https:\/\/x.com\/lowcostpetvax"],"telephone":["(817) 282-1000"],"email":"contact@lowcostpetvax.com"}]}},"jetpack_sharing_enabled":true,"_links":{"self":[{"href":"https:\/\/www.lowcostpetvaccinations.net\/es\/wp-json\/wp\/v2\/pages\/914","targetHints":{"allow":["GET"]}}],"collection":[{"href":"https:\/\/www.lowcostpetvaccinations.net\/es\/wp-json\/wp\/v2\/pages"}],"about":[{"href":"https:\/\/www.lowcostpetvaccinations.net\/es\/wp-json\/wp\/v2\/types\/page"}],"author":[{"embeddable":true,"href":"https:\/\/www.lowcostpetvaccinations.net\/es\/wp-json\/wp\/v2\/users\/3"}],"replies":[{"embeddable":true,"href":"https:\/\/www.lowcostpetvaccinations.net\/es\/wp-json\/wp\/v2\/comments?post=914"}],"version-history":[{"count":0,"href":"https:\/\/www.lowcostpetvaccinations.net\/es\/wp-json\/wp\/v2\/pages\/914\/revisions"}],"up":[{"embeddable":true,"href":"https:\/\/www.lowcostpetvaccinations.net\/es\/wp-json\/wp\/v2\/pages\/1096"}],"wp:attachment":[{"href":"https:\/\/www.lowcostpetvaccinations.net\/es\/wp-json\/wp\/v2\/media?parent=914"}],"curies":[{"name":"wp","href":"https:\/\/api.w.org\/{rel}","templated":true}]}}