{"id":2854,"date":"2020-02-10T22:39:17","date_gmt":"2020-02-10T22:39:17","guid":{"rendered":"http:\/\/www.lowcostpetvaccinations.net\/vacunas-para-mascotas-de-san-antonio\/"},"modified":"2023-04-27T03:38:12","modified_gmt":"2023-04-27T03:38:12","slug":"vacunas-mascotas-san-antonio","status":"publish","type":"page","link":"https:\/\/www.lowcostpetvaccinations.net\/es\/vacunas-mascotas-san-antonio\/","title":{"rendered":"Vacunas para mascotas de San Antonio"},"content":{"rendered":"<p style=\"text-align: center;\"><iframe loading=\"lazy\" style=\"border: 1px solid #aaa;\" src=\"http:\/\/batchgeo.com\/map\/9fd67dbe04d7a2a7b6336773a876eca6\" width=\"100%\" height=\"550\" frameborder=\"0\"><\/iframe><\/p>\n<h2 style=\"text-align: center;\">Cl\u00ednicas de Vacunaci\u00f3n para Mascotas de San Antonio<\/h2>\n<h3 style=\"text-align: center;\"><strong><b>Cada<\/b><sup>\u00a0<\/sup>S\u00e1bado, 9am &#8211; 4pm<\/strong><\/h3>\n<p style=\"text-align: center;\"><strong>Pep Boys<\/strong>, 5616 Walzem Rd, San Antonio, Texas 78218<em>\u00a0<\/em><\/p>\n<h3 style=\"text-align: center;\"><strong><b>Cada<\/b><sup>\u00a0<\/sup>Domingo, 11am &#8211; 4pm<\/strong><\/h3>\n<p style=\"text-align: center;\"><strong>Pet\u2019s Barn<\/strong>: 803 SW Military Pkwy, San Antonio, Texas 78221<\/p>\n<p style=\"text-align: center;\"><strong>Low Cost Pet Vet<\/strong>: 2907 West Ave, San Antonio, Texas 78201<\/p>\n<h3 style=\"text-align: center;\"><strong><b>Cada <\/b>1<sup>er\u00a0<\/sup><b>y\u00a0<\/b>3<sup>er\u00a0<\/sup>S\u00e1bado, 9am &#8211; 4pm<\/strong><\/h3>\n<p style=\"text-align: center;\"><strong>Poco Loco Supermercado<\/strong>: 3414 Nogalitos St, San Antonio, Texas 78225<\/p>\n<h3 style=\"text-align: center;\"><strong>Cada <\/strong><strong>2<\/strong><b>\u00ba y 4<\/b><b>\u00ba <\/b><b><\/b><strong>S\u00e1bado, 9am &#8211; 4pm<\/strong><\/h3>\n<div class=\"JAPzS\" style=\"text-align: center;\" data-text=\"San Antonio Pep Boys (San Pedro Ave)\" data-tooltip-position=\"bottom\" data-tooltip-vertical-offset=\"0\" data-tooltip-horizontal-offset=\"0\" data-tooltip-only-if-necessary=\"true\">\n<div class=\"JAPzS\" data-text=\"San Antonio Pep Boys (San Pedro Ave)\" data-tooltip-position=\"bottom\" data-tooltip-vertical-offset=\"0\" data-tooltip-horizontal-offset=\"0\" data-tooltip-only-if-necessary=\"true\">\n<p><strong>Pep Boys<\/strong>, 8103 Marbach Rd, San Antonio, Texas<span data-sheets-value=\"{&quot;1&quot;:2,&quot;2&quot;:&quot;3021 West Ave B, 78201&quot;}\" data-sheets-userformat=\"{&quot;2&quot;:14979,&quot;3&quot;:{&quot;1&quot;:0},&quot;4&quot;:[null,2,13421772],&quot;10&quot;:2,&quot;12&quot;:0,&quot;14&quot;:[null,2,0],&quot;15&quot;:&quot;Calibri&quot;,&quot;16&quot;:11}\"> 78227<\/span><\/p>\n<\/div>\n<h3 style=\"text-align: center;\"><b>Cada <\/b><strong>3<\/strong><strong><sup>er\u00a0<\/sup><\/strong><b>Domingo, 11am &#8211; 4pm<\/b><\/h3>\n<p style=\"text-align: center;\"><strong>Poco Loco Supermercado<\/strong>: 6050 Ingram Rd, San Antonio, Texas 78238<\/p>\n<\/div>\n<h4><strong>Tengo m\u00e1s preguntas. \u00bfC\u00f3mo puedo hablar con alguien?<\/strong><\/h4>\n<p>Ll\u00e1menos al 817-282-1000, env\u00edenos un correo electr\u00f3nico a contact@lowcostpetvax.com, o <a href=\"http:\/\/www.facebook.com\/lowcostpetvax\">env\u00edenos un mensaje desde nuestra p\u00e1gina de Facebook<\/a>! Nuestro equipo est\u00e1 m\u00e1s que encantado de ayudar a responder preguntas sobre servicios proporcionados, precios, ubicaciones, configuraci\u00f3n y m\u00e1s. Se habla Espa\u00f1ol.<\/p>\n<p style=\"text-align: center;\"><a href=\"https:\/\/www.lowcostpetvaccinations.net\/services\/\"><em>Ver precios para cl\u00ednicas de San Antonio <\/em><\/a><\/p>\n","protected":false},"excerpt":{"rendered":"<p>Cl\u00ednicas de Vacunaci\u00f3n para Mascotas de San Antonio Cada\u00a0S\u00e1bado, 9am &#8211; 4pm Pep Boys, 5616 Walzem Rd, San Antonio, Texas 78218\u00a0 Cada\u00a0Domingo, 11am &#8211; 4pm Pet\u2019s Barn: 803 SW Military Pkwy, San Antonio, Texas 78221 Low Cost Pet Vet: 2907 West Ave, San Antonio, Texas 78201 Cada 1er\u00a0y\u00a03er\u00a0S\u00e1bado, 9am &#8211; 4pm Poco Loco Supermercado: 3414 [&hellip;]<\/p>\n","protected":false},"author":3,"featured_media":0,"parent":0,"menu_order":0,"comment_status":"closed","ping_status":"closed","template":"","meta":{"nf_dc_page":"","footnotes":""},"class_list":["post-2854","page","type-page","status-publish","hentry"],"yoast_head":"<!-- This site is optimized with the Yoast SEO Premium plugin v27.4 (Yoast SEO v27.5) - https:\/\/yoast.com\/product\/yoast-seo-premium-wordpress\/ -->\n<title>Cl\u00ednicas de Mascotas de Bajo Costo en San Antonio TX<\/title>\n<meta name=\"description\" content=\"Todas las cl\u00ednicas de vacunaci\u00f3n para mascotas de San Antonio que ofrecen rabia de $10 y microchip de $10. Paquetes de cachorros disponible!\" \/>\n<meta name=\"robots\" content=\"index, follow, max-snippet:-1, max-image-preview:large, max-video-preview:-1\" \/>\n<link rel=\"canonical\" href=\"https:\/\/www.lowcostpetvaccinations.net\/es\/vacunas-mascotas-san-antonio\/\" \/>\n<meta property=\"og:locale\" content=\"es_ES\" \/>\n<meta property=\"og:type\" content=\"article\" \/>\n<meta property=\"og:title\" content=\"Vacunas para mascotas de San Antonio\" \/>\n<meta property=\"og:description\" content=\"Todas las cl\u00ednicas de vacunaci\u00f3n para mascotas de San Antonio que ofrecen rabia de $10 y microchip de $10. Paquetes de cachorros disponible!\" \/>\n<meta property=\"og:url\" content=\"https:\/\/www.lowcostpetvaccinations.net\/es\/vacunas-mascotas-san-antonio\/\" \/>\n<meta property=\"og:site_name\" content=\"Low Cost Pet Vax\u00ae\" \/>\n<meta property=\"article:publisher\" content=\"http:\/\/www.facebook.com\/lowcostpetvax\" \/>\n<meta property=\"article:modified_time\" content=\"2023-04-27T03:38:12+00:00\" \/>\n<meta name=\"twitter:card\" content=\"summary_large_image\" \/>\n<meta name=\"twitter:site\" content=\"@lowcostpetvax\" \/>\n<meta name=\"twitter:label1\" content=\"Tiempo de lectura\" \/>\n\t<meta name=\"twitter:data1\" content=\"1 minuto\" \/>\n<script type=\"application\/ld+json\" class=\"yoast-schema-graph\">{\"@context\":\"https:\\\/\\\/schema.org\",\"@graph\":[{\"@type\":\"WebPage\",\"@id\":\"https:\\\/\\\/www.lowcostpetvaccinations.net\\\/es\\\/vacunas-mascotas-san-antonio\\\/\",\"url\":\"https:\\\/\\\/www.lowcostpetvaccinations.net\\\/es\\\/vacunas-mascotas-san-antonio\\\/\",\"name\":\"Cl\u00ednicas de Mascotas de Bajo Costo en San Antonio TX\",\"isPartOf\":{\"@id\":\"https:\\\/\\\/www.lowcostpetvaccinations.net\\\/es\\\/#website\"},\"datePublished\":\"2020-02-10T22:39:17+00:00\",\"dateModified\":\"2023-04-27T03:38:12+00:00\",\"description\":\"Todas las cl\u00ednicas de vacunaci\u00f3n para mascotas de San Antonio que ofrecen rabia de $10 y microchip de $10. Paquetes de cachorros disponible!\",\"breadcrumb\":{\"@id\":\"https:\\\/\\\/www.lowcostpetvaccinations.net\\\/es\\\/vacunas-mascotas-san-antonio\\\/#breadcrumb\"},\"inLanguage\":\"es\",\"potentialAction\":[{\"@type\":\"ReadAction\",\"target\":[\"https:\\\/\\\/www.lowcostpetvaccinations.net\\\/es\\\/vacunas-mascotas-san-antonio\\\/\"]}]},{\"@type\":\"BreadcrumbList\",\"@id\":\"https:\\\/\\\/www.lowcostpetvaccinations.net\\\/es\\\/vacunas-mascotas-san-antonio\\\/#breadcrumb\",\"itemListElement\":[{\"@type\":\"ListItem\",\"position\":1,\"name\":\"Home\",\"item\":\"https:\\\/\\\/www.lowcostpetvaccinations.net\\\/es\\\/\"},{\"@type\":\"ListItem\",\"position\":2,\"name\":\"Vacunas para mascotas de San Antonio\"}]},{\"@type\":\"WebSite\",\"@id\":\"https:\\\/\\\/www.lowcostpetvaccinations.net\\\/es\\\/#website\",\"url\":\"https:\\\/\\\/www.lowcostpetvaccinations.net\\\/es\\\/\",\"name\":\"Low Cost Pet Vax\u00ae\",\"description\":\"Amigable, Conveniente, Accesible\",\"publisher\":{\"@id\":\"https:\\\/\\\/www.lowcostpetvaccinations.net\\\/es\\\/#organization\"},\"potentialAction\":[{\"@type\":\"SearchAction\",\"target\":{\"@type\":\"EntryPoint\",\"urlTemplate\":\"https:\\\/\\\/www.lowcostpetvaccinations.net\\\/es\\\/?s={search_term_string}\"},\"query-input\":{\"@type\":\"PropertyValueSpecification\",\"valueRequired\":true,\"valueName\":\"search_term_string\"}}],\"inLanguage\":\"es\"},{\"@type\":[\"Organization\",\"Place\",\"VeterinaryCare\"],\"@id\":\"https:\\\/\\\/www.lowcostpetvaccinations.net\\\/es\\\/#organization\",\"name\":\"Low Cost Pet Vax\",\"url\":\"https:\\\/\\\/www.lowcostpetvaccinations.net\\\/\",\"logo\":{\"@type\":\"ImageObject\",\"inLanguage\":\"es\",\"@id\":\"https:\\\/\\\/www.lowcostpetvaccinations.net\\\/es\\\/#\\\/schema\\\/logo\\\/image\\\/\",\"url\":\"https:\\\/\\\/www.lowcostpetvaccinations.net\\\/wp-content\\\/uploads\\\/2017\\\/02\\\/Logo.jpg\",\"contentUrl\":\"https:\\\/\\\/www.lowcostpetvaccinations.net\\\/wp-content\\\/uploads\\\/2017\\\/02\\\/Logo.jpg\",\"width\":960,\"height\":831,\"caption\":\"Low Cost Pet Vax\"},\"image\":{\"@id\":\"https:\\\/\\\/www.lowcostpetvaccinations.net\\\/es\\\/#\\\/schema\\\/logo\\\/image\\\/\"},\"sameAs\":[\"http:\\\/\\\/www.facebook.com\\\/lowcostpetvax\",\"https:\\\/\\\/x.com\\\/lowcostpetvax\"],\"telephone\":[\"(817) 282-1000\"],\"email\":\"contact@lowcostpetvax.com\"}]}<\/script>\n<!-- \/ Yoast SEO Premium plugin. -->","yoast_head_json":{"title":"Cl\u00ednicas de Mascotas de Bajo Costo en San Antonio TX","description":"Todas las cl\u00ednicas de vacunaci\u00f3n para mascotas de San Antonio que ofrecen rabia de $10 y microchip de $10. Paquetes de cachorros disponible!","robots":{"index":"index","follow":"follow","max-snippet":"max-snippet:-1","max-image-preview":"max-image-preview:large","max-video-preview":"max-video-preview:-1"},"canonical":"https:\/\/www.lowcostpetvaccinations.net\/es\/vacunas-mascotas-san-antonio\/","og_locale":"es_ES","og_type":"article","og_title":"Vacunas para mascotas de San Antonio","og_description":"Todas las cl\u00ednicas de vacunaci\u00f3n para mascotas de San Antonio que ofrecen rabia de $10 y microchip de $10. Paquetes de cachorros disponible!","og_url":"https:\/\/www.lowcostpetvaccinations.net\/es\/vacunas-mascotas-san-antonio\/","og_site_name":"Low Cost Pet Vax\u00ae","article_publisher":"http:\/\/www.facebook.com\/lowcostpetvax","article_modified_time":"2023-04-27T03:38:12+00:00","twitter_card":"summary_large_image","twitter_site":"@lowcostpetvax","twitter_misc":{"Tiempo de lectura":"1 minuto"},"schema":{"@context":"https:\/\/schema.org","@graph":[{"@type":"WebPage","@id":"https:\/\/www.lowcostpetvaccinations.net\/es\/vacunas-mascotas-san-antonio\/","url":"https:\/\/www.lowcostpetvaccinations.net\/es\/vacunas-mascotas-san-antonio\/","name":"Cl\u00ednicas de Mascotas de Bajo Costo en San Antonio TX","isPartOf":{"@id":"https:\/\/www.lowcostpetvaccinations.net\/es\/#website"},"datePublished":"2020-02-10T22:39:17+00:00","dateModified":"2023-04-27T03:38:12+00:00","description":"Todas las cl\u00ednicas de vacunaci\u00f3n para mascotas de San Antonio que ofrecen rabia de $10 y microchip de $10. Paquetes de cachorros disponible!","breadcrumb":{"@id":"https:\/\/www.lowcostpetvaccinations.net\/es\/vacunas-mascotas-san-antonio\/#breadcrumb"},"inLanguage":"es","potentialAction":[{"@type":"ReadAction","target":["https:\/\/www.lowcostpetvaccinations.net\/es\/vacunas-mascotas-san-antonio\/"]}]},{"@type":"BreadcrumbList","@id":"https:\/\/www.lowcostpetvaccinations.net\/es\/vacunas-mascotas-san-antonio\/#breadcrumb","itemListElement":[{"@type":"ListItem","position":1,"name":"Home","item":"https:\/\/www.lowcostpetvaccinations.net\/es\/"},{"@type":"ListItem","position":2,"name":"Vacunas para mascotas de San Antonio"}]},{"@type":"WebSite","@id":"https:\/\/www.lowcostpetvaccinations.net\/es\/#website","url":"https:\/\/www.lowcostpetvaccinations.net\/es\/","name":"Low Cost Pet Vax\u00ae","description":"Amigable, Conveniente, Accesible","publisher":{"@id":"https:\/\/www.lowcostpetvaccinations.net\/es\/#organization"},"potentialAction":[{"@type":"SearchAction","target":{"@type":"EntryPoint","urlTemplate":"https:\/\/www.lowcostpetvaccinations.net\/es\/?s={search_term_string}"},"query-input":{"@type":"PropertyValueSpecification","valueRequired":true,"valueName":"search_term_string"}}],"inLanguage":"es"},{"@type":["Organization","Place","VeterinaryCare"],"@id":"https:\/\/www.lowcostpetvaccinations.net\/es\/#organization","name":"Low Cost Pet Vax","url":"https:\/\/www.lowcostpetvaccinations.net\/","logo":{"@type":"ImageObject","inLanguage":"es","@id":"https:\/\/www.lowcostpetvaccinations.net\/es\/#\/schema\/logo\/image\/","url":"https:\/\/www.lowcostpetvaccinations.net\/wp-content\/uploads\/2017\/02\/Logo.jpg","contentUrl":"https:\/\/www.lowcostpetvaccinations.net\/wp-content\/uploads\/2017\/02\/Logo.jpg","width":960,"height":831,"caption":"Low Cost Pet Vax"},"image":{"@id":"https:\/\/www.lowcostpetvaccinations.net\/es\/#\/schema\/logo\/image\/"},"sameAs":["http:\/\/www.facebook.com\/lowcostpetvax","https:\/\/x.com\/lowcostpetvax"],"telephone":["(817) 282-1000"],"email":"contact@lowcostpetvax.com"}]}},"jetpack_sharing_enabled":true,"_links":{"self":[{"href":"https:\/\/www.lowcostpetvaccinations.net\/es\/wp-json\/wp\/v2\/pages\/2854","targetHints":{"allow":["GET"]}}],"collection":[{"href":"https:\/\/www.lowcostpetvaccinations.net\/es\/wp-json\/wp\/v2\/pages"}],"about":[{"href":"https:\/\/www.lowcostpetvaccinations.net\/es\/wp-json\/wp\/v2\/types\/page"}],"author":[{"embeddable":true,"href":"https:\/\/www.lowcostpetvaccinations.net\/es\/wp-json\/wp\/v2\/users\/3"}],"replies":[{"embeddable":true,"href":"https:\/\/www.lowcostpetvaccinations.net\/es\/wp-json\/wp\/v2\/comments?post=2854"}],"version-history":[{"count":10,"href":"https:\/\/www.lowcostpetvaccinations.net\/es\/wp-json\/wp\/v2\/pages\/2854\/revisions"}],"predecessor-version":[{"id":5540,"href":"https:\/\/www.lowcostpetvaccinations.net\/es\/wp-json\/wp\/v2\/pages\/2854\/revisions\/5540"}],"wp:attachment":[{"href":"https:\/\/www.lowcostpetvaccinations.net\/es\/wp-json\/wp\/v2\/media?parent=2854"}],"curies":[{"name":"wp","href":"https:\/\/api.w.org\/{rel}","templated":true}]}}