{"id":2138,"date":"2018-07-05T17:22:06","date_gmt":"2018-07-05T17:22:06","guid":{"rendered":"http:\/\/www.lowcostpetvaccinations.net\/?page_id=2138"},"modified":"2020-07-07T15:43:46","modified_gmt":"2020-07-07T15:43:46","slug":"vacunas-mascotas-mesquite","status":"publish","type":"page","link":"https:\/\/www.lowcostpetvaccinations.net\/es\/horarios-y-ubicaciones\/vacunas-mascotas-mesquite\/","title":{"rendered":"Vacunas para Mascotas a Bajo Costo en Mesquite"},"content":{"rendered":"<h1 style=\"text-align: center;\">Low Cost Pet Vax Cl\u00ednicas en Mesquite<\/h1>\n<p style=\"text-align: center;\"><iframe loading=\"lazy\" style=\"border: 1px solid #aaa;\" src=\"http:\/\/batchgeo.com\/map\/a9c2af1e2b6927adf3b31d74a8cf7e10\" width=\"100%\" height=\"550\" frameborder=\"0\"><\/iframe><br \/>\n<small>View <a href=\"http:\/\/batchgeo.com\/map\/a9c2af1e2b6927adf3b31d74a8cf7e10\">Low Cost Pet Vax Mesquite Clinics<\/a> in a full screen map<\/small><\/p>\n<h3 style=\"text-align: center;\"><strong>Hobby Lobby<\/strong><\/h3>\n<p style=\"text-align: center;\"><span data-sheets-value=\"{&quot;1&quot;:2,&quot;2&quot;:&quot;2302 N Galloway Ave, 75150&quot;}\" data-sheets-userformat=\"{&quot;2&quot;:12971,&quot;3&quot;:{&quot;1&quot;:0},&quot;4&quot;:[null,2,16573901],&quot;6&quot;:{&quot;1&quot;:[{&quot;1&quot;:2,&quot;2&quot;:0,&quot;5&quot;:[null,2,12040119]},{&quot;1&quot;:0,&quot;2&quot;:0,&quot;3&quot;:3},{&quot;1&quot;:1,&quot;2&quot;:0,&quot;4&quot;:1}]},&quot;8&quot;:{&quot;1&quot;:[{&quot;1&quot;:2,&quot;2&quot;:0,&quot;5&quot;:[null,2,12040119]},{&quot;1&quot;:0,&quot;2&quot;:0,&quot;3&quot;:3},{&quot;1&quot;:1,&quot;2&quot;:0,&quot;4&quot;:1}]},&quot;10&quot;:2,&quot;12&quot;:0,&quot;15&quot;:&quot;Calibri&quot;,&quot;16&quot;:11}\">2302 N Galloway Ave,\u00a0<\/span> Mesquite, TX <span data-sheets-value=\"{&quot;1&quot;:2,&quot;2&quot;:&quot;2302 N Galloway Ave, 75150&quot;}\" data-sheets-userformat=\"{&quot;2&quot;:12971,&quot;3&quot;:{&quot;1&quot;:0},&quot;4&quot;:[null,2,16573901],&quot;6&quot;:{&quot;1&quot;:[{&quot;1&quot;:2,&quot;2&quot;:0,&quot;5&quot;:[null,2,12040119]},{&quot;1&quot;:0,&quot;2&quot;:0,&quot;3&quot;:3},{&quot;1&quot;:1,&quot;2&quot;:0,&quot;4&quot;:1}]},&quot;8&quot;:{&quot;1&quot;:[{&quot;1&quot;:2,&quot;2&quot;:0,&quot;5&quot;:[null,2,12040119]},{&quot;1&quot;:0,&quot;2&quot;:0,&quot;3&quot;:3},{&quot;1&quot;:1,&quot;2&quot;:0,&quot;4&quot;:1}]},&quot;10&quot;:2,&quot;12&quot;:0,&quot;15&quot;:&quot;Calibri&quot;,&quot;16&quot;:11}\">\u00a075150<\/span><\/p>\n<p style=\"text-align: center;\"><strong>Cada 1o s\u00e1bado, 9am \u2013 4pm <\/strong><em>(<span style=\"text-decoration: underline;\"><span style=\"color: #0000ff;\"><a style=\"color: #0000ff; text-decoration: underline;\" href=\"http:\/\/calendar.google.com\/event?action=TEMPLATE&amp;tmeid=MXFvNHFrNnBuM2JtODJ1cm83Z2t1anVuaTlfMjAyMDA4MDFUMTQwMDAwWiBqaXNkbjA0czZsOWd2MGhnOHIyMXFraWZmY0Bn&amp;tmsrc=jisdn04s6l9gv0hg8r21qkiffc%40group.calendar.google.com\">A\u00f1adir al Calendario)<\/a><\/span><\/span><\/em><\/p>\n<h3 style=\"text-align: center;\"><strong>Dollar General<\/strong><\/h3>\n<p style=\"text-align: center;\"><span data-sheets-value=\"{&quot;1&quot;:2,&quot;2&quot;:&quot;2302 N Galloway Ave, 75150&quot;}\" data-sheets-userformat=\"{&quot;2&quot;:12971,&quot;3&quot;:{&quot;1&quot;:0},&quot;4&quot;:[null,2,16573901],&quot;6&quot;:{&quot;1&quot;:[{&quot;1&quot;:2,&quot;2&quot;:0,&quot;5&quot;:[null,2,12040119]},{&quot;1&quot;:0,&quot;2&quot;:0,&quot;3&quot;:3},{&quot;1&quot;:1,&quot;2&quot;:0,&quot;4&quot;:1}]},&quot;8&quot;:{&quot;1&quot;:[{&quot;1&quot;:2,&quot;2&quot;:0,&quot;5&quot;:[null,2,12040119]},{&quot;1&quot;:0,&quot;2&quot;:0,&quot;3&quot;:3},{&quot;1&quot;:1,&quot;2&quot;:0,&quot;4&quot;:1}]},&quot;10&quot;:2,&quot;12&quot;:0,&quot;15&quot;:&quot;Calibri&quot;,&quot;16&quot;:11}\">1220 Pioneer Rd,\u00a0<\/span> Mesquite, TX <span data-sheets-value=\"{&quot;1&quot;:2,&quot;2&quot;:&quot;2302 N Galloway Ave, 75150&quot;}\" data-sheets-userformat=\"{&quot;2&quot;:12971,&quot;3&quot;:{&quot;1&quot;:0},&quot;4&quot;:[null,2,16573901],&quot;6&quot;:{&quot;1&quot;:[{&quot;1&quot;:2,&quot;2&quot;:0,&quot;5&quot;:[null,2,12040119]},{&quot;1&quot;:0,&quot;2&quot;:0,&quot;3&quot;:3},{&quot;1&quot;:1,&quot;2&quot;:0,&quot;4&quot;:1}]},&quot;8&quot;:{&quot;1&quot;:[{&quot;1&quot;:2,&quot;2&quot;:0,&quot;5&quot;:[null,2,12040119]},{&quot;1&quot;:0,&quot;2&quot;:0,&quot;3&quot;:3},{&quot;1&quot;:1,&quot;2&quot;:0,&quot;4&quot;:1}]},&quot;10&quot;:2,&quot;12&quot;:0,&quot;15&quot;:&quot;Calibri&quot;,&quot;16&quot;:11}\"> 75149<\/span><\/p>\n<p style=\"text-align: center;\"><strong>Cada 2er domingo, 11am &#8211; 4pm <\/strong><em>(<a href=\"http:\/\/calendar.google.com\/event?action=TEMPLATE&amp;tmeid=NWhiM3VjNzVsNXRxcG5oMGp2dG8yN2szZTNfMjAyMDA4MDlUMTYwMDAwWiBqaXNkbjA0czZsOWd2MGhnOHIyMXFraWZmY0Bn&amp;tmsrc=jisdn04s6l9gv0hg8r21qkiffc%40group.calendar.google.com\">A\u00f1adir al Calendario<\/a>)<\/em><\/p>\n<h3 style=\"text-align: center;\"><strong>Albertson&#8217;s<\/strong><\/h3>\n<p style=\"text-align: center;\">2828 Motley Dr, Mesquite, TX 75150<\/p>\n<p style=\"text-align: center;\"><strong>Cada 3er s\u00e1bado, 9am \u2013 4pm <\/strong><em>(<a href=\"http:\/\/calendar.google.com\/event?action=TEMPLATE&amp;tmeid=cG5vaHA0YnZkMmpqNnNxYjkwZTV0YWljZDJfMjAyMDA4MTVUMTQwMDAwWiBqaXNkbjA0czZsOWd2MGhnOHIyMXFraWZmY0Bn&amp;tmsrc=jisdn04s6l9gv0hg8r21qkiffc%40group.calendar.google.com\"><span style=\"text-decoration: underline;\"><span style=\"color: #0000ff;\">A\u00f1adir al Calendario<\/span><\/span><\/a>)<\/em><\/p>\n<p>\\<\/p>\n<div style=\"text-align: center;\">\u00bfTienes m\u00e1s preguntas? Ll\u00e1menos al 817-282-1000 o env\u00edenos un correo electr\u00f3nico a contact@lowcostpetvax.com. \u00a1Estamos aqu\u00ed para ayudar!<\/div>\n<div><\/div>\n<div><\/div>\n<div style=\"text-align: center;\"><\/div>\n<div style=\"text-align: center;\"><em>Excelentes precios, Excelente servicio \u2013 Amable, Conveniente, Accessible<\/em><\/div>\n","protected":false},"excerpt":{"rendered":"<p>Low Cost Pet Vax Cl\u00ednicas en Mesquite View Low Cost Pet Vax Mesquite Clinics in a full screen map Hobby Lobby 2302 N Galloway Ave,\u00a0 Mesquite, TX \u00a075150 Cada 1o s\u00e1bado, 9am \u2013 4pm (A\u00f1adir al Calendario) Dollar General 1220 Pioneer Rd,\u00a0 Mesquite, TX 75149 Cada 2er domingo, 11am &#8211; 4pm (A\u00f1adir al Calendario) Albertson&#8217;s [&hellip;]<\/p>\n","protected":false},"author":3,"featured_media":0,"parent":1076,"menu_order":0,"comment_status":"closed","ping_status":"closed","template":"","meta":{"nf_dc_page":"","footnotes":""},"class_list":["post-2138","page","type-page","status-publish","hentry"],"yoast_head":"<!-- This site is optimized with the Yoast SEO Premium plugin v27.3 (Yoast SEO v27.4) - https:\/\/yoast.com\/product\/yoast-seo-premium-wordpress\/ -->\n<title>Vacunas para Mascotas a Bajo Costo en Mesquite - Low Cost Pet Vax\u00ae<\/title>\n<meta name=\"description\" content=\"View our low cost pet vaccination clinics in Mesquite, TX! All vaccinations for dogs only $55, all vaccinations for cats only $40.\" \/>\n<meta name=\"robots\" content=\"index, follow, max-snippet:-1, max-image-preview:large, max-video-preview:-1\" \/>\n<link rel=\"canonical\" href=\"https:\/\/www.lowcostpetvaccinations.net\/es\/horarios-y-ubicaciones\/vacunas-mascotas-mesquite\/\" \/>\n<meta property=\"og:locale\" content=\"es_ES\" \/>\n<meta property=\"og:type\" content=\"article\" \/>\n<meta property=\"og:title\" content=\"Vacunas para Mascotas a Bajo Costo en Mesquite\" \/>\n<meta property=\"og:description\" content=\"View our low cost pet vaccination clinics in Mesquite, TX! All vaccinations for dogs only $55, all vaccinations for cats only $40.\" \/>\n<meta property=\"og:url\" content=\"https:\/\/www.lowcostpetvaccinations.net\/es\/horarios-y-ubicaciones\/vacunas-mascotas-mesquite\/\" \/>\n<meta property=\"og:site_name\" content=\"Low Cost Pet Vax\u00ae\" \/>\n<meta property=\"article:publisher\" content=\"http:\/\/www.facebook.com\/lowcostpetvax\" \/>\n<meta property=\"article:modified_time\" content=\"2020-07-07T15:43:46+00:00\" \/>\n<meta name=\"twitter:card\" content=\"summary_large_image\" \/>\n<meta name=\"twitter:site\" content=\"@lowcostpetvax\" \/>\n<script type=\"application\/ld+json\" class=\"yoast-schema-graph\">{\"@context\":\"https:\\\/\\\/schema.org\",\"@graph\":[{\"@type\":\"WebPage\",\"@id\":\"https:\\\/\\\/www.lowcostpetvaccinations.net\\\/es\\\/horarios-y-ubicaciones\\\/vacunas-mascotas-mesquite\\\/\",\"url\":\"https:\\\/\\\/www.lowcostpetvaccinations.net\\\/es\\\/horarios-y-ubicaciones\\\/vacunas-mascotas-mesquite\\\/\",\"name\":\"Vacunas para Mascotas a Bajo Costo en Mesquite - Low Cost Pet Vax\u00ae\",\"isPartOf\":{\"@id\":\"https:\\\/\\\/www.lowcostpetvaccinations.net\\\/es\\\/#website\"},\"datePublished\":\"2018-07-05T17:22:06+00:00\",\"dateModified\":\"2020-07-07T15:43:46+00:00\",\"description\":\"View our low cost pet vaccination clinics in Mesquite, TX! All vaccinations for dogs only $55, all vaccinations for cats only $40.\",\"breadcrumb\":{\"@id\":\"https:\\\/\\\/www.lowcostpetvaccinations.net\\\/es\\\/horarios-y-ubicaciones\\\/vacunas-mascotas-mesquite\\\/#breadcrumb\"},\"inLanguage\":\"es\",\"potentialAction\":[{\"@type\":\"ReadAction\",\"target\":[\"https:\\\/\\\/www.lowcostpetvaccinations.net\\\/es\\\/horarios-y-ubicaciones\\\/vacunas-mascotas-mesquite\\\/\"]}]},{\"@type\":\"BreadcrumbList\",\"@id\":\"https:\\\/\\\/www.lowcostpetvaccinations.net\\\/es\\\/horarios-y-ubicaciones\\\/vacunas-mascotas-mesquite\\\/#breadcrumb\",\"itemListElement\":[{\"@type\":\"ListItem\",\"position\":1,\"name\":\"Home\",\"item\":\"https:\\\/\\\/www.lowcostpetvaccinations.net\\\/es\\\/\"},{\"@type\":\"ListItem\",\"position\":2,\"name\":\"Horarios y Ubicaci\u00f3nes\",\"item\":\"https:\\\/\\\/www.lowcostpetvaccinations.net\\\/es\\\/horarios-y-ubicaciones\\\/\"},{\"@type\":\"ListItem\",\"position\":3,\"name\":\"Vacunas para Mascotas a Bajo Costo en Mesquite\"}]},{\"@type\":\"WebSite\",\"@id\":\"https:\\\/\\\/www.lowcostpetvaccinations.net\\\/es\\\/#website\",\"url\":\"https:\\\/\\\/www.lowcostpetvaccinations.net\\\/es\\\/\",\"name\":\"Low Cost Pet Vax\u00ae\",\"description\":\"Amigable, Conveniente, Accesible\",\"publisher\":{\"@id\":\"https:\\\/\\\/www.lowcostpetvaccinations.net\\\/es\\\/#organization\"},\"potentialAction\":[{\"@type\":\"SearchAction\",\"target\":{\"@type\":\"EntryPoint\",\"urlTemplate\":\"https:\\\/\\\/www.lowcostpetvaccinations.net\\\/es\\\/?s={search_term_string}\"},\"query-input\":{\"@type\":\"PropertyValueSpecification\",\"valueRequired\":true,\"valueName\":\"search_term_string\"}}],\"inLanguage\":\"es\"},{\"@type\":[\"Organization\",\"Place\",\"VeterinaryCare\"],\"@id\":\"https:\\\/\\\/www.lowcostpetvaccinations.net\\\/es\\\/#organization\",\"name\":\"Low Cost Pet Vax\",\"url\":\"https:\\\/\\\/www.lowcostpetvaccinations.net\\\/\",\"logo\":{\"@type\":\"ImageObject\",\"inLanguage\":\"es\",\"@id\":\"https:\\\/\\\/www.lowcostpetvaccinations.net\\\/es\\\/#\\\/schema\\\/logo\\\/image\\\/\",\"url\":\"https:\\\/\\\/www.lowcostpetvaccinations.net\\\/wp-content\\\/uploads\\\/2017\\\/02\\\/Logo.jpg\",\"contentUrl\":\"https:\\\/\\\/www.lowcostpetvaccinations.net\\\/wp-content\\\/uploads\\\/2017\\\/02\\\/Logo.jpg\",\"width\":960,\"height\":831,\"caption\":\"Low Cost Pet Vax\"},\"image\":{\"@id\":\"https:\\\/\\\/www.lowcostpetvaccinations.net\\\/es\\\/#\\\/schema\\\/logo\\\/image\\\/\"},\"sameAs\":[\"http:\\\/\\\/www.facebook.com\\\/lowcostpetvax\",\"https:\\\/\\\/x.com\\\/lowcostpetvax\"],\"telephone\":[\"(817) 282-1000\"],\"email\":\"contact@lowcostpetvax.com\"}]}<\/script>\n<!-- \/ Yoast SEO Premium plugin. -->","yoast_head_json":{"title":"Vacunas para Mascotas a Bajo Costo en Mesquite - Low Cost Pet Vax\u00ae","description":"View our low cost pet vaccination clinics in Mesquite, TX! All vaccinations for dogs only $55, all vaccinations for cats only $40.","robots":{"index":"index","follow":"follow","max-snippet":"max-snippet:-1","max-image-preview":"max-image-preview:large","max-video-preview":"max-video-preview:-1"},"canonical":"https:\/\/www.lowcostpetvaccinations.net\/es\/horarios-y-ubicaciones\/vacunas-mascotas-mesquite\/","og_locale":"es_ES","og_type":"article","og_title":"Vacunas para Mascotas a Bajo Costo en Mesquite","og_description":"View our low cost pet vaccination clinics in Mesquite, TX! All vaccinations for dogs only $55, all vaccinations for cats only $40.","og_url":"https:\/\/www.lowcostpetvaccinations.net\/es\/horarios-y-ubicaciones\/vacunas-mascotas-mesquite\/","og_site_name":"Low Cost Pet Vax\u00ae","article_publisher":"http:\/\/www.facebook.com\/lowcostpetvax","article_modified_time":"2020-07-07T15:43:46+00:00","twitter_card":"summary_large_image","twitter_site":"@lowcostpetvax","schema":{"@context":"https:\/\/schema.org","@graph":[{"@type":"WebPage","@id":"https:\/\/www.lowcostpetvaccinations.net\/es\/horarios-y-ubicaciones\/vacunas-mascotas-mesquite\/","url":"https:\/\/www.lowcostpetvaccinations.net\/es\/horarios-y-ubicaciones\/vacunas-mascotas-mesquite\/","name":"Vacunas para Mascotas a Bajo Costo en Mesquite - Low Cost Pet Vax\u00ae","isPartOf":{"@id":"https:\/\/www.lowcostpetvaccinations.net\/es\/#website"},"datePublished":"2018-07-05T17:22:06+00:00","dateModified":"2020-07-07T15:43:46+00:00","description":"View our low cost pet vaccination clinics in Mesquite, TX! All vaccinations for dogs only $55, all vaccinations for cats only $40.","breadcrumb":{"@id":"https:\/\/www.lowcostpetvaccinations.net\/es\/horarios-y-ubicaciones\/vacunas-mascotas-mesquite\/#breadcrumb"},"inLanguage":"es","potentialAction":[{"@type":"ReadAction","target":["https:\/\/www.lowcostpetvaccinations.net\/es\/horarios-y-ubicaciones\/vacunas-mascotas-mesquite\/"]}]},{"@type":"BreadcrumbList","@id":"https:\/\/www.lowcostpetvaccinations.net\/es\/horarios-y-ubicaciones\/vacunas-mascotas-mesquite\/#breadcrumb","itemListElement":[{"@type":"ListItem","position":1,"name":"Home","item":"https:\/\/www.lowcostpetvaccinations.net\/es\/"},{"@type":"ListItem","position":2,"name":"Horarios y Ubicaci\u00f3nes","item":"https:\/\/www.lowcostpetvaccinations.net\/es\/horarios-y-ubicaciones\/"},{"@type":"ListItem","position":3,"name":"Vacunas para Mascotas a Bajo Costo en Mesquite"}]},{"@type":"WebSite","@id":"https:\/\/www.lowcostpetvaccinations.net\/es\/#website","url":"https:\/\/www.lowcostpetvaccinations.net\/es\/","name":"Low Cost Pet Vax\u00ae","description":"Amigable, Conveniente, Accesible","publisher":{"@id":"https:\/\/www.lowcostpetvaccinations.net\/es\/#organization"},"potentialAction":[{"@type":"SearchAction","target":{"@type":"EntryPoint","urlTemplate":"https:\/\/www.lowcostpetvaccinations.net\/es\/?s={search_term_string}"},"query-input":{"@type":"PropertyValueSpecification","valueRequired":true,"valueName":"search_term_string"}}],"inLanguage":"es"},{"@type":["Organization","Place","VeterinaryCare"],"@id":"https:\/\/www.lowcostpetvaccinations.net\/es\/#organization","name":"Low Cost Pet Vax","url":"https:\/\/www.lowcostpetvaccinations.net\/","logo":{"@type":"ImageObject","inLanguage":"es","@id":"https:\/\/www.lowcostpetvaccinations.net\/es\/#\/schema\/logo\/image\/","url":"https:\/\/www.lowcostpetvaccinations.net\/wp-content\/uploads\/2017\/02\/Logo.jpg","contentUrl":"https:\/\/www.lowcostpetvaccinations.net\/wp-content\/uploads\/2017\/02\/Logo.jpg","width":960,"height":831,"caption":"Low Cost Pet Vax"},"image":{"@id":"https:\/\/www.lowcostpetvaccinations.net\/es\/#\/schema\/logo\/image\/"},"sameAs":["http:\/\/www.facebook.com\/lowcostpetvax","https:\/\/x.com\/lowcostpetvax"],"telephone":["(817) 282-1000"],"email":"contact@lowcostpetvax.com"}]}},"jetpack_sharing_enabled":true,"_links":{"self":[{"href":"https:\/\/www.lowcostpetvaccinations.net\/es\/wp-json\/wp\/v2\/pages\/2138","targetHints":{"allow":["GET"]}}],"collection":[{"href":"https:\/\/www.lowcostpetvaccinations.net\/es\/wp-json\/wp\/v2\/pages"}],"about":[{"href":"https:\/\/www.lowcostpetvaccinations.net\/es\/wp-json\/wp\/v2\/types\/page"}],"author":[{"embeddable":true,"href":"https:\/\/www.lowcostpetvaccinations.net\/es\/wp-json\/wp\/v2\/users\/3"}],"replies":[{"embeddable":true,"href":"https:\/\/www.lowcostpetvaccinations.net\/es\/wp-json\/wp\/v2\/comments?post=2138"}],"version-history":[{"count":8,"href":"https:\/\/www.lowcostpetvaccinations.net\/es\/wp-json\/wp\/v2\/pages\/2138\/revisions"}],"predecessor-version":[{"id":3290,"href":"https:\/\/www.lowcostpetvaccinations.net\/es\/wp-json\/wp\/v2\/pages\/2138\/revisions\/3290"}],"up":[{"embeddable":true,"href":"https:\/\/www.lowcostpetvaccinations.net\/es\/wp-json\/wp\/v2\/pages\/1076"}],"wp:attachment":[{"href":"https:\/\/www.lowcostpetvaccinations.net\/es\/wp-json\/wp\/v2\/media?parent=2138"}],"curies":[{"name":"wp","href":"https:\/\/api.w.org\/{rel}","templated":true}]}}