{"id":2132,"date":"2018-07-05T17:16:09","date_gmt":"2018-07-05T17:16:09","guid":{"rendered":"http:\/\/www.lowcostpetvaccinations.net\/?page_id=2132"},"modified":"2020-07-07T13:50:00","modified_gmt":"2020-07-07T13:50:00","slug":"vacunas-mascotas-irving","status":"publish","type":"page","link":"https:\/\/www.lowcostpetvaccinations.net\/es\/horarios-y-ubicaciones\/vacunas-mascotas-irving\/","title":{"rendered":"Vacunas para Mascotas a Bajo Costo en Irving"},"content":{"rendered":"<h1 style=\"text-align: center;\">Low Cost Pet Vax Cl\u00ednicas en Irving<\/h1>\n<p style=\"text-align: center;\"><iframe loading=\"lazy\" style=\"border: 0;\" src=\"http:\/\/www.google.com\/maps\/embed?pb=!1m14!1m8!1m3!1d13409.714550524477!2d-96.9892503!3d32.8339008!3m2!1i1024!2i768!4f13.1!3m3!1m2!1s0x0%3A0x60b1060e479a54c2!2sLow%20Cost%20Pet%20Vet!5e0!3m2!1sen!2sus!4v1581371369540!5m2!1sen!2sus\" width=\"600\" height=\"450\" frameborder=\"0\" allowfullscreen=\"allowfullscreen\"><\/iframe><\/p>\n<p style=\"text-align: center;\"><strong>Low Cost Pet Vet<\/strong><\/p>\n<p style=\"text-align: center;\">3202 W Irving Blvd, Irving, TX\u00a075061<\/p>\n<p style=\"text-align: center;\"><i>Cada Domingo, 11am &#8211; 4pm<\/i><\/p>\n<p style=\"text-align: center;\"><a href=\"https:\/\/www.lowcostpetvaccinations.net\/es\/horarios-y-ubicaciones\/\">Ver nuestro horario completo<\/a><\/p>\n<p style=\"text-align: center;\"><em>No es lo que est\u00e1s buscando? \u00bfVes un error? Ll\u00e1menos al 817-282-1000 para obtener m\u00e1s informaci\u00f3n acerca de las cl\u00ednicas Low Cost Pet Vax cerca de usted.\u00a0<\/em><\/p>\n<h2 style=\"text-align: center;\">Algunas Preguntas Frecuentes: Low Cost Pet Vax Cl\u00ednicas en Irving<\/h2>\n<p><em><strong>\u00bfOfrecen esterilizaciones o solo vacunas en sus cl\u00ednicas de vacunaci\u00f3n de mascotas en Irving?\u00a0<\/strong><\/em>Ofrecemos vacunas, microchips, examen de par\u00e1sitos del coraz\u00f3n y otros servicios en nuestras cl\u00ednicas de Low Cost Pet Vax, pero a este momento no ofrecemos esterilizaciones o otra cirug\u00eda. Abriremos una cl\u00ednica de servicio completo en Irving en el mes de julio. \u00a1Est\u00e9n atentos!<\/p>\n<p><strong><em>\u00bfMe proporcionar\u00e1 la documentaci\u00f3n que necesito para registrar mi mascota?\u00a0<\/em><\/strong>Proporcionamos comprobante de vacunaci\u00f3n y todo lo que hacemos en cada cl\u00ednica. Si tiene preguntas sobre lo que necesita para registrar a su mascota, solo preg\u00fantele a nuestros empleados y ellos pueden aseguarse de que le demos las vacunas que necesita su mascota.<\/p>\n<p><em><strong>\u00bfQu\u00e9 forma de pago toman?<\/strong> <\/em>\u00a1Aceptamos cr\u00e9dito, d\u00e9bito y efectivo!<\/p>\n<p><em><strong>\u00bfC\u00f3mo puedo estar actualizado de las cl\u00ednicas de vacunaci\u00f3n de mascotas en Irving?<\/strong><\/em>\u00a0 Simplemente s\u00edganos en Facebook, visite nuestro sitio web aqu\u00ed, o cont\u00e1ctenos para saber cu\u00e1ndo vamos a estar cerca de usted. Por lo mayor\u00eda estamos en cada ubicaci\u00f3n una vez al mes, entonces tambi\u00e9n puden esperar hasta que vea nuestro anuncio en nuestra ubicaci\u00f3n m\u00e1s cercana de usted.<\/p>\n<p>&nbsp;<\/p>\n<p>&nbsp;<\/p>\n<p>&nbsp;<\/p>\n<p style=\"text-align: center;\">\u00bfTienes m\u00e1s preguntas? Ll\u00e1menos al 817-282-1000 o env\u00edenos un correo electr\u00f3nico a contract@lowcostpetvax.com. \u00a1Estamos aqu\u00ed para ayudar!<\/p>\n<div><\/div>\n<div style=\"text-align: center;\">Excelentes precios, Excelente servicio &#8211; Amable, Conveniente, Accessible<\/div>\n","protected":false},"excerpt":{"rendered":"<p>Low Cost Pet Vax Cl\u00ednicas en Irving Low Cost Pet Vet 3202 W Irving Blvd, Irving, TX\u00a075061 Cada Domingo, 11am &#8211; 4pm Ver nuestro horario completo No es lo que est\u00e1s buscando? \u00bfVes un error? Ll\u00e1menos al 817-282-1000 para obtener m\u00e1s informaci\u00f3n acerca de las cl\u00ednicas Low Cost Pet Vax cerca de usted.\u00a0 Algunas Preguntas [&hellip;]<\/p>\n","protected":false},"author":3,"featured_media":0,"parent":1076,"menu_order":0,"comment_status":"closed","ping_status":"closed","template":"","meta":{"nf_dc_page":"","footnotes":""},"class_list":["post-2132","page","type-page","status-publish","hentry"],"yoast_head":"<!-- This site is optimized with the Yoast SEO Premium plugin v27.3 (Yoast SEO v27.4) - https:\/\/yoast.com\/product\/yoast-seo-premium-wordpress\/ -->\n<title>Vacunas para Mascotas a Bajo Costo en Irving in Dallas - Fort Worth, TX - Low Cost Pet Vax\u00ae<\/title>\n<meta name=\"robots\" content=\"index, follow, max-snippet:-1, max-image-preview:large, max-video-preview:-1\" \/>\n<link rel=\"canonical\" href=\"https:\/\/www.lowcostpetvaccinations.net\/es\/horarios-y-ubicaciones\/vacunas-mascotas-irving\/\" \/>\n<meta property=\"og:locale\" content=\"es_ES\" \/>\n<meta property=\"og:type\" content=\"article\" \/>\n<meta property=\"og:title\" content=\"Vacunas para Mascotas a Bajo Costo en Irving\" \/>\n<meta property=\"og:description\" content=\"Low Cost Pet Vax Cl\u00ednicas en Irving Low Cost Pet Vet 3202 W Irving Blvd, Irving, TX\u00a075061 Cada Domingo, 11am &#8211; 4pm Ver nuestro horario completo No es lo que est\u00e1s buscando? \u00bfVes un error? Ll\u00e1menos al 817-282-1000 para obtener m\u00e1s informaci\u00f3n acerca de las cl\u00ednicas Low Cost Pet Vax cerca de usted.\u00a0 Algunas Preguntas [&hellip;]\" \/>\n<meta property=\"og:url\" content=\"https:\/\/www.lowcostpetvaccinations.net\/es\/horarios-y-ubicaciones\/vacunas-mascotas-irving\/\" \/>\n<meta property=\"og:site_name\" content=\"Low Cost Pet Vax\u00ae\" \/>\n<meta property=\"article:publisher\" content=\"http:\/\/www.facebook.com\/lowcostpetvax\" \/>\n<meta property=\"article:modified_time\" content=\"2020-07-07T13:50:00+00:00\" \/>\n<meta name=\"twitter:card\" content=\"summary_large_image\" \/>\n<meta name=\"twitter:site\" content=\"@lowcostpetvax\" \/>\n<meta name=\"twitter:label1\" content=\"Tiempo de lectura\" \/>\n\t<meta name=\"twitter:data1\" content=\"2 minutos\" \/>\n<script type=\"application\/ld+json\" class=\"yoast-schema-graph\">{\"@context\":\"https:\\\/\\\/schema.org\",\"@graph\":[{\"@type\":\"WebPage\",\"@id\":\"https:\\\/\\\/www.lowcostpetvaccinations.net\\\/es\\\/horarios-y-ubicaciones\\\/vacunas-mascotas-irving\\\/\",\"url\":\"https:\\\/\\\/www.lowcostpetvaccinations.net\\\/es\\\/horarios-y-ubicaciones\\\/vacunas-mascotas-irving\\\/\",\"name\":\"Vacunas para Mascotas a Bajo Costo en Irving in Dallas - Fort Worth, TX - Low Cost Pet Vax\u00ae\",\"isPartOf\":{\"@id\":\"https:\\\/\\\/www.lowcostpetvaccinations.net\\\/es\\\/#website\"},\"datePublished\":\"2018-07-05T17:16:09+00:00\",\"dateModified\":\"2020-07-07T13:50:00+00:00\",\"breadcrumb\":{\"@id\":\"https:\\\/\\\/www.lowcostpetvaccinations.net\\\/es\\\/horarios-y-ubicaciones\\\/vacunas-mascotas-irving\\\/#breadcrumb\"},\"inLanguage\":\"es\",\"potentialAction\":[{\"@type\":\"ReadAction\",\"target\":[\"https:\\\/\\\/www.lowcostpetvaccinations.net\\\/es\\\/horarios-y-ubicaciones\\\/vacunas-mascotas-irving\\\/\"]}]},{\"@type\":\"BreadcrumbList\",\"@id\":\"https:\\\/\\\/www.lowcostpetvaccinations.net\\\/es\\\/horarios-y-ubicaciones\\\/vacunas-mascotas-irving\\\/#breadcrumb\",\"itemListElement\":[{\"@type\":\"ListItem\",\"position\":1,\"name\":\"Home\",\"item\":\"https:\\\/\\\/www.lowcostpetvaccinations.net\\\/es\\\/\"},{\"@type\":\"ListItem\",\"position\":2,\"name\":\"Horarios y Ubicaci\u00f3nes\",\"item\":\"https:\\\/\\\/www.lowcostpetvaccinations.net\\\/es\\\/horarios-y-ubicaciones\\\/\"},{\"@type\":\"ListItem\",\"position\":3,\"name\":\"Vacunas para Mascotas a Bajo Costo en Irving\"}]},{\"@type\":\"WebSite\",\"@id\":\"https:\\\/\\\/www.lowcostpetvaccinations.net\\\/es\\\/#website\",\"url\":\"https:\\\/\\\/www.lowcostpetvaccinations.net\\\/es\\\/\",\"name\":\"Low Cost Pet Vax\u00ae\",\"description\":\"Amigable, Conveniente, Accesible\",\"publisher\":{\"@id\":\"https:\\\/\\\/www.lowcostpetvaccinations.net\\\/es\\\/#organization\"},\"potentialAction\":[{\"@type\":\"SearchAction\",\"target\":{\"@type\":\"EntryPoint\",\"urlTemplate\":\"https:\\\/\\\/www.lowcostpetvaccinations.net\\\/es\\\/?s={search_term_string}\"},\"query-input\":{\"@type\":\"PropertyValueSpecification\",\"valueRequired\":true,\"valueName\":\"search_term_string\"}}],\"inLanguage\":\"es\"},{\"@type\":[\"Organization\",\"Place\",\"VeterinaryCare\"],\"@id\":\"https:\\\/\\\/www.lowcostpetvaccinations.net\\\/es\\\/#organization\",\"name\":\"Low Cost Pet Vax\",\"url\":\"https:\\\/\\\/www.lowcostpetvaccinations.net\\\/\",\"logo\":{\"@type\":\"ImageObject\",\"inLanguage\":\"es\",\"@id\":\"https:\\\/\\\/www.lowcostpetvaccinations.net\\\/es\\\/#\\\/schema\\\/logo\\\/image\\\/\",\"url\":\"https:\\\/\\\/www.lowcostpetvaccinations.net\\\/wp-content\\\/uploads\\\/2017\\\/02\\\/Logo.jpg\",\"contentUrl\":\"https:\\\/\\\/www.lowcostpetvaccinations.net\\\/wp-content\\\/uploads\\\/2017\\\/02\\\/Logo.jpg\",\"width\":960,\"height\":831,\"caption\":\"Low Cost Pet Vax\"},\"image\":{\"@id\":\"https:\\\/\\\/www.lowcostpetvaccinations.net\\\/es\\\/#\\\/schema\\\/logo\\\/image\\\/\"},\"sameAs\":[\"http:\\\/\\\/www.facebook.com\\\/lowcostpetvax\",\"https:\\\/\\\/x.com\\\/lowcostpetvax\"],\"telephone\":[\"(817) 282-1000\"],\"email\":\"contact@lowcostpetvax.com\"}]}<\/script>\n<!-- \/ Yoast SEO Premium plugin. -->","yoast_head_json":{"title":"Vacunas para Mascotas a Bajo Costo en Irving in Dallas - Fort Worth, TX - Low Cost Pet Vax\u00ae","robots":{"index":"index","follow":"follow","max-snippet":"max-snippet:-1","max-image-preview":"max-image-preview:large","max-video-preview":"max-video-preview:-1"},"canonical":"https:\/\/www.lowcostpetvaccinations.net\/es\/horarios-y-ubicaciones\/vacunas-mascotas-irving\/","og_locale":"es_ES","og_type":"article","og_title":"Vacunas para Mascotas a Bajo Costo en Irving","og_description":"Low Cost Pet Vax Cl\u00ednicas en Irving Low Cost Pet Vet 3202 W Irving Blvd, Irving, TX\u00a075061 Cada Domingo, 11am &#8211; 4pm Ver nuestro horario completo No es lo que est\u00e1s buscando? \u00bfVes un error? Ll\u00e1menos al 817-282-1000 para obtener m\u00e1s informaci\u00f3n acerca de las cl\u00ednicas Low Cost Pet Vax cerca de usted.\u00a0 Algunas Preguntas [&hellip;]","og_url":"https:\/\/www.lowcostpetvaccinations.net\/es\/horarios-y-ubicaciones\/vacunas-mascotas-irving\/","og_site_name":"Low Cost Pet Vax\u00ae","article_publisher":"http:\/\/www.facebook.com\/lowcostpetvax","article_modified_time":"2020-07-07T13:50:00+00:00","twitter_card":"summary_large_image","twitter_site":"@lowcostpetvax","twitter_misc":{"Tiempo de lectura":"2 minutos"},"schema":{"@context":"https:\/\/schema.org","@graph":[{"@type":"WebPage","@id":"https:\/\/www.lowcostpetvaccinations.net\/es\/horarios-y-ubicaciones\/vacunas-mascotas-irving\/","url":"https:\/\/www.lowcostpetvaccinations.net\/es\/horarios-y-ubicaciones\/vacunas-mascotas-irving\/","name":"Vacunas para Mascotas a Bajo Costo en Irving in Dallas - Fort Worth, TX - Low Cost Pet Vax\u00ae","isPartOf":{"@id":"https:\/\/www.lowcostpetvaccinations.net\/es\/#website"},"datePublished":"2018-07-05T17:16:09+00:00","dateModified":"2020-07-07T13:50:00+00:00","breadcrumb":{"@id":"https:\/\/www.lowcostpetvaccinations.net\/es\/horarios-y-ubicaciones\/vacunas-mascotas-irving\/#breadcrumb"},"inLanguage":"es","potentialAction":[{"@type":"ReadAction","target":["https:\/\/www.lowcostpetvaccinations.net\/es\/horarios-y-ubicaciones\/vacunas-mascotas-irving\/"]}]},{"@type":"BreadcrumbList","@id":"https:\/\/www.lowcostpetvaccinations.net\/es\/horarios-y-ubicaciones\/vacunas-mascotas-irving\/#breadcrumb","itemListElement":[{"@type":"ListItem","position":1,"name":"Home","item":"https:\/\/www.lowcostpetvaccinations.net\/es\/"},{"@type":"ListItem","position":2,"name":"Horarios y Ubicaci\u00f3nes","item":"https:\/\/www.lowcostpetvaccinations.net\/es\/horarios-y-ubicaciones\/"},{"@type":"ListItem","position":3,"name":"Vacunas para Mascotas a Bajo Costo en Irving"}]},{"@type":"WebSite","@id":"https:\/\/www.lowcostpetvaccinations.net\/es\/#website","url":"https:\/\/www.lowcostpetvaccinations.net\/es\/","name":"Low Cost Pet Vax\u00ae","description":"Amigable, Conveniente, Accesible","publisher":{"@id":"https:\/\/www.lowcostpetvaccinations.net\/es\/#organization"},"potentialAction":[{"@type":"SearchAction","target":{"@type":"EntryPoint","urlTemplate":"https:\/\/www.lowcostpetvaccinations.net\/es\/?s={search_term_string}"},"query-input":{"@type":"PropertyValueSpecification","valueRequired":true,"valueName":"search_term_string"}}],"inLanguage":"es"},{"@type":["Organization","Place","VeterinaryCare"],"@id":"https:\/\/www.lowcostpetvaccinations.net\/es\/#organization","name":"Low Cost Pet Vax","url":"https:\/\/www.lowcostpetvaccinations.net\/","logo":{"@type":"ImageObject","inLanguage":"es","@id":"https:\/\/www.lowcostpetvaccinations.net\/es\/#\/schema\/logo\/image\/","url":"https:\/\/www.lowcostpetvaccinations.net\/wp-content\/uploads\/2017\/02\/Logo.jpg","contentUrl":"https:\/\/www.lowcostpetvaccinations.net\/wp-content\/uploads\/2017\/02\/Logo.jpg","width":960,"height":831,"caption":"Low Cost Pet Vax"},"image":{"@id":"https:\/\/www.lowcostpetvaccinations.net\/es\/#\/schema\/logo\/image\/"},"sameAs":["http:\/\/www.facebook.com\/lowcostpetvax","https:\/\/x.com\/lowcostpetvax"],"telephone":["(817) 282-1000"],"email":"contact@lowcostpetvax.com"}]}},"jetpack_sharing_enabled":true,"_links":{"self":[{"href":"https:\/\/www.lowcostpetvaccinations.net\/es\/wp-json\/wp\/v2\/pages\/2132","targetHints":{"allow":["GET"]}}],"collection":[{"href":"https:\/\/www.lowcostpetvaccinations.net\/es\/wp-json\/wp\/v2\/pages"}],"about":[{"href":"https:\/\/www.lowcostpetvaccinations.net\/es\/wp-json\/wp\/v2\/types\/page"}],"author":[{"embeddable":true,"href":"https:\/\/www.lowcostpetvaccinations.net\/es\/wp-json\/wp\/v2\/users\/3"}],"replies":[{"embeddable":true,"href":"https:\/\/www.lowcostpetvaccinations.net\/es\/wp-json\/wp\/v2\/comments?post=2132"}],"version-history":[{"count":8,"href":"https:\/\/www.lowcostpetvaccinations.net\/es\/wp-json\/wp\/v2\/pages\/2132\/revisions"}],"predecessor-version":[{"id":3282,"href":"https:\/\/www.lowcostpetvaccinations.net\/es\/wp-json\/wp\/v2\/pages\/2132\/revisions\/3282"}],"up":[{"embeddable":true,"href":"https:\/\/www.lowcostpetvaccinations.net\/es\/wp-json\/wp\/v2\/pages\/1076"}],"wp:attachment":[{"href":"https:\/\/www.lowcostpetvaccinations.net\/es\/wp-json\/wp\/v2\/media?parent=2132"}],"curies":[{"name":"wp","href":"https:\/\/api.w.org\/{rel}","templated":true}]}}