{"id":2124,"date":"2018-07-04T21:25:44","date_gmt":"2018-07-04T21:25:44","guid":{"rendered":"http:\/\/www.lowcostpetvaccinations.net\/?page_id=2124"},"modified":"2025-01-22T16:21:29","modified_gmt":"2025-01-22T16:21:29","slug":"vacunas-mascotas-garland","status":"publish","type":"page","link":"https:\/\/www.lowcostpetvaccinations.net\/es\/horarios-y-ubicaciones\/vacunas-mascotas-garland\/","title":{"rendered":"Vacunas para Mascotas a Bajo Costo en Garland"},"content":{"rendered":"<h1 style=\"text-align: center;\">Low Cost Pet Vax Cl\u00ednicas en Garland<\/h1>\r\n<iframe loading=\"lazy\" style=\"border: 1px solid #aaa; position: relative;\" src=\"https:\/\/batchgeo.com\/map\/df8938f22c53aa3b55f74433cd3144f7\" width=\"100%\" height=\"550\" frameborder=\"0\" scrolling=\"no\" sandbox=\"allow-top-navigation allow-scripts allow-popups allow-popups-to-escape-sandbox allow-same-origin allow-modals allow-forms\" allowfullscreen=\"allowfullscreen\"><\/iframe>\r\n\r\n<small>View <a href=\"https:\/\/batchgeo.com\/map\/df8938f22c53aa3b55f74433cd3144f7\">Low Cost Pet Vax Garland Clinics<\/a> in a full screen map<\/small>\r\n<h2 style=\"text-align: center;\"><em><strong>Ubicaciones en Garland<\/strong><\/em><\/h2>\r\n<h3 class=\"has-text-align-center place-name\" style=\"text-align: center;\"><span style=\"color: #000000;\">Cada 1er y 3er Domingo, <span style=\"color: #ff0000;\">11am-4pm<\/span><\/span><\/h3>\r\n<p style=\"text-align: center;\"><span style=\"color: #000000;\"><strong>O&#8217;Reilly&#8217;s, <\/strong><em>1313 W Buckingham Rd, Garland, TX 75040<\/em><\/span><\/p>\r\n<p class=\"has-text-align-center\" style=\"text-align: center;\"><span style=\"color: #000000;\"><span style=\"font-family: georgia, palatino, serif; color: #000000;\"><strong>Extra Space Storage<\/strong><em>, 10740 Garland Rd, Dallas, TX 75218<\/em><\/span><\/span><\/p>\r\n\r\n<h3 class=\"has-text-align-center place-name\" style=\"text-align: center;\"><span style=\"color: #000000;\">Cada 2\u00ba y 4\u00ba Domingo, <span style=\"color: #ff0000;\">11am-4pm<\/span><\/span><\/h3>\r\n<span style=\"color: #000000;\"><!-- \/wp:post-content --><!-- wp:heading {\"align\":\"center\",\"level\":4,\"className\":\"address\"} --><\/span>\r\n<p class=\"has-text-align-center address\" style=\"text-align: center;\"><span style=\"color: #000000;\"><strong>Ridgewood Shopping Center<\/strong>, <em>149 W Kingsley Rd, Garland, TX 75041<\/em><\/span><\/p>\r\n\r\n<div style=\"text-align: center;\">Ver nuestra cl\u00ednicas cerca de Dallas <a href=\"https:\/\/www.lowcostpetvaccinations.net\/es\/horarios-y-ubicaciones\/vacunas-mascotas-dallas\/\"><em>aqu\u00ed<\/em>\u00a0<\/a>\u00a0y en Mesquite <a href=\"https:\/\/www.lowcostpetvaccinations.net\/es\/horarios-y-ubicaciones\/vacunas-mascotas-mesquite\/\"><em>aqu\u00ed<\/em><\/a>.<\/div>\r\n<div style=\"text-align: center;\">Ver nuestro horario completo\u00a0<a href=\"https:\/\/www.lowcostpetvaccinations.net\/es\/horarios-y-ubicaciones\/\"><em>aqu\u00ed<\/em><\/a>.<\/div>\r\n<div style=\"text-align: center;\"><\/div>\r\n<div style=\"text-align: center;\">\u00bfQuieres que agreguemos m\u00e1s cl\u00ednicas de vacunaci\u00f3n de mascotas en Garland? \u00a1Solo avisenos! Constantemente buscamos actualizar nuestro horario y agregar ubicaciones m\u00e1s convenientes para nuestros clientes en\u00a0Dallas-Fort Worth.<\/div>\r\n<h2 style=\"text-align: center;\"><em><strong>Algunas preguntas Frecuentes: Low Cost Pet Vax Cl\u00ednicas en Garland<\/strong><\/em><\/h2>\r\n<div style=\"text-align: center;\"><strong><em>\u00bfDebo reservar una cita para la cl\u00ednica de vacunaci\u00f3n de mascotas en Garland? <\/em><\/strong>\u00a1No se requiere cita! Simplemente vis\u00edtenos y le proporcionaremos toda la documentaci\u00f3n que necesita en el sitio.<\/div>\r\n<div style=\"text-align: center;\"><\/div>\r\n<div style=\"text-align: center;\"><em><strong>\u00bfLas cl\u00ednicas de vacunaci\u00f3n de mascotas en Garland solo est\u00e1n disponibles para los residentes de Garland? <\/strong><\/em>\u00a1Todas nuestras cl\u00ednicas de vacunaci\u00f3n est\u00e1n abiertas a todos sin importar d\u00f3nde viva usted &#8211; pero recomendamos que revise nuestras otras cl\u00ednicas en DFW para ver si hay una cl\u00ednica mas cerca de usted!<\/div>\r\n<div style=\"text-align: center;\"><\/div>\r\n<div style=\"text-align: center;\"><strong><em>Necesito una licencia de mascota de Garland. \u00bfQu\u00e9 requiere la ciudad? <\/em><\/strong>La \u00fanica vacuna que la ciudad exige por ley es la vacuna contra la rabia. Recomendamos tambi\u00e9n poner un microchip a su mascota, obtener las otras vacunas y prevenci\u00f3n contra el par\u00e1sito del coraz\u00f3n para el bien estar de su mascota.<\/div>\r\n<div style=\"text-align: center;\"><\/div>\r\n<div style=\"text-align: center;\"><strong><em>\u00bfCual fines de semana est\u00e1n en Garland? <\/em><\/strong>Estamos en Garland cada segundo<sup>\u00a0<\/sup>y cuarto\u00a0domingo. Venimos cerca todos los domingos con nuestras otras ubicaciones en Mesquite y Dallas.<\/div>\r\n<div style=\"text-align: center;\"><\/div>\r\n<div style=\"text-align: center;\"><strong><em>\u00bfHacen esterilizaciones en Garland? <\/em><\/strong>Desafortunadamente, no, pero tenemos planeado abrir <a href=\"http:\/\/lowcostpetvet.net\/es\/\">una cl\u00ednica de servicio completo en Irving, TX<\/a>, donde podremos ofrecer m\u00e1s servicios, incluido servicios de esterilizaciones a bajo costo.<\/div>\r\n<div style=\"text-align: center;\"><\/div>\r\n<div style=\"text-align: center;\"><strong><em>\u00bfQu\u00e9 forma de pago toman?\u00a0<\/em><\/strong>\u00a1Aceptamos cr\u00e9dito, d\u00e9bito y efectivo! A este momento, no tomamos cheques ni ninguna otra forma de pago alternativa &#8211; \u00a1disculpe las molestias!<\/div>\r\n<div style=\"text-align: center;\"><\/div>\r\n<div style=\"text-align: center;\"><strong>\u00bfTienes m\u00e1s preguntas? Ll\u00e1menos al 817-282-1000 o env\u00edenos un correo electr\u00f3nico a contact@lowcostpetvax.com. \u00a1Estamos aqu\u00ed para ayudar!<\/strong><\/div>\r\n<div style=\"text-align: center;\"><\/div>\r\n<div style=\"text-align: center;\"><em>Excelentes precios, Excelente servicio &#8211; Amable, Conveniente, Accessible<\/em><\/div>","protected":false},"excerpt":{"rendered":"<p>Low Cost Pet Vax Cl\u00ednicas en Garland View Low Cost Pet Vax Garland Clinics in a full screen map Ubicaciones en Garland Cada 1er y 3er Domingo, 11am-4pm O&#8217;Reilly&#8217;s, 1313 W Buckingham Rd, Garland, TX 75040 Extra Space Storage, 10740 Garland Rd, Dallas, TX 75218 Cada 2\u00ba y 4\u00ba Domingo, 11am-4pm Ridgewood Shopping Center, 149 [&hellip;]<\/p>\n","protected":false},"author":3,"featured_media":0,"parent":1076,"menu_order":0,"comment_status":"closed","ping_status":"closed","template":"","meta":{"nf_dc_page":"","footnotes":""},"class_list":["post-2124","page","type-page","status-publish","hentry"],"yoast_head":"<!-- This site is optimized with the Yoast SEO Premium plugin v27.3 (Yoast SEO v27.4) - https:\/\/yoast.com\/product\/yoast-seo-premium-wordpress\/ -->\n<title>Vacunas para Mascotas a Bajo Costo en Garland in Dallas - Fort Worth, TX - Low Cost Pet Vax\u00ae<\/title>\n<meta name=\"robots\" content=\"index, follow, max-snippet:-1, max-image-preview:large, max-video-preview:-1\" \/>\n<link rel=\"canonical\" href=\"https:\/\/www.lowcostpetvaccinations.net\/es\/horarios-y-ubicaciones\/vacunas-mascotas-garland\/\" \/>\n<meta property=\"og:locale\" content=\"es_ES\" \/>\n<meta property=\"og:type\" content=\"article\" \/>\n<meta property=\"og:title\" content=\"Vacunas para Mascotas a Bajo Costo en Garland\" \/>\n<meta property=\"og:description\" content=\"Low Cost Pet Vax Cl\u00ednicas en Garland View Low Cost Pet Vax Garland Clinics in a full screen map Ubicaciones en Garland Cada 1er y 3er Domingo, 11am-4pm O&#8217;Reilly&#8217;s, 1313 W Buckingham Rd, Garland, TX 75040 Extra Space Storage, 10740 Garland Rd, Dallas, TX 75218 Cada 2\u00ba y 4\u00ba Domingo, 11am-4pm Ridgewood Shopping Center, 149 [&hellip;]\" \/>\n<meta property=\"og:url\" content=\"https:\/\/www.lowcostpetvaccinations.net\/es\/horarios-y-ubicaciones\/vacunas-mascotas-garland\/\" \/>\n<meta property=\"og:site_name\" content=\"Low Cost Pet Vax\u00ae\" \/>\n<meta property=\"article:publisher\" content=\"http:\/\/www.facebook.com\/lowcostpetvax\" \/>\n<meta property=\"article:modified_time\" content=\"2025-01-22T16:21:29+00:00\" \/>\n<meta name=\"twitter:card\" content=\"summary_large_image\" \/>\n<meta name=\"twitter:site\" content=\"@lowcostpetvax\" \/>\n<meta name=\"twitter:label1\" content=\"Tiempo de lectura\" \/>\n\t<meta name=\"twitter:data1\" content=\"2 minutos\" \/>\n<script type=\"application\/ld+json\" class=\"yoast-schema-graph\">{\"@context\":\"https:\\\/\\\/schema.org\",\"@graph\":[{\"@type\":\"WebPage\",\"@id\":\"https:\\\/\\\/www.lowcostpetvaccinations.net\\\/es\\\/horarios-y-ubicaciones\\\/vacunas-mascotas-garland\\\/\",\"url\":\"https:\\\/\\\/www.lowcostpetvaccinations.net\\\/es\\\/horarios-y-ubicaciones\\\/vacunas-mascotas-garland\\\/\",\"name\":\"Vacunas para Mascotas a Bajo Costo en Garland in Dallas - Fort Worth, TX - Low Cost Pet Vax\u00ae\",\"isPartOf\":{\"@id\":\"https:\\\/\\\/www.lowcostpetvaccinations.net\\\/es\\\/#website\"},\"datePublished\":\"2018-07-04T21:25:44+00:00\",\"dateModified\":\"2025-01-22T16:21:29+00:00\",\"breadcrumb\":{\"@id\":\"https:\\\/\\\/www.lowcostpetvaccinations.net\\\/es\\\/horarios-y-ubicaciones\\\/vacunas-mascotas-garland\\\/#breadcrumb\"},\"inLanguage\":\"es\",\"potentialAction\":[{\"@type\":\"ReadAction\",\"target\":[\"https:\\\/\\\/www.lowcostpetvaccinations.net\\\/es\\\/horarios-y-ubicaciones\\\/vacunas-mascotas-garland\\\/\"]}]},{\"@type\":\"BreadcrumbList\",\"@id\":\"https:\\\/\\\/www.lowcostpetvaccinations.net\\\/es\\\/horarios-y-ubicaciones\\\/vacunas-mascotas-garland\\\/#breadcrumb\",\"itemListElement\":[{\"@type\":\"ListItem\",\"position\":1,\"name\":\"Home\",\"item\":\"https:\\\/\\\/www.lowcostpetvaccinations.net\\\/es\\\/\"},{\"@type\":\"ListItem\",\"position\":2,\"name\":\"Horarios y Ubicaci\u00f3nes\",\"item\":\"https:\\\/\\\/www.lowcostpetvaccinations.net\\\/es\\\/horarios-y-ubicaciones\\\/\"},{\"@type\":\"ListItem\",\"position\":3,\"name\":\"Vacunas para Mascotas a Bajo Costo en Garland\"}]},{\"@type\":\"WebSite\",\"@id\":\"https:\\\/\\\/www.lowcostpetvaccinations.net\\\/es\\\/#website\",\"url\":\"https:\\\/\\\/www.lowcostpetvaccinations.net\\\/es\\\/\",\"name\":\"Low Cost Pet Vax\u00ae\",\"description\":\"Amigable, Conveniente, Accesible\",\"publisher\":{\"@id\":\"https:\\\/\\\/www.lowcostpetvaccinations.net\\\/es\\\/#organization\"},\"potentialAction\":[{\"@type\":\"SearchAction\",\"target\":{\"@type\":\"EntryPoint\",\"urlTemplate\":\"https:\\\/\\\/www.lowcostpetvaccinations.net\\\/es\\\/?s={search_term_string}\"},\"query-input\":{\"@type\":\"PropertyValueSpecification\",\"valueRequired\":true,\"valueName\":\"search_term_string\"}}],\"inLanguage\":\"es\"},{\"@type\":[\"Organization\",\"Place\",\"VeterinaryCare\"],\"@id\":\"https:\\\/\\\/www.lowcostpetvaccinations.net\\\/es\\\/#organization\",\"name\":\"Low Cost Pet Vax\",\"url\":\"https:\\\/\\\/www.lowcostpetvaccinations.net\\\/\",\"logo\":{\"@type\":\"ImageObject\",\"inLanguage\":\"es\",\"@id\":\"https:\\\/\\\/www.lowcostpetvaccinations.net\\\/es\\\/#\\\/schema\\\/logo\\\/image\\\/\",\"url\":\"https:\\\/\\\/www.lowcostpetvaccinations.net\\\/wp-content\\\/uploads\\\/2017\\\/02\\\/Logo.jpg\",\"contentUrl\":\"https:\\\/\\\/www.lowcostpetvaccinations.net\\\/wp-content\\\/uploads\\\/2017\\\/02\\\/Logo.jpg\",\"width\":960,\"height\":831,\"caption\":\"Low Cost Pet Vax\"},\"image\":{\"@id\":\"https:\\\/\\\/www.lowcostpetvaccinations.net\\\/es\\\/#\\\/schema\\\/logo\\\/image\\\/\"},\"sameAs\":[\"http:\\\/\\\/www.facebook.com\\\/lowcostpetvax\",\"https:\\\/\\\/x.com\\\/lowcostpetvax\"],\"telephone\":[\"(817) 282-1000\"],\"email\":\"contact@lowcostpetvax.com\"}]}<\/script>\n<!-- \/ Yoast SEO Premium plugin. -->","yoast_head_json":{"title":"Vacunas para Mascotas a Bajo Costo en Garland in Dallas - Fort Worth, TX - Low Cost Pet Vax\u00ae","robots":{"index":"index","follow":"follow","max-snippet":"max-snippet:-1","max-image-preview":"max-image-preview:large","max-video-preview":"max-video-preview:-1"},"canonical":"https:\/\/www.lowcostpetvaccinations.net\/es\/horarios-y-ubicaciones\/vacunas-mascotas-garland\/","og_locale":"es_ES","og_type":"article","og_title":"Vacunas para Mascotas a Bajo Costo en Garland","og_description":"Low Cost Pet Vax Cl\u00ednicas en Garland View Low Cost Pet Vax Garland Clinics in a full screen map Ubicaciones en Garland Cada 1er y 3er Domingo, 11am-4pm O&#8217;Reilly&#8217;s, 1313 W Buckingham Rd, Garland, TX 75040 Extra Space Storage, 10740 Garland Rd, Dallas, TX 75218 Cada 2\u00ba y 4\u00ba Domingo, 11am-4pm Ridgewood Shopping Center, 149 [&hellip;]","og_url":"https:\/\/www.lowcostpetvaccinations.net\/es\/horarios-y-ubicaciones\/vacunas-mascotas-garland\/","og_site_name":"Low Cost Pet Vax\u00ae","article_publisher":"http:\/\/www.facebook.com\/lowcostpetvax","article_modified_time":"2025-01-22T16:21:29+00:00","twitter_card":"summary_large_image","twitter_site":"@lowcostpetvax","twitter_misc":{"Tiempo de lectura":"2 minutos"},"schema":{"@context":"https:\/\/schema.org","@graph":[{"@type":"WebPage","@id":"https:\/\/www.lowcostpetvaccinations.net\/es\/horarios-y-ubicaciones\/vacunas-mascotas-garland\/","url":"https:\/\/www.lowcostpetvaccinations.net\/es\/horarios-y-ubicaciones\/vacunas-mascotas-garland\/","name":"Vacunas para Mascotas a Bajo Costo en Garland in Dallas - Fort Worth, TX - Low Cost Pet Vax\u00ae","isPartOf":{"@id":"https:\/\/www.lowcostpetvaccinations.net\/es\/#website"},"datePublished":"2018-07-04T21:25:44+00:00","dateModified":"2025-01-22T16:21:29+00:00","breadcrumb":{"@id":"https:\/\/www.lowcostpetvaccinations.net\/es\/horarios-y-ubicaciones\/vacunas-mascotas-garland\/#breadcrumb"},"inLanguage":"es","potentialAction":[{"@type":"ReadAction","target":["https:\/\/www.lowcostpetvaccinations.net\/es\/horarios-y-ubicaciones\/vacunas-mascotas-garland\/"]}]},{"@type":"BreadcrumbList","@id":"https:\/\/www.lowcostpetvaccinations.net\/es\/horarios-y-ubicaciones\/vacunas-mascotas-garland\/#breadcrumb","itemListElement":[{"@type":"ListItem","position":1,"name":"Home","item":"https:\/\/www.lowcostpetvaccinations.net\/es\/"},{"@type":"ListItem","position":2,"name":"Horarios y Ubicaci\u00f3nes","item":"https:\/\/www.lowcostpetvaccinations.net\/es\/horarios-y-ubicaciones\/"},{"@type":"ListItem","position":3,"name":"Vacunas para Mascotas a Bajo Costo en Garland"}]},{"@type":"WebSite","@id":"https:\/\/www.lowcostpetvaccinations.net\/es\/#website","url":"https:\/\/www.lowcostpetvaccinations.net\/es\/","name":"Low Cost Pet Vax\u00ae","description":"Amigable, Conveniente, Accesible","publisher":{"@id":"https:\/\/www.lowcostpetvaccinations.net\/es\/#organization"},"potentialAction":[{"@type":"SearchAction","target":{"@type":"EntryPoint","urlTemplate":"https:\/\/www.lowcostpetvaccinations.net\/es\/?s={search_term_string}"},"query-input":{"@type":"PropertyValueSpecification","valueRequired":true,"valueName":"search_term_string"}}],"inLanguage":"es"},{"@type":["Organization","Place","VeterinaryCare"],"@id":"https:\/\/www.lowcostpetvaccinations.net\/es\/#organization","name":"Low Cost Pet Vax","url":"https:\/\/www.lowcostpetvaccinations.net\/","logo":{"@type":"ImageObject","inLanguage":"es","@id":"https:\/\/www.lowcostpetvaccinations.net\/es\/#\/schema\/logo\/image\/","url":"https:\/\/www.lowcostpetvaccinations.net\/wp-content\/uploads\/2017\/02\/Logo.jpg","contentUrl":"https:\/\/www.lowcostpetvaccinations.net\/wp-content\/uploads\/2017\/02\/Logo.jpg","width":960,"height":831,"caption":"Low Cost Pet Vax"},"image":{"@id":"https:\/\/www.lowcostpetvaccinations.net\/es\/#\/schema\/logo\/image\/"},"sameAs":["http:\/\/www.facebook.com\/lowcostpetvax","https:\/\/x.com\/lowcostpetvax"],"telephone":["(817) 282-1000"],"email":"contact@lowcostpetvax.com"}]}},"jetpack_sharing_enabled":true,"_links":{"self":[{"href":"https:\/\/www.lowcostpetvaccinations.net\/es\/wp-json\/wp\/v2\/pages\/2124","targetHints":{"allow":["GET"]}}],"collection":[{"href":"https:\/\/www.lowcostpetvaccinations.net\/es\/wp-json\/wp\/v2\/pages"}],"about":[{"href":"https:\/\/www.lowcostpetvaccinations.net\/es\/wp-json\/wp\/v2\/types\/page"}],"author":[{"embeddable":true,"href":"https:\/\/www.lowcostpetvaccinations.net\/es\/wp-json\/wp\/v2\/users\/3"}],"replies":[{"embeddable":true,"href":"https:\/\/www.lowcostpetvaccinations.net\/es\/wp-json\/wp\/v2\/comments?post=2124"}],"version-history":[{"count":8,"href":"https:\/\/www.lowcostpetvaccinations.net\/es\/wp-json\/wp\/v2\/pages\/2124\/revisions"}],"predecessor-version":[{"id":7058,"href":"https:\/\/www.lowcostpetvaccinations.net\/es\/wp-json\/wp\/v2\/pages\/2124\/revisions\/7058"}],"up":[{"embeddable":true,"href":"https:\/\/www.lowcostpetvaccinations.net\/es\/wp-json\/wp\/v2\/pages\/1076"}],"wp:attachment":[{"href":"https:\/\/www.lowcostpetvaccinations.net\/es\/wp-json\/wp\/v2\/media?parent=2124"}],"curies":[{"name":"wp","href":"https:\/\/api.w.org\/{rel}","templated":true}]}}