{"id":2120,"date":"2017-10-23T17:04:52","date_gmt":"2017-10-23T17:04:52","guid":{"rendered":"http:\/\/www.lowcostpetvaccinations.net\/horarios-y-ubicaciones\/pet-vaccination-clinics-fort-worth\/"},"modified":"2020-07-07T13:54:32","modified_gmt":"2020-07-07T13:54:32","slug":"vacunas-mascotas-fort-worth","status":"publish","type":"page","link":"https:\/\/www.lowcostpetvaccinations.net\/es\/horarios-y-ubicaciones\/vacunas-mascotas-fort-worth\/","title":{"rendered":"Vacunas para Mascotas a Bajo Costo en Fort Worth"},"content":{"rendered":"<h1 style=\"text-align: center;\">Low Cost Pet Vax Cl\u00ednicas en Fort Worth<\/h1>\n<p style=\"text-align: center;\">Actualmente tenemos ocho cl\u00ednicas en Forth Worth disponible durante todo el mes. Siempre estamos buscando nuevas ubicaciones para agregar nuevas cl\u00ednicas en su \u00e1rea. \u00a1As\u00ed que aseg\u00farese de consultarnos o <a href=\"http:\/\/www.facebook.com\/lowcostpetvax\/\">s\u00edguenos en Facebook<\/a>\u00a0para mantenerse actualizado!<\/p>\n<p style=\"text-align: center;\"><iframe loading=\"lazy\" style=\"border: 1px solid #aaa;\" src=\"\/\/batchgeo.com\/map\/b858b45e223b99bc973e4ee1afbc672f\" width=\"100%\" height=\"550\" frameborder=\"0\"><\/iframe><\/p>\n<p style=\"text-align: center;\"><small>Ver\u00a0<a href=\"http:\/\/batchgeo.com\/map\/b858b45e223b99bc973e4ee1afbc672f\">Low Cost Pet Vax Cl\u00ednica en Fort Worth\u00a0<\/a>en una mapa de pantalla completa<\/small><\/p>\n<h1 style=\"text-align: center;\"><em>Norte Fort Worth<\/em><\/h1>\n<h3 style=\"text-align: center;\"><b>Cada 2\u00ba y 4\u00ba S\u00e1bado<\/b><\/h3>\n<p style=\"text-align: center;\"><strong>Atwoods<\/strong><em>,\u00a06001 Lake Worth Blvd,\u00a0 Fort Worth, TX 76135,<\/em>\u00a01pm &#8211; 4pm<\/p>\n<h1 style=\"text-align: center;\"><em>Sur Fort Worth<\/em><\/h1>\n<h3 style=\"text-align: center;\"><b>Cada <\/b><strong>1<sup>er<\/sup><\/strong><b> y <\/b><strong>3<\/strong><strong><sup>er\u00a0 <\/sup><\/strong><b>S\u00e1bado<\/b><\/h3>\n<p style=\"text-align: center;\"><strong>Family Dollar<\/strong>,\u00a0<em>3705 E Rosedale St, Fort Worth, TX 76105,\u00a0<\/em>9am \u2013 4pm<\/p>\n<h3 style=\"text-align: center;\"><b>Cada <\/b><strong>1<sup>er<\/sup><\/strong><b> y <\/b><strong>3<\/strong><strong><sup>er <\/sup><\/strong><b>Domingo<\/b><\/h3>\n<p style=\"text-align: center;\"><strong>Pep Boys<\/strong>, <em>7802 Camp Bowie W Blvd, Fort Worth, TX 76116<\/em>, 11am \u2013 4pm<\/p>\n<p>&nbsp;<\/p>\n<p style=\"text-align: center;\"><a href=\"https:\/\/www.lowcostpetvaccinations.net\/es\/horarios-y-ubicaciones\/\">Ver nuestro horario completo.<\/a><\/p>\n<h2 style=\"text-align: center;\"><em><strong>Algunas Preguntas Frecuentes: Low Cost Pet Vax C\u00ednicas en Fort Worth<\/strong><\/em><\/h2>\n<div><strong><em>\u00bfQu\u00e9 se requiere para vacunar a mi mascota en su cl\u00ednica de vacunaci\u00f3n en Fort Worth? <\/em><\/strong><em>\u00a1<\/em><em>No requerimos nada!<\/em>\u00a0No se requiere cita, y le proporcionamos toda la documentaci\u00f3n que necesita en el sito. Aceptamos efectivo, d\u00e9bito y cr\u00e9dito.<\/div>\n<div><\/div>\n<div><em><strong>\u00bfLas cl\u00ednicas de vacunaci\u00f3n de mascotas en Fort Worth solo est\u00e1n disponibles para los residentes de Fort Worth?\u00a0<\/strong><\/em>\u00a1<em>Todas nuestras cl\u00ednicas de vacunaci\u00f3n est\u00e1n abiertas a todos sin importar d\u00f3nde viva usted!\u00a0<\/em>Solo venga a la cl\u00ednica m\u00e1s conveniente para usted.<\/div>\n<div><\/div>\n<div><strong><em>No los alcanc\u00e9 este fin de semana en Fort Worth. \u00bfCuando regresar\u00e1s?\u00a0<\/em><\/strong>\u00a1Estamos en Fort Worth todos los fines de semana! Solo venga de nuevo cuando estemos cerca de usted.<\/div>\n<div><\/div>\n<div><strong><em>\u00bfHacen esterilizaciones o tiene recomendaciones para una cl\u00ednica de esterilizaci\u00f3n assesible en Forth Worth? <\/em><\/strong>\u00a1Estamos trabajando para abrir una <a href=\"http:\/\/lowcostpetvet.net\/es\/\">cl\u00ednica de esterilizaciones a bajo costo pronto! Se abrir\u00e1 en 2018 en Irving en 3202 W Irving Blvd<\/a>.\u00a0\u00a1S\u00edguenos en Facebook para actualizaciones!<\/div>\n<div><\/div>\n<div>\n<div style=\"text-align: center;\">\u00bfTienes m\u00e1s preguntas? Ll\u00e1menos al 817-282-1000 o env\u00edenos un correo electr\u00f3nico a contact@lowcostpetvax.com. \u00a1Estamos aqu\u00ed para ayudar!<\/div>\n<div style=\"text-align: center;\"><\/div>\n<div style=\"text-align: center;\"><em>Excelentes precios, Excelente servicio \u2013 Amable, Conveniente, Accessible<\/em><\/div>\n<\/div>\n","protected":false},"excerpt":{"rendered":"<p>Low Cost Pet Vax Cl\u00ednicas en Fort Worth Actualmente tenemos ocho cl\u00ednicas en Forth Worth disponible durante todo el mes. Siempre estamos buscando nuevas ubicaciones para agregar nuevas cl\u00ednicas en su \u00e1rea. \u00a1As\u00ed que aseg\u00farese de consultarnos o s\u00edguenos en Facebook\u00a0para mantenerse actualizado! Ver\u00a0Low Cost Pet Vax Cl\u00ednica en Fort Worth\u00a0en una mapa de pantalla [&hellip;]<\/p>\n","protected":false},"author":3,"featured_media":0,"parent":1076,"menu_order":0,"comment_status":"closed","ping_status":"closed","template":"","meta":{"nf_dc_page":"","footnotes":""},"class_list":["post-2120","page","type-page","status-publish","hentry"],"yoast_head":"<!-- This site is optimized with the Yoast SEO Premium plugin v27.3 (Yoast SEO v27.4) - https:\/\/yoast.com\/product\/yoast-seo-premium-wordpress\/ -->\n<title>Vacunas para Mascotas a Bajo Costo en Fort Worth in Dallas - Fort Worth, TX<\/title>\n<meta name=\"description\" content=\"We provide low cost pet vaccination clinics in Fort Worth every weekend! Drop by for better prices and the best service! Rabies only $10, all vax $55.\" \/>\n<meta name=\"robots\" content=\"index, follow, max-snippet:-1, max-image-preview:large, max-video-preview:-1\" \/>\n<link rel=\"canonical\" href=\"https:\/\/www.lowcostpetvaccinations.net\/es\/horarios-y-ubicaciones\/vacunas-mascotas-fort-worth\/\" \/>\n<meta property=\"og:locale\" content=\"es_ES\" \/>\n<meta property=\"og:type\" content=\"article\" \/>\n<meta property=\"og:title\" content=\"Vacunas para Mascotas a Bajo Costo en Fort Worth\" \/>\n<meta property=\"og:description\" content=\"We provide low cost pet vaccination clinics in Fort Worth every weekend! Drop by for better prices and the best service! Rabies only $10, all vax $55.\" \/>\n<meta property=\"og:url\" content=\"https:\/\/www.lowcostpetvaccinations.net\/es\/horarios-y-ubicaciones\/vacunas-mascotas-fort-worth\/\" \/>\n<meta property=\"og:site_name\" content=\"Low Cost Pet Vax\u00ae\" \/>\n<meta property=\"article:publisher\" content=\"http:\/\/www.facebook.com\/lowcostpetvax\" \/>\n<meta property=\"article:modified_time\" content=\"2020-07-07T13:54:32+00:00\" \/>\n<meta name=\"twitter:card\" content=\"summary_large_image\" \/>\n<meta name=\"twitter:site\" content=\"@lowcostpetvax\" \/>\n<meta name=\"twitter:label1\" content=\"Tiempo de lectura\" \/>\n\t<meta name=\"twitter:data1\" content=\"2 minutos\" \/>\n<script type=\"application\/ld+json\" class=\"yoast-schema-graph\">{\"@context\":\"https:\\\/\\\/schema.org\",\"@graph\":[{\"@type\":\"WebPage\",\"@id\":\"https:\\\/\\\/www.lowcostpetvaccinations.net\\\/es\\\/horarios-y-ubicaciones\\\/vacunas-mascotas-fort-worth\\\/\",\"url\":\"https:\\\/\\\/www.lowcostpetvaccinations.net\\\/es\\\/horarios-y-ubicaciones\\\/vacunas-mascotas-fort-worth\\\/\",\"name\":\"Vacunas para Mascotas a Bajo Costo en Fort Worth in Dallas - Fort Worth, TX\",\"isPartOf\":{\"@id\":\"https:\\\/\\\/www.lowcostpetvaccinations.net\\\/es\\\/#website\"},\"datePublished\":\"2017-10-23T17:04:52+00:00\",\"dateModified\":\"2020-07-07T13:54:32+00:00\",\"description\":\"We provide low cost pet vaccination clinics in Fort Worth every weekend! Drop by for better prices and the best service! Rabies only $10, all vax $55.\",\"breadcrumb\":{\"@id\":\"https:\\\/\\\/www.lowcostpetvaccinations.net\\\/es\\\/horarios-y-ubicaciones\\\/vacunas-mascotas-fort-worth\\\/#breadcrumb\"},\"inLanguage\":\"es\",\"potentialAction\":[{\"@type\":\"ReadAction\",\"target\":[\"https:\\\/\\\/www.lowcostpetvaccinations.net\\\/es\\\/horarios-y-ubicaciones\\\/vacunas-mascotas-fort-worth\\\/\"]}]},{\"@type\":\"BreadcrumbList\",\"@id\":\"https:\\\/\\\/www.lowcostpetvaccinations.net\\\/es\\\/horarios-y-ubicaciones\\\/vacunas-mascotas-fort-worth\\\/#breadcrumb\",\"itemListElement\":[{\"@type\":\"ListItem\",\"position\":1,\"name\":\"Home\",\"item\":\"https:\\\/\\\/www.lowcostpetvaccinations.net\\\/es\\\/\"},{\"@type\":\"ListItem\",\"position\":2,\"name\":\"Horarios y Ubicaci\u00f3nes\",\"item\":\"https:\\\/\\\/www.lowcostpetvaccinations.net\\\/es\\\/horarios-y-ubicaciones\\\/\"},{\"@type\":\"ListItem\",\"position\":3,\"name\":\"Vacunas para Mascotas a Bajo Costo en Fort Worth\"}]},{\"@type\":\"WebSite\",\"@id\":\"https:\\\/\\\/www.lowcostpetvaccinations.net\\\/es\\\/#website\",\"url\":\"https:\\\/\\\/www.lowcostpetvaccinations.net\\\/es\\\/\",\"name\":\"Low Cost Pet Vax\u00ae\",\"description\":\"Amigable, Conveniente, Accesible\",\"publisher\":{\"@id\":\"https:\\\/\\\/www.lowcostpetvaccinations.net\\\/es\\\/#organization\"},\"potentialAction\":[{\"@type\":\"SearchAction\",\"target\":{\"@type\":\"EntryPoint\",\"urlTemplate\":\"https:\\\/\\\/www.lowcostpetvaccinations.net\\\/es\\\/?s={search_term_string}\"},\"query-input\":{\"@type\":\"PropertyValueSpecification\",\"valueRequired\":true,\"valueName\":\"search_term_string\"}}],\"inLanguage\":\"es\"},{\"@type\":[\"Organization\",\"Place\",\"VeterinaryCare\"],\"@id\":\"https:\\\/\\\/www.lowcostpetvaccinations.net\\\/es\\\/#organization\",\"name\":\"Low Cost Pet Vax\",\"url\":\"https:\\\/\\\/www.lowcostpetvaccinations.net\\\/\",\"logo\":{\"@type\":\"ImageObject\",\"inLanguage\":\"es\",\"@id\":\"https:\\\/\\\/www.lowcostpetvaccinations.net\\\/es\\\/#\\\/schema\\\/logo\\\/image\\\/\",\"url\":\"https:\\\/\\\/www.lowcostpetvaccinations.net\\\/wp-content\\\/uploads\\\/2017\\\/02\\\/Logo.jpg\",\"contentUrl\":\"https:\\\/\\\/www.lowcostpetvaccinations.net\\\/wp-content\\\/uploads\\\/2017\\\/02\\\/Logo.jpg\",\"width\":960,\"height\":831,\"caption\":\"Low Cost Pet Vax\"},\"image\":{\"@id\":\"https:\\\/\\\/www.lowcostpetvaccinations.net\\\/es\\\/#\\\/schema\\\/logo\\\/image\\\/\"},\"sameAs\":[\"http:\\\/\\\/www.facebook.com\\\/lowcostpetvax\",\"https:\\\/\\\/x.com\\\/lowcostpetvax\"],\"telephone\":[\"(817) 282-1000\"],\"email\":\"contact@lowcostpetvax.com\"}]}<\/script>\n<!-- \/ Yoast SEO Premium plugin. -->","yoast_head_json":{"title":"Vacunas para Mascotas a Bajo Costo en Fort Worth in Dallas - Fort Worth, TX","description":"We provide low cost pet vaccination clinics in Fort Worth every weekend! Drop by for better prices and the best service! Rabies only $10, all vax $55.","robots":{"index":"index","follow":"follow","max-snippet":"max-snippet:-1","max-image-preview":"max-image-preview:large","max-video-preview":"max-video-preview:-1"},"canonical":"https:\/\/www.lowcostpetvaccinations.net\/es\/horarios-y-ubicaciones\/vacunas-mascotas-fort-worth\/","og_locale":"es_ES","og_type":"article","og_title":"Vacunas para Mascotas a Bajo Costo en Fort Worth","og_description":"We provide low cost pet vaccination clinics in Fort Worth every weekend! Drop by for better prices and the best service! Rabies only $10, all vax $55.","og_url":"https:\/\/www.lowcostpetvaccinations.net\/es\/horarios-y-ubicaciones\/vacunas-mascotas-fort-worth\/","og_site_name":"Low Cost Pet Vax\u00ae","article_publisher":"http:\/\/www.facebook.com\/lowcostpetvax","article_modified_time":"2020-07-07T13:54:32+00:00","twitter_card":"summary_large_image","twitter_site":"@lowcostpetvax","twitter_misc":{"Tiempo de lectura":"2 minutos"},"schema":{"@context":"https:\/\/schema.org","@graph":[{"@type":"WebPage","@id":"https:\/\/www.lowcostpetvaccinations.net\/es\/horarios-y-ubicaciones\/vacunas-mascotas-fort-worth\/","url":"https:\/\/www.lowcostpetvaccinations.net\/es\/horarios-y-ubicaciones\/vacunas-mascotas-fort-worth\/","name":"Vacunas para Mascotas a Bajo Costo en Fort Worth in Dallas - Fort Worth, TX","isPartOf":{"@id":"https:\/\/www.lowcostpetvaccinations.net\/es\/#website"},"datePublished":"2017-10-23T17:04:52+00:00","dateModified":"2020-07-07T13:54:32+00:00","description":"We provide low cost pet vaccination clinics in Fort Worth every weekend! Drop by for better prices and the best service! Rabies only $10, all vax $55.","breadcrumb":{"@id":"https:\/\/www.lowcostpetvaccinations.net\/es\/horarios-y-ubicaciones\/vacunas-mascotas-fort-worth\/#breadcrumb"},"inLanguage":"es","potentialAction":[{"@type":"ReadAction","target":["https:\/\/www.lowcostpetvaccinations.net\/es\/horarios-y-ubicaciones\/vacunas-mascotas-fort-worth\/"]}]},{"@type":"BreadcrumbList","@id":"https:\/\/www.lowcostpetvaccinations.net\/es\/horarios-y-ubicaciones\/vacunas-mascotas-fort-worth\/#breadcrumb","itemListElement":[{"@type":"ListItem","position":1,"name":"Home","item":"https:\/\/www.lowcostpetvaccinations.net\/es\/"},{"@type":"ListItem","position":2,"name":"Horarios y Ubicaci\u00f3nes","item":"https:\/\/www.lowcostpetvaccinations.net\/es\/horarios-y-ubicaciones\/"},{"@type":"ListItem","position":3,"name":"Vacunas para Mascotas a Bajo Costo en Fort Worth"}]},{"@type":"WebSite","@id":"https:\/\/www.lowcostpetvaccinations.net\/es\/#website","url":"https:\/\/www.lowcostpetvaccinations.net\/es\/","name":"Low Cost Pet Vax\u00ae","description":"Amigable, Conveniente, Accesible","publisher":{"@id":"https:\/\/www.lowcostpetvaccinations.net\/es\/#organization"},"potentialAction":[{"@type":"SearchAction","target":{"@type":"EntryPoint","urlTemplate":"https:\/\/www.lowcostpetvaccinations.net\/es\/?s={search_term_string}"},"query-input":{"@type":"PropertyValueSpecification","valueRequired":true,"valueName":"search_term_string"}}],"inLanguage":"es"},{"@type":["Organization","Place","VeterinaryCare"],"@id":"https:\/\/www.lowcostpetvaccinations.net\/es\/#organization","name":"Low Cost Pet Vax","url":"https:\/\/www.lowcostpetvaccinations.net\/","logo":{"@type":"ImageObject","inLanguage":"es","@id":"https:\/\/www.lowcostpetvaccinations.net\/es\/#\/schema\/logo\/image\/","url":"https:\/\/www.lowcostpetvaccinations.net\/wp-content\/uploads\/2017\/02\/Logo.jpg","contentUrl":"https:\/\/www.lowcostpetvaccinations.net\/wp-content\/uploads\/2017\/02\/Logo.jpg","width":960,"height":831,"caption":"Low Cost Pet Vax"},"image":{"@id":"https:\/\/www.lowcostpetvaccinations.net\/es\/#\/schema\/logo\/image\/"},"sameAs":["http:\/\/www.facebook.com\/lowcostpetvax","https:\/\/x.com\/lowcostpetvax"],"telephone":["(817) 282-1000"],"email":"contact@lowcostpetvax.com"}]}},"jetpack_sharing_enabled":true,"_links":{"self":[{"href":"https:\/\/www.lowcostpetvaccinations.net\/es\/wp-json\/wp\/v2\/pages\/2120","targetHints":{"allow":["GET"]}}],"collection":[{"href":"https:\/\/www.lowcostpetvaccinations.net\/es\/wp-json\/wp\/v2\/pages"}],"about":[{"href":"https:\/\/www.lowcostpetvaccinations.net\/es\/wp-json\/wp\/v2\/types\/page"}],"author":[{"embeddable":true,"href":"https:\/\/www.lowcostpetvaccinations.net\/es\/wp-json\/wp\/v2\/users\/3"}],"replies":[{"embeddable":true,"href":"https:\/\/www.lowcostpetvaccinations.net\/es\/wp-json\/wp\/v2\/comments?post=2120"}],"version-history":[{"count":6,"href":"https:\/\/www.lowcostpetvaccinations.net\/es\/wp-json\/wp\/v2\/pages\/2120\/revisions"}],"predecessor-version":[{"id":3283,"href":"https:\/\/www.lowcostpetvaccinations.net\/es\/wp-json\/wp\/v2\/pages\/2120\/revisions\/3283"}],"up":[{"embeddable":true,"href":"https:\/\/www.lowcostpetvaccinations.net\/es\/wp-json\/wp\/v2\/pages\/1076"}],"wp:attachment":[{"href":"https:\/\/www.lowcostpetvaccinations.net\/es\/wp-json\/wp\/v2\/media?parent=2120"}],"curies":[{"name":"wp","href":"https:\/\/api.w.org\/{rel}","templated":true}]}}