{"id":1734,"date":"2018-02-12T17:50:40","date_gmt":"2018-02-12T17:50:40","guid":{"rendered":"http:\/\/www.lowcostpetvaccinations.net\/?page_id=1734"},"modified":"2024-04-17T17:20:52","modified_gmt":"2024-04-17T17:20:52","slug":"paquetes-para-cachorros","status":"publish","type":"page","link":"https:\/\/www.lowcostpetvaccinations.net\/es\/paquetes-para-cachorros\/","title":{"rendered":"Paquetes para Cachorros"},"content":{"rendered":"<h2 style=\"text-align: center;\"><span style=\"color: #008000;\"><strong><img loading=\"lazy\" decoding=\"async\" class=\"aligncenter wp-image-1883 size-full\" src=\"https:\/\/www.lowcostpetvaccinations.net\/wp-content\/uploads\/2018\/03\/paquetes_para_cachorros.png\" alt=\"\" width=\"560\" height=\"315\" srcset=\"https:\/\/www.lowcostpetvaccinations.net\/wp-content\/uploads\/2018\/03\/paquetes_para_cachorros.png 560w, https:\/\/www.lowcostpetvaccinations.net\/wp-content\/uploads\/2018\/03\/paquetes_para_cachorros.png 300w, https:\/\/www.lowcostpetvaccinations.net\/wp-content\/uploads\/2018\/03\/paquetes_para_cachorros.png 380w\" sizes=\"auto, (max-width: 560px) 100vw, 560px\" \/><\/strong><\/span><\/h2>\n<div class=\"puppy-packages\">\n<div class=\"package\">\n<h2><span style=\"color: #008000;\"><strong>Paquete para Cachorros #1\u00a0<\/strong><\/span><\/h2>\n<ul>\n<li><strong>Moquillo\/Hepatitis \/Parvo\/Parainfluenza<\/strong><\/li>\n<li><strong>Desparasitaci\u00f3n<\/strong><\/li>\n<li><strong>Prevenci\u00f3n de par\u00e1sito del coraz\u00f3n<\/strong><\/li>\n<\/ul>\n<\/div>\n<div class=\"package\">\n<h2><span style=\"color: #008000;\"><strong>Paquete para Cachorros #2\u00a0<\/strong><\/span><\/h2>\n<ul>\n<li><strong>Moquillo\/Hepatitis \/Parvo\/Parainfluenza<\/strong><\/li>\n<li><strong>Bordetella<\/strong><\/li>\n<li><strong>Leptospirosis<\/strong><\/li>\n<li><strong>Desparasitaci\u00f3n<\/strong><\/li>\n<li><strong>Prevenci\u00f3n de par\u00e1sito del coraz\u00f3n<\/strong><\/li>\n<\/ul>\n<\/div>\n<div class=\"package\">\n<h2><span style=\"color: #008000;\"><strong>Paquete para Cachorros #3\u00a0<\/strong><\/span><\/h2>\n<ul>\n<li><strong>Rabia<\/strong><\/li>\n<li><strong>Moquillo\/Hepatitis \/Parvo\/Parainfluenza<\/strong><\/li>\n<li><strong>Leptospirosis<\/strong><\/li>\n<li><strong>Desparasitaci\u00f3n<\/strong><\/li>\n<li><strong>Prevenci\u00f3n de par\u00e1sito del coraz\u00f3n<\/strong><\/li>\n<\/ul>\n<\/div>\n<\/div>\n<h4>Recomendamos tres rondas de inyecciones para cachorros:<\/h4>\n<h4 style=\"padding-left: 30px;\"><span style=\"color: #008000;\">Paquete para cachorros #1:<\/span> 6 &#8211; 8 semanas<\/h4>\n<h4 style=\"padding-left: 30px;\"><span style=\"color: #008000;\">Paquete para Cachorros #2:<\/span> 10 &#8211; 12 semanas<\/h4>\n<h4 style=\"padding-left: 30px;\"><span style=\"color: #008000;\">Paquete para Cachorros #3:<\/span> 14 &#8211; 16 semanas<\/h4>\n<h4>Despu\u00e9s de estas tres rondas de vacunas, los cachorros han terminado sus vacunas para el a\u00f1o. Recomendamos mantener a su cachorro en prevenci\u00f3n del par\u00e1sito del coraz\u00f3n durante toda su vida (especialmente en Texas, donde los par\u00e1sitos del coraz\u00f3n prevalecen durante todo el a\u00f1o).<\/h4>\n<h2><span style=\"color: #008000;\"><strong>Informaci\u00f3n del Primer Paquete Para Cachorros (6 &#8211; 8 semanas)<\/strong><\/span><\/h2>\n<h4>La primera ronda de vacunas contiene una sola vacuna: la vacuna DHPP, tambi\u00e9n conocida como DA2PP, la vacuna de 4 v\u00edas o la de Moquillo \/ Parvo. Esta es la vacuna m\u00e1s importante para los cachorros: el parvovirus todav\u00eda es bastante com\u00fan en el \u00e1rea de Dallas-Fort Worth y mata a 1 de cada 4 cachorros infectados, adem\u00e1s de ser costoso de tratar. El primer paquete tambi\u00e9n contiene un l\u00edquido oral para la desparasitaci\u00f3n (anquilostomas y gusanos redondos, con los que a menudo nacen los cachorros) y una tableta contra el gusano del coraz\u00f3n que durar\u00e1 un mes.<\/h4>\n<h2><span style=\"color: #008000;\"><strong><b>Informaci\u00f3n del Segundo Paquete Para Cachorros <\/b> (10 &#8211; 12 semanas)<\/strong><\/span><\/h2>\n<h4>La segunda ronda de vacunas contiene un refuerzo de DHPP y un par de nuevas vacunas para las que el cachorro tendr\u00e1 la edad suficiente: las vacunas Lepto y Bordetella. La vacuna Lepto protege contra la Leptospirosis, una enfermedad bacteriana que puede matar cachorros e incluso puede propagarse a los humanos. Es m\u00e1s raro que el parvovirus, pero a\u00fan aparece en zonas urbanas y rurales, diseminado por animales como ratas, ratones, ardillas, mapaches y otros mam\u00edferos. La vacuna de Bordetella protege contra la tos de las perreras, una enfermedad que no es mortal, pero muy contagiosa. Casi todos los internos y peluqueros requieren la vacuna de Bordetella. El segundo paquete de cachorros tambi\u00e9n contiene otra ronda de desparasitaci\u00f3n y otra tableta de par\u00e1sitos del coraz\u00f3n para durar todo el mes.<\/h4>\n<h2><span style=\"color: #008000;\"><strong><b>Informaci\u00f3n del Tercer Paquete Para Cachorros <\/b> (14 &#8211; 16 semanas)<\/strong><\/span><\/h2>\n<h4>El tercer paquete de cachorro contiene otro refuerzo de DHPP, un refuerzo de Lepto y la vacuna contra la rabia. Los cachorros deben tener al menos 3 meses para recibir la de la Rabia, pero por ley solo necesitan tenerla para los 4 meses (que generalmente es cuando administramos la vacuna). La vacuna Lepto es un refuerzo de la que se recibi\u00f3 en el segundo paquete de cachorros. Ni la de la Rabia ni la de Bordetella necesitan inyecciones de refuerzo, por lo que solo las administramos una vez en los 3 paquetes. El tercer paquete de cachorros tambi\u00e9n contiene la tercera y \u00faltima ronda de desparasitaci\u00f3n y una tableta m\u00e1s para par\u00e1sitos del coraz\u00f3n para el mes.<\/h4>\n<h4>Esto finaliza las vacunas del cachorro durante el a\u00f1o. Despu\u00e9s de estas rondas de vacunaci\u00f3n, est\u00e1n protegidos y solo necesitan sus refuerzos anuales. Tambi\u00e9n recomendamos comprar un suministro de 6 meses o un a\u00f1o de prevenci\u00f3n de par\u00e1sitos del coraz\u00f3n despu\u00e9s de la tercera ronda de vacunas para cachorros.<\/h4>\n<h4>\u00a1Importante! Si no conoce la edad de su cachorro, solo tr\u00e1igalo a cualquiera de nuestras cl\u00ednicas y \u00a1podemos darle una edad aproximada estimada! Luego recomendaremos un paquete basado en su historial de vacunaci\u00f3n anterior y su edad.<\/h4>\n","protected":false},"excerpt":{"rendered":"<p>Paquete para Cachorros #1\u00a0 Moquillo\/Hepatitis \/Parvo\/Parainfluenza Desparasitaci\u00f3n Prevenci\u00f3n de par\u00e1sito del coraz\u00f3n Paquete para Cachorros #2\u00a0 Moquillo\/Hepatitis \/Parvo\/Parainfluenza Bordetella Leptospirosis Desparasitaci\u00f3n Prevenci\u00f3n de par\u00e1sito del coraz\u00f3n Paquete para Cachorros #3\u00a0 Rabia Moquillo\/Hepatitis \/Parvo\/Parainfluenza Leptospirosis Desparasitaci\u00f3n Prevenci\u00f3n de par\u00e1sito del coraz\u00f3n Recomendamos tres rondas de inyecciones para cachorros: Paquete para cachorros #1: 6 &#8211; 8 semanas [&hellip;]<\/p>\n","protected":false},"author":3,"featured_media":0,"parent":0,"menu_order":0,"comment_status":"closed","ping_status":"closed","template":"","meta":{"nf_dc_page":"","footnotes":""},"class_list":["post-1734","page","type-page","status-publish","hentry"],"yoast_head":"<!-- This site is optimized with the Yoast SEO Premium plugin v27.4 (Yoast SEO v27.5) - https:\/\/yoast.com\/product\/yoast-seo-premium-wordpress\/ -->\n<title>Paquetes para Cachorros en Dallas-Fort Worth TX - Bajas Vacunas<\/title>\n<meta name=\"robots\" content=\"index, follow, max-snippet:-1, max-image-preview:large, max-video-preview:-1\" \/>\n<link rel=\"canonical\" href=\"https:\/\/www.lowcostpetvaccinations.net\/es\/paquetes-para-cachorros\/\" \/>\n<meta property=\"og:locale\" content=\"es_ES\" \/>\n<meta property=\"og:type\" content=\"article\" \/>\n<meta property=\"og:title\" content=\"Paquetes para Cachorros\" \/>\n<meta property=\"og:description\" content=\"Paquete para Cachorros #1\u00a0 Moquillo\/Hepatitis \/Parvo\/Parainfluenza Desparasitaci\u00f3n Prevenci\u00f3n de par\u00e1sito del coraz\u00f3n Paquete para Cachorros #2\u00a0 Moquillo\/Hepatitis \/Parvo\/Parainfluenza Bordetella Leptospirosis Desparasitaci\u00f3n Prevenci\u00f3n de par\u00e1sito del coraz\u00f3n Paquete para Cachorros #3\u00a0 Rabia Moquillo\/Hepatitis \/Parvo\/Parainfluenza Leptospirosis Desparasitaci\u00f3n Prevenci\u00f3n de par\u00e1sito del coraz\u00f3n Recomendamos tres rondas de inyecciones para cachorros: Paquete para cachorros #1: 6 &#8211; 8 semanas [&hellip;]\" \/>\n<meta property=\"og:url\" content=\"https:\/\/www.lowcostpetvaccinations.net\/es\/paquetes-para-cachorros\/\" \/>\n<meta property=\"og:site_name\" content=\"Low Cost Pet Vax\u00ae\" \/>\n<meta property=\"article:publisher\" content=\"http:\/\/www.facebook.com\/lowcostpetvax\" \/>\n<meta property=\"article:modified_time\" content=\"2024-04-17T17:20:52+00:00\" \/>\n<meta property=\"og:image\" content=\"https:\/\/www.lowcostpetvaccinations.net\/wp-content\/uploads\/2018\/03\/paquetes_para_cachorros.png\" \/>\n<meta name=\"twitter:card\" content=\"summary_large_image\" \/>\n<meta name=\"twitter:site\" content=\"@lowcostpetvax\" \/>\n<meta name=\"twitter:label1\" content=\"Tiempo de lectura\" \/>\n\t<meta name=\"twitter:data1\" content=\"3 minutos\" \/>\n<script type=\"application\/ld+json\" class=\"yoast-schema-graph\">{\"@context\":\"https:\\\/\\\/schema.org\",\"@graph\":[{\"@type\":\"WebPage\",\"@id\":\"https:\\\/\\\/www.lowcostpetvaccinations.net\\\/es\\\/paquetes-para-cachorros\\\/\",\"url\":\"https:\\\/\\\/www.lowcostpetvaccinations.net\\\/es\\\/paquetes-para-cachorros\\\/\",\"name\":\"Paquetes para Cachorros en Dallas-Fort Worth TX - Bajas Vacunas\",\"isPartOf\":{\"@id\":\"https:\\\/\\\/www.lowcostpetvaccinations.net\\\/es\\\/#website\"},\"primaryImageOfPage\":{\"@id\":\"https:\\\/\\\/www.lowcostpetvaccinations.net\\\/es\\\/paquetes-para-cachorros\\\/#primaryimage\"},\"image\":{\"@id\":\"https:\\\/\\\/www.lowcostpetvaccinations.net\\\/es\\\/paquetes-para-cachorros\\\/#primaryimage\"},\"thumbnailUrl\":\"https:\\\/\\\/www.lowcostpetvaccinations.net\\\/wp-content\\\/uploads\\\/2018\\\/03\\\/paquetes_para_cachorros.png\",\"datePublished\":\"2018-02-12T17:50:40+00:00\",\"dateModified\":\"2024-04-17T17:20:52+00:00\",\"breadcrumb\":{\"@id\":\"https:\\\/\\\/www.lowcostpetvaccinations.net\\\/es\\\/paquetes-para-cachorros\\\/#breadcrumb\"},\"inLanguage\":\"es\",\"potentialAction\":[{\"@type\":\"ReadAction\",\"target\":[\"https:\\\/\\\/www.lowcostpetvaccinations.net\\\/es\\\/paquetes-para-cachorros\\\/\"]}]},{\"@type\":\"ImageObject\",\"inLanguage\":\"es\",\"@id\":\"https:\\\/\\\/www.lowcostpetvaccinations.net\\\/es\\\/paquetes-para-cachorros\\\/#primaryimage\",\"url\":\"https:\\\/\\\/www.lowcostpetvaccinations.net\\\/wp-content\\\/uploads\\\/2018\\\/03\\\/paquetes_para_cachorros.png\",\"contentUrl\":\"https:\\\/\\\/www.lowcostpetvaccinations.net\\\/wp-content\\\/uploads\\\/2018\\\/03\\\/paquetes_para_cachorros.png\"},{\"@type\":\"BreadcrumbList\",\"@id\":\"https:\\\/\\\/www.lowcostpetvaccinations.net\\\/es\\\/paquetes-para-cachorros\\\/#breadcrumb\",\"itemListElement\":[{\"@type\":\"ListItem\",\"position\":1,\"name\":\"Home\",\"item\":\"https:\\\/\\\/www.lowcostpetvaccinations.net\\\/es\\\/\"},{\"@type\":\"ListItem\",\"position\":2,\"name\":\"Paquetes para Cachorros\"}]},{\"@type\":\"WebSite\",\"@id\":\"https:\\\/\\\/www.lowcostpetvaccinations.net\\\/es\\\/#website\",\"url\":\"https:\\\/\\\/www.lowcostpetvaccinations.net\\\/es\\\/\",\"name\":\"Low Cost Pet Vax\u00ae\",\"description\":\"Amigable, Conveniente, Accesible\",\"publisher\":{\"@id\":\"https:\\\/\\\/www.lowcostpetvaccinations.net\\\/es\\\/#organization\"},\"potentialAction\":[{\"@type\":\"SearchAction\",\"target\":{\"@type\":\"EntryPoint\",\"urlTemplate\":\"https:\\\/\\\/www.lowcostpetvaccinations.net\\\/es\\\/?s={search_term_string}\"},\"query-input\":{\"@type\":\"PropertyValueSpecification\",\"valueRequired\":true,\"valueName\":\"search_term_string\"}}],\"inLanguage\":\"es\"},{\"@type\":[\"Organization\",\"Place\",\"VeterinaryCare\"],\"@id\":\"https:\\\/\\\/www.lowcostpetvaccinations.net\\\/es\\\/#organization\",\"name\":\"Low Cost Pet Vax\",\"url\":\"https:\\\/\\\/www.lowcostpetvaccinations.net\\\/\",\"logo\":{\"@type\":\"ImageObject\",\"inLanguage\":\"es\",\"@id\":\"https:\\\/\\\/www.lowcostpetvaccinations.net\\\/es\\\/#\\\/schema\\\/logo\\\/image\\\/\",\"url\":\"https:\\\/\\\/www.lowcostpetvaccinations.net\\\/wp-content\\\/uploads\\\/2017\\\/02\\\/Logo.jpg\",\"contentUrl\":\"https:\\\/\\\/www.lowcostpetvaccinations.net\\\/wp-content\\\/uploads\\\/2017\\\/02\\\/Logo.jpg\",\"width\":960,\"height\":831,\"caption\":\"Low Cost Pet Vax\"},\"image\":{\"@id\":\"https:\\\/\\\/www.lowcostpetvaccinations.net\\\/es\\\/#\\\/schema\\\/logo\\\/image\\\/\"},\"sameAs\":[\"http:\\\/\\\/www.facebook.com\\\/lowcostpetvax\",\"https:\\\/\\\/x.com\\\/lowcostpetvax\"],\"telephone\":[\"(817) 282-1000\"],\"email\":\"contact@lowcostpetvax.com\"}]}<\/script>\n<!-- \/ Yoast SEO Premium plugin. -->","yoast_head_json":{"title":"Paquetes para Cachorros en Dallas-Fort Worth TX - Bajas Vacunas","robots":{"index":"index","follow":"follow","max-snippet":"max-snippet:-1","max-image-preview":"max-image-preview:large","max-video-preview":"max-video-preview:-1"},"canonical":"https:\/\/www.lowcostpetvaccinations.net\/es\/paquetes-para-cachorros\/","og_locale":"es_ES","og_type":"article","og_title":"Paquetes para Cachorros","og_description":"Paquete para Cachorros #1\u00a0 Moquillo\/Hepatitis \/Parvo\/Parainfluenza Desparasitaci\u00f3n Prevenci\u00f3n de par\u00e1sito del coraz\u00f3n Paquete para Cachorros #2\u00a0 Moquillo\/Hepatitis \/Parvo\/Parainfluenza Bordetella Leptospirosis Desparasitaci\u00f3n Prevenci\u00f3n de par\u00e1sito del coraz\u00f3n Paquete para Cachorros #3\u00a0 Rabia Moquillo\/Hepatitis \/Parvo\/Parainfluenza Leptospirosis Desparasitaci\u00f3n Prevenci\u00f3n de par\u00e1sito del coraz\u00f3n Recomendamos tres rondas de inyecciones para cachorros: Paquete para cachorros #1: 6 &#8211; 8 semanas [&hellip;]","og_url":"https:\/\/www.lowcostpetvaccinations.net\/es\/paquetes-para-cachorros\/","og_site_name":"Low Cost Pet Vax\u00ae","article_publisher":"http:\/\/www.facebook.com\/lowcostpetvax","article_modified_time":"2024-04-17T17:20:52+00:00","og_image":[{"url":"https:\/\/www.lowcostpetvaccinations.net\/wp-content\/uploads\/2018\/03\/paquetes_para_cachorros.png","type":"","width":"","height":""}],"twitter_card":"summary_large_image","twitter_site":"@lowcostpetvax","twitter_misc":{"Tiempo de lectura":"3 minutos"},"schema":{"@context":"https:\/\/schema.org","@graph":[{"@type":"WebPage","@id":"https:\/\/www.lowcostpetvaccinations.net\/es\/paquetes-para-cachorros\/","url":"https:\/\/www.lowcostpetvaccinations.net\/es\/paquetes-para-cachorros\/","name":"Paquetes para Cachorros en Dallas-Fort Worth TX - Bajas Vacunas","isPartOf":{"@id":"https:\/\/www.lowcostpetvaccinations.net\/es\/#website"},"primaryImageOfPage":{"@id":"https:\/\/www.lowcostpetvaccinations.net\/es\/paquetes-para-cachorros\/#primaryimage"},"image":{"@id":"https:\/\/www.lowcostpetvaccinations.net\/es\/paquetes-para-cachorros\/#primaryimage"},"thumbnailUrl":"https:\/\/www.lowcostpetvaccinations.net\/wp-content\/uploads\/2018\/03\/paquetes_para_cachorros.png","datePublished":"2018-02-12T17:50:40+00:00","dateModified":"2024-04-17T17:20:52+00:00","breadcrumb":{"@id":"https:\/\/www.lowcostpetvaccinations.net\/es\/paquetes-para-cachorros\/#breadcrumb"},"inLanguage":"es","potentialAction":[{"@type":"ReadAction","target":["https:\/\/www.lowcostpetvaccinations.net\/es\/paquetes-para-cachorros\/"]}]},{"@type":"ImageObject","inLanguage":"es","@id":"https:\/\/www.lowcostpetvaccinations.net\/es\/paquetes-para-cachorros\/#primaryimage","url":"https:\/\/www.lowcostpetvaccinations.net\/wp-content\/uploads\/2018\/03\/paquetes_para_cachorros.png","contentUrl":"https:\/\/www.lowcostpetvaccinations.net\/wp-content\/uploads\/2018\/03\/paquetes_para_cachorros.png"},{"@type":"BreadcrumbList","@id":"https:\/\/www.lowcostpetvaccinations.net\/es\/paquetes-para-cachorros\/#breadcrumb","itemListElement":[{"@type":"ListItem","position":1,"name":"Home","item":"https:\/\/www.lowcostpetvaccinations.net\/es\/"},{"@type":"ListItem","position":2,"name":"Paquetes para Cachorros"}]},{"@type":"WebSite","@id":"https:\/\/www.lowcostpetvaccinations.net\/es\/#website","url":"https:\/\/www.lowcostpetvaccinations.net\/es\/","name":"Low Cost Pet Vax\u00ae","description":"Amigable, Conveniente, Accesible","publisher":{"@id":"https:\/\/www.lowcostpetvaccinations.net\/es\/#organization"},"potentialAction":[{"@type":"SearchAction","target":{"@type":"EntryPoint","urlTemplate":"https:\/\/www.lowcostpetvaccinations.net\/es\/?s={search_term_string}"},"query-input":{"@type":"PropertyValueSpecification","valueRequired":true,"valueName":"search_term_string"}}],"inLanguage":"es"},{"@type":["Organization","Place","VeterinaryCare"],"@id":"https:\/\/www.lowcostpetvaccinations.net\/es\/#organization","name":"Low Cost Pet Vax","url":"https:\/\/www.lowcostpetvaccinations.net\/","logo":{"@type":"ImageObject","inLanguage":"es","@id":"https:\/\/www.lowcostpetvaccinations.net\/es\/#\/schema\/logo\/image\/","url":"https:\/\/www.lowcostpetvaccinations.net\/wp-content\/uploads\/2017\/02\/Logo.jpg","contentUrl":"https:\/\/www.lowcostpetvaccinations.net\/wp-content\/uploads\/2017\/02\/Logo.jpg","width":960,"height":831,"caption":"Low Cost Pet Vax"},"image":{"@id":"https:\/\/www.lowcostpetvaccinations.net\/es\/#\/schema\/logo\/image\/"},"sameAs":["http:\/\/www.facebook.com\/lowcostpetvax","https:\/\/x.com\/lowcostpetvax"],"telephone":["(817) 282-1000"],"email":"contact@lowcostpetvax.com"}]}},"jetpack_sharing_enabled":true,"_links":{"self":[{"href":"https:\/\/www.lowcostpetvaccinations.net\/es\/wp-json\/wp\/v2\/pages\/1734","targetHints":{"allow":["GET"]}}],"collection":[{"href":"https:\/\/www.lowcostpetvaccinations.net\/es\/wp-json\/wp\/v2\/pages"}],"about":[{"href":"https:\/\/www.lowcostpetvaccinations.net\/es\/wp-json\/wp\/v2\/types\/page"}],"author":[{"embeddable":true,"href":"https:\/\/www.lowcostpetvaccinations.net\/es\/wp-json\/wp\/v2\/users\/3"}],"replies":[{"embeddable":true,"href":"https:\/\/www.lowcostpetvaccinations.net\/es\/wp-json\/wp\/v2\/comments?post=1734"}],"version-history":[{"count":5,"href":"https:\/\/www.lowcostpetvaccinations.net\/es\/wp-json\/wp\/v2\/pages\/1734\/revisions"}],"predecessor-version":[{"id":6364,"href":"https:\/\/www.lowcostpetvaccinations.net\/es\/wp-json\/wp\/v2\/pages\/1734\/revisions\/6364"}],"wp:attachment":[{"href":"https:\/\/www.lowcostpetvaccinations.net\/es\/wp-json\/wp\/v2\/media?parent=1734"}],"curies":[{"name":"wp","href":"https:\/\/api.w.org\/{rel}","templated":true}]}}