{"id":1561,"date":"2017-11-08T20:41:45","date_gmt":"2017-11-08T20:41:45","guid":{"rendered":"http:\/\/www.lowcostpetvaccinations.net\/?page_id=1561"},"modified":"2025-08-05T00:44:29","modified_gmt":"2025-08-05T00:44:29","slug":"paquetes-especiales","status":"publish","type":"page","link":"https:\/\/www.lowcostpetvaccinations.net\/es\/vacunas-y-precios\/paquetes-especiales\/","title":{"rendered":"Paquetes Especiales"},"content":{"rendered":"<h1 style=\"text-align: center;\"><strong>Paquetes de Vacunaci<\/strong><strong>\u00f3<\/strong><strong>n Canina<\/strong><\/h1>\n<p style=\"text-align: center;\"><strong>$69 <\/strong><strong>\u2013<\/strong><strong>\u00a0MEJOR\u00a0<\/strong><strong>\u2013<\/strong><strong>\u00a0Just Vax Plus (Incluye Leptospirosis)<\/strong><\/p>\n<p>Nuestro paquete Just Vax Plus tiene todas las vacunas que recomendamos para perros adultos anualmente. Incluye la Rabia, Distemper \/ Parvo (tambi\u00e9n conocido como DHPP o DA2PP o la vacuna 5 en una), las vacunas de Bordetella y Leptospirosis. <strong>Este es el paquete de vacunaci\u00f3n completo y es el m\u00e1s popular de nuestros paquetes de vacunaci\u00f3n.\u00a0<\/strong><\/p>\n<p style=\"text-align: center;\"><strong>\u00a0$84 <\/strong><strong>\u2013<\/strong><strong>\u00a0EL MEJOR\u00a0<\/strong><strong>\u2013<\/strong><strong>\u00a0Dog Yearly Complete (Just Vax Plus &amp; Examen de parasito del coraz<\/strong><strong>\u00f3<\/strong><strong>n)<\/strong><\/p>\n<p>Nuestro paquete Dog Yearly Complete incluye todas las vacunas en el paquete Just Vax Plus, junto con una prueba de par\u00e1sitos del coraz\u00f3n. <strong>Este es nuestro paquete de m\u00e1s valor y completo.\u00a0<\/strong><\/p>\n<h2 style=\"text-align: center;\"><strong>Paquetes para Cachorro \u2013 Desde 6 Semanas<\/strong><\/h2>\n<p style=\"text-align: center;\"><em>\u00bf<\/em><em>No est<\/em><em>\u00e1<\/em><em>\u00a0seguro de cu<\/em><em>\u00e1<\/em><em>l paquete su cachorro necesita?\u00a0<a href=\"https:\/\/www.lowcostpetvaccinations.net\/es\/libreria-de-salud-animal\/vacunas-necesita-mi-cachorro\/\">Visite nuestra gu\u00eda de vacunaci\u00f3n para cachorros aqu\u00ed<\/a><\/em>. (<em>\u00a1<\/em><em>No dude en contactarnos si tiene alguna duda!)<\/em><\/p>\n<p style=\"text-align: center;\"><strong>$45 <\/strong><strong>\u2013<\/strong><strong>\u00a0Puppy #1 (DHPP, desparasitante, prevenci<\/strong><strong>\u00f3<\/strong><strong>n de par<\/strong><strong>\u00e1<\/strong><strong>sito del coraz<\/strong><strong>\u00f3<\/strong><strong>n)<\/strong><\/p>\n<p>Recomendamos nuestro primer paquete de cachorros para cachorros de 6 a 9 semanas de edad. Incluye la vacuna DHPP o Distemper\/ Parvo (tambi\u00e9n conocido como Moquillo), junto con una pastilla contra el par\u00e1sito del coraz\u00f3n y un desparasitante para administrar en casa.<\/p>\n<p style=\"text-align: center;\"><strong>$65 <\/strong><strong>\u2013<\/strong><strong>\u00a0Puppy #2 (Puppy #1, Bordetella y Leptospirosis)<\/strong><\/p>\n<p>Recomendamos nuestro segundo paquete de cachorros para cachorros de 10 a 13 semanas de edad. Incluye la vacunaci\u00f3n DHPP o Distemper\/ Parvo (una vacuna de refuerzo), las vacunas contra Leptospirosis y Bordetella,\u00a0junto con una pastilla contra el par\u00e1sito del coraz\u00f3n y un desparasitante para administrar en casa.<\/p>\n<p style=\"text-align: center;\"><strong>$70 <\/strong><strong>\u2013<\/strong><strong>\u00a0Puppy #3 (Rabia, DHPP, Leptospirosis, desparasitante y prevenci<\/strong><strong>\u00f3<\/strong><strong>n de par<\/strong><strong>\u00e1<\/strong><strong>sito del coraz<\/strong><strong>\u00f3<\/strong><strong>n) *<\/strong><\/p>\n<p>Recomendamos nuestro tercer paquete de cachorros para cachorros de 14 a 20 semanas de edad. Incluye la vacunaci\u00f3n DHPP o Distemper\/ Parvo (una vacuna de refuerzo), la Leptospirosis (tambi\u00e9n una vacuna de refuerzo) y la vacuna contra la rabia,\u00a0junto con una pastilla contra el par\u00e1sito del coraz\u00f3n y un desparasitante para administrar en casa.<\/p>\n<p style=\"text-align: center;\"><em>*<\/em><em>Tome en cuenta que, si su perro no ha recibido Puppy#2 con nosotros, podr<\/em><em>\u00ed<\/em><em>amos tener que aplicarle la vacuna contra Bordetella con Puppy#3-<\/em><\/p>\n<h1 style=\"text-align: center;\"><strong>Paquetes de Vacunaci\u00f3n para Gatos<\/strong><\/h1>\n<p style=\"text-align: center;\"><strong>$70 <\/strong><strong>\u2013<\/strong><strong>\u00a0MEJOR PRECIO<\/strong><strong>\u2013<\/strong><strong>\u00a0Cat Yearly (1 vez al a<\/strong><strong>\u00f1<\/strong><strong>o)\u00a0<\/strong><strong>\u2013<\/strong><strong>\u00a0(Rabia,FVRCP, FeLV)<\/strong><\/p>\n<p>Nuestro paquete Cat Yearly contiene todas las vacunas que recomendamos anualmente para gatos. Incluye las vacunas contra la rabia, FVRCP y leucemia felina o FeLV. <strong>Este es nuestro mejor paquete de valor.\u00a0<\/strong><\/p>\n<h2 style=\"text-align: center;\"><b style=\"font-size: 16px;\">Paquetes para Gatitos\u00a0 \u2013 Desde 8 Semanas<\/b><\/h2>\n<p style=\"text-align: center;\"><strong>$38 <\/strong><strong>\u2013<\/strong><strong>\u00a0Gatito #1\u00a0<\/strong><strong>\u2013<\/strong><strong>\u00a0(FVRCP, desparasitante)<\/strong><\/p>\n<p>Recomendamos nuestro primer paquete de gatitos para gatitos de 6 a 9 semanas de edad. Incluye la vacuna FVRCP, junto con un desparasitante para administrar en casa<\/p>\n<p style=\"text-align: center;\"><strong>$63 <\/strong><strong>\u2013<\/strong><strong>\u00a0Gatito#2 (FVRCP, FeLV, desparasitante)<\/strong><\/p>\n<p>Recomendamos nuestro segundo paquete de gatitos para gatitos de 10 a 13 semanas de edad. Incluye la vacuna FVRCP, FeLV o leucemia felina,\u00a0junto con un desparasitante para administrar en casa<\/p>\n<p style=\"text-align: center;\"><strong>$68 <\/strong><strong>\u2013<\/strong><strong>\u00a0Gatito #3 (Rabies, FVRCP, FeLV, desparasitante)<\/strong><\/p>\n<p>Reomendamos nuestro tercer paquete de gatitios para gatitos de 14 a 20 semanas de edad. Incluye la vacuna contra la rabia, FVRCP y FeLV o leucemia felina,\u00a0junto con un desparasitante para administrar en casa<\/p>\n","protected":false},"excerpt":{"rendered":"<p>Paquetes de Vacunaci\u00f3n Canina $69 \u2013\u00a0MEJOR\u00a0\u2013\u00a0Just Vax Plus (Incluye Leptospirosis) Nuestro paquete Just Vax Plus tiene todas las vacunas que recomendamos para perros adultos anualmente. Incluye la Rabia, Distemper \/ Parvo (tambi\u00e9n conocido como DHPP o DA2PP o la vacuna 5 en una), las vacunas de Bordetella y Leptospirosis. Este es el paquete de vacunaci\u00f3n [&hellip;]<\/p>\n","protected":false},"author":3,"featured_media":0,"parent":1078,"menu_order":0,"comment_status":"closed","ping_status":"closed","template":"","meta":{"nf_dc_page":"","footnotes":""},"class_list":["post-1561","page","type-page","status-publish","hentry"],"yoast_head":"<!-- This site is optimized with the Yoast SEO Premium plugin v27.4 (Yoast SEO v27.5) - https:\/\/yoast.com\/product\/yoast-seo-premium-wordpress\/ -->\n<title>Paquetes Especiales in Dallas - Fort Worth, TX - Low Cost Pet Vax\u00ae<\/title>\n<meta name=\"robots\" content=\"index, follow, max-snippet:-1, max-image-preview:large, max-video-preview:-1\" \/>\n<link rel=\"canonical\" href=\"https:\/\/www.lowcostpetvaccinations.net\/es\/vacunas-y-precios\/paquetes-especiales\/\" \/>\n<meta property=\"og:locale\" content=\"es_ES\" \/>\n<meta property=\"og:type\" content=\"article\" \/>\n<meta property=\"og:title\" content=\"Paquetes Especiales\" \/>\n<meta property=\"og:description\" content=\"Paquetes de Vacunaci\u00f3n Canina $69 \u2013\u00a0MEJOR\u00a0\u2013\u00a0Just Vax Plus (Incluye Leptospirosis) Nuestro paquete Just Vax Plus tiene todas las vacunas que recomendamos para perros adultos anualmente. Incluye la Rabia, Distemper \/ Parvo (tambi\u00e9n conocido como DHPP o DA2PP o la vacuna 5 en una), las vacunas de Bordetella y Leptospirosis. Este es el paquete de vacunaci\u00f3n [&hellip;]\" \/>\n<meta property=\"og:url\" content=\"https:\/\/www.lowcostpetvaccinations.net\/es\/vacunas-y-precios\/paquetes-especiales\/\" \/>\n<meta property=\"og:site_name\" content=\"Low Cost Pet Vax\u00ae\" \/>\n<meta property=\"article:publisher\" content=\"http:\/\/www.facebook.com\/lowcostpetvax\" \/>\n<meta property=\"article:modified_time\" content=\"2025-08-05T00:44:29+00:00\" \/>\n<meta name=\"twitter:card\" content=\"summary_large_image\" \/>\n<meta name=\"twitter:site\" content=\"@lowcostpetvax\" \/>\n<meta name=\"twitter:label1\" content=\"Tiempo de lectura\" \/>\n\t<meta name=\"twitter:data1\" content=\"3 minutos\" \/>\n<script type=\"application\/ld+json\" class=\"yoast-schema-graph\">{\"@context\":\"https:\\\/\\\/schema.org\",\"@graph\":[{\"@type\":\"WebPage\",\"@id\":\"https:\\\/\\\/www.lowcostpetvaccinations.net\\\/es\\\/vacunas-y-precios\\\/paquetes-especiales\\\/\",\"url\":\"https:\\\/\\\/www.lowcostpetvaccinations.net\\\/es\\\/vacunas-y-precios\\\/paquetes-especiales\\\/\",\"name\":\"Paquetes Especiales in Dallas - Fort Worth, TX - Low Cost Pet Vax\u00ae\",\"isPartOf\":{\"@id\":\"https:\\\/\\\/www.lowcostpetvaccinations.net\\\/es\\\/#website\"},\"datePublished\":\"2017-11-08T20:41:45+00:00\",\"dateModified\":\"2025-08-05T00:44:29+00:00\",\"breadcrumb\":{\"@id\":\"https:\\\/\\\/www.lowcostpetvaccinations.net\\\/es\\\/vacunas-y-precios\\\/paquetes-especiales\\\/#breadcrumb\"},\"inLanguage\":\"es\",\"potentialAction\":[{\"@type\":\"ReadAction\",\"target\":[\"https:\\\/\\\/www.lowcostpetvaccinations.net\\\/es\\\/vacunas-y-precios\\\/paquetes-especiales\\\/\"]}]},{\"@type\":\"BreadcrumbList\",\"@id\":\"https:\\\/\\\/www.lowcostpetvaccinations.net\\\/es\\\/vacunas-y-precios\\\/paquetes-especiales\\\/#breadcrumb\",\"itemListElement\":[{\"@type\":\"ListItem\",\"position\":1,\"name\":\"Home\",\"item\":\"https:\\\/\\\/www.lowcostpetvaccinations.net\\\/es\\\/\"},{\"@type\":\"ListItem\",\"position\":2,\"name\":\"Vacunas y Precios\",\"item\":\"https:\\\/\\\/www.lowcostpetvaccinations.net\\\/es\\\/vacunas-y-precios\\\/\"},{\"@type\":\"ListItem\",\"position\":3,\"name\":\"Paquetes Especiales\"}]},{\"@type\":\"WebSite\",\"@id\":\"https:\\\/\\\/www.lowcostpetvaccinations.net\\\/es\\\/#website\",\"url\":\"https:\\\/\\\/www.lowcostpetvaccinations.net\\\/es\\\/\",\"name\":\"Low Cost Pet Vax\u00ae\",\"description\":\"Amigable, Conveniente, Accesible\",\"publisher\":{\"@id\":\"https:\\\/\\\/www.lowcostpetvaccinations.net\\\/es\\\/#organization\"},\"potentialAction\":[{\"@type\":\"SearchAction\",\"target\":{\"@type\":\"EntryPoint\",\"urlTemplate\":\"https:\\\/\\\/www.lowcostpetvaccinations.net\\\/es\\\/?s={search_term_string}\"},\"query-input\":{\"@type\":\"PropertyValueSpecification\",\"valueRequired\":true,\"valueName\":\"search_term_string\"}}],\"inLanguage\":\"es\"},{\"@type\":[\"Organization\",\"Place\",\"VeterinaryCare\"],\"@id\":\"https:\\\/\\\/www.lowcostpetvaccinations.net\\\/es\\\/#organization\",\"name\":\"Low Cost Pet Vax\",\"url\":\"https:\\\/\\\/www.lowcostpetvaccinations.net\\\/\",\"logo\":{\"@type\":\"ImageObject\",\"inLanguage\":\"es\",\"@id\":\"https:\\\/\\\/www.lowcostpetvaccinations.net\\\/es\\\/#\\\/schema\\\/logo\\\/image\\\/\",\"url\":\"https:\\\/\\\/www.lowcostpetvaccinations.net\\\/wp-content\\\/uploads\\\/2017\\\/02\\\/Logo.jpg\",\"contentUrl\":\"https:\\\/\\\/www.lowcostpetvaccinations.net\\\/wp-content\\\/uploads\\\/2017\\\/02\\\/Logo.jpg\",\"width\":960,\"height\":831,\"caption\":\"Low Cost Pet Vax\"},\"image\":{\"@id\":\"https:\\\/\\\/www.lowcostpetvaccinations.net\\\/es\\\/#\\\/schema\\\/logo\\\/image\\\/\"},\"sameAs\":[\"http:\\\/\\\/www.facebook.com\\\/lowcostpetvax\",\"https:\\\/\\\/x.com\\\/lowcostpetvax\"],\"telephone\":[\"(817) 282-1000\"],\"email\":\"contact@lowcostpetvax.com\"}]}<\/script>\n<!-- \/ Yoast SEO Premium plugin. -->","yoast_head_json":{"title":"Paquetes Especiales in Dallas - Fort Worth, TX - Low Cost Pet Vax\u00ae","robots":{"index":"index","follow":"follow","max-snippet":"max-snippet:-1","max-image-preview":"max-image-preview:large","max-video-preview":"max-video-preview:-1"},"canonical":"https:\/\/www.lowcostpetvaccinations.net\/es\/vacunas-y-precios\/paquetes-especiales\/","og_locale":"es_ES","og_type":"article","og_title":"Paquetes Especiales","og_description":"Paquetes de Vacunaci\u00f3n Canina $69 \u2013\u00a0MEJOR\u00a0\u2013\u00a0Just Vax Plus (Incluye Leptospirosis) Nuestro paquete Just Vax Plus tiene todas las vacunas que recomendamos para perros adultos anualmente. Incluye la Rabia, Distemper \/ Parvo (tambi\u00e9n conocido como DHPP o DA2PP o la vacuna 5 en una), las vacunas de Bordetella y Leptospirosis. Este es el paquete de vacunaci\u00f3n [&hellip;]","og_url":"https:\/\/www.lowcostpetvaccinations.net\/es\/vacunas-y-precios\/paquetes-especiales\/","og_site_name":"Low Cost Pet Vax\u00ae","article_publisher":"http:\/\/www.facebook.com\/lowcostpetvax","article_modified_time":"2025-08-05T00:44:29+00:00","twitter_card":"summary_large_image","twitter_site":"@lowcostpetvax","twitter_misc":{"Tiempo de lectura":"3 minutos"},"schema":{"@context":"https:\/\/schema.org","@graph":[{"@type":"WebPage","@id":"https:\/\/www.lowcostpetvaccinations.net\/es\/vacunas-y-precios\/paquetes-especiales\/","url":"https:\/\/www.lowcostpetvaccinations.net\/es\/vacunas-y-precios\/paquetes-especiales\/","name":"Paquetes Especiales in Dallas - Fort Worth, TX - Low Cost Pet Vax\u00ae","isPartOf":{"@id":"https:\/\/www.lowcostpetvaccinations.net\/es\/#website"},"datePublished":"2017-11-08T20:41:45+00:00","dateModified":"2025-08-05T00:44:29+00:00","breadcrumb":{"@id":"https:\/\/www.lowcostpetvaccinations.net\/es\/vacunas-y-precios\/paquetes-especiales\/#breadcrumb"},"inLanguage":"es","potentialAction":[{"@type":"ReadAction","target":["https:\/\/www.lowcostpetvaccinations.net\/es\/vacunas-y-precios\/paquetes-especiales\/"]}]},{"@type":"BreadcrumbList","@id":"https:\/\/www.lowcostpetvaccinations.net\/es\/vacunas-y-precios\/paquetes-especiales\/#breadcrumb","itemListElement":[{"@type":"ListItem","position":1,"name":"Home","item":"https:\/\/www.lowcostpetvaccinations.net\/es\/"},{"@type":"ListItem","position":2,"name":"Vacunas y Precios","item":"https:\/\/www.lowcostpetvaccinations.net\/es\/vacunas-y-precios\/"},{"@type":"ListItem","position":3,"name":"Paquetes Especiales"}]},{"@type":"WebSite","@id":"https:\/\/www.lowcostpetvaccinations.net\/es\/#website","url":"https:\/\/www.lowcostpetvaccinations.net\/es\/","name":"Low Cost Pet Vax\u00ae","description":"Amigable, Conveniente, Accesible","publisher":{"@id":"https:\/\/www.lowcostpetvaccinations.net\/es\/#organization"},"potentialAction":[{"@type":"SearchAction","target":{"@type":"EntryPoint","urlTemplate":"https:\/\/www.lowcostpetvaccinations.net\/es\/?s={search_term_string}"},"query-input":{"@type":"PropertyValueSpecification","valueRequired":true,"valueName":"search_term_string"}}],"inLanguage":"es"},{"@type":["Organization","Place","VeterinaryCare"],"@id":"https:\/\/www.lowcostpetvaccinations.net\/es\/#organization","name":"Low Cost Pet Vax","url":"https:\/\/www.lowcostpetvaccinations.net\/","logo":{"@type":"ImageObject","inLanguage":"es","@id":"https:\/\/www.lowcostpetvaccinations.net\/es\/#\/schema\/logo\/image\/","url":"https:\/\/www.lowcostpetvaccinations.net\/wp-content\/uploads\/2017\/02\/Logo.jpg","contentUrl":"https:\/\/www.lowcostpetvaccinations.net\/wp-content\/uploads\/2017\/02\/Logo.jpg","width":960,"height":831,"caption":"Low Cost Pet Vax"},"image":{"@id":"https:\/\/www.lowcostpetvaccinations.net\/es\/#\/schema\/logo\/image\/"},"sameAs":["http:\/\/www.facebook.com\/lowcostpetvax","https:\/\/x.com\/lowcostpetvax"],"telephone":["(817) 282-1000"],"email":"contact@lowcostpetvax.com"}]}},"jetpack_sharing_enabled":true,"_links":{"self":[{"href":"https:\/\/www.lowcostpetvaccinations.net\/es\/wp-json\/wp\/v2\/pages\/1561","targetHints":{"allow":["GET"]}}],"collection":[{"href":"https:\/\/www.lowcostpetvaccinations.net\/es\/wp-json\/wp\/v2\/pages"}],"about":[{"href":"https:\/\/www.lowcostpetvaccinations.net\/es\/wp-json\/wp\/v2\/types\/page"}],"author":[{"embeddable":true,"href":"https:\/\/www.lowcostpetvaccinations.net\/es\/wp-json\/wp\/v2\/users\/3"}],"replies":[{"embeddable":true,"href":"https:\/\/www.lowcostpetvaccinations.net\/es\/wp-json\/wp\/v2\/comments?post=1561"}],"version-history":[{"count":8,"href":"https:\/\/www.lowcostpetvaccinations.net\/es\/wp-json\/wp\/v2\/pages\/1561\/revisions"}],"predecessor-version":[{"id":7705,"href":"https:\/\/www.lowcostpetvaccinations.net\/es\/wp-json\/wp\/v2\/pages\/1561\/revisions\/7705"}],"up":[{"embeddable":true,"href":"https:\/\/www.lowcostpetvaccinations.net\/es\/wp-json\/wp\/v2\/pages\/1078"}],"wp:attachment":[{"href":"https:\/\/www.lowcostpetvaccinations.net\/es\/wp-json\/wp\/v2\/media?parent=1561"}],"curies":[{"name":"wp","href":"https:\/\/api.w.org\/{rel}","templated":true}]}}