{"id":1555,"date":"2017-11-08T20:26:40","date_gmt":"2017-11-08T20:26:40","guid":{"rendered":"http:\/\/www.lowcostpetvaccinations.net\/?page_id=1555"},"modified":"2025-01-22T16:09:45","modified_gmt":"2025-01-22T16:09:45","slug":"precios-individuales","status":"publish","type":"page","link":"https:\/\/www.lowcostpetvaccinations.net\/es\/vacunas-y-precios\/precios-individuales\/","title":{"rendered":"Precios Individuales"},"content":{"rendered":"<h2 style=\"text-align: center;\"><strong>Precios Individuales de Vacunas para Perro<\/strong><\/h2>\n<h4 style=\"text-align: center;\"><strong><span style=\"color: #339966;\">$10\u00a0<\/span>\u2013<\/strong>\u00a0Rabia<\/h4>\n<p>La ley de Texas requiere la vacuna de rabia. Dependiendo de los requisitos de su cuidad (y cual vacuna contra la rabia recibe), su perro o gato necesita la vacuna contra la rabia cada 3 a\u00f1os o cada a\u00f1o. Low Cost Pet Vax ofrece una vacuna contra la rabia de un a\u00f1o.<\/p>\n<h4 style=\"text-align: center;\"><strong><span style=\"color: #339966;\">$28<\/span>\u00a0\u2013<\/strong>\u00a0DHPP (Distemper\/Parvovirus Combo)\/(Moquillo\/Parvovirus Combo)<\/h4>\n<p>La vacuna DHPP es la m\u00e1s importante que ofrecemos. El parvovirus sigue siendo un grave riesgo a su perro. Cuando los perros reciben la vacuna DHPP por primera vez, necesitan un refuerzo entre un mes. Recomendamos la vacuna DHPP anualmente.<\/p>\n<h4 style=\"text-align: center;\"><span style=\"color: #339966;\">$20 <\/span>\u2013 Leptospirosis (Recomendada)<\/h4>\n<p>La Leptospirosis es una enfermedad bacteriana que se transmite a trav\u00e9s de agua contaminada por los portadores. La leptospirosis es una enfermedad potencialmente mortal a la que todos los mam\u00edferos son susceptibles, incluidos los humanos. Recomendamos la vacunaci\u00f3n contra Leptospirosis anualmente.<\/p>\n<h4 style=\"text-align: center;\"><strong><span style=\"color: #339966;\">$18 <\/span>\u2013<\/strong>\u00a0Bordetella (Tos de la perrera)<\/h4>\n<p>Bordetella es una enfermedad altamente contagiosa. Tambi\u00e9n se conoce como tos de perros. Aunque la enfermedad generalmente no es mortal, Bordetella es una vacuna requerida por muchas perreras y peluqueros de perro.<\/p>\n<h4 style=\"text-align: center;\"><strong><span style=\"color: #339966;\">$43 <\/span>\u2013 Influenza Canina<\/strong><\/h4>\n<p>Las inundaciones de Harvey han obligado a varios condados, aquellos que contiene la mayor\u00eda de los perros de Texas que son positivos para la influenza de canina (30 de 33), a recolocar a los perros de esa \u00e1rea. Ahora sugerimos vacunar contra la influenza canina. La vacunaci\u00f3n cuesta $25 en todas las cl\u00ednicas de Low Cost Pet Vax.<\/p>\n<h2 style=\"text-align: center;\"><strong>Prevenci\u00f3n para Par\u00e1sitos del Coraz\u00f3n<\/strong><\/h2>\n<h4 style=\"text-align: center;\"><strong><span style=\"color: #339966;\">$29 <\/span>\u2013\u00a0<\/strong>Examen de par\u00e1sitos del coraz\u00f3n<\/h4>\n<p>Requerimos una prueba de par\u00e1sitos del coraz\u00f3n antes de recetar prevenci\u00f3n de par\u00e1sitos del coraz\u00f3n. La prueba\u00a0 se trada solo unos minutos para determinar la presencia de gusanos del coraz\u00f3n adultos en el sistema de su perro.<\/p>\n<h4 style=\"text-align: center;\"><strong><span style=\"color: #339966;\">$40\/$45\/$50\u00a0 <\/span>\u2013 Medicamento Preventivo (Triheart Plus)<\/strong><\/h4>\n<p>Si su perro da negativo para par\u00e1sitos del coraz\u00f3n, le recomendamos una de nuestras opciones de prevenci\u00f3n del par\u00e1sito del coraz\u00f3n. Tenemos varios productos en cada cl\u00ednica, junto con otros productos como Trifexis que podemos enviar a su direcci\u00f3n. Triheart Plus es un producto preventivo contra el gusano del coraz\u00f3n a un precio econ\u00f3mico que tenemos en cada cl\u00ednica. Triheart Plus es un medicamento que protege contra gusanos del coraz\u00f3n y otros gusanos intestinales como anquilostomas y gusanos redondos. El precio var\u00eda dependiendo cu\u00e1nto pesa su mascota.<\/p>\n<h4 style=\"text-align: center;\"><strong>Medicamento Preventivo (Proheart 6) &#8211; 6 meses<\/strong><\/h4>\n<p style=\"text-align: center;\"><strong><span style=\"color: #339966;\">&lt;25lbs \u2013 $45\u00a0 \u00a0 \u00a026-50lbs \u2013 $60\u00a0 \u00a0 51-75lbs \u2013 $75\u00a0 \u00a0 \u00a076-100lbs \u2013 $90<\/span><\/strong><\/p>\n<h4 style=\"text-align: center;\"><strong>Medicamento Preventivo (Proheart 12) &#8211; 12 meses<\/strong><\/h4>\n<p style=\"text-align: center;\"><strong><span style=\"color: #339966;\">&lt;25lbs \u2013 $70\u00a0 \u00a0 \u00a026-50lbs \u2013 $95\u00a0 \u00a051-75lbs \u2013 $120\u00a0 \u00a0 76-100lbs \u2013 $145<\/span><\/strong><\/p>\n<p style=\"text-align: center;\">Proheart 6 es un preventivo inyectable contra los par\u00e1sitos del coraz\u00f3n que dura 6 meses. Es una alternativa m\u00e1s conveniente comparado a los productos tradicionales para prevenir los par\u00e1sitos del coraz\u00f3n, que deben ser administrados mensualmente. Los perros que usan este preventivo de Proheart no necesitan pruebas de par\u00e1sitos del coraz\u00f3n despu\u00e9s de que los primeros dos resultados sean negativos. *Enviamos recordatorios cuando le toca otra vez la inyecci\u00f3n de Proheart a su perro para que sea f\u00e1cil de mantener a su perro protegido contra los par\u00e1sitos del coraz\u00f3n.<\/p>\n<p><em>Nota: Proheart 6 se debe administrar cada 6 meses para proteger completamente a su perro contra los par\u00e1sitos del coraz\u00f3n. Si se pasa de la fecha que se vence, se requiere una prueba de par\u00e1sitos del coraz\u00f3n antes de la pr\u00f3xima vez que se administre Proheart.\u00a0<\/em><\/p>\n<p style=\"text-align: center;\"><em>\u00bfTiene preguntas sobre qu\u00e9 vacunas de mascotas asequibles necesita su perro? \u00a1<a href=\"https:\/\/www.lowcostpetvaccinations.net\/es\/libreria-de-salud-animal\/que-vacunas-necesita-su-perro\/\">Visite nuestra gu<\/a><\/em><em>\u00ed<\/em><em>a de de vacunaciones para peros aq\u00ed!<\/em><\/p>\n<h2 style=\"text-align: center;\"><strong>Precios Individuales de Vacunas para Gato<\/strong><\/h2>\n<h4 style=\"text-align: center;\"><strong><span style=\"color: #339966;\">$10\u00a0<\/span>\u2013<\/strong>\u00a0Rabia<\/h4>\n<p>La ley de Texas requiere la vacuna de rabia. Dependiendo de los requisitos de su cuidad (y cual vacuna contra la rabia recibe), su perro o gato necesita la vacuna contra la rabia cada 3 a\u00f1os o cada a\u00f1o. Low Cost Pet Vax ofrece una vacuna contra la rabia de un a\u00f1o.<\/p>\n<h4 style=\"text-align: center;\"><strong><span style=\"color: #339966;\">$25 <\/span>\u2013<\/strong>\u00a0FVRCP<\/h4>\n<p>Esta es una vacuna importante para gatos, que cubre varias enfermedades felinas mortales. Es especialmente importante que gatos j\u00f3venes se vacune con la vacuna FVRCP y que reciba al menos 2 refuerzos.<\/p>\n<h4 style=\"text-align: center;\"><strong><span style=\"color: #339966;\">$28 <\/span>\u2013<\/strong>\u00a0Leucemia Felina (FeLV)<\/h4>\n<p>La vacuna FeLV protege a los gatos del virus de la leucemia felina. La leucemia felina es un virus mortal; El 85% de los gatos infectados, incluso con tratamiento, mueren dentro 3 a\u00f1os.<\/p>\n<p style=\"text-align: center;\"><em>\u00bfTiene preguntas sobre qu\u00e9 vacunas de mascotas asequibles necesita su gatos? \u00a1<a href=\"https:\/\/www.lowcostpetvaccinations.net\/es\/libreria-de-salud-animal\/que-vacunas-necesita-su-perro\/\">Visite nuestra gu<\/a><\/em><em>\u00ed<\/em><em>a de de vacunaciones para gatosaq\u00ed!<\/em><\/p>\n<p>&nbsp;<\/p>\n<p><iframe loading=\"lazy\" style=\"border: 1px solid #aaa;\" src=\"\/\/batchgeo.com\/map\/f51efab036a734888b3e1f902d7934aa\" width=\"100%\" height=\"550\" frameborder=\"0\"><\/iframe><\/p>\n","protected":false},"excerpt":{"rendered":"<p>Precios Individuales de Vacunas para Perro $10\u00a0\u2013\u00a0Rabia La ley de Texas requiere la vacuna de rabia. Dependiendo de los requisitos de su cuidad (y cual vacuna contra la rabia recibe), su perro o gato necesita la vacuna contra la rabia cada 3 a\u00f1os o cada a\u00f1o. Low Cost Pet Vax ofrece una vacuna contra la [&hellip;]<\/p>\n","protected":false},"author":3,"featured_media":1557,"parent":1078,"menu_order":0,"comment_status":"closed","ping_status":"closed","template":"","meta":{"nf_dc_page":"","footnotes":""},"class_list":["post-1555","page","type-page","status-publish","has-post-thumbnail","hentry"],"yoast_head":"<!-- This site is optimized with the Yoast SEO Premium plugin v27.4 (Yoast SEO v27.5) - https:\/\/yoast.com\/product\/yoast-seo-premium-wordpress\/ -->\n<title>Precios Individuales in Dallas - Fort Worth, TX - Low Cost Pet Vax\u00ae<\/title>\n<meta name=\"robots\" content=\"index, follow, max-snippet:-1, max-image-preview:large, max-video-preview:-1\" \/>\n<link rel=\"canonical\" href=\"https:\/\/www.lowcostpetvaccinations.net\/es\/vacunas-y-precios\/precios-individuales\/\" \/>\n<meta property=\"og:locale\" content=\"es_ES\" \/>\n<meta property=\"og:type\" content=\"article\" \/>\n<meta property=\"og:title\" content=\"Precios Individuales\" \/>\n<meta property=\"og:description\" content=\"Precios Individuales de Vacunas para Perro $10\u00a0\u2013\u00a0Rabia La ley de Texas requiere la vacuna de rabia. Dependiendo de los requisitos de su cuidad (y cual vacuna contra la rabia recibe), su perro o gato necesita la vacuna contra la rabia cada 3 a\u00f1os o cada a\u00f1o. Low Cost Pet Vax ofrece una vacuna contra la [&hellip;]\" \/>\n<meta property=\"og:url\" content=\"https:\/\/www.lowcostpetvaccinations.net\/es\/vacunas-y-precios\/precios-individuales\/\" \/>\n<meta property=\"og:site_name\" content=\"Low Cost Pet Vax\u00ae\" \/>\n<meta property=\"article:publisher\" content=\"http:\/\/www.facebook.com\/lowcostpetvax\" \/>\n<meta property=\"article:modified_time\" content=\"2025-01-22T16:09:45+00:00\" \/>\n<meta property=\"og:image\" content=\"https:\/\/www.lowcostpetvaccinations.net\/wp-content\/uploads\/2017\/11\/Banner-01-Spanish.jpg\" \/>\n\t<meta property=\"og:image:width\" content=\"2850\" \/>\n\t<meta property=\"og:image:height\" content=\"1030\" \/>\n\t<meta property=\"og:image:type\" content=\"image\/jpeg\" \/>\n<meta name=\"twitter:card\" content=\"summary_large_image\" \/>\n<meta name=\"twitter:site\" content=\"@lowcostpetvax\" \/>\n<meta name=\"twitter:label1\" content=\"Tiempo de lectura\" \/>\n\t<meta name=\"twitter:data1\" content=\"4 minutos\" \/>\n<script type=\"application\/ld+json\" class=\"yoast-schema-graph\">{\"@context\":\"https:\\\/\\\/schema.org\",\"@graph\":[{\"@type\":\"WebPage\",\"@id\":\"https:\\\/\\\/www.lowcostpetvaccinations.net\\\/es\\\/vacunas-y-precios\\\/precios-individuales\\\/\",\"url\":\"https:\\\/\\\/www.lowcostpetvaccinations.net\\\/es\\\/vacunas-y-precios\\\/precios-individuales\\\/\",\"name\":\"Precios Individuales in Dallas - Fort Worth, TX - Low Cost Pet Vax\u00ae\",\"isPartOf\":{\"@id\":\"https:\\\/\\\/www.lowcostpetvaccinations.net\\\/es\\\/#website\"},\"primaryImageOfPage\":{\"@id\":\"https:\\\/\\\/www.lowcostpetvaccinations.net\\\/es\\\/vacunas-y-precios\\\/precios-individuales\\\/#primaryimage\"},\"image\":{\"@id\":\"https:\\\/\\\/www.lowcostpetvaccinations.net\\\/es\\\/vacunas-y-precios\\\/precios-individuales\\\/#primaryimage\"},\"thumbnailUrl\":\"https:\\\/\\\/www.lowcostpetvaccinations.net\\\/wp-content\\\/uploads\\\/2017\\\/11\\\/Banner-01-Spanish.jpg\",\"datePublished\":\"2017-11-08T20:26:40+00:00\",\"dateModified\":\"2025-01-22T16:09:45+00:00\",\"breadcrumb\":{\"@id\":\"https:\\\/\\\/www.lowcostpetvaccinations.net\\\/es\\\/vacunas-y-precios\\\/precios-individuales\\\/#breadcrumb\"},\"inLanguage\":\"es\",\"potentialAction\":[{\"@type\":\"ReadAction\",\"target\":[\"https:\\\/\\\/www.lowcostpetvaccinations.net\\\/es\\\/vacunas-y-precios\\\/precios-individuales\\\/\"]}]},{\"@type\":\"ImageObject\",\"inLanguage\":\"es\",\"@id\":\"https:\\\/\\\/www.lowcostpetvaccinations.net\\\/es\\\/vacunas-y-precios\\\/precios-individuales\\\/#primaryimage\",\"url\":\"https:\\\/\\\/www.lowcostpetvaccinations.net\\\/wp-content\\\/uploads\\\/2017\\\/11\\\/Banner-01-Spanish.jpg\",\"contentUrl\":\"https:\\\/\\\/www.lowcostpetvaccinations.net\\\/wp-content\\\/uploads\\\/2017\\\/11\\\/Banner-01-Spanish.jpg\",\"width\":2850,\"height\":1030},{\"@type\":\"BreadcrumbList\",\"@id\":\"https:\\\/\\\/www.lowcostpetvaccinations.net\\\/es\\\/vacunas-y-precios\\\/precios-individuales\\\/#breadcrumb\",\"itemListElement\":[{\"@type\":\"ListItem\",\"position\":1,\"name\":\"Home\",\"item\":\"https:\\\/\\\/www.lowcostpetvaccinations.net\\\/es\\\/\"},{\"@type\":\"ListItem\",\"position\":2,\"name\":\"Vacunas y Precios\",\"item\":\"https:\\\/\\\/www.lowcostpetvaccinations.net\\\/es\\\/vacunas-y-precios\\\/\"},{\"@type\":\"ListItem\",\"position\":3,\"name\":\"Precios Individuales\"}]},{\"@type\":\"WebSite\",\"@id\":\"https:\\\/\\\/www.lowcostpetvaccinations.net\\\/es\\\/#website\",\"url\":\"https:\\\/\\\/www.lowcostpetvaccinations.net\\\/es\\\/\",\"name\":\"Low Cost Pet Vax\u00ae\",\"description\":\"Amigable, Conveniente, Accesible\",\"publisher\":{\"@id\":\"https:\\\/\\\/www.lowcostpetvaccinations.net\\\/es\\\/#organization\"},\"potentialAction\":[{\"@type\":\"SearchAction\",\"target\":{\"@type\":\"EntryPoint\",\"urlTemplate\":\"https:\\\/\\\/www.lowcostpetvaccinations.net\\\/es\\\/?s={search_term_string}\"},\"query-input\":{\"@type\":\"PropertyValueSpecification\",\"valueRequired\":true,\"valueName\":\"search_term_string\"}}],\"inLanguage\":\"es\"},{\"@type\":[\"Organization\",\"Place\",\"VeterinaryCare\"],\"@id\":\"https:\\\/\\\/www.lowcostpetvaccinations.net\\\/es\\\/#organization\",\"name\":\"Low Cost Pet Vax\",\"url\":\"https:\\\/\\\/www.lowcostpetvaccinations.net\\\/\",\"logo\":{\"@type\":\"ImageObject\",\"inLanguage\":\"es\",\"@id\":\"https:\\\/\\\/www.lowcostpetvaccinations.net\\\/es\\\/#\\\/schema\\\/logo\\\/image\\\/\",\"url\":\"https:\\\/\\\/www.lowcostpetvaccinations.net\\\/wp-content\\\/uploads\\\/2017\\\/02\\\/Logo.jpg\",\"contentUrl\":\"https:\\\/\\\/www.lowcostpetvaccinations.net\\\/wp-content\\\/uploads\\\/2017\\\/02\\\/Logo.jpg\",\"width\":960,\"height\":831,\"caption\":\"Low Cost Pet Vax\"},\"image\":{\"@id\":\"https:\\\/\\\/www.lowcostpetvaccinations.net\\\/es\\\/#\\\/schema\\\/logo\\\/image\\\/\"},\"sameAs\":[\"http:\\\/\\\/www.facebook.com\\\/lowcostpetvax\",\"https:\\\/\\\/x.com\\\/lowcostpetvax\"],\"telephone\":[\"(817) 282-1000\"],\"email\":\"contact@lowcostpetvax.com\"}]}<\/script>\n<!-- \/ Yoast SEO Premium plugin. -->","yoast_head_json":{"title":"Precios Individuales in Dallas - Fort Worth, TX - Low Cost Pet Vax\u00ae","robots":{"index":"index","follow":"follow","max-snippet":"max-snippet:-1","max-image-preview":"max-image-preview:large","max-video-preview":"max-video-preview:-1"},"canonical":"https:\/\/www.lowcostpetvaccinations.net\/es\/vacunas-y-precios\/precios-individuales\/","og_locale":"es_ES","og_type":"article","og_title":"Precios Individuales","og_description":"Precios Individuales de Vacunas para Perro $10\u00a0\u2013\u00a0Rabia La ley de Texas requiere la vacuna de rabia. Dependiendo de los requisitos de su cuidad (y cual vacuna contra la rabia recibe), su perro o gato necesita la vacuna contra la rabia cada 3 a\u00f1os o cada a\u00f1o. Low Cost Pet Vax ofrece una vacuna contra la [&hellip;]","og_url":"https:\/\/www.lowcostpetvaccinations.net\/es\/vacunas-y-precios\/precios-individuales\/","og_site_name":"Low Cost Pet Vax\u00ae","article_publisher":"http:\/\/www.facebook.com\/lowcostpetvax","article_modified_time":"2025-01-22T16:09:45+00:00","og_image":[{"width":2850,"height":1030,"url":"https:\/\/www.lowcostpetvaccinations.net\/wp-content\/uploads\/2017\/11\/Banner-01-Spanish.jpg","type":"image\/jpeg"}],"twitter_card":"summary_large_image","twitter_site":"@lowcostpetvax","twitter_misc":{"Tiempo de lectura":"4 minutos"},"schema":{"@context":"https:\/\/schema.org","@graph":[{"@type":"WebPage","@id":"https:\/\/www.lowcostpetvaccinations.net\/es\/vacunas-y-precios\/precios-individuales\/","url":"https:\/\/www.lowcostpetvaccinations.net\/es\/vacunas-y-precios\/precios-individuales\/","name":"Precios Individuales in Dallas - Fort Worth, TX - Low Cost Pet Vax\u00ae","isPartOf":{"@id":"https:\/\/www.lowcostpetvaccinations.net\/es\/#website"},"primaryImageOfPage":{"@id":"https:\/\/www.lowcostpetvaccinations.net\/es\/vacunas-y-precios\/precios-individuales\/#primaryimage"},"image":{"@id":"https:\/\/www.lowcostpetvaccinations.net\/es\/vacunas-y-precios\/precios-individuales\/#primaryimage"},"thumbnailUrl":"https:\/\/www.lowcostpetvaccinations.net\/wp-content\/uploads\/2017\/11\/Banner-01-Spanish.jpg","datePublished":"2017-11-08T20:26:40+00:00","dateModified":"2025-01-22T16:09:45+00:00","breadcrumb":{"@id":"https:\/\/www.lowcostpetvaccinations.net\/es\/vacunas-y-precios\/precios-individuales\/#breadcrumb"},"inLanguage":"es","potentialAction":[{"@type":"ReadAction","target":["https:\/\/www.lowcostpetvaccinations.net\/es\/vacunas-y-precios\/precios-individuales\/"]}]},{"@type":"ImageObject","inLanguage":"es","@id":"https:\/\/www.lowcostpetvaccinations.net\/es\/vacunas-y-precios\/precios-individuales\/#primaryimage","url":"https:\/\/www.lowcostpetvaccinations.net\/wp-content\/uploads\/2017\/11\/Banner-01-Spanish.jpg","contentUrl":"https:\/\/www.lowcostpetvaccinations.net\/wp-content\/uploads\/2017\/11\/Banner-01-Spanish.jpg","width":2850,"height":1030},{"@type":"BreadcrumbList","@id":"https:\/\/www.lowcostpetvaccinations.net\/es\/vacunas-y-precios\/precios-individuales\/#breadcrumb","itemListElement":[{"@type":"ListItem","position":1,"name":"Home","item":"https:\/\/www.lowcostpetvaccinations.net\/es\/"},{"@type":"ListItem","position":2,"name":"Vacunas y Precios","item":"https:\/\/www.lowcostpetvaccinations.net\/es\/vacunas-y-precios\/"},{"@type":"ListItem","position":3,"name":"Precios Individuales"}]},{"@type":"WebSite","@id":"https:\/\/www.lowcostpetvaccinations.net\/es\/#website","url":"https:\/\/www.lowcostpetvaccinations.net\/es\/","name":"Low Cost Pet Vax\u00ae","description":"Amigable, Conveniente, Accesible","publisher":{"@id":"https:\/\/www.lowcostpetvaccinations.net\/es\/#organization"},"potentialAction":[{"@type":"SearchAction","target":{"@type":"EntryPoint","urlTemplate":"https:\/\/www.lowcostpetvaccinations.net\/es\/?s={search_term_string}"},"query-input":{"@type":"PropertyValueSpecification","valueRequired":true,"valueName":"search_term_string"}}],"inLanguage":"es"},{"@type":["Organization","Place","VeterinaryCare"],"@id":"https:\/\/www.lowcostpetvaccinations.net\/es\/#organization","name":"Low Cost Pet Vax","url":"https:\/\/www.lowcostpetvaccinations.net\/","logo":{"@type":"ImageObject","inLanguage":"es","@id":"https:\/\/www.lowcostpetvaccinations.net\/es\/#\/schema\/logo\/image\/","url":"https:\/\/www.lowcostpetvaccinations.net\/wp-content\/uploads\/2017\/02\/Logo.jpg","contentUrl":"https:\/\/www.lowcostpetvaccinations.net\/wp-content\/uploads\/2017\/02\/Logo.jpg","width":960,"height":831,"caption":"Low Cost Pet Vax"},"image":{"@id":"https:\/\/www.lowcostpetvaccinations.net\/es\/#\/schema\/logo\/image\/"},"sameAs":["http:\/\/www.facebook.com\/lowcostpetvax","https:\/\/x.com\/lowcostpetvax"],"telephone":["(817) 282-1000"],"email":"contact@lowcostpetvax.com"}]}},"jetpack_sharing_enabled":true,"_links":{"self":[{"href":"https:\/\/www.lowcostpetvaccinations.net\/es\/wp-json\/wp\/v2\/pages\/1555","targetHints":{"allow":["GET"]}}],"collection":[{"href":"https:\/\/www.lowcostpetvaccinations.net\/es\/wp-json\/wp\/v2\/pages"}],"about":[{"href":"https:\/\/www.lowcostpetvaccinations.net\/es\/wp-json\/wp\/v2\/types\/page"}],"author":[{"embeddable":true,"href":"https:\/\/www.lowcostpetvaccinations.net\/es\/wp-json\/wp\/v2\/users\/3"}],"replies":[{"embeddable":true,"href":"https:\/\/www.lowcostpetvaccinations.net\/es\/wp-json\/wp\/v2\/comments?post=1555"}],"version-history":[{"count":8,"href":"https:\/\/www.lowcostpetvaccinations.net\/es\/wp-json\/wp\/v2\/pages\/1555\/revisions"}],"predecessor-version":[{"id":7057,"href":"https:\/\/www.lowcostpetvaccinations.net\/es\/wp-json\/wp\/v2\/pages\/1555\/revisions\/7057"}],"up":[{"embeddable":true,"href":"https:\/\/www.lowcostpetvaccinations.net\/es\/wp-json\/wp\/v2\/pages\/1078"}],"wp:featuredmedia":[{"embeddable":true,"href":"https:\/\/www.lowcostpetvaccinations.net\/es\/wp-json\/wp\/v2\/media\/1557"}],"wp:attachment":[{"href":"https:\/\/www.lowcostpetvaccinations.net\/es\/wp-json\/wp\/v2\/media?parent=1555"}],"curies":[{"name":"wp","href":"https:\/\/api.w.org\/{rel}","templated":true}]}}