{"id":1529,"date":"2017-08-31T23:22:22","date_gmt":"2017-08-31T23:22:22","guid":{"rendered":"http:\/\/www.lowcostpetvaccinations.net\/horarios-y-ubicaciones\/pet-vaccination-clinics-dallas\/"},"modified":"2020-10-13T20:17:42","modified_gmt":"2020-10-13T20:17:42","slug":"vacunas-mascotas-dallas","status":"publish","type":"page","link":"https:\/\/www.lowcostpetvaccinations.net\/es\/horarios-y-ubicaciones\/vacunas-mascotas-dallas\/","title":{"rendered":"Vacunas para Mascotas a Bajo Costo en Dallas"},"content":{"rendered":"<h1 style=\"text-align: center;\">Low Cost Pet Vax Cl\u00ednicas en Dallas<\/h1>\n<p style=\"text-align: center;\">\u00a1El horario esta sujeto a cambios! \u00a1Aserg\u00farate de revisar nuestro horario frecuentemente o <a href=\"http:\/\/www.facebook.com\/lowcostpetvax\/\">S\u00edguenos en Facebook<\/a>\u00a0para mantenerse actualizado!<\/p>\n<p><iframe loading=\"lazy\" style=\"border: 1px solid #aaa;\" src=\"\/\/batchgeo.com\/map\/003109bc6eb1b4d3cfc3268d69b7cd9c\" width=\"100%\" height=\"550\" frameborder=\"0\"><\/iframe><\/p>\n<p><small>Ver\u00a0<a href=\"http:\/\/batchgeo.com\/map\/003109bc6eb1b4d3cfc3268d69b7cd9c\">Low Cost Pet Vax Cl\u00ednicas en Dallas<\/a>\u00a0en un mapa de pantalla completa\u00a0<\/small><\/p>\n<h2 style=\"text-align: center;\"><strong><em>Cl\u00ednicas en Dallas<\/em><\/strong><\/h2>\n<h3 style=\"text-align: center;\"><strong>Cada 1<sup>er<\/sup><\/strong><b> y <\/b><strong>3<\/strong><strong><sup>er <\/sup><\/strong><b><\/b><strong>S\u00e1bado<\/strong><\/h3>\n<p style=\"text-align: center;\"><em><a href=\"http:\/\/www.facebook.com\/events\/214426203210524\/\"><strong>O&#8217;Reilly&#8217;s<\/strong><\/a>: 2215 S Marsalis Ave, Dallas, TX 75216 &#8211; 9am &#8211; 4pm<\/em><\/p>\n<h3 style=\"text-align: center;\"><b>Cada <\/b><strong>1<sup>er <\/sup><\/strong><b>y <\/b><strong>3<\/strong><strong><sup>er\u00a0<\/sup><\/strong><b>Domingo<\/b><\/h3>\n<p style=\"text-align: center;\"><em><strong><a href=\"http:\/\/www.facebook.com\/events\/2664909017057502\/\">La Carreta Meat Market<\/a>:<\/strong> 11501 Elam Rd, Balch Springs, TX 75180 &#8211; 11am &#8211; 4pm<\/em><\/p>\n<p style=\"text-align: center;\"><strong><em><a href=\"http:\/\/www.facebook.com\/events\/448347202779665\/\">O&#8217;Reilly&#8217;s<\/a><\/em>: <\/strong><em>2072 Singleton Blvd, Dallas, TX 75212 &#8211; 11am &#8211; 4pm<\/em><\/p>\n<h3 style=\"text-align: center;\"><b>Cada 2\u00ba y 4\u00ba S\u00e1bado<\/b><\/h3>\n<p style=\"text-align: center;\"><em><b><a href=\"http:\/\/www.facebook.com\/events\/211357903235419\/\">O&#8217;Reilly&#8217;s<\/a>:\u00a0<\/b>11515 Garland Rd, Dallas, TX 75218 &#8211; 9am &#8211; 4pm<\/em><\/p>\n<p style=\"text-align: center;\"><em><strong><a href=\"http:\/\/www.facebook.com\/events\/2838852342815614\/\">Westlake Ace<\/a>:\u00a0<\/strong>12895 Josey Ln, Farmer&#8217;s Branch, TX 75234 &#8211; 9am &#8211; 4pm<\/em><\/p>\n<p style=\"text-align: center;\"><strong><a href=\"http:\/\/www.facebook.com\/events\/3368958146467279\/\">Advance Auto<\/a>:<\/strong><em> 2434 W Illinois, Dallas, TX 75233<\/em><em>\u00a0&#8211;\u00a0<\/em>9am &#8211; 4pm<\/p>\n<h3 style=\"text-align: center;\"><b>Cada 2\u00ba y 4\u00ba S\u00e1bado<\/b><\/h3>\n<p style=\"text-align: center;\"><em><b><a href=\"http:\/\/www.facebook.com\/events\/265216041343277\/\">Jimmy John&#8217;s<\/a>: <\/b>4121 Gaston Ave, Dallas, TX 75246 &#8211; 9am &#8211; 4pm<\/em><\/p>\n<h3 style=\"text-align: center;\"><b>Cada 4\u00ba <\/b><b>Domingo<\/b><\/h3>\n<p style=\"text-align: center;\"><em><strong><a href=\"http:\/\/www.facebook.com\/events\/604196347088267\/\">O&#8217;Reilly&#8217;s<\/a>: <\/strong>4131 W Jefferson Blvd, Dallas, TX 75211 &#8211; 11am &#8211; 4pm<\/em><\/p>\n<p style=\"text-align: center;\"><a href=\"https:\/\/www.lowcostpetvaccinations.net\/es\/horarios-y-ubicaciones\/\">Ver nuestro horario completo.<\/a><\/p>\n<p>&nbsp;<\/p>\n<div style=\"text-align: center;\">\u00bfTienes m\u00e1s preguntas? Ll\u00e1menos al 817-282-1000 o env\u00edenos un correo electr\u00f3nico a contact@lowcostpetvax.com. \u00a1Estamos aqu\u00ed para ayudar!<\/div>\n<div style=\"text-align: center;\"><\/div>\n<div style=\"text-align: center;\"><em>Excelentes precios, Excelente servicio \u2013 Amable, Conveniente, Accessible<\/em><\/div>\n","protected":false},"excerpt":{"rendered":"<p>Low Cost Pet Vax Cl\u00ednicas en Dallas \u00a1El horario esta sujeto a cambios! \u00a1Aserg\u00farate de revisar nuestro horario frecuentemente o S\u00edguenos en Facebook\u00a0para mantenerse actualizado! Ver\u00a0Low Cost Pet Vax Cl\u00ednicas en Dallas\u00a0en un mapa de pantalla completa\u00a0 Cl\u00ednicas en Dallas Cada 1er y 3er S\u00e1bado O&#8217;Reilly&#8217;s: 2215 S Marsalis Ave, Dallas, TX 75216 &#8211; 9am [&hellip;]<\/p>\n","protected":false},"author":3,"featured_media":0,"parent":1076,"menu_order":0,"comment_status":"closed","ping_status":"closed","template":"","meta":{"nf_dc_page":"","footnotes":""},"class_list":["post-1529","page","type-page","status-publish","hentry"],"yoast_head":"<!-- This site is optimized with the Yoast SEO Premium plugin v27.3 (Yoast SEO v27.4) - https:\/\/yoast.com\/product\/yoast-seo-premium-wordpress\/ -->\n<title>Vacunas para Mascotas a Bajo Costo en Dallas - Low Cost Pet Vax\u00ae<\/title>\n<meta name=\"description\" content=\"Find affordable pet vaccination clinics in Dallas every weekend! Low Cost Pet Vax hosts clinics for your cat&#039;s or dog&#039;s vax, flea\/tick prevention &amp; more!\" \/>\n<meta name=\"robots\" content=\"index, follow, max-snippet:-1, max-image-preview:large, max-video-preview:-1\" \/>\n<link rel=\"canonical\" href=\"https:\/\/www.lowcostpetvaccinations.net\/es\/horarios-y-ubicaciones\/vacunas-mascotas-dallas\/\" \/>\n<meta property=\"og:locale\" content=\"es_ES\" \/>\n<meta property=\"og:type\" content=\"article\" \/>\n<meta property=\"og:title\" content=\"Vacunas para Mascotas a Bajo Costo en Dallas\" \/>\n<meta property=\"og:description\" content=\"Find affordable pet vaccination clinics in Dallas every weekend! Low Cost Pet Vax hosts clinics for your cat&#039;s or dog&#039;s vax, flea\/tick prevention &amp; more!\" \/>\n<meta property=\"og:url\" content=\"https:\/\/www.lowcostpetvaccinations.net\/es\/horarios-y-ubicaciones\/vacunas-mascotas-dallas\/\" \/>\n<meta property=\"og:site_name\" content=\"Low Cost Pet Vax\u00ae\" \/>\n<meta property=\"article:publisher\" content=\"http:\/\/www.facebook.com\/lowcostpetvax\" \/>\n<meta property=\"article:modified_time\" content=\"2020-10-13T20:17:42+00:00\" \/>\n<meta name=\"twitter:card\" content=\"summary_large_image\" \/>\n<meta name=\"twitter:site\" content=\"@lowcostpetvax\" \/>\n<meta name=\"twitter:label1\" content=\"Tiempo de lectura\" \/>\n\t<meta name=\"twitter:data1\" content=\"1 minuto\" \/>\n<script type=\"application\/ld+json\" class=\"yoast-schema-graph\">{\"@context\":\"https:\\\/\\\/schema.org\",\"@graph\":[{\"@type\":\"WebPage\",\"@id\":\"https:\\\/\\\/www.lowcostpetvaccinations.net\\\/es\\\/horarios-y-ubicaciones\\\/vacunas-mascotas-dallas\\\/\",\"url\":\"https:\\\/\\\/www.lowcostpetvaccinations.net\\\/es\\\/horarios-y-ubicaciones\\\/vacunas-mascotas-dallas\\\/\",\"name\":\"Vacunas para Mascotas a Bajo Costo en Dallas - Low Cost Pet Vax\u00ae\",\"isPartOf\":{\"@id\":\"https:\\\/\\\/www.lowcostpetvaccinations.net\\\/es\\\/#website\"},\"datePublished\":\"2017-08-31T23:22:22+00:00\",\"dateModified\":\"2020-10-13T20:17:42+00:00\",\"description\":\"Find affordable pet vaccination clinics in Dallas every weekend! Low Cost Pet Vax hosts clinics for your cat's or dog's vax, flea\\\/tick prevention & more!\",\"breadcrumb\":{\"@id\":\"https:\\\/\\\/www.lowcostpetvaccinations.net\\\/es\\\/horarios-y-ubicaciones\\\/vacunas-mascotas-dallas\\\/#breadcrumb\"},\"inLanguage\":\"es\",\"potentialAction\":[{\"@type\":\"ReadAction\",\"target\":[\"https:\\\/\\\/www.lowcostpetvaccinations.net\\\/es\\\/horarios-y-ubicaciones\\\/vacunas-mascotas-dallas\\\/\"]}]},{\"@type\":\"BreadcrumbList\",\"@id\":\"https:\\\/\\\/www.lowcostpetvaccinations.net\\\/es\\\/horarios-y-ubicaciones\\\/vacunas-mascotas-dallas\\\/#breadcrumb\",\"itemListElement\":[{\"@type\":\"ListItem\",\"position\":1,\"name\":\"Home\",\"item\":\"https:\\\/\\\/www.lowcostpetvaccinations.net\\\/es\\\/\"},{\"@type\":\"ListItem\",\"position\":2,\"name\":\"Horarios y Ubicaci\u00f3nes\",\"item\":\"https:\\\/\\\/www.lowcostpetvaccinations.net\\\/es\\\/horarios-y-ubicaciones\\\/\"},{\"@type\":\"ListItem\",\"position\":3,\"name\":\"Vacunas para Mascotas a Bajo Costo en Dallas\"}]},{\"@type\":\"WebSite\",\"@id\":\"https:\\\/\\\/www.lowcostpetvaccinations.net\\\/es\\\/#website\",\"url\":\"https:\\\/\\\/www.lowcostpetvaccinations.net\\\/es\\\/\",\"name\":\"Low Cost Pet Vax\u00ae\",\"description\":\"Amigable, Conveniente, Accesible\",\"publisher\":{\"@id\":\"https:\\\/\\\/www.lowcostpetvaccinations.net\\\/es\\\/#organization\"},\"potentialAction\":[{\"@type\":\"SearchAction\",\"target\":{\"@type\":\"EntryPoint\",\"urlTemplate\":\"https:\\\/\\\/www.lowcostpetvaccinations.net\\\/es\\\/?s={search_term_string}\"},\"query-input\":{\"@type\":\"PropertyValueSpecification\",\"valueRequired\":true,\"valueName\":\"search_term_string\"}}],\"inLanguage\":\"es\"},{\"@type\":[\"Organization\",\"Place\",\"VeterinaryCare\"],\"@id\":\"https:\\\/\\\/www.lowcostpetvaccinations.net\\\/es\\\/#organization\",\"name\":\"Low Cost Pet Vax\",\"url\":\"https:\\\/\\\/www.lowcostpetvaccinations.net\\\/\",\"logo\":{\"@type\":\"ImageObject\",\"inLanguage\":\"es\",\"@id\":\"https:\\\/\\\/www.lowcostpetvaccinations.net\\\/es\\\/#\\\/schema\\\/logo\\\/image\\\/\",\"url\":\"https:\\\/\\\/www.lowcostpetvaccinations.net\\\/wp-content\\\/uploads\\\/2017\\\/02\\\/Logo.jpg\",\"contentUrl\":\"https:\\\/\\\/www.lowcostpetvaccinations.net\\\/wp-content\\\/uploads\\\/2017\\\/02\\\/Logo.jpg\",\"width\":960,\"height\":831,\"caption\":\"Low Cost Pet Vax\"},\"image\":{\"@id\":\"https:\\\/\\\/www.lowcostpetvaccinations.net\\\/es\\\/#\\\/schema\\\/logo\\\/image\\\/\"},\"sameAs\":[\"http:\\\/\\\/www.facebook.com\\\/lowcostpetvax\",\"https:\\\/\\\/x.com\\\/lowcostpetvax\"],\"telephone\":[\"(817) 282-1000\"],\"email\":\"contact@lowcostpetvax.com\"}]}<\/script>\n<!-- \/ Yoast SEO Premium plugin. -->","yoast_head_json":{"title":"Vacunas para Mascotas a Bajo Costo en Dallas - Low Cost Pet Vax\u00ae","description":"Find affordable pet vaccination clinics in Dallas every weekend! Low Cost Pet Vax hosts clinics for your cat's or dog's vax, flea\/tick prevention & more!","robots":{"index":"index","follow":"follow","max-snippet":"max-snippet:-1","max-image-preview":"max-image-preview:large","max-video-preview":"max-video-preview:-1"},"canonical":"https:\/\/www.lowcostpetvaccinations.net\/es\/horarios-y-ubicaciones\/vacunas-mascotas-dallas\/","og_locale":"es_ES","og_type":"article","og_title":"Vacunas para Mascotas a Bajo Costo en Dallas","og_description":"Find affordable pet vaccination clinics in Dallas every weekend! Low Cost Pet Vax hosts clinics for your cat's or dog's vax, flea\/tick prevention & more!","og_url":"https:\/\/www.lowcostpetvaccinations.net\/es\/horarios-y-ubicaciones\/vacunas-mascotas-dallas\/","og_site_name":"Low Cost Pet Vax\u00ae","article_publisher":"http:\/\/www.facebook.com\/lowcostpetvax","article_modified_time":"2020-10-13T20:17:42+00:00","twitter_card":"summary_large_image","twitter_site":"@lowcostpetvax","twitter_misc":{"Tiempo de lectura":"1 minuto"},"schema":{"@context":"https:\/\/schema.org","@graph":[{"@type":"WebPage","@id":"https:\/\/www.lowcostpetvaccinations.net\/es\/horarios-y-ubicaciones\/vacunas-mascotas-dallas\/","url":"https:\/\/www.lowcostpetvaccinations.net\/es\/horarios-y-ubicaciones\/vacunas-mascotas-dallas\/","name":"Vacunas para Mascotas a Bajo Costo en Dallas - Low Cost Pet Vax\u00ae","isPartOf":{"@id":"https:\/\/www.lowcostpetvaccinations.net\/es\/#website"},"datePublished":"2017-08-31T23:22:22+00:00","dateModified":"2020-10-13T20:17:42+00:00","description":"Find affordable pet vaccination clinics in Dallas every weekend! Low Cost Pet Vax hosts clinics for your cat's or dog's vax, flea\/tick prevention & more!","breadcrumb":{"@id":"https:\/\/www.lowcostpetvaccinations.net\/es\/horarios-y-ubicaciones\/vacunas-mascotas-dallas\/#breadcrumb"},"inLanguage":"es","potentialAction":[{"@type":"ReadAction","target":["https:\/\/www.lowcostpetvaccinations.net\/es\/horarios-y-ubicaciones\/vacunas-mascotas-dallas\/"]}]},{"@type":"BreadcrumbList","@id":"https:\/\/www.lowcostpetvaccinations.net\/es\/horarios-y-ubicaciones\/vacunas-mascotas-dallas\/#breadcrumb","itemListElement":[{"@type":"ListItem","position":1,"name":"Home","item":"https:\/\/www.lowcostpetvaccinations.net\/es\/"},{"@type":"ListItem","position":2,"name":"Horarios y Ubicaci\u00f3nes","item":"https:\/\/www.lowcostpetvaccinations.net\/es\/horarios-y-ubicaciones\/"},{"@type":"ListItem","position":3,"name":"Vacunas para Mascotas a Bajo Costo en Dallas"}]},{"@type":"WebSite","@id":"https:\/\/www.lowcostpetvaccinations.net\/es\/#website","url":"https:\/\/www.lowcostpetvaccinations.net\/es\/","name":"Low Cost Pet Vax\u00ae","description":"Amigable, Conveniente, Accesible","publisher":{"@id":"https:\/\/www.lowcostpetvaccinations.net\/es\/#organization"},"potentialAction":[{"@type":"SearchAction","target":{"@type":"EntryPoint","urlTemplate":"https:\/\/www.lowcostpetvaccinations.net\/es\/?s={search_term_string}"},"query-input":{"@type":"PropertyValueSpecification","valueRequired":true,"valueName":"search_term_string"}}],"inLanguage":"es"},{"@type":["Organization","Place","VeterinaryCare"],"@id":"https:\/\/www.lowcostpetvaccinations.net\/es\/#organization","name":"Low Cost Pet Vax","url":"https:\/\/www.lowcostpetvaccinations.net\/","logo":{"@type":"ImageObject","inLanguage":"es","@id":"https:\/\/www.lowcostpetvaccinations.net\/es\/#\/schema\/logo\/image\/","url":"https:\/\/www.lowcostpetvaccinations.net\/wp-content\/uploads\/2017\/02\/Logo.jpg","contentUrl":"https:\/\/www.lowcostpetvaccinations.net\/wp-content\/uploads\/2017\/02\/Logo.jpg","width":960,"height":831,"caption":"Low Cost Pet Vax"},"image":{"@id":"https:\/\/www.lowcostpetvaccinations.net\/es\/#\/schema\/logo\/image\/"},"sameAs":["http:\/\/www.facebook.com\/lowcostpetvax","https:\/\/x.com\/lowcostpetvax"],"telephone":["(817) 282-1000"],"email":"contact@lowcostpetvax.com"}]}},"jetpack_sharing_enabled":true,"_links":{"self":[{"href":"https:\/\/www.lowcostpetvaccinations.net\/es\/wp-json\/wp\/v2\/pages\/1529","targetHints":{"allow":["GET"]}}],"collection":[{"href":"https:\/\/www.lowcostpetvaccinations.net\/es\/wp-json\/wp\/v2\/pages"}],"about":[{"href":"https:\/\/www.lowcostpetvaccinations.net\/es\/wp-json\/wp\/v2\/types\/page"}],"author":[{"embeddable":true,"href":"https:\/\/www.lowcostpetvaccinations.net\/es\/wp-json\/wp\/v2\/users\/3"}],"replies":[{"embeddable":true,"href":"https:\/\/www.lowcostpetvaccinations.net\/es\/wp-json\/wp\/v2\/comments?post=1529"}],"version-history":[{"count":12,"href":"https:\/\/www.lowcostpetvaccinations.net\/es\/wp-json\/wp\/v2\/pages\/1529\/revisions"}],"predecessor-version":[{"id":3629,"href":"https:\/\/www.lowcostpetvaccinations.net\/es\/wp-json\/wp\/v2\/pages\/1529\/revisions\/3629"}],"up":[{"embeddable":true,"href":"https:\/\/www.lowcostpetvaccinations.net\/es\/wp-json\/wp\/v2\/pages\/1076"}],"wp:attachment":[{"href":"https:\/\/www.lowcostpetvaccinations.net\/es\/wp-json\/wp\/v2\/media?parent=1529"}],"curies":[{"name":"wp","href":"https:\/\/api.w.org\/{rel}","templated":true}]}}