{"id":1523,"date":"2017-10-23T19:27:55","date_gmt":"2017-10-23T19:27:55","guid":{"rendered":"http:\/\/www.lowcostpetvaccinations.net\/horarios-y-ubicaciones\/pet-vaccination-clinics-arlington\/"},"modified":"2020-10-06T21:27:31","modified_gmt":"2020-10-06T21:27:31","slug":"vacunas-mascotas-arlington","status":"publish","type":"page","link":"https:\/\/www.lowcostpetvaccinations.net\/es\/horarios-y-ubicaciones\/vacunas-mascotas-arlington\/","title":{"rendered":"Vacunas para Mascotas a Bajo Costo en Arlington"},"content":{"rendered":"<h1 style=\"text-align: center;\">Low Cost Pet Vax Cl\u00ednicas en Arlington: Vacunas para Mascotas<\/h1>\n<p style=\"text-align: center;\"><iframe loading=\"lazy\" style=\"border: 1px solid #aaa;\" src=\"\/\/batchgeo.com\/map\/3655aaa0a4cc6cc5dc2b0072b6ed6f67\" width=\"100%\" height=\"550\" frameborder=\"0\"><\/iframe><\/p>\n<p style=\"text-align: center;\"><small>Ver\u00a0<a href=\"http:\/\/batchgeo.com\/map\/3655aaa0a4cc6cc5dc2b0072b6ed6f67\">Low Cost Pet Vax Cl\u00ednicas en Arlington<\/a>\u00a0en un mapa en pantalla completa\u00a0<\/small><\/p>\n<h3 style=\"text-align: center;\">\u00a0<a href=\"http:\/\/www.facebook.com\/events\/2025247527782602\/\"><strong>Westlake Ace<\/strong><\/a><\/h3>\n<p style=\"text-align: center;\">1705 West Park Row, Arlington, TX 76013<\/p>\n<p style=\"text-align: center;\"><em><strong>Cada 1o Sabado, 9am &#8211; 4pm<\/strong><\/em><\/p>\n<h3 style=\"text-align: center;\">\u00a0<a href=\"http:\/\/www.facebook.com\/events\/703830180099072\/\"><strong>Dollar General<\/strong><\/a><\/h3>\n<p style=\"text-align: center;\">1200 E Pioneer Pkwy, Arlington, TX 76010<\/p>\n<p style=\"text-align: center;\"><em><strong>Cada 3er Sabado, 9am &#8211; 4pm<\/strong><\/em><\/p>\n<p>&nbsp;<\/p>\n<p style=\"text-align: center;\">Ver nuestro horario completo\u00a0<em><a href=\"https:\/\/www.lowcostpetvaccinations.net\/es\/horarios-y-ubicaciones\/\">aqu\u00ed<\/a>.<\/em><\/p>\n<div style=\"text-align: center;\">\u00bfTienes m\u00e1s preguntas? Ll\u00e1menos al 817-282-1000 o env\u00edenos un correo electr\u00f3nico a contact@lowcostpetvax.com. \u00a1Estamos aqu\u00ed para ayudar!<\/div>\n<div style=\"text-align: center;\"><\/div>\n<div style=\"text-align: center;\"><em>Excelentes precios, Excelente servicio \u2013 Amable, Conveniente, Accessible<\/em><\/div>\n","protected":false},"excerpt":{"rendered":"<p>Low Cost Pet Vax Cl\u00ednicas en Arlington: Vacunas para Mascotas Ver\u00a0Low Cost Pet Vax Cl\u00ednicas en Arlington\u00a0en un mapa en pantalla completa\u00a0 \u00a0Westlake Ace 1705 West Park Row, Arlington, TX 76013 Cada 1o Sabado, 9am &#8211; 4pm \u00a0Dollar General 1200 E Pioneer Pkwy, Arlington, TX 76010 Cada 3er Sabado, 9am &#8211; 4pm &nbsp; Ver nuestro [&hellip;]<\/p>\n","protected":false},"author":3,"featured_media":0,"parent":1076,"menu_order":0,"comment_status":"closed","ping_status":"closed","template":"","meta":{"nf_dc_page":"","footnotes":""},"class_list":["post-1523","page","type-page","status-publish","hentry"],"yoast_head":"<!-- This site is optimized with the Yoast SEO Premium plugin v27.3 (Yoast SEO v27.4) - https:\/\/yoast.com\/product\/yoast-seo-premium-wordpress\/ -->\n<title>Vacunas para Mascotas a Bajo Costo en Arlington - Low Cost Pet Vax\u00ae<\/title>\n<meta name=\"description\" content=\"Low Cost Pet Vax esta en Arlington cada 1o y 3o sabado! Mira nuestras ubicaciones para Arlington vacunas para mascotas y mas informacion.\" \/>\n<meta name=\"robots\" content=\"index, follow, max-snippet:-1, max-image-preview:large, max-video-preview:-1\" \/>\n<link rel=\"canonical\" href=\"https:\/\/www.lowcostpetvaccinations.net\/es\/horarios-y-ubicaciones\/vacunas-mascotas-arlington\/\" \/>\n<meta property=\"og:locale\" content=\"es_ES\" \/>\n<meta property=\"og:type\" content=\"article\" \/>\n<meta property=\"og:title\" content=\"Vacunas para Mascotas a Bajo Costo en Arlington\" \/>\n<meta property=\"og:description\" content=\"Low Cost Pet Vax esta en Arlington cada 1o y 3o sabado! Mira nuestras ubicaciones para Arlington vacunas para mascotas y mas informacion.\" \/>\n<meta property=\"og:url\" content=\"https:\/\/www.lowcostpetvaccinations.net\/es\/horarios-y-ubicaciones\/vacunas-mascotas-arlington\/\" \/>\n<meta property=\"og:site_name\" content=\"Low Cost Pet Vax\u00ae\" \/>\n<meta property=\"article:publisher\" content=\"http:\/\/www.facebook.com\/lowcostpetvax\" \/>\n<meta property=\"article:modified_time\" content=\"2020-10-06T21:27:31+00:00\" \/>\n<meta name=\"twitter:card\" content=\"summary_large_image\" \/>\n<meta name=\"twitter:site\" content=\"@lowcostpetvax\" \/>\n<script type=\"application\/ld+json\" class=\"yoast-schema-graph\">{\"@context\":\"https:\\\/\\\/schema.org\",\"@graph\":[{\"@type\":\"WebPage\",\"@id\":\"https:\\\/\\\/www.lowcostpetvaccinations.net\\\/es\\\/horarios-y-ubicaciones\\\/vacunas-mascotas-arlington\\\/\",\"url\":\"https:\\\/\\\/www.lowcostpetvaccinations.net\\\/es\\\/horarios-y-ubicaciones\\\/vacunas-mascotas-arlington\\\/\",\"name\":\"Vacunas para Mascotas a Bajo Costo en Arlington - Low Cost Pet Vax\u00ae\",\"isPartOf\":{\"@id\":\"https:\\\/\\\/www.lowcostpetvaccinations.net\\\/es\\\/#website\"},\"datePublished\":\"2017-10-23T19:27:55+00:00\",\"dateModified\":\"2020-10-06T21:27:31+00:00\",\"description\":\"Low Cost Pet Vax esta en Arlington cada 1o y 3o sabado! Mira nuestras ubicaciones para Arlington vacunas para mascotas y mas informacion.\",\"breadcrumb\":{\"@id\":\"https:\\\/\\\/www.lowcostpetvaccinations.net\\\/es\\\/horarios-y-ubicaciones\\\/vacunas-mascotas-arlington\\\/#breadcrumb\"},\"inLanguage\":\"es\",\"potentialAction\":[{\"@type\":\"ReadAction\",\"target\":[\"https:\\\/\\\/www.lowcostpetvaccinations.net\\\/es\\\/horarios-y-ubicaciones\\\/vacunas-mascotas-arlington\\\/\"]}]},{\"@type\":\"BreadcrumbList\",\"@id\":\"https:\\\/\\\/www.lowcostpetvaccinations.net\\\/es\\\/horarios-y-ubicaciones\\\/vacunas-mascotas-arlington\\\/#breadcrumb\",\"itemListElement\":[{\"@type\":\"ListItem\",\"position\":1,\"name\":\"Home\",\"item\":\"https:\\\/\\\/www.lowcostpetvaccinations.net\\\/es\\\/\"},{\"@type\":\"ListItem\",\"position\":2,\"name\":\"Horarios y Ubicaci\u00f3nes\",\"item\":\"https:\\\/\\\/www.lowcostpetvaccinations.net\\\/es\\\/horarios-y-ubicaciones\\\/\"},{\"@type\":\"ListItem\",\"position\":3,\"name\":\"Vacunas para Mascotas a Bajo Costo en Arlington\"}]},{\"@type\":\"WebSite\",\"@id\":\"https:\\\/\\\/www.lowcostpetvaccinations.net\\\/es\\\/#website\",\"url\":\"https:\\\/\\\/www.lowcostpetvaccinations.net\\\/es\\\/\",\"name\":\"Low Cost Pet Vax\u00ae\",\"description\":\"Amigable, Conveniente, Accesible\",\"publisher\":{\"@id\":\"https:\\\/\\\/www.lowcostpetvaccinations.net\\\/es\\\/#organization\"},\"potentialAction\":[{\"@type\":\"SearchAction\",\"target\":{\"@type\":\"EntryPoint\",\"urlTemplate\":\"https:\\\/\\\/www.lowcostpetvaccinations.net\\\/es\\\/?s={search_term_string}\"},\"query-input\":{\"@type\":\"PropertyValueSpecification\",\"valueRequired\":true,\"valueName\":\"search_term_string\"}}],\"inLanguage\":\"es\"},{\"@type\":[\"Organization\",\"Place\",\"VeterinaryCare\"],\"@id\":\"https:\\\/\\\/www.lowcostpetvaccinations.net\\\/es\\\/#organization\",\"name\":\"Low Cost Pet Vax\",\"url\":\"https:\\\/\\\/www.lowcostpetvaccinations.net\\\/\",\"logo\":{\"@type\":\"ImageObject\",\"inLanguage\":\"es\",\"@id\":\"https:\\\/\\\/www.lowcostpetvaccinations.net\\\/es\\\/#\\\/schema\\\/logo\\\/image\\\/\",\"url\":\"https:\\\/\\\/www.lowcostpetvaccinations.net\\\/wp-content\\\/uploads\\\/2017\\\/02\\\/Logo.jpg\",\"contentUrl\":\"https:\\\/\\\/www.lowcostpetvaccinations.net\\\/wp-content\\\/uploads\\\/2017\\\/02\\\/Logo.jpg\",\"width\":960,\"height\":831,\"caption\":\"Low Cost Pet Vax\"},\"image\":{\"@id\":\"https:\\\/\\\/www.lowcostpetvaccinations.net\\\/es\\\/#\\\/schema\\\/logo\\\/image\\\/\"},\"sameAs\":[\"http:\\\/\\\/www.facebook.com\\\/lowcostpetvax\",\"https:\\\/\\\/x.com\\\/lowcostpetvax\"],\"telephone\":[\"(817) 282-1000\"],\"email\":\"contact@lowcostpetvax.com\"}]}<\/script>\n<!-- \/ Yoast SEO Premium plugin. -->","yoast_head_json":{"title":"Vacunas para Mascotas a Bajo Costo en Arlington - Low Cost Pet Vax\u00ae","description":"Low Cost Pet Vax esta en Arlington cada 1o y 3o sabado! Mira nuestras ubicaciones para Arlington vacunas para mascotas y mas informacion.","robots":{"index":"index","follow":"follow","max-snippet":"max-snippet:-1","max-image-preview":"max-image-preview:large","max-video-preview":"max-video-preview:-1"},"canonical":"https:\/\/www.lowcostpetvaccinations.net\/es\/horarios-y-ubicaciones\/vacunas-mascotas-arlington\/","og_locale":"es_ES","og_type":"article","og_title":"Vacunas para Mascotas a Bajo Costo en Arlington","og_description":"Low Cost Pet Vax esta en Arlington cada 1o y 3o sabado! Mira nuestras ubicaciones para Arlington vacunas para mascotas y mas informacion.","og_url":"https:\/\/www.lowcostpetvaccinations.net\/es\/horarios-y-ubicaciones\/vacunas-mascotas-arlington\/","og_site_name":"Low Cost Pet Vax\u00ae","article_publisher":"http:\/\/www.facebook.com\/lowcostpetvax","article_modified_time":"2020-10-06T21:27:31+00:00","twitter_card":"summary_large_image","twitter_site":"@lowcostpetvax","schema":{"@context":"https:\/\/schema.org","@graph":[{"@type":"WebPage","@id":"https:\/\/www.lowcostpetvaccinations.net\/es\/horarios-y-ubicaciones\/vacunas-mascotas-arlington\/","url":"https:\/\/www.lowcostpetvaccinations.net\/es\/horarios-y-ubicaciones\/vacunas-mascotas-arlington\/","name":"Vacunas para Mascotas a Bajo Costo en Arlington - Low Cost Pet Vax\u00ae","isPartOf":{"@id":"https:\/\/www.lowcostpetvaccinations.net\/es\/#website"},"datePublished":"2017-10-23T19:27:55+00:00","dateModified":"2020-10-06T21:27:31+00:00","description":"Low Cost Pet Vax esta en Arlington cada 1o y 3o sabado! Mira nuestras ubicaciones para Arlington vacunas para mascotas y mas informacion.","breadcrumb":{"@id":"https:\/\/www.lowcostpetvaccinations.net\/es\/horarios-y-ubicaciones\/vacunas-mascotas-arlington\/#breadcrumb"},"inLanguage":"es","potentialAction":[{"@type":"ReadAction","target":["https:\/\/www.lowcostpetvaccinations.net\/es\/horarios-y-ubicaciones\/vacunas-mascotas-arlington\/"]}]},{"@type":"BreadcrumbList","@id":"https:\/\/www.lowcostpetvaccinations.net\/es\/horarios-y-ubicaciones\/vacunas-mascotas-arlington\/#breadcrumb","itemListElement":[{"@type":"ListItem","position":1,"name":"Home","item":"https:\/\/www.lowcostpetvaccinations.net\/es\/"},{"@type":"ListItem","position":2,"name":"Horarios y Ubicaci\u00f3nes","item":"https:\/\/www.lowcostpetvaccinations.net\/es\/horarios-y-ubicaciones\/"},{"@type":"ListItem","position":3,"name":"Vacunas para Mascotas a Bajo Costo en Arlington"}]},{"@type":"WebSite","@id":"https:\/\/www.lowcostpetvaccinations.net\/es\/#website","url":"https:\/\/www.lowcostpetvaccinations.net\/es\/","name":"Low Cost Pet Vax\u00ae","description":"Amigable, Conveniente, Accesible","publisher":{"@id":"https:\/\/www.lowcostpetvaccinations.net\/es\/#organization"},"potentialAction":[{"@type":"SearchAction","target":{"@type":"EntryPoint","urlTemplate":"https:\/\/www.lowcostpetvaccinations.net\/es\/?s={search_term_string}"},"query-input":{"@type":"PropertyValueSpecification","valueRequired":true,"valueName":"search_term_string"}}],"inLanguage":"es"},{"@type":["Organization","Place","VeterinaryCare"],"@id":"https:\/\/www.lowcostpetvaccinations.net\/es\/#organization","name":"Low Cost Pet Vax","url":"https:\/\/www.lowcostpetvaccinations.net\/","logo":{"@type":"ImageObject","inLanguage":"es","@id":"https:\/\/www.lowcostpetvaccinations.net\/es\/#\/schema\/logo\/image\/","url":"https:\/\/www.lowcostpetvaccinations.net\/wp-content\/uploads\/2017\/02\/Logo.jpg","contentUrl":"https:\/\/www.lowcostpetvaccinations.net\/wp-content\/uploads\/2017\/02\/Logo.jpg","width":960,"height":831,"caption":"Low Cost Pet Vax"},"image":{"@id":"https:\/\/www.lowcostpetvaccinations.net\/es\/#\/schema\/logo\/image\/"},"sameAs":["http:\/\/www.facebook.com\/lowcostpetvax","https:\/\/x.com\/lowcostpetvax"],"telephone":["(817) 282-1000"],"email":"contact@lowcostpetvax.com"}]}},"jetpack_sharing_enabled":true,"_links":{"self":[{"href":"https:\/\/www.lowcostpetvaccinations.net\/es\/wp-json\/wp\/v2\/pages\/1523","targetHints":{"allow":["GET"]}}],"collection":[{"href":"https:\/\/www.lowcostpetvaccinations.net\/es\/wp-json\/wp\/v2\/pages"}],"about":[{"href":"https:\/\/www.lowcostpetvaccinations.net\/es\/wp-json\/wp\/v2\/types\/page"}],"author":[{"embeddable":true,"href":"https:\/\/www.lowcostpetvaccinations.net\/es\/wp-json\/wp\/v2\/users\/3"}],"replies":[{"embeddable":true,"href":"https:\/\/www.lowcostpetvaccinations.net\/es\/wp-json\/wp\/v2\/comments?post=1523"}],"version-history":[{"count":14,"href":"https:\/\/www.lowcostpetvaccinations.net\/es\/wp-json\/wp\/v2\/pages\/1523\/revisions"}],"predecessor-version":[{"id":3586,"href":"https:\/\/www.lowcostpetvaccinations.net\/es\/wp-json\/wp\/v2\/pages\/1523\/revisions\/3586"}],"up":[{"embeddable":true,"href":"https:\/\/www.lowcostpetvaccinations.net\/es\/wp-json\/wp\/v2\/pages\/1076"}],"wp:attachment":[{"href":"https:\/\/www.lowcostpetvaccinations.net\/es\/wp-json\/wp\/v2\/media?parent=1523"}],"curies":[{"name":"wp","href":"https:\/\/api.w.org\/{rel}","templated":true}]}}