{"id":1512,"date":"2017-11-07T15:07:34","date_gmt":"2017-11-07T15:07:34","guid":{"rendered":"http:\/\/www.lowcostpetvaccinations.net\/?page_id=1512"},"modified":"2017-11-07T15:23:52","modified_gmt":"2017-11-07T15:23:52","slug":"perros-con-gusano-del-corazon","status":"publish","type":"page","link":"https:\/\/www.lowcostpetvaccinations.net\/es\/perros-con-gusano-del-corazon\/","title":{"rendered":"Perros con Gusano del Coraz\u00f3n: Lo Que Debes Saber"},"content":{"rendered":"<p><span style=\"font-family: arial, helvetica, sans-serif;\"><span style=\"font-weight: 400;\">Los gusanos del coraz\u00f3n pueden matar a un perro con el tiempo, ya que da\u00f1an los tejidos de los \u00f3rganos vitales como el coraz\u00f3n y los pulmones. <\/span><b>El da\u00f1o depende de qu\u00e9 tan activo es el perro, cu\u00e1ntos gusanos tiene y por cu\u00e1nto tiempo los ha padecido.<\/b><\/span><\/p>\n<p><span style=\"font-weight: 400; font-family: arial, helvetica, sans-serif;\">Conforme los gusanos del coraz\u00f3n hacen da\u00f1o, tu perro comenzar\u00e1 a tener los siguientes s\u00edntomas:<\/span><\/p>\n<ul>\n<li style=\"font-weight: 400;\"><span style=\"font-weight: 400; font-family: arial, helvetica, sans-serif;\">Dificultad para respirar<\/span><\/li>\n<li style=\"font-weight: 400;\"><span style=\"font-weight: 400; font-family: arial, helvetica, sans-serif;\">Intolerancia al ejercicio o actividad f\u00edsica<\/span><\/li>\n<li style=\"font-weight: 400;\"><span style=\"font-weight: 400; font-family: arial, helvetica, sans-serif;\">Tos<\/span><\/li>\n<li style=\"font-weight: 400;\"><span style=\"font-weight: 400; font-family: arial, helvetica, sans-serif;\">Fatiga inusual o letargia<\/span><\/li>\n<\/ul>\n<p><span style=\"font-weight: 400; font-family: arial, helvetica, sans-serif;\">Cuando el da\u00f1o empeore, tu perro comenzar\u00e1 a tener s\u00edntomas m\u00e1s y m\u00e1s severos como fallo card\u00edaco. La etapa final es la muerte.<\/span><\/p>\n<h1><span style=\"font-family: arial, helvetica, sans-serif;\"><b>Tratamiento del Gusano de Coraz\u00f3n<\/b><\/span><\/h1>\n<p><span style=\"font-family: arial, helvetica, sans-serif;\"><span style=\"font-weight: 400;\">Lo mejor que puedes hacer para tratar a tu perro si este ha resultado positivo en las pruebas cl\u00ednicas, es <\/span><b>llevarlo al veterinario<\/b><span style=\"font-weight: 400;\">. Los perros que tienen pocos o ning\u00fan s\u00edntoma de enfermedad de gusanos del coraz\u00f3n tienen altas probabilidades de vencer este mal si son medicados.<\/span><\/span><\/p>\n<p><span style=\"font-weight: 400; font-family: arial, helvetica, sans-serif;\">Cuanto m\u00e1s avance la enfermedad, m\u00e1s complicado ser\u00e1 el tratamiento, y mayor el riesgo de complicaciones.<\/span><\/p>\n<p><span style=\"font-family: arial, helvetica, sans-serif;\"><b>El tratamiento, generalmente, oscila entre los $600 y $1200 d\u00f3lares (mientras no haya complicaciones), y consiste en tres dosis de melarsomina \u00a0para acabar con los gusanos adultos.<\/b><\/span><\/p>\n<p><span style=\"font-family: arial, helvetica, sans-serif;\"><span style=\"font-weight: 400;\">El costo exacto depender\u00e1 de la condici\u00f3n actual de tu perro, su tama\u00f1o y el veterinario al que acudas. Tambi\u00e9n existe la posibilidad de otros gastos para diagn\u00f3sticos y pruebas que son opcionales, pero al final <\/span><b>no importa cu\u00e1ntas pruebas quieras realizar, es importante que le des tratamiento a tu perro<\/b><span style=\"font-weight: 400;\">. Estas pruebas no cambian de manera el tratamiento, a menos que tu perro ya tenga da\u00f1os card\u00edacos. Ten esto en mente para decidir c\u00f3mo proceder.<\/span><\/span><\/p>\n<h1><span style=\"font-family: arial, helvetica, sans-serif;\"><b>Prevenci\u00f3n y Manejo de Da\u00f1os<\/b><\/span><\/h1>\n<p><span style=\"font-weight: 400; font-family: arial, helvetica, sans-serif;\">Si el tratamiento para el gusano del coraz\u00f3n no es una opci\u00f3n para ti debido a sus altos costos u otras preocupaciones, lo que usualmente puedes hacer es ayudar a que tus perros tengan una vida m\u00e1s c\u00f3moda y larga con la ayuda de ciertos medicamentos.<\/span><\/p>\n<p><span style=\"font-family: arial, helvetica, sans-serif;\"><span style=\"font-weight: 400;\">Incluso si planeas medicarlo para la enfermedad, <\/span><b>usualmente recomendamos iniciar con un programa preventivo.<\/b><\/span><\/p>\n<p><span style=\"font-family: arial, helvetica, sans-serif;\"><span style=\"font-weight: 400;\">Al iniciar con un tratamiento preventivo para tu perro, eliminar\u00e1s la mayor\u00eda de las larvas del gusano (los gusanos \u201cbeb\u00e9s\u201d) y prevendr\u00e1s que se multipliquen. Esto ayudar\u00e1 a minimizar la enfermedad y probablemente a prevenir que tenga que pasar por un tratamiento por segunda vez. El tratamiento para gusanos adultos s\u00f3lo elimina a gusanos adultos, no a los j\u00f3venes o de etapas m\u00e1s tempranas, y <\/span><b>nada<\/b><span style=\"font-weight: 400;\"> elimina a los gusanos que se encuentran en etapas intermedias.<\/span><\/span><\/p>\n<p><span style=\"font-family: arial, helvetica, sans-serif;\"><b>Administra el primer tratamiento preventivo de gusano del coraz\u00f3n con una pastilla que te recetar\u00e1 tu veterinario, para evitar una reacci\u00f3n adversa<\/b><span style=\"font-weight: 400;\">. Perros positivos en esta enfermedad pueden tener reacciones potencialmente peligrosas cuando reciben tratamientos preventivos porque millones de larvas morir\u00e1n. El tratamiento previo con antihistam\u00ednico o cortisona prescrita por tu veterinario usualmente ayuda con esta complicaci\u00f3n.<\/span><\/span><\/p>\n<p><span style=\"font-family: arial, helvetica, sans-serif;\"><b>Dosis de antihistam\u00ednico:<\/b><span style=\"font-weight: 400;\"> usualmente la dosis de antihistam\u00ednico es de 1 mg por Difenhidramina (Benadryl) por cada libra del peso de tu perro. Administra este medicamento entre 30 y 60 minutos antes de darle el primer tratamiento mensual para prevenci\u00f3n de enfermedad de gusano del coraz\u00f3n.<\/span><\/span><\/p>\n<p><span style=\"font-family: arial, helvetica, sans-serif;\"><b>Despu\u00e9s de administrar la medicina preventiva, observa a tu perro por las siguientes 8 horas y aseg\u00farate de que no presente ninguna reacci\u00f3n adversa.<\/b><\/span><\/p>\n<p><span style=\"font-family: arial, helvetica, sans-serif;\"><span style=\"font-weight: 400;\">Es de suma importancia que limites la actividad f\u00edsica de tu perro lo m\u00e1s posible. <\/span><b>Mantenlo amarrado con una correa cuando est\u00e9 afuera y en una jaula lo m\u00e1s que puedas para prevenir cualquier da\u00f1o provocado por los gusanos.<\/b><\/span><\/p>\n<p><span style=\"font-family: arial, helvetica, sans-serif;\"><span style=\"font-weight: 400;\">Finalmente, <\/span><b>siempre consulta a tu veterinario<\/b><span style=\"font-weight: 400;\">. Si el tratamiento no llega a ser una opci\u00f3n ahora, lo ser\u00e1 despu\u00e9s, podemos ayudarte con un acercamiento personalizado para saber qu\u00e9 es mejor para ti y tu perro.<\/span><\/span><\/p>\n<p style=\"text-align: center;\"><span style=\"font-family: arial, helvetica, sans-serif;\"><span style=\"font-weight: 400;\">817-282-1000 | <\/span><a href=\"mailto:contact@lowcostpetvax.com\"><span style=\"font-weight: 400;\">contact@lowcostpetvax.com<\/span><\/a><span style=\"font-weight: 400;\"> | <a href=\"http:\/\/www.facebook.com\/lowcostpetvax\/\">facebook.com\/lowcostpetvax<\/a> \u00a0<\/span><\/span><\/p>\n<p style=\"text-align: center;\"><span style=\"font-family: arial, helvetica, sans-serif;\"><i><span style=\"font-weight: 400;\">Para m\u00e1s informaci\u00f3n en este y otros temas relacionados a la salud de tu mascota, visita https:\/\/www.lowcostpetvaccinations.net\/pet-health-library\/<\/span><\/i><\/span><\/p>\n","protected":false},"excerpt":{"rendered":"<p>Los gusanos del coraz\u00f3n pueden matar a un perro con el tiempo, ya que da\u00f1an los tejidos de los \u00f3rganos vitales como el coraz\u00f3n y los pulmones. El da\u00f1o depende de qu\u00e9 tan activo es el perro, cu\u00e1ntos gusanos tiene y por cu\u00e1nto tiempo los ha padecido. Conforme los gusanos del coraz\u00f3n hacen da\u00f1o, tu [&hellip;]<\/p>\n","protected":false},"author":3,"featured_media":0,"parent":0,"menu_order":0,"comment_status":"closed","ping_status":"closed","template":"","meta":{"nf_dc_page":"","footnotes":""},"class_list":["post-1512","page","type-page","status-publish","hentry"],"yoast_head":"<!-- This site is optimized with the Yoast SEO Premium plugin v27.4 (Yoast SEO v27.5) - https:\/\/yoast.com\/product\/yoast-seo-premium-wordpress\/ -->\n<title>Perros con Gusano del Coraz\u00f3n: Lo Que Debes Saber Dallas-Fort Worth<\/title>\n<meta name=\"description\" content=\"Heartworm treatment doesn&#039;t have to be complicated OR break the bank. Complete plan with all you need to know about heartworms, and the cost of treatment.\" \/>\n<meta name=\"robots\" content=\"index, follow, max-snippet:-1, max-image-preview:large, max-video-preview:-1\" \/>\n<link rel=\"canonical\" href=\"https:\/\/www.lowcostpetvaccinations.net\/es\/perros-con-gusano-del-corazon\/\" \/>\n<meta property=\"og:locale\" content=\"es_ES\" \/>\n<meta property=\"og:type\" content=\"article\" \/>\n<meta property=\"og:title\" content=\"Perros con Gusano del Coraz\u00f3n: Lo Que Debes Saber\" \/>\n<meta property=\"og:description\" content=\"Heartworm treatment doesn&#039;t have to be complicated OR break the bank. Complete plan with all you need to know about heartworms, and the cost of treatment.\" \/>\n<meta property=\"og:url\" content=\"https:\/\/www.lowcostpetvaccinations.net\/es\/perros-con-gusano-del-corazon\/\" \/>\n<meta property=\"og:site_name\" content=\"Low Cost Pet Vax\u00ae\" \/>\n<meta property=\"article:publisher\" content=\"http:\/\/www.facebook.com\/lowcostpetvax\" \/>\n<meta property=\"article:modified_time\" content=\"2017-11-07T15:23:52+00:00\" \/>\n<meta name=\"twitter:card\" content=\"summary_large_image\" \/>\n<meta name=\"twitter:site\" content=\"@lowcostpetvax\" \/>\n<meta name=\"twitter:label1\" content=\"Tiempo de lectura\" \/>\n\t<meta name=\"twitter:data1\" content=\"3 minutos\" \/>\n<script type=\"application\/ld+json\" class=\"yoast-schema-graph\">{\"@context\":\"https:\\\/\\\/schema.org\",\"@graph\":[{\"@type\":\"WebPage\",\"@id\":\"https:\\\/\\\/www.lowcostpetvaccinations.net\\\/es\\\/perros-con-gusano-del-corazon\\\/\",\"url\":\"https:\\\/\\\/www.lowcostpetvaccinations.net\\\/es\\\/perros-con-gusano-del-corazon\\\/\",\"name\":\"Perros con Gusano del Coraz\u00f3n: Lo Que Debes Saber Dallas-Fort Worth\",\"isPartOf\":{\"@id\":\"https:\\\/\\\/www.lowcostpetvaccinations.net\\\/es\\\/#website\"},\"datePublished\":\"2017-11-07T15:07:34+00:00\",\"dateModified\":\"2017-11-07T15:23:52+00:00\",\"description\":\"Heartworm treatment doesn't have to be complicated OR break the bank. Complete plan with all you need to know about heartworms, and the cost of treatment.\",\"breadcrumb\":{\"@id\":\"https:\\\/\\\/www.lowcostpetvaccinations.net\\\/es\\\/perros-con-gusano-del-corazon\\\/#breadcrumb\"},\"inLanguage\":\"es\",\"potentialAction\":[{\"@type\":\"ReadAction\",\"target\":[\"https:\\\/\\\/www.lowcostpetvaccinations.net\\\/es\\\/perros-con-gusano-del-corazon\\\/\"]}]},{\"@type\":\"BreadcrumbList\",\"@id\":\"https:\\\/\\\/www.lowcostpetvaccinations.net\\\/es\\\/perros-con-gusano-del-corazon\\\/#breadcrumb\",\"itemListElement\":[{\"@type\":\"ListItem\",\"position\":1,\"name\":\"Home\",\"item\":\"https:\\\/\\\/www.lowcostpetvaccinations.net\\\/es\\\/\"},{\"@type\":\"ListItem\",\"position\":2,\"name\":\"Perros con Gusano del Coraz\u00f3n: Lo Que Debes Saber\"}]},{\"@type\":\"WebSite\",\"@id\":\"https:\\\/\\\/www.lowcostpetvaccinations.net\\\/es\\\/#website\",\"url\":\"https:\\\/\\\/www.lowcostpetvaccinations.net\\\/es\\\/\",\"name\":\"Low Cost Pet Vax\u00ae\",\"description\":\"Amigable, Conveniente, Accesible\",\"publisher\":{\"@id\":\"https:\\\/\\\/www.lowcostpetvaccinations.net\\\/es\\\/#organization\"},\"potentialAction\":[{\"@type\":\"SearchAction\",\"target\":{\"@type\":\"EntryPoint\",\"urlTemplate\":\"https:\\\/\\\/www.lowcostpetvaccinations.net\\\/es\\\/?s={search_term_string}\"},\"query-input\":{\"@type\":\"PropertyValueSpecification\",\"valueRequired\":true,\"valueName\":\"search_term_string\"}}],\"inLanguage\":\"es\"},{\"@type\":[\"Organization\",\"Place\",\"VeterinaryCare\"],\"@id\":\"https:\\\/\\\/www.lowcostpetvaccinations.net\\\/es\\\/#organization\",\"name\":\"Low Cost Pet Vax\",\"url\":\"https:\\\/\\\/www.lowcostpetvaccinations.net\\\/\",\"logo\":{\"@type\":\"ImageObject\",\"inLanguage\":\"es\",\"@id\":\"https:\\\/\\\/www.lowcostpetvaccinations.net\\\/es\\\/#\\\/schema\\\/logo\\\/image\\\/\",\"url\":\"https:\\\/\\\/www.lowcostpetvaccinations.net\\\/wp-content\\\/uploads\\\/2017\\\/02\\\/Logo.jpg\",\"contentUrl\":\"https:\\\/\\\/www.lowcostpetvaccinations.net\\\/wp-content\\\/uploads\\\/2017\\\/02\\\/Logo.jpg\",\"width\":960,\"height\":831,\"caption\":\"Low Cost Pet Vax\"},\"image\":{\"@id\":\"https:\\\/\\\/www.lowcostpetvaccinations.net\\\/es\\\/#\\\/schema\\\/logo\\\/image\\\/\"},\"sameAs\":[\"http:\\\/\\\/www.facebook.com\\\/lowcostpetvax\",\"https:\\\/\\\/x.com\\\/lowcostpetvax\"],\"telephone\":[\"(817) 282-1000\"],\"email\":\"contact@lowcostpetvax.com\"}]}<\/script>\n<!-- \/ Yoast SEO Premium plugin. -->","yoast_head_json":{"title":"Perros con Gusano del Coraz\u00f3n: Lo Que Debes Saber Dallas-Fort Worth","description":"Heartworm treatment doesn't have to be complicated OR break the bank. Complete plan with all you need to know about heartworms, and the cost of treatment.","robots":{"index":"index","follow":"follow","max-snippet":"max-snippet:-1","max-image-preview":"max-image-preview:large","max-video-preview":"max-video-preview:-1"},"canonical":"https:\/\/www.lowcostpetvaccinations.net\/es\/perros-con-gusano-del-corazon\/","og_locale":"es_ES","og_type":"article","og_title":"Perros con Gusano del Coraz\u00f3n: Lo Que Debes Saber","og_description":"Heartworm treatment doesn't have to be complicated OR break the bank. Complete plan with all you need to know about heartworms, and the cost of treatment.","og_url":"https:\/\/www.lowcostpetvaccinations.net\/es\/perros-con-gusano-del-corazon\/","og_site_name":"Low Cost Pet Vax\u00ae","article_publisher":"http:\/\/www.facebook.com\/lowcostpetvax","article_modified_time":"2017-11-07T15:23:52+00:00","twitter_card":"summary_large_image","twitter_site":"@lowcostpetvax","twitter_misc":{"Tiempo de lectura":"3 minutos"},"schema":{"@context":"https:\/\/schema.org","@graph":[{"@type":"WebPage","@id":"https:\/\/www.lowcostpetvaccinations.net\/es\/perros-con-gusano-del-corazon\/","url":"https:\/\/www.lowcostpetvaccinations.net\/es\/perros-con-gusano-del-corazon\/","name":"Perros con Gusano del Coraz\u00f3n: Lo Que Debes Saber Dallas-Fort Worth","isPartOf":{"@id":"https:\/\/www.lowcostpetvaccinations.net\/es\/#website"},"datePublished":"2017-11-07T15:07:34+00:00","dateModified":"2017-11-07T15:23:52+00:00","description":"Heartworm treatment doesn't have to be complicated OR break the bank. Complete plan with all you need to know about heartworms, and the cost of treatment.","breadcrumb":{"@id":"https:\/\/www.lowcostpetvaccinations.net\/es\/perros-con-gusano-del-corazon\/#breadcrumb"},"inLanguage":"es","potentialAction":[{"@type":"ReadAction","target":["https:\/\/www.lowcostpetvaccinations.net\/es\/perros-con-gusano-del-corazon\/"]}]},{"@type":"BreadcrumbList","@id":"https:\/\/www.lowcostpetvaccinations.net\/es\/perros-con-gusano-del-corazon\/#breadcrumb","itemListElement":[{"@type":"ListItem","position":1,"name":"Home","item":"https:\/\/www.lowcostpetvaccinations.net\/es\/"},{"@type":"ListItem","position":2,"name":"Perros con Gusano del Coraz\u00f3n: Lo Que Debes Saber"}]},{"@type":"WebSite","@id":"https:\/\/www.lowcostpetvaccinations.net\/es\/#website","url":"https:\/\/www.lowcostpetvaccinations.net\/es\/","name":"Low Cost Pet Vax\u00ae","description":"Amigable, Conveniente, Accesible","publisher":{"@id":"https:\/\/www.lowcostpetvaccinations.net\/es\/#organization"},"potentialAction":[{"@type":"SearchAction","target":{"@type":"EntryPoint","urlTemplate":"https:\/\/www.lowcostpetvaccinations.net\/es\/?s={search_term_string}"},"query-input":{"@type":"PropertyValueSpecification","valueRequired":true,"valueName":"search_term_string"}}],"inLanguage":"es"},{"@type":["Organization","Place","VeterinaryCare"],"@id":"https:\/\/www.lowcostpetvaccinations.net\/es\/#organization","name":"Low Cost Pet Vax","url":"https:\/\/www.lowcostpetvaccinations.net\/","logo":{"@type":"ImageObject","inLanguage":"es","@id":"https:\/\/www.lowcostpetvaccinations.net\/es\/#\/schema\/logo\/image\/","url":"https:\/\/www.lowcostpetvaccinations.net\/wp-content\/uploads\/2017\/02\/Logo.jpg","contentUrl":"https:\/\/www.lowcostpetvaccinations.net\/wp-content\/uploads\/2017\/02\/Logo.jpg","width":960,"height":831,"caption":"Low Cost Pet Vax"},"image":{"@id":"https:\/\/www.lowcostpetvaccinations.net\/es\/#\/schema\/logo\/image\/"},"sameAs":["http:\/\/www.facebook.com\/lowcostpetvax","https:\/\/x.com\/lowcostpetvax"],"telephone":["(817) 282-1000"],"email":"contact@lowcostpetvax.com"}]}},"jetpack_sharing_enabled":true,"_links":{"self":[{"href":"https:\/\/www.lowcostpetvaccinations.net\/es\/wp-json\/wp\/v2\/pages\/1512","targetHints":{"allow":["GET"]}}],"collection":[{"href":"https:\/\/www.lowcostpetvaccinations.net\/es\/wp-json\/wp\/v2\/pages"}],"about":[{"href":"https:\/\/www.lowcostpetvaccinations.net\/es\/wp-json\/wp\/v2\/types\/page"}],"author":[{"embeddable":true,"href":"https:\/\/www.lowcostpetvaccinations.net\/es\/wp-json\/wp\/v2\/users\/3"}],"replies":[{"embeddable":true,"href":"https:\/\/www.lowcostpetvaccinations.net\/es\/wp-json\/wp\/v2\/comments?post=1512"}],"version-history":[{"count":3,"href":"https:\/\/www.lowcostpetvaccinations.net\/es\/wp-json\/wp\/v2\/pages\/1512\/revisions"}],"predecessor-version":[{"id":1515,"href":"https:\/\/www.lowcostpetvaccinations.net\/es\/wp-json\/wp\/v2\/pages\/1512\/revisions\/1515"}],"wp:attachment":[{"href":"https:\/\/www.lowcostpetvaccinations.net\/es\/wp-json\/wp\/v2\/media?parent=1512"}],"curies":[{"name":"wp","href":"https:\/\/api.w.org\/{rel}","templated":true}]}}