{"id":1132,"date":"2017-05-16T22:14:51","date_gmt":"2017-05-16T22:14:51","guid":{"rendered":"http:\/\/www.lowcostpetvaccinations.net\/?page_id=1132\/"},"modified":"2017-05-16T22:14:51","modified_gmt":"2017-05-16T22:14:51","slug":"vacunas-necesita-mi-cachorro","status":"publish","type":"page","link":"https:\/\/www.lowcostpetvaccinations.net\/es\/libreria-de-salud-animal\/vacunas-necesita-mi-cachorro\/","title":{"rendered":"\u00bfQu\u00e9 Vacunas Necesita Mi Cachorro?"},"content":{"rendered":"<h1 style=\"text-align: left;\"><span style=\"font-weight: 400;\"><img loading=\"lazy\" decoding=\"async\" class=\"wp-image-1068 alignleft\" src=\"https:\/\/www.lowcostpetvaccinations.net\/wp-content\/uploads\/2017\/04\/puppy-1207816_1920.jpg\" alt=\"what puppy vaccinations does my puppy need\" width=\"295\" height=\"213\" srcset=\"https:\/\/www.lowcostpetvaccinations.net\/wp-content\/uploads\/2017\/04\/puppy-1207816_1920.jpg 1920w, https:\/\/www.lowcostpetvaccinations.net\/wp-content\/uploads\/2017\/04\/puppy-1207816_1920.jpg 300w, https:\/\/www.lowcostpetvaccinations.net\/wp-content\/uploads\/2017\/04\/puppy-1207816_1920.jpg 768w, https:\/\/www.lowcostpetvaccinations.net\/wp-content\/uploads\/2017\/04\/puppy-1207816_1920.jpg 1024w, https:\/\/www.lowcostpetvaccinations.net\/wp-content\/uploads\/2017\/04\/puppy-1207816_1920.jpg 360w, https:\/\/www.lowcostpetvaccinations.net\/wp-content\/uploads\/2017\/04\/puppy-1207816_1920.jpg 1280w\" sizes=\"auto, (max-width: 295px) 100vw, 295px\" \/><\/span>\u00bfQu\u00e9 Vacunas Necesita Mi Cachorro?<\/h1>\n<p>Antes de que su cachorrito sea lo suficientemente grande para obtener sus vacunas anuales, <strong>necesita una serie de vacunas para cachorro. <\/strong>Los cachorros, a diferencia de los perros adultos, tambi\u00e9n necesitan ser desparasitados para deshacerse de los par\u00e1sitos que usualmente contraen de la madre.<\/p>\n<p><strong>Los cachorros necesitan comenzar a vacunarse a partir de las 6 semanas. <\/strong>\u00a0Empezar a vacunarles pronto ayuda a protegerles r\u00e1pido, mientras la protecci\u00f3n heredada de la madre pierde efecto.<\/p>\n<p>Los cachorros son <strong>mucho m<\/strong><strong>\u00e1<\/strong><strong>s vulnerables a enfermedades como moquillo o parvo. <\/strong>\u00a0De hecho, el parvovirus es una de las causas m\u00e1s comunes de diarrea en cachorros, con \u00edndices de mortandad particularmente altos en refugios.<\/p>\n<p>En lo que su cachorro es protegido con al menos 2 inyecciones, <strong>mant<\/strong><strong>\u00e9<\/strong><strong>nganles alejados de perros que no conozca y <\/strong><strong>\u00e1<\/strong><strong>reas donde perros extra<\/strong><strong>\u00f1<\/strong><strong>os hayan estado. <\/strong>\u00a0El parvovirus es una amenaza mayor en esas zonas, pues puede durar en el suelo entre 6 meses a 1 a\u00f1o despu\u00e9s de haber sido contaminado.<\/p>\n<h2>Calendario de Vacunaci\u00f3n de Cachorros<\/h2>\n<p>Idealmente, las vacunas para cachorro empiezan a las 8 semanas, con dos rondas de refuerzos cada 4 semanas. La \u00faltima ronda de vacunas es contra la rabia a las 16 semanas o 4 meses.<\/p>\n<p><strong><em>8 semanas <\/em><\/strong><strong><em>\u2013<\/em><\/strong><strong><em> DHPPi, desparasitaci<\/em><\/strong><strong><em>\u00f3<\/em><\/strong><strong><em>n, &amp; prevenci<\/em><\/strong><strong><em>\u00f3<\/em><\/strong><strong><em>n de par<\/em><\/strong><strong><em>\u00e1<\/em><\/strong><strong><em>sitos del coraz<\/em><\/strong><strong><em>\u00f3<\/em><\/strong><strong><em>n [$32]<\/em><\/strong><\/p>\n<p><strong><em>12 semanas <\/em><\/strong><strong><em>\u2013<\/em><\/strong><strong><em> DHPP, desparasitaci<\/em><\/strong><strong><em>\u00f3<\/em><\/strong><strong><em>n, Bordetella, Leptospirosis &amp; prevenci<\/em><\/strong><strong><em>\u00f3<\/em><\/strong><strong><em>n de par<\/em><\/strong><strong><em>\u00e1<\/em><\/strong><strong><em>sitos del coraz<\/em><\/strong><strong><em>\u00f3<\/em><\/strong><strong><em>n [$50]<\/em><\/strong><\/p>\n<p><strong><em>16 semanas <\/em><\/strong><strong><em>\u2013<\/em><\/strong><strong><em> Rabia, DHPP, Lepto , desparasitaci<\/em><\/strong><strong><em>\u00f3<\/em><\/strong><strong><em>n, &amp; prevenci<\/em><\/strong><strong><em>\u00f3<\/em><\/strong><strong><em>n de par<\/em><\/strong><strong><em>\u00e1<\/em><\/strong><strong><em>sitos del coraz<\/em><\/strong><strong><em>\u00f3<\/em><\/strong><strong><em>n [$50]<\/em><\/strong><\/p>\n<h2><strong>\u00bf<\/strong><strong>Qu<\/strong><strong>\u00e9<\/strong><strong> protecci<\/strong><strong>\u00f3<\/strong><strong>n necesitan los cachorros?<\/strong><\/h2>\n<h3><strong>Vacuna DHPPi<\/strong><\/h3>\n<p>La vacuna m\u00e1s importante para cachorros es la DHPPi. <strong>Su cachorro necesita recibir esta vacuna al menos 2 veces para considerase protegido.<\/strong><\/p>\n<h3><strong>Desparasitaci<\/strong><strong>\u00f3<\/strong><strong>n y Prevenci<\/strong><strong>\u00f3<\/strong><strong>n de Par<\/strong><strong>\u00e1<\/strong><strong>sitos del Coraz<\/strong><strong>\u00f3<\/strong><strong>n<\/strong><\/h3>\n<p>Junto con otras vacunas clave, los cachorros tambi\u00e9n necesitan ser desparasitados y estar en prevenci\u00f3n de par\u00e1sito del coraz\u00f3n. <strong>Los cachorros adquieren estos par<\/strong><strong>\u00e1<\/strong><strong>sitos de su madre, <\/strong>ya sea por la leche materna o incluso en el \u00fatero. Estas lombrices necesitan ser tratadas con varias dosis que aseguran que el par\u00e1sito ha sido eliminado.<\/p>\n<h2>Bordetella<\/h2>\n<p>La bordetella es extremadamente contagiosa, genera s\u00edntomas similares a una gripe o resfriado en los perros. No suele ser mortal, pero puede ser una amenaza para los cachorros vulnerables.<\/p>\n<p>La vacuna contra bordetella que ofrecemos, no necesita refuerzos, pero podr\u00edamos recomendar reforzarle si, anteriormente, recibi\u00f3 vacunas de otro veterinario.<\/p>\n<h3>Leptospirosis<\/h3>\n<p><strong>Leptospirosis, o lepto, es una enfermedad mortal. Es poco com<\/strong><strong>\u00fa<\/strong><strong>n, pero puede matar f<\/strong><strong>\u00e1<\/strong><strong>cilmente a los cachorros, <\/strong>especialmente si est\u00e1n en \u00e1reas de alto riesgo. \u00c9sta vacuna necesita refuerzos un mes despu\u00e9s de su primera aplicaci\u00f3n<\/p>\n<h3><strong>Rabia<\/strong><\/h3>\n<p>Los cachorros deben de tener al menos 3 meses de edad para que se les pueda vacunar contra la rabia. Aunque nosotros recomendamos que se les aplique en la \u00faltima ronda de las vacunas para cachorro (pues no necesita refuerzos y ser\u00eda la \u00faltima vacuna para su cachorro).<\/p>\n<p><strong>Por ley, en Texas y Oklahoma, los cachorros deben vacunaos para el 4to mes de vida.<\/strong><\/p>\n<h2><strong>Preguntas Frecuentes sobre Las Vacunas para Cachorros<\/strong><\/h2>\n<h4><em>Mi cachorro tiene m\u00e1s de 2 meses. \u00bfCon cu\u00e1l vacuna deber\u00eda empezar?<\/em><\/h4>\n<p>Si su cachorro ya ha pasado los dos meses, entonces es mejor averiguar cu\u00e1l vacuna se necesita en base a su situaci\u00f3n actual y la edad del cachorro.<\/p>\n<p><strong>Casi siempre est<\/strong><strong>\u00e1<\/strong><strong> bien empezar con la combinaci<\/strong><strong>\u00f3<\/strong><strong>n de vacunas para cachorro que normalmente se dar<\/strong><strong>\u00ed<\/strong><strong>a para su edad.<\/strong><\/p>\n<p>Por ejemplo, si su cachorro tiene 3 meses, podemos empezar con lo que llamamos la segunda ronda de vacunas (DHPPi, desparasitante, bordetella, leptospirosis, y prevenci\u00f3n de par\u00e1sito del coraz\u00f3n). Cuando tenga 4 meses, pueden obtener refuerzos y la de la rabia. A los 5 meses, pueden recibir los \u00faltimos refuerzos que ser\u00eda una \u00faltima vacuna DHPPi.<\/p>\n<p>Si su perro tiene 4 meses, podemos empezar con la \u00faltima ronda de vacunas, para despu\u00e9s ir en reversa para asegurarnos que su cachorro reciba los refuerzos adecuados.<\/p>\n<p>Si su cachorro tiene m\u00e1s de 4 meses, o cerca, recuerde que <strong>la vacuna prioritaria es la DHPPi y la rabia- <\/strong>la primera porque es la causa de muerte m\u00e1s com\u00fan entre cachorros, y la segunda porque es obligatoria por ley.<\/p>\n<p>Si tiene alguna pregunta sobre su situaci\u00f3n en particular \u00a1No dude en contactarnos! Con gusto le ayudaremos a encontrar la soluci\u00f3n m\u00e1s conveniente para usted.<\/p>\n<h4><em>Mi cachorro ya recibi\u00f3 algunas vacunas \u00bfPuede recibir las que faltan con ustedes?<\/em><\/h4>\n<p>\u00a1Por supuesto! De ser posible, traiga con usted cualquier papeleo que haya recibido de su veterinario anterior para que podamos asegurarnos cu\u00e1les vacunas ha recibido su cachorro.<\/p>\n<h4><em>\u00bfPor qu\u00e9 los cachorros necesitan 3 rondas de refuerzos de las vacunas?<\/em><\/h4>\n<p>Los cachorros, al nacer, tienen una protecci\u00f3n natural contra enfermedades debido a los <strong>anticuerpos maternales.<\/strong> Esto significa que, si su madre fue vacunada, o entro en contacto con ciertas enfermedades y ha desarrollado inmunidad, sus cachorros nacer\u00e1n con esa inmunidad.<\/p>\n<p>Sin embargo, hay un problema. Esos anticuerpos naturales son temporales. Pero, debido a esos anticuerpos, <strong>cualquier vacuna aplicada a los cachorros, mientras tienen esta inmunidad, no tiene efecto.<\/strong><\/p>\n<p>Por eso es que no se vacuna de inmediato- <strong>nos esperamos a que los anticuerpos maternos desaparezcan.<\/strong><\/p>\n<p>Desafortunadamente, la velocidad en que estos anticuerpos desaparecen es diferente de cachorro a cachorro. As\u00ed que <strong>no se puede saber con seguridad cu<\/strong><strong>\u00e1<\/strong><strong>ndo es que su cachorro est<\/strong><strong>\u00e1<\/strong><strong> listo para ser vacunado.<\/strong><\/p>\n<p>El \u201cperiodo de vulnerabilidad\u201d es como llamamos al periodo entre que los anticuerpos pierden efecto y su cachorro es vacunado.<\/p>\n<p>Los anticuerpos maternales pueden desaparecer en cualquier momento entre los 2 y 4 meses. Con nuestras rondas de vacunas para cachorros, <strong>intentamos asegurarnos de que su cachorro nunca est<\/strong><strong>\u00e9<\/strong><strong> vulnerable- <\/strong>ese es nuestro objetivo.<\/p>\n<h4><em>Tengo m\u00e1s preguntas. \u00bfPuedo contactarles para hablar de mi cachorro?<\/em><\/h4>\n<p>\u00a1Por supuesto! Puede llamarnos al <strong>817-282-1000<\/strong>, por correo electr\u00f3nico: contact@lowcostpetvax.com, o por mensaje de Facebook en: <a href=\"http:\/\/www.facebook.com\/lowcostpetvax\">http:\/\/www.facebook.com\/lowcostpetvax<\/a>.<\/p>\n<h3><em>\u00bfTiene alguna duda? Ll\u00e1menos al <\/em><em>817-282-1000<\/em><em> o <a href=\"https:\/\/www.lowcostpetvaccinations.net\/es\/contacto\/\">cont\u00e1ctenos aqu\u00ed<\/a>.<\/em><\/h3>\n<p>\u00a1Obtenga un cup\u00f3n para su primera visita aqu\u00ed, y reciba un descuento de $5 en su compra! <strong>\u00a1<\/strong><strong>Precios bajos, a<\/strong><strong>\u00fa<\/strong><strong>n m<\/strong><strong>\u00e1<\/strong><strong>s bajos!<\/strong><\/p>\n<p>&nbsp;<\/p>\n","protected":false},"excerpt":{"rendered":"<p>\u00bfQu\u00e9 Vacunas Necesita Mi Cachorro? Antes de que su cachorrito sea lo suficientemente grande para obtener sus vacunas anuales, necesita una serie de vacunas para cachorro. Los cachorros, a diferencia de los perros adultos, tambi\u00e9n necesitan ser desparasitados para deshacerse de los par\u00e1sitos que usualmente contraen de la madre. Los cachorros necesitan comenzar a vacunarse [&hellip;]<\/p>\n","protected":false},"author":3,"featured_media":1068,"parent":1096,"menu_order":0,"comment_status":"closed","ping_status":"closed","template":"","meta":{"nf_dc_page":"","footnotes":""},"class_list":["post-1132","page","type-page","status-publish","has-post-thumbnail","hentry"],"yoast_head":"<!-- This site is optimized with the Yoast SEO Premium plugin v27.4 (Yoast SEO v27.5) - https:\/\/yoast.com\/product\/yoast-seo-premium-wordpress\/ -->\n<title>\u00bfQu\u00e9 Vacunas Necesita Mi Cachorro? in Dallas - Fort Worth, TX - Low Cost Pet Vax\u00ae<\/title>\n<meta name=\"robots\" content=\"index, follow, max-snippet:-1, max-image-preview:large, max-video-preview:-1\" \/>\n<link rel=\"canonical\" href=\"https:\/\/www.lowcostpetvaccinations.net\/es\/libreria-de-salud-animal\/vacunas-necesita-mi-cachorro\/\" \/>\n<meta property=\"og:locale\" content=\"es_ES\" \/>\n<meta property=\"og:type\" content=\"article\" \/>\n<meta property=\"og:title\" content=\"\u00bfQu\u00e9 Vacunas Necesita Mi Cachorro?\" \/>\n<meta property=\"og:description\" content=\"\u00bfQu\u00e9 Vacunas Necesita Mi Cachorro? Antes de que su cachorrito sea lo suficientemente grande para obtener sus vacunas anuales, necesita una serie de vacunas para cachorro. Los cachorros, a diferencia de los perros adultos, tambi\u00e9n necesitan ser desparasitados para deshacerse de los par\u00e1sitos que usualmente contraen de la madre. Los cachorros necesitan comenzar a vacunarse [&hellip;]\" \/>\n<meta property=\"og:url\" content=\"https:\/\/www.lowcostpetvaccinations.net\/es\/libreria-de-salud-animal\/vacunas-necesita-mi-cachorro\/\" \/>\n<meta property=\"og:site_name\" content=\"Low Cost Pet Vax\u00ae\" \/>\n<meta property=\"article:publisher\" content=\"http:\/\/www.facebook.com\/lowcostpetvax\" \/>\n<meta property=\"og:image\" content=\"https:\/\/www.lowcostpetvaccinations.net\/wp-content\/uploads\/2017\/04\/puppy-1207816_1920.jpg\" \/>\n\t<meta property=\"og:image:width\" content=\"1920\" \/>\n\t<meta property=\"og:image:height\" content=\"1386\" \/>\n\t<meta property=\"og:image:type\" content=\"image\/jpeg\" \/>\n<meta name=\"twitter:card\" content=\"summary_large_image\" \/>\n<meta name=\"twitter:site\" content=\"@lowcostpetvax\" \/>\n<meta name=\"twitter:label1\" content=\"Tiempo de lectura\" \/>\n\t<meta name=\"twitter:data1\" content=\"5 minutos\" \/>\n<script type=\"application\/ld+json\" class=\"yoast-schema-graph\">{\"@context\":\"https:\\\/\\\/schema.org\",\"@graph\":[{\"@type\":\"WebPage\",\"@id\":\"https:\\\/\\\/www.lowcostpetvaccinations.net\\\/es\\\/libreria-de-salud-animal\\\/vacunas-necesita-mi-cachorro\\\/\",\"url\":\"https:\\\/\\\/www.lowcostpetvaccinations.net\\\/es\\\/libreria-de-salud-animal\\\/vacunas-necesita-mi-cachorro\\\/\",\"name\":\"\u00bfQu\u00e9 Vacunas Necesita Mi Cachorro? in Dallas - Fort Worth, TX - Low Cost Pet Vax\u00ae\",\"isPartOf\":{\"@id\":\"https:\\\/\\\/www.lowcostpetvaccinations.net\\\/es\\\/#website\"},\"primaryImageOfPage\":{\"@id\":\"https:\\\/\\\/www.lowcostpetvaccinations.net\\\/es\\\/libreria-de-salud-animal\\\/vacunas-necesita-mi-cachorro\\\/#primaryimage\"},\"image\":{\"@id\":\"https:\\\/\\\/www.lowcostpetvaccinations.net\\\/es\\\/libreria-de-salud-animal\\\/vacunas-necesita-mi-cachorro\\\/#primaryimage\"},\"thumbnailUrl\":\"https:\\\/\\\/www.lowcostpetvaccinations.net\\\/wp-content\\\/uploads\\\/2017\\\/04\\\/puppy-1207816_1920.jpg\",\"datePublished\":\"2017-05-16T22:14:51+00:00\",\"breadcrumb\":{\"@id\":\"https:\\\/\\\/www.lowcostpetvaccinations.net\\\/es\\\/libreria-de-salud-animal\\\/vacunas-necesita-mi-cachorro\\\/#breadcrumb\"},\"inLanguage\":\"es\",\"potentialAction\":[{\"@type\":\"ReadAction\",\"target\":[\"https:\\\/\\\/www.lowcostpetvaccinations.net\\\/es\\\/libreria-de-salud-animal\\\/vacunas-necesita-mi-cachorro\\\/\"]}]},{\"@type\":\"ImageObject\",\"inLanguage\":\"es\",\"@id\":\"https:\\\/\\\/www.lowcostpetvaccinations.net\\\/es\\\/libreria-de-salud-animal\\\/vacunas-necesita-mi-cachorro\\\/#primaryimage\",\"url\":\"https:\\\/\\\/www.lowcostpetvaccinations.net\\\/wp-content\\\/uploads\\\/2017\\\/04\\\/puppy-1207816_1920.jpg\",\"contentUrl\":\"https:\\\/\\\/www.lowcostpetvaccinations.net\\\/wp-content\\\/uploads\\\/2017\\\/04\\\/puppy-1207816_1920.jpg\",\"width\":1920,\"height\":1386},{\"@type\":\"BreadcrumbList\",\"@id\":\"https:\\\/\\\/www.lowcostpetvaccinations.net\\\/es\\\/libreria-de-salud-animal\\\/vacunas-necesita-mi-cachorro\\\/#breadcrumb\",\"itemListElement\":[{\"@type\":\"ListItem\",\"position\":1,\"name\":\"Home\",\"item\":\"https:\\\/\\\/www.lowcostpetvaccinations.net\\\/es\\\/\"},{\"@type\":\"ListItem\",\"position\":2,\"name\":\"Libreria de Salud Animal\",\"item\":\"https:\\\/\\\/www.lowcostpetvaccinations.net\\\/es\\\/libreria-de-salud-animal\\\/\"},{\"@type\":\"ListItem\",\"position\":3,\"name\":\"\u00bfQu\u00e9 Vacunas Necesita Mi Cachorro?\"}]},{\"@type\":\"WebSite\",\"@id\":\"https:\\\/\\\/www.lowcostpetvaccinations.net\\\/es\\\/#website\",\"url\":\"https:\\\/\\\/www.lowcostpetvaccinations.net\\\/es\\\/\",\"name\":\"Low Cost Pet Vax\u00ae\",\"description\":\"Amigable, Conveniente, Accesible\",\"publisher\":{\"@id\":\"https:\\\/\\\/www.lowcostpetvaccinations.net\\\/es\\\/#organization\"},\"potentialAction\":[{\"@type\":\"SearchAction\",\"target\":{\"@type\":\"EntryPoint\",\"urlTemplate\":\"https:\\\/\\\/www.lowcostpetvaccinations.net\\\/es\\\/?s={search_term_string}\"},\"query-input\":{\"@type\":\"PropertyValueSpecification\",\"valueRequired\":true,\"valueName\":\"search_term_string\"}}],\"inLanguage\":\"es\"},{\"@type\":[\"Organization\",\"Place\",\"VeterinaryCare\"],\"@id\":\"https:\\\/\\\/www.lowcostpetvaccinations.net\\\/es\\\/#organization\",\"name\":\"Low Cost Pet Vax\",\"url\":\"https:\\\/\\\/www.lowcostpetvaccinations.net\\\/\",\"logo\":{\"@type\":\"ImageObject\",\"inLanguage\":\"es\",\"@id\":\"https:\\\/\\\/www.lowcostpetvaccinations.net\\\/es\\\/#\\\/schema\\\/logo\\\/image\\\/\",\"url\":\"https:\\\/\\\/www.lowcostpetvaccinations.net\\\/wp-content\\\/uploads\\\/2017\\\/02\\\/Logo.jpg\",\"contentUrl\":\"https:\\\/\\\/www.lowcostpetvaccinations.net\\\/wp-content\\\/uploads\\\/2017\\\/02\\\/Logo.jpg\",\"width\":960,\"height\":831,\"caption\":\"Low Cost Pet Vax\"},\"image\":{\"@id\":\"https:\\\/\\\/www.lowcostpetvaccinations.net\\\/es\\\/#\\\/schema\\\/logo\\\/image\\\/\"},\"sameAs\":[\"http:\\\/\\\/www.facebook.com\\\/lowcostpetvax\",\"https:\\\/\\\/x.com\\\/lowcostpetvax\"],\"telephone\":[\"(817) 282-1000\"],\"email\":\"contact@lowcostpetvax.com\"}]}<\/script>\n<!-- \/ Yoast SEO Premium plugin. -->","yoast_head_json":{"title":"\u00bfQu\u00e9 Vacunas Necesita Mi Cachorro? in Dallas - Fort Worth, TX - Low Cost Pet Vax\u00ae","robots":{"index":"index","follow":"follow","max-snippet":"max-snippet:-1","max-image-preview":"max-image-preview:large","max-video-preview":"max-video-preview:-1"},"canonical":"https:\/\/www.lowcostpetvaccinations.net\/es\/libreria-de-salud-animal\/vacunas-necesita-mi-cachorro\/","og_locale":"es_ES","og_type":"article","og_title":"\u00bfQu\u00e9 Vacunas Necesita Mi Cachorro?","og_description":"\u00bfQu\u00e9 Vacunas Necesita Mi Cachorro? Antes de que su cachorrito sea lo suficientemente grande para obtener sus vacunas anuales, necesita una serie de vacunas para cachorro. Los cachorros, a diferencia de los perros adultos, tambi\u00e9n necesitan ser desparasitados para deshacerse de los par\u00e1sitos que usualmente contraen de la madre. Los cachorros necesitan comenzar a vacunarse [&hellip;]","og_url":"https:\/\/www.lowcostpetvaccinations.net\/es\/libreria-de-salud-animal\/vacunas-necesita-mi-cachorro\/","og_site_name":"Low Cost Pet Vax\u00ae","article_publisher":"http:\/\/www.facebook.com\/lowcostpetvax","og_image":[{"width":1920,"height":1386,"url":"https:\/\/www.lowcostpetvaccinations.net\/wp-content\/uploads\/2017\/04\/puppy-1207816_1920.jpg","type":"image\/jpeg"}],"twitter_card":"summary_large_image","twitter_site":"@lowcostpetvax","twitter_misc":{"Tiempo de lectura":"5 minutos"},"schema":{"@context":"https:\/\/schema.org","@graph":[{"@type":"WebPage","@id":"https:\/\/www.lowcostpetvaccinations.net\/es\/libreria-de-salud-animal\/vacunas-necesita-mi-cachorro\/","url":"https:\/\/www.lowcostpetvaccinations.net\/es\/libreria-de-salud-animal\/vacunas-necesita-mi-cachorro\/","name":"\u00bfQu\u00e9 Vacunas Necesita Mi Cachorro? in Dallas - Fort Worth, TX - Low Cost Pet Vax\u00ae","isPartOf":{"@id":"https:\/\/www.lowcostpetvaccinations.net\/es\/#website"},"primaryImageOfPage":{"@id":"https:\/\/www.lowcostpetvaccinations.net\/es\/libreria-de-salud-animal\/vacunas-necesita-mi-cachorro\/#primaryimage"},"image":{"@id":"https:\/\/www.lowcostpetvaccinations.net\/es\/libreria-de-salud-animal\/vacunas-necesita-mi-cachorro\/#primaryimage"},"thumbnailUrl":"https:\/\/www.lowcostpetvaccinations.net\/wp-content\/uploads\/2017\/04\/puppy-1207816_1920.jpg","datePublished":"2017-05-16T22:14:51+00:00","breadcrumb":{"@id":"https:\/\/www.lowcostpetvaccinations.net\/es\/libreria-de-salud-animal\/vacunas-necesita-mi-cachorro\/#breadcrumb"},"inLanguage":"es","potentialAction":[{"@type":"ReadAction","target":["https:\/\/www.lowcostpetvaccinations.net\/es\/libreria-de-salud-animal\/vacunas-necesita-mi-cachorro\/"]}]},{"@type":"ImageObject","inLanguage":"es","@id":"https:\/\/www.lowcostpetvaccinations.net\/es\/libreria-de-salud-animal\/vacunas-necesita-mi-cachorro\/#primaryimage","url":"https:\/\/www.lowcostpetvaccinations.net\/wp-content\/uploads\/2017\/04\/puppy-1207816_1920.jpg","contentUrl":"https:\/\/www.lowcostpetvaccinations.net\/wp-content\/uploads\/2017\/04\/puppy-1207816_1920.jpg","width":1920,"height":1386},{"@type":"BreadcrumbList","@id":"https:\/\/www.lowcostpetvaccinations.net\/es\/libreria-de-salud-animal\/vacunas-necesita-mi-cachorro\/#breadcrumb","itemListElement":[{"@type":"ListItem","position":1,"name":"Home","item":"https:\/\/www.lowcostpetvaccinations.net\/es\/"},{"@type":"ListItem","position":2,"name":"Libreria de Salud Animal","item":"https:\/\/www.lowcostpetvaccinations.net\/es\/libreria-de-salud-animal\/"},{"@type":"ListItem","position":3,"name":"\u00bfQu\u00e9 Vacunas Necesita Mi Cachorro?"}]},{"@type":"WebSite","@id":"https:\/\/www.lowcostpetvaccinations.net\/es\/#website","url":"https:\/\/www.lowcostpetvaccinations.net\/es\/","name":"Low Cost Pet Vax\u00ae","description":"Amigable, Conveniente, Accesible","publisher":{"@id":"https:\/\/www.lowcostpetvaccinations.net\/es\/#organization"},"potentialAction":[{"@type":"SearchAction","target":{"@type":"EntryPoint","urlTemplate":"https:\/\/www.lowcostpetvaccinations.net\/es\/?s={search_term_string}"},"query-input":{"@type":"PropertyValueSpecification","valueRequired":true,"valueName":"search_term_string"}}],"inLanguage":"es"},{"@type":["Organization","Place","VeterinaryCare"],"@id":"https:\/\/www.lowcostpetvaccinations.net\/es\/#organization","name":"Low Cost Pet Vax","url":"https:\/\/www.lowcostpetvaccinations.net\/","logo":{"@type":"ImageObject","inLanguage":"es","@id":"https:\/\/www.lowcostpetvaccinations.net\/es\/#\/schema\/logo\/image\/","url":"https:\/\/www.lowcostpetvaccinations.net\/wp-content\/uploads\/2017\/02\/Logo.jpg","contentUrl":"https:\/\/www.lowcostpetvaccinations.net\/wp-content\/uploads\/2017\/02\/Logo.jpg","width":960,"height":831,"caption":"Low Cost Pet Vax"},"image":{"@id":"https:\/\/www.lowcostpetvaccinations.net\/es\/#\/schema\/logo\/image\/"},"sameAs":["http:\/\/www.facebook.com\/lowcostpetvax","https:\/\/x.com\/lowcostpetvax"],"telephone":["(817) 282-1000"],"email":"contact@lowcostpetvax.com"}]}},"jetpack_sharing_enabled":true,"_links":{"self":[{"href":"https:\/\/www.lowcostpetvaccinations.net\/es\/wp-json\/wp\/v2\/pages\/1132","targetHints":{"allow":["GET"]}}],"collection":[{"href":"https:\/\/www.lowcostpetvaccinations.net\/es\/wp-json\/wp\/v2\/pages"}],"about":[{"href":"https:\/\/www.lowcostpetvaccinations.net\/es\/wp-json\/wp\/v2\/types\/page"}],"author":[{"embeddable":true,"href":"https:\/\/www.lowcostpetvaccinations.net\/es\/wp-json\/wp\/v2\/users\/3"}],"replies":[{"embeddable":true,"href":"https:\/\/www.lowcostpetvaccinations.net\/es\/wp-json\/wp\/v2\/comments?post=1132"}],"version-history":[{"count":0,"href":"https:\/\/www.lowcostpetvaccinations.net\/es\/wp-json\/wp\/v2\/pages\/1132\/revisions"}],"up":[{"embeddable":true,"href":"https:\/\/www.lowcostpetvaccinations.net\/es\/wp-json\/wp\/v2\/pages\/1096"}],"wp:featuredmedia":[{"embeddable":true,"href":"https:\/\/www.lowcostpetvaccinations.net\/es\/wp-json\/wp\/v2\/media\/1068"}],"wp:attachment":[{"href":"https:\/\/www.lowcostpetvaccinations.net\/es\/wp-json\/wp\/v2\/media?parent=1132"}],"curies":[{"name":"wp","href":"https:\/\/api.w.org\/{rel}","templated":true}]}}