{"id":1096,"date":"2017-05-09T00:37:29","date_gmt":"2017-05-09T00:37:29","guid":{"rendered":"http:\/\/www.lowcostpetvaccinations.net\/?page_id=1096\/"},"modified":"2018-03-15T06:29:17","modified_gmt":"2018-03-15T06:29:17","slug":"libreria-de-salud-animal","status":"publish","type":"page","link":"https:\/\/www.lowcostpetvaccinations.net\/es\/libreria-de-salud-animal\/","title":{"rendered":"Libreria de Salud Animal"},"content":{"rendered":"<p style=\"text-align: center;\">\u201c\u00bfTienes preguntas acerca de la salud de tu mascota o buscas informaci\u00f3n general sobre vacunaci\u00f3n para mascotas?<\/p>\n<p style=\"text-align: center;\">Obt\u00e9n informaci\u00f3n general sobre salud para mascotas en Ingl\u00e9s y Espa\u00f1ol, desde informaci\u00f3n detallada sobre vacunaci\u00f3n hasta prevenci\u00f3n de enfermedades y tratamiento. Solo busque entre los nuestra extensa biblioteca de Art\u00edculos sobre Salud de Mascotas aqu\u00ed.<\/p>\n<p style=\"text-align: center;\"><iframe loading=\"lazy\" id=\"petHealth\" class=\"wrapper\" src=\"http:\/\/www.lifelearn-cliented.com\/iframe.php?clinic=6206\" name=\"petHealth\" width=\"100%\" height=\"700\" frameborder=\"0\" scrolling=\"auto\" align=\"top\"> Unfortunately, your browser does not support Inline Frames <\/iframe><\/p>\n<p style=\"text-align: center;\">\u00a1<a href=\"http:\/\/www.facebook.com\/lowcostpetvax\/\">S\u00edguenos en Facebook<\/a> para tener informaci\u00f3n sobre salud para mascotas, actualizaciones de calendarios y tiernos cachorros!<\/p>\n","protected":false},"excerpt":{"rendered":"<p>\u201c\u00bfTienes preguntas acerca de la salud de tu mascota o buscas informaci\u00f3n general sobre vacunaci\u00f3n para mascotas? Obt\u00e9n informaci\u00f3n general sobre salud para mascotas en Ingl\u00e9s y Espa\u00f1ol, desde informaci\u00f3n detallada sobre vacunaci\u00f3n hasta prevenci\u00f3n de enfermedades y tratamiento. Solo busque entre los nuestra extensa biblioteca de Art\u00edculos sobre Salud de Mascotas aqu\u00ed. Unfortunately, your [&hellip;]<\/p>\n","protected":false},"author":3,"featured_media":1050,"parent":0,"menu_order":8,"comment_status":"closed","ping_status":"closed","template":"","meta":{"nf_dc_page":"","footnotes":""},"class_list":["post-1096","page","type-page","status-publish","has-post-thumbnail","hentry"],"yoast_head":"<!-- This site is optimized with the Yoast SEO Premium plugin v27.4 (Yoast SEO v27.5) - https:\/\/yoast.com\/product\/yoast-seo-premium-wordpress\/ -->\n<title>Libreria de Salud Animal in Dallas - Fort Worth, TX - Low Cost Pet Vax\u00ae<\/title>\n<meta name=\"robots\" content=\"index, follow, max-snippet:-1, max-image-preview:large, max-video-preview:-1\" \/>\n<link rel=\"canonical\" href=\"https:\/\/www.lowcostpetvaccinations.net\/es\/libreria-de-salud-animal\/\" \/>\n<meta property=\"og:locale\" content=\"es_ES\" \/>\n<meta property=\"og:type\" content=\"article\" \/>\n<meta property=\"og:title\" content=\"Libreria de Salud Animal\" \/>\n<meta property=\"og:description\" content=\"\u201c\u00bfTienes preguntas acerca de la salud de tu mascota o buscas informaci\u00f3n general sobre vacunaci\u00f3n para mascotas? Obt\u00e9n informaci\u00f3n general sobre salud para mascotas en Ingl\u00e9s y Espa\u00f1ol, desde informaci\u00f3n detallada sobre vacunaci\u00f3n hasta prevenci\u00f3n de enfermedades y tratamiento. Solo busque entre los nuestra extensa biblioteca de Art\u00edculos sobre Salud de Mascotas aqu\u00ed. Unfortunately, your [&hellip;]\" \/>\n<meta property=\"og:url\" content=\"https:\/\/www.lowcostpetvaccinations.net\/es\/libreria-de-salud-animal\/\" \/>\n<meta property=\"og:site_name\" content=\"Low Cost Pet Vax\u00ae\" \/>\n<meta property=\"article:publisher\" content=\"http:\/\/www.facebook.com\/lowcostpetvax\" \/>\n<meta property=\"article:modified_time\" content=\"2018-03-15T06:29:17+00:00\" \/>\n<meta property=\"og:image\" content=\"https:\/\/www.lowcostpetvaccinations.net\/wp-content\/uploads\/2016\/10\/resizedbigstockcloseuppotraitcatanddog.jpg\" \/>\n\t<meta property=\"og:image:width\" content=\"793\" \/>\n\t<meta property=\"og:image:height\" content=\"406\" \/>\n\t<meta property=\"og:image:type\" content=\"image\/jpeg\" \/>\n<meta name=\"twitter:card\" content=\"summary_large_image\" \/>\n<meta name=\"twitter:site\" content=\"@lowcostpetvax\" \/>\n<script type=\"application\/ld+json\" class=\"yoast-schema-graph\">{\"@context\":\"https:\\\/\\\/schema.org\",\"@graph\":[{\"@type\":\"WebPage\",\"@id\":\"https:\\\/\\\/www.lowcostpetvaccinations.net\\\/es\\\/libreria-de-salud-animal\\\/\",\"url\":\"https:\\\/\\\/www.lowcostpetvaccinations.net\\\/es\\\/libreria-de-salud-animal\\\/\",\"name\":\"Libreria de Salud Animal in Dallas - Fort Worth, TX - Low Cost Pet Vax\u00ae\",\"isPartOf\":{\"@id\":\"https:\\\/\\\/www.lowcostpetvaccinations.net\\\/es\\\/#website\"},\"primaryImageOfPage\":{\"@id\":\"https:\\\/\\\/www.lowcostpetvaccinations.net\\\/es\\\/libreria-de-salud-animal\\\/#primaryimage\"},\"image\":{\"@id\":\"https:\\\/\\\/www.lowcostpetvaccinations.net\\\/es\\\/libreria-de-salud-animal\\\/#primaryimage\"},\"thumbnailUrl\":\"https:\\\/\\\/www.lowcostpetvaccinations.net\\\/wp-content\\\/uploads\\\/2016\\\/10\\\/resizedbigstockcloseuppotraitcatanddog.jpg\",\"datePublished\":\"2017-05-09T00:37:29+00:00\",\"dateModified\":\"2018-03-15T06:29:17+00:00\",\"breadcrumb\":{\"@id\":\"https:\\\/\\\/www.lowcostpetvaccinations.net\\\/es\\\/libreria-de-salud-animal\\\/#breadcrumb\"},\"inLanguage\":\"es\",\"potentialAction\":[{\"@type\":\"ReadAction\",\"target\":[\"https:\\\/\\\/www.lowcostpetvaccinations.net\\\/es\\\/libreria-de-salud-animal\\\/\"]}]},{\"@type\":\"ImageObject\",\"inLanguage\":\"es\",\"@id\":\"https:\\\/\\\/www.lowcostpetvaccinations.net\\\/es\\\/libreria-de-salud-animal\\\/#primaryimage\",\"url\":\"https:\\\/\\\/www.lowcostpetvaccinations.net\\\/wp-content\\\/uploads\\\/2016\\\/10\\\/resizedbigstockcloseuppotraitcatanddog.jpg\",\"contentUrl\":\"https:\\\/\\\/www.lowcostpetvaccinations.net\\\/wp-content\\\/uploads\\\/2016\\\/10\\\/resizedbigstockcloseuppotraitcatanddog.jpg\",\"width\":793,\"height\":406,\"caption\":\"Close-up portrait of a cat and dog. Isolated on white background\"},{\"@type\":\"BreadcrumbList\",\"@id\":\"https:\\\/\\\/www.lowcostpetvaccinations.net\\\/es\\\/libreria-de-salud-animal\\\/#breadcrumb\",\"itemListElement\":[{\"@type\":\"ListItem\",\"position\":1,\"name\":\"Home\",\"item\":\"https:\\\/\\\/www.lowcostpetvaccinations.net\\\/es\\\/\"},{\"@type\":\"ListItem\",\"position\":2,\"name\":\"Libreria de Salud Animal\"}]},{\"@type\":\"WebSite\",\"@id\":\"https:\\\/\\\/www.lowcostpetvaccinations.net\\\/es\\\/#website\",\"url\":\"https:\\\/\\\/www.lowcostpetvaccinations.net\\\/es\\\/\",\"name\":\"Low Cost Pet Vax\u00ae\",\"description\":\"Amigable, Conveniente, Accesible\",\"publisher\":{\"@id\":\"https:\\\/\\\/www.lowcostpetvaccinations.net\\\/es\\\/#organization\"},\"potentialAction\":[{\"@type\":\"SearchAction\",\"target\":{\"@type\":\"EntryPoint\",\"urlTemplate\":\"https:\\\/\\\/www.lowcostpetvaccinations.net\\\/es\\\/?s={search_term_string}\"},\"query-input\":{\"@type\":\"PropertyValueSpecification\",\"valueRequired\":true,\"valueName\":\"search_term_string\"}}],\"inLanguage\":\"es\"},{\"@type\":[\"Organization\",\"Place\",\"VeterinaryCare\"],\"@id\":\"https:\\\/\\\/www.lowcostpetvaccinations.net\\\/es\\\/#organization\",\"name\":\"Low Cost Pet Vax\",\"url\":\"https:\\\/\\\/www.lowcostpetvaccinations.net\\\/\",\"logo\":{\"@type\":\"ImageObject\",\"inLanguage\":\"es\",\"@id\":\"https:\\\/\\\/www.lowcostpetvaccinations.net\\\/es\\\/#\\\/schema\\\/logo\\\/image\\\/\",\"url\":\"https:\\\/\\\/www.lowcostpetvaccinations.net\\\/wp-content\\\/uploads\\\/2017\\\/02\\\/Logo.jpg\",\"contentUrl\":\"https:\\\/\\\/www.lowcostpetvaccinations.net\\\/wp-content\\\/uploads\\\/2017\\\/02\\\/Logo.jpg\",\"width\":960,\"height\":831,\"caption\":\"Low Cost Pet Vax\"},\"image\":{\"@id\":\"https:\\\/\\\/www.lowcostpetvaccinations.net\\\/es\\\/#\\\/schema\\\/logo\\\/image\\\/\"},\"sameAs\":[\"http:\\\/\\\/www.facebook.com\\\/lowcostpetvax\",\"https:\\\/\\\/x.com\\\/lowcostpetvax\"],\"telephone\":[\"(817) 282-1000\"],\"email\":\"contact@lowcostpetvax.com\"}]}<\/script>\n<!-- \/ Yoast SEO Premium plugin. -->","yoast_head_json":{"title":"Libreria de Salud Animal in Dallas - Fort Worth, TX - Low Cost Pet Vax\u00ae","robots":{"index":"index","follow":"follow","max-snippet":"max-snippet:-1","max-image-preview":"max-image-preview:large","max-video-preview":"max-video-preview:-1"},"canonical":"https:\/\/www.lowcostpetvaccinations.net\/es\/libreria-de-salud-animal\/","og_locale":"es_ES","og_type":"article","og_title":"Libreria de Salud Animal","og_description":"\u201c\u00bfTienes preguntas acerca de la salud de tu mascota o buscas informaci\u00f3n general sobre vacunaci\u00f3n para mascotas? Obt\u00e9n informaci\u00f3n general sobre salud para mascotas en Ingl\u00e9s y Espa\u00f1ol, desde informaci\u00f3n detallada sobre vacunaci\u00f3n hasta prevenci\u00f3n de enfermedades y tratamiento. Solo busque entre los nuestra extensa biblioteca de Art\u00edculos sobre Salud de Mascotas aqu\u00ed. Unfortunately, your [&hellip;]","og_url":"https:\/\/www.lowcostpetvaccinations.net\/es\/libreria-de-salud-animal\/","og_site_name":"Low Cost Pet Vax\u00ae","article_publisher":"http:\/\/www.facebook.com\/lowcostpetvax","article_modified_time":"2018-03-15T06:29:17+00:00","og_image":[{"width":793,"height":406,"url":"https:\/\/www.lowcostpetvaccinations.net\/wp-content\/uploads\/2016\/10\/resizedbigstockcloseuppotraitcatanddog.jpg","type":"image\/jpeg"}],"twitter_card":"summary_large_image","twitter_site":"@lowcostpetvax","schema":{"@context":"https:\/\/schema.org","@graph":[{"@type":"WebPage","@id":"https:\/\/www.lowcostpetvaccinations.net\/es\/libreria-de-salud-animal\/","url":"https:\/\/www.lowcostpetvaccinations.net\/es\/libreria-de-salud-animal\/","name":"Libreria de Salud Animal in Dallas - Fort Worth, TX - Low Cost Pet Vax\u00ae","isPartOf":{"@id":"https:\/\/www.lowcostpetvaccinations.net\/es\/#website"},"primaryImageOfPage":{"@id":"https:\/\/www.lowcostpetvaccinations.net\/es\/libreria-de-salud-animal\/#primaryimage"},"image":{"@id":"https:\/\/www.lowcostpetvaccinations.net\/es\/libreria-de-salud-animal\/#primaryimage"},"thumbnailUrl":"https:\/\/www.lowcostpetvaccinations.net\/wp-content\/uploads\/2016\/10\/resizedbigstockcloseuppotraitcatanddog.jpg","datePublished":"2017-05-09T00:37:29+00:00","dateModified":"2018-03-15T06:29:17+00:00","breadcrumb":{"@id":"https:\/\/www.lowcostpetvaccinations.net\/es\/libreria-de-salud-animal\/#breadcrumb"},"inLanguage":"es","potentialAction":[{"@type":"ReadAction","target":["https:\/\/www.lowcostpetvaccinations.net\/es\/libreria-de-salud-animal\/"]}]},{"@type":"ImageObject","inLanguage":"es","@id":"https:\/\/www.lowcostpetvaccinations.net\/es\/libreria-de-salud-animal\/#primaryimage","url":"https:\/\/www.lowcostpetvaccinations.net\/wp-content\/uploads\/2016\/10\/resizedbigstockcloseuppotraitcatanddog.jpg","contentUrl":"https:\/\/www.lowcostpetvaccinations.net\/wp-content\/uploads\/2016\/10\/resizedbigstockcloseuppotraitcatanddog.jpg","width":793,"height":406,"caption":"Close-up portrait of a cat and dog. Isolated on white background"},{"@type":"BreadcrumbList","@id":"https:\/\/www.lowcostpetvaccinations.net\/es\/libreria-de-salud-animal\/#breadcrumb","itemListElement":[{"@type":"ListItem","position":1,"name":"Home","item":"https:\/\/www.lowcostpetvaccinations.net\/es\/"},{"@type":"ListItem","position":2,"name":"Libreria de Salud Animal"}]},{"@type":"WebSite","@id":"https:\/\/www.lowcostpetvaccinations.net\/es\/#website","url":"https:\/\/www.lowcostpetvaccinations.net\/es\/","name":"Low Cost Pet Vax\u00ae","description":"Amigable, Conveniente, Accesible","publisher":{"@id":"https:\/\/www.lowcostpetvaccinations.net\/es\/#organization"},"potentialAction":[{"@type":"SearchAction","target":{"@type":"EntryPoint","urlTemplate":"https:\/\/www.lowcostpetvaccinations.net\/es\/?s={search_term_string}"},"query-input":{"@type":"PropertyValueSpecification","valueRequired":true,"valueName":"search_term_string"}}],"inLanguage":"es"},{"@type":["Organization","Place","VeterinaryCare"],"@id":"https:\/\/www.lowcostpetvaccinations.net\/es\/#organization","name":"Low Cost Pet Vax","url":"https:\/\/www.lowcostpetvaccinations.net\/","logo":{"@type":"ImageObject","inLanguage":"es","@id":"https:\/\/www.lowcostpetvaccinations.net\/es\/#\/schema\/logo\/image\/","url":"https:\/\/www.lowcostpetvaccinations.net\/wp-content\/uploads\/2017\/02\/Logo.jpg","contentUrl":"https:\/\/www.lowcostpetvaccinations.net\/wp-content\/uploads\/2017\/02\/Logo.jpg","width":960,"height":831,"caption":"Low Cost Pet Vax"},"image":{"@id":"https:\/\/www.lowcostpetvaccinations.net\/es\/#\/schema\/logo\/image\/"},"sameAs":["http:\/\/www.facebook.com\/lowcostpetvax","https:\/\/x.com\/lowcostpetvax"],"telephone":["(817) 282-1000"],"email":"contact@lowcostpetvax.com"}]}},"jetpack_sharing_enabled":true,"_links":{"self":[{"href":"https:\/\/www.lowcostpetvaccinations.net\/es\/wp-json\/wp\/v2\/pages\/1096","targetHints":{"allow":["GET"]}}],"collection":[{"href":"https:\/\/www.lowcostpetvaccinations.net\/es\/wp-json\/wp\/v2\/pages"}],"about":[{"href":"https:\/\/www.lowcostpetvaccinations.net\/es\/wp-json\/wp\/v2\/types\/page"}],"author":[{"embeddable":true,"href":"https:\/\/www.lowcostpetvaccinations.net\/es\/wp-json\/wp\/v2\/users\/3"}],"replies":[{"embeddable":true,"href":"https:\/\/www.lowcostpetvaccinations.net\/es\/wp-json\/wp\/v2\/comments?post=1096"}],"version-history":[{"count":1,"href":"https:\/\/www.lowcostpetvaccinations.net\/es\/wp-json\/wp\/v2\/pages\/1096\/revisions"}],"predecessor-version":[{"id":1819,"href":"https:\/\/www.lowcostpetvaccinations.net\/es\/wp-json\/wp\/v2\/pages\/1096\/revisions\/1819"}],"wp:featuredmedia":[{"embeddable":true,"href":"https:\/\/www.lowcostpetvaccinations.net\/es\/wp-json\/wp\/v2\/media\/1050"}],"wp:attachment":[{"href":"https:\/\/www.lowcostpetvaccinations.net\/es\/wp-json\/wp\/v2\/media?parent=1096"}],"curies":[{"name":"wp","href":"https:\/\/api.w.org\/{rel}","templated":true}]}}