{"id":1091,"date":"2017-05-08T23:45:41","date_gmt":"2017-05-08T23:45:41","guid":{"rendered":"http:\/\/www.lowcostpetvaccinations.net\/?page_id=1091\/"},"modified":"2025-08-05T00:45:50","modified_gmt":"2025-08-05T00:45:50","slug":"que-vacunas-necesita-su-perro","status":"publish","type":"page","link":"https:\/\/www.lowcostpetvaccinations.net\/es\/libreria-de-salud-animal\/que-vacunas-necesita-su-perro\/","title":{"rendered":"\u00bfQu\u00e9 Vacunas Necesita Su Perro?"},"content":{"rendered":"<h1>\u00bfQu\u00e9 Vacunas Necesita Su Perro?<img loading=\"lazy\" decoding=\"async\" class=\"alignright wp-image-1066\" src=\"https:\/\/www.lowcostpetvaccinations.net\/wp-content\/uploads\/2017\/04\/pexels-photo-342214.jpeg\" alt=\"\" width=\"388\" height=\"258\" srcset=\"https:\/\/www.lowcostpetvaccinations.net\/wp-content\/uploads\/2017\/04\/pexels-photo-342214.jpeg 5184w, https:\/\/www.lowcostpetvaccinations.net\/wp-content\/uploads\/2017\/04\/pexels-photo-342214.jpeg 300w, https:\/\/www.lowcostpetvaccinations.net\/wp-content\/uploads\/2017\/04\/pexels-photo-342214.jpeg 768w, https:\/\/www.lowcostpetvaccinations.net\/wp-content\/uploads\/2017\/04\/pexels-photo-342214.jpeg 1024w, https:\/\/www.lowcostpetvaccinations.net\/wp-content\/uploads\/2017\/04\/pexels-photo-342214.jpeg 380w, https:\/\/www.lowcostpetvaccinations.net\/wp-content\/uploads\/2017\/04\/pexels-photo-342214.jpeg 1280w, https:\/\/www.lowcostpetvaccinations.net\/wp-content\/uploads\/2017\/04\/pexels-photo-342214.jpeg 1920w\" sizes=\"auto, (max-width: 388px) 100vw, 388px\" \/><\/h1>\n<p>Las vacunas que necesite su perro dependen de usted y de la situaci\u00f3n de su mascota. Las vacunas m\u00e1s importantes usualmente son las siguientes (en orden com\u00fan de importancia):<\/p>\n<ul>\n<li>Rabia<\/li>\n<li>DHPPi<\/li>\n<li>Leptospirosis<\/li>\n<li>Bordetella<\/li>\n<\/ul>\n<p>\u00c9stas 4 vacunas son las que usualmente recomendamos aplicar a los perros anualmente ($55 el paquete completo). Sin embargo, s\u00f3lo una de ellas es requerida por ley en Texas y Oklahoma.<\/p>\n<p style=\"text-align: center;\"><em>\u00bf<\/em><em>Tiene un cachorro? <\/em><span style=\"color: #0000ff;\"><a style=\"color: #0000ff;\" href=\"https:\/\/www.lowcostpetvaccinations.net\/es\/libreria-de-salud-animal\/vacunas-necesita-mi-cachorro\/\"><em>\u00a1<\/em><em>Visite nuestra p<\/em><em>\u00e1<\/em><em>gina acerca de qu<\/em><em>\u00e9<\/em><em> vacunas necesitan los cachorros!<\/em><\/a><\/span><\/p>\n<h2>Rabia ($10)<\/h2>\n<p>Esta vacuna es obligatoria, 1 vez al a\u00f1o o 3 veces al a\u00f1o, seg\u00fan el condado de Texas en el que se encuentre y el tipo de vacuna contra la rabia que se haya usado.<\/p>\n<p>Ambas, Texas y Oklahoma, en sus leyes del estado, requieren que todos los perros reciban esta vacuna a partir de los 4 meses de edad (la cual ofrecemos en los paquetes para cachorros), y permanecer vacunados, ya sea con la vacuna de 1 vez al a\u00f1o, o la de 3 veces al a\u00f1o.<\/p>\n<p>Claramente, es importante aplicar esta vacuna, especialmente porque si usted no vacuna a su perro contra la rabia, control animal puede llevar a su perro a la perrera y cobrarle a usted multas altas.<\/p>\n<p>Las otras vacunas caninas no son obligatorias, pero <strong>son vitales para mantener a su mascota saludable.<\/strong><\/p>\n<h2><strong>Vacuna DHPP\u00a0<\/strong><\/h2>\n<p>La segunda vacuna m\u00e1s importante que constantemente recomendamos es la DHPPi. Tambi\u00e9n conocida como la de Moquillo\/Parvo, o vacuna DA2P.<\/p>\n<p>Es una vacuna que cubre diferentes enfermedades<\/p>\n<ul>\n<li>Moquillo<\/li>\n<li>Hepatitios<\/li>\n<li>Parvovirus<\/li>\n<li>Parainfluenza<\/li>\n<\/ul>\n<p>El moquillo y el parvovirus, tambi\u00e9n conocido como parvo, son dos enfermedades importantes que esta vacuna cubre. A\u00fan son muy comunes, especialmente en zonas mayormente no vacunadas, y los brotes no son inusuales.<\/p>\n<p>El moquillo y el parvo suelen ser mortales, incluso si se diagnostican pronto. Suelen requerir hospitalizaci\u00f3n y altas cuentas de veterinario.<\/p>\n<p>Para darle una idea de qu\u00e9 tan com\u00fan es el parvo, ha habido brotes recientes en <a href=\"http:\/\/www.everythinglubbock.com\/news\/klbk-news\/parvo-outbreak-in-lubbock-how-to-protect-your-dog\">Lubbock<\/a>, <a href=\"http:\/\/www.newschannel10.com\/story\/35062087\/parvo-cases-up-in-amarillo-city-urges-vaccinations\">Amarillo<\/a>, <a href=\"http:\/\/www.ktre.com\/story\/31650948\/multiple-dogs-dead-following-parvo-outbreak-at-east-texas-shelter\">Polk County<\/a>, <a href=\"http:\/\/www.newswest9.com\/story\/13449111\/parvovirus-attacks-west-texas-puppies\">Odessa<\/a>, y muchos otros lugares en Texas y Oklahoma, y otros estados.<\/p>\n<p>El moquillo se propaga por medio de la fauna salvaje. Las posibilidades de que su perro sobreviva dependen de la mutaci\u00f3n del virus y del sistema inmune del perro. Con perros m\u00e1s viejos o cachorritos, es muy seguro que mueran por la enfermedad. No es tan com\u00fan como el parvo, pero ha habido brotes recientes en Mesquite, TX, Henderson County, y en diferentes partes de estados como Ohio y California.<\/p>\n<p>Si su perro no recibe la vacuna DHPPi, le recomendamos que no le lleve a \u00e1reas p\u00fablicas o con mucho pasto. Los perros contraen parvovirus del suelo contaminado por las heces fecales de otros perros. El parvo permanece en el suelo contaminado entre 6 meses a 1 a\u00f1o despu\u00e9s de la contaminaci\u00f3n.<\/p>\n<p>El moquillo y el parvo son las amenazas m\u00e1s grandes para sus cachorros, pues no tienen ni la fuerza, ni el sistema inmune, para sobrevivir a la enfermedad. Los perros que suelen rodearse de otros perros, o est\u00e1n al exterior en zonas de pasto, perros que frecuentan parques para perros, o visitan seguido \u00e1reas donde han estado otros perros, se encuentran en alto riesgo.<\/p>\n<h2>Leptospirosis<\/h2>\n<p>La leptospirosis (tambi\u00e9n conocida como lepto), es mucho menos frecuente que el moquillo o el parvo, pero se ha vuelto m\u00e1s com\u00fan en los \u00faltimos a\u00f1os.<\/p>\n<p>La lepto es otra enfermedad mortal que los perros pueden contraer al entrar en contacto con agua contaminada o animales infectados. Recomendamos particularmente que vacune a su perro contra leptospirosis, ya que los humanos tambi\u00e9n se pueden contagiar.<\/p>\n<p>La lepto es una enfermedad zoon\u00f3tica, lo que significa que cualquier mam\u00edfero la puede contraer. En Texas y Oklahoma, se esparce com\u00fanmente por ratas, ratones, ardillas, mapaches, murci\u00e9lagos, zorros, y dem\u00e1s fauna local.<\/p>\n<p>Es altamente recomendable que se vacune a la mascota contra leptospirosis, especialmente si hay ni\u00f1os en la casa. <strong>Los perros est<\/strong><strong>\u00e1<\/strong><strong>n en riesgo si est<\/strong><strong>\u00e1<\/strong><strong>n en <\/strong><strong>\u00e1<\/strong><strong>reas con:<\/strong><\/p>\n<ul>\n<li><strong>Agua estancada<\/strong><\/li>\n<li><strong>Fauna salvaje<\/strong><\/li>\n<li><strong>Otros perros<\/strong><\/li>\n<li><strong>Historial de brotes de lepto<\/strong><\/li>\n<\/ul>\n<p>Los perros est\u00e1n en a\u00fan m\u00e1s riesgo si tienen el h\u00e1bito de lamer charcos, perseguir fauna salvaje, o jugar en el agua.<\/p>\n<p>Los brotes m\u00e1s recientes han ocurrido en Houston, Plano, y The Valley, Arizona.<\/p>\n<h2>Bordetellea<\/h2>\n<p>La bordetella es, probablemente, la enfermedad m\u00e1s com\u00fan contra la que recomendamos vacunar, <strong>aunque tambi<\/strong><strong>\u00e9<\/strong><strong>n la menos peligrosa.<\/strong><\/p>\n<p>La bordetella, tambi\u00e9n conocida como tos de las perreras, causa s\u00edntomas como de gripa o resfriado en los perros. Usualmente, los perros muestran tos y mucho moco en su nariz como resultado de la enfermedad.<\/p>\n<p>Los cachorros y perros con otros problemas de salud podr\u00edan enfermar de gravedad, <strong>pero en la mayor<\/strong><strong>\u00ed<\/strong><strong>a de los casos la bordetella no pone en riesgo la vida.<\/strong><\/p>\n<p><strong>La mayor<\/strong><strong>\u00ed<\/strong><strong>a de las est<\/strong><strong>\u00e9<\/strong><strong>ticas o guarder<\/strong><strong>\u00ed<\/strong><strong>as caninas requieren que su perro est<\/strong><strong>\u00e9<\/strong><strong> vacunado contra la bordetella. <\/strong>La enfermedad es altamente contagiosa, y puede ser transmitida por el aire o por contacto directo.<\/p>\n<h3 style=\"text-align: center;\"><em>\u00bfTiene alguna duda? Ll\u00e1menos al <\/em><em>817-282-1000<\/em><em> o <a href=\"https:\/\/www.lowcostpetvaccinations.net\/es\/contacto\/\">cont\u00e1ctenos aqu\u00ed<\/a>.<\/em><\/h3>\n<p style=\"text-align: center;\">\u00a1Obtenga un cup\u00f3n para su primera visita aqu\u00ed, y reciba un descuento de $5 en su compra! <strong>\u00a1<\/strong><strong>Precios bajos, a<\/strong><strong>\u00fa<\/strong><strong>n m<\/strong><strong>\u00e1<\/strong><strong>s bajos!<\/strong><\/p>\n<p>&nbsp;<\/p>\n","protected":false},"excerpt":{"rendered":"<p>\u00bfQu\u00e9 Vacunas Necesita Su Perro? Las vacunas que necesite su perro dependen de usted y de la situaci\u00f3n de su mascota. Las vacunas m\u00e1s importantes usualmente son las siguientes (en orden com\u00fan de importancia): Rabia DHPPi Leptospirosis Bordetella \u00c9stas 4 vacunas son las que usualmente recomendamos aplicar a los perros anualmente ($55 el paquete completo). [&hellip;]<\/p>\n","protected":false},"author":3,"featured_media":1186,"parent":1096,"menu_order":0,"comment_status":"closed","ping_status":"closed","template":"","meta":{"nf_dc_page":"","footnotes":""},"class_list":["post-1091","page","type-page","status-publish","has-post-thumbnail","hentry"],"yoast_head":"<!-- This site is optimized with the Yoast SEO Premium plugin v27.4 (Yoast SEO v27.5) - https:\/\/yoast.com\/product\/yoast-seo-premium-wordpress\/ -->\n<title>\u00bfQu\u00e9 Vacunas Necesita Su Perro? in Dallas - Fort Worth, TX - Low Cost Pet Vax\u00ae<\/title>\n<meta name=\"robots\" content=\"index, follow, max-snippet:-1, max-image-preview:large, max-video-preview:-1\" \/>\n<link rel=\"canonical\" href=\"https:\/\/www.lowcostpetvaccinations.net\/es\/libreria-de-salud-animal\/que-vacunas-necesita-su-perro\/\" \/>\n<meta property=\"og:locale\" content=\"es_ES\" \/>\n<meta property=\"og:type\" content=\"article\" \/>\n<meta property=\"og:title\" content=\"\u00bfQu\u00e9 Vacunas Necesita Su Perro?\" \/>\n<meta property=\"og:description\" content=\"\u00bfQu\u00e9 Vacunas Necesita Su Perro? Las vacunas que necesite su perro dependen de usted y de la situaci\u00f3n de su mascota. Las vacunas m\u00e1s importantes usualmente son las siguientes (en orden com\u00fan de importancia): Rabia DHPPi Leptospirosis Bordetella \u00c9stas 4 vacunas son las que usualmente recomendamos aplicar a los perros anualmente ($55 el paquete completo). [&hellip;]\" \/>\n<meta property=\"og:url\" content=\"https:\/\/www.lowcostpetvaccinations.net\/es\/libreria-de-salud-animal\/que-vacunas-necesita-su-perro\/\" \/>\n<meta property=\"og:site_name\" content=\"Low Cost Pet Vax\u00ae\" \/>\n<meta property=\"article:publisher\" content=\"http:\/\/www.facebook.com\/lowcostpetvax\" \/>\n<meta property=\"article:modified_time\" content=\"2025-08-05T00:45:50+00:00\" \/>\n<meta property=\"og:image\" content=\"https:\/\/www.lowcostpetvaccinations.net\/wp-content\/uploads\/2017\/05\/Slider4-Style01a.png\" \/>\n\t<meta property=\"og:image:width\" content=\"700\" \/>\n\t<meta property=\"og:image:height\" content=\"250\" \/>\n\t<meta property=\"og:image:type\" content=\"image\/png\" \/>\n<meta name=\"twitter:card\" content=\"summary_large_image\" \/>\n<meta name=\"twitter:site\" content=\"@lowcostpetvax\" \/>\n<meta name=\"twitter:label1\" content=\"Tiempo de lectura\" \/>\n\t<meta name=\"twitter:data1\" content=\"5 minutos\" \/>\n<script type=\"application\/ld+json\" class=\"yoast-schema-graph\">{\"@context\":\"https:\\\/\\\/schema.org\",\"@graph\":[{\"@type\":\"WebPage\",\"@id\":\"https:\\\/\\\/www.lowcostpetvaccinations.net\\\/es\\\/libreria-de-salud-animal\\\/que-vacunas-necesita-su-perro\\\/\",\"url\":\"https:\\\/\\\/www.lowcostpetvaccinations.net\\\/es\\\/libreria-de-salud-animal\\\/que-vacunas-necesita-su-perro\\\/\",\"name\":\"\u00bfQu\u00e9 Vacunas Necesita Su Perro? in Dallas - Fort Worth, TX - Low Cost Pet Vax\u00ae\",\"isPartOf\":{\"@id\":\"https:\\\/\\\/www.lowcostpetvaccinations.net\\\/es\\\/#website\"},\"primaryImageOfPage\":{\"@id\":\"https:\\\/\\\/www.lowcostpetvaccinations.net\\\/es\\\/libreria-de-salud-animal\\\/que-vacunas-necesita-su-perro\\\/#primaryimage\"},\"image\":{\"@id\":\"https:\\\/\\\/www.lowcostpetvaccinations.net\\\/es\\\/libreria-de-salud-animal\\\/que-vacunas-necesita-su-perro\\\/#primaryimage\"},\"thumbnailUrl\":\"https:\\\/\\\/www.lowcostpetvaccinations.net\\\/wp-content\\\/uploads\\\/2017\\\/05\\\/Slider4-Style01a.png\",\"datePublished\":\"2017-05-08T23:45:41+00:00\",\"dateModified\":\"2025-08-05T00:45:50+00:00\",\"breadcrumb\":{\"@id\":\"https:\\\/\\\/www.lowcostpetvaccinations.net\\\/es\\\/libreria-de-salud-animal\\\/que-vacunas-necesita-su-perro\\\/#breadcrumb\"},\"inLanguage\":\"es\",\"potentialAction\":[{\"@type\":\"ReadAction\",\"target\":[\"https:\\\/\\\/www.lowcostpetvaccinations.net\\\/es\\\/libreria-de-salud-animal\\\/que-vacunas-necesita-su-perro\\\/\"]}]},{\"@type\":\"ImageObject\",\"inLanguage\":\"es\",\"@id\":\"https:\\\/\\\/www.lowcostpetvaccinations.net\\\/es\\\/libreria-de-salud-animal\\\/que-vacunas-necesita-su-perro\\\/#primaryimage\",\"url\":\"https:\\\/\\\/www.lowcostpetvaccinations.net\\\/wp-content\\\/uploads\\\/2017\\\/05\\\/Slider4-Style01a.png\",\"contentUrl\":\"https:\\\/\\\/www.lowcostpetvaccinations.net\\\/wp-content\\\/uploads\\\/2017\\\/05\\\/Slider4-Style01a.png\",\"width\":700,\"height\":250},{\"@type\":\"BreadcrumbList\",\"@id\":\"https:\\\/\\\/www.lowcostpetvaccinations.net\\\/es\\\/libreria-de-salud-animal\\\/que-vacunas-necesita-su-perro\\\/#breadcrumb\",\"itemListElement\":[{\"@type\":\"ListItem\",\"position\":1,\"name\":\"Home\",\"item\":\"https:\\\/\\\/www.lowcostpetvaccinations.net\\\/es\\\/\"},{\"@type\":\"ListItem\",\"position\":2,\"name\":\"Libreria de Salud Animal\",\"item\":\"https:\\\/\\\/www.lowcostpetvaccinations.net\\\/es\\\/libreria-de-salud-animal\\\/\"},{\"@type\":\"ListItem\",\"position\":3,\"name\":\"\u00bfQu\u00e9 Vacunas Necesita Su Perro?\"}]},{\"@type\":\"WebSite\",\"@id\":\"https:\\\/\\\/www.lowcostpetvaccinations.net\\\/es\\\/#website\",\"url\":\"https:\\\/\\\/www.lowcostpetvaccinations.net\\\/es\\\/\",\"name\":\"Low Cost Pet Vax\u00ae\",\"description\":\"Amigable, Conveniente, Accesible\",\"publisher\":{\"@id\":\"https:\\\/\\\/www.lowcostpetvaccinations.net\\\/es\\\/#organization\"},\"potentialAction\":[{\"@type\":\"SearchAction\",\"target\":{\"@type\":\"EntryPoint\",\"urlTemplate\":\"https:\\\/\\\/www.lowcostpetvaccinations.net\\\/es\\\/?s={search_term_string}\"},\"query-input\":{\"@type\":\"PropertyValueSpecification\",\"valueRequired\":true,\"valueName\":\"search_term_string\"}}],\"inLanguage\":\"es\"},{\"@type\":[\"Organization\",\"Place\",\"VeterinaryCare\"],\"@id\":\"https:\\\/\\\/www.lowcostpetvaccinations.net\\\/es\\\/#organization\",\"name\":\"Low Cost Pet Vax\",\"url\":\"https:\\\/\\\/www.lowcostpetvaccinations.net\\\/\",\"logo\":{\"@type\":\"ImageObject\",\"inLanguage\":\"es\",\"@id\":\"https:\\\/\\\/www.lowcostpetvaccinations.net\\\/es\\\/#\\\/schema\\\/logo\\\/image\\\/\",\"url\":\"https:\\\/\\\/www.lowcostpetvaccinations.net\\\/wp-content\\\/uploads\\\/2017\\\/02\\\/Logo.jpg\",\"contentUrl\":\"https:\\\/\\\/www.lowcostpetvaccinations.net\\\/wp-content\\\/uploads\\\/2017\\\/02\\\/Logo.jpg\",\"width\":960,\"height\":831,\"caption\":\"Low Cost Pet Vax\"},\"image\":{\"@id\":\"https:\\\/\\\/www.lowcostpetvaccinations.net\\\/es\\\/#\\\/schema\\\/logo\\\/image\\\/\"},\"sameAs\":[\"http:\\\/\\\/www.facebook.com\\\/lowcostpetvax\",\"https:\\\/\\\/x.com\\\/lowcostpetvax\"],\"telephone\":[\"(817) 282-1000\"],\"email\":\"contact@lowcostpetvax.com\"}]}<\/script>\n<!-- \/ Yoast SEO Premium plugin. -->","yoast_head_json":{"title":"\u00bfQu\u00e9 Vacunas Necesita Su Perro? in Dallas - Fort Worth, TX - Low Cost Pet Vax\u00ae","robots":{"index":"index","follow":"follow","max-snippet":"max-snippet:-1","max-image-preview":"max-image-preview:large","max-video-preview":"max-video-preview:-1"},"canonical":"https:\/\/www.lowcostpetvaccinations.net\/es\/libreria-de-salud-animal\/que-vacunas-necesita-su-perro\/","og_locale":"es_ES","og_type":"article","og_title":"\u00bfQu\u00e9 Vacunas Necesita Su Perro?","og_description":"\u00bfQu\u00e9 Vacunas Necesita Su Perro? Las vacunas que necesite su perro dependen de usted y de la situaci\u00f3n de su mascota. Las vacunas m\u00e1s importantes usualmente son las siguientes (en orden com\u00fan de importancia): Rabia DHPPi Leptospirosis Bordetella \u00c9stas 4 vacunas son las que usualmente recomendamos aplicar a los perros anualmente ($55 el paquete completo). [&hellip;]","og_url":"https:\/\/www.lowcostpetvaccinations.net\/es\/libreria-de-salud-animal\/que-vacunas-necesita-su-perro\/","og_site_name":"Low Cost Pet Vax\u00ae","article_publisher":"http:\/\/www.facebook.com\/lowcostpetvax","article_modified_time":"2025-08-05T00:45:50+00:00","og_image":[{"width":700,"height":250,"url":"https:\/\/www.lowcostpetvaccinations.net\/wp-content\/uploads\/2017\/05\/Slider4-Style01a.png","type":"image\/png"}],"twitter_card":"summary_large_image","twitter_site":"@lowcostpetvax","twitter_misc":{"Tiempo de lectura":"5 minutos"},"schema":{"@context":"https:\/\/schema.org","@graph":[{"@type":"WebPage","@id":"https:\/\/www.lowcostpetvaccinations.net\/es\/libreria-de-salud-animal\/que-vacunas-necesita-su-perro\/","url":"https:\/\/www.lowcostpetvaccinations.net\/es\/libreria-de-salud-animal\/que-vacunas-necesita-su-perro\/","name":"\u00bfQu\u00e9 Vacunas Necesita Su Perro? in Dallas - Fort Worth, TX - Low Cost Pet Vax\u00ae","isPartOf":{"@id":"https:\/\/www.lowcostpetvaccinations.net\/es\/#website"},"primaryImageOfPage":{"@id":"https:\/\/www.lowcostpetvaccinations.net\/es\/libreria-de-salud-animal\/que-vacunas-necesita-su-perro\/#primaryimage"},"image":{"@id":"https:\/\/www.lowcostpetvaccinations.net\/es\/libreria-de-salud-animal\/que-vacunas-necesita-su-perro\/#primaryimage"},"thumbnailUrl":"https:\/\/www.lowcostpetvaccinations.net\/wp-content\/uploads\/2017\/05\/Slider4-Style01a.png","datePublished":"2017-05-08T23:45:41+00:00","dateModified":"2025-08-05T00:45:50+00:00","breadcrumb":{"@id":"https:\/\/www.lowcostpetvaccinations.net\/es\/libreria-de-salud-animal\/que-vacunas-necesita-su-perro\/#breadcrumb"},"inLanguage":"es","potentialAction":[{"@type":"ReadAction","target":["https:\/\/www.lowcostpetvaccinations.net\/es\/libreria-de-salud-animal\/que-vacunas-necesita-su-perro\/"]}]},{"@type":"ImageObject","inLanguage":"es","@id":"https:\/\/www.lowcostpetvaccinations.net\/es\/libreria-de-salud-animal\/que-vacunas-necesita-su-perro\/#primaryimage","url":"https:\/\/www.lowcostpetvaccinations.net\/wp-content\/uploads\/2017\/05\/Slider4-Style01a.png","contentUrl":"https:\/\/www.lowcostpetvaccinations.net\/wp-content\/uploads\/2017\/05\/Slider4-Style01a.png","width":700,"height":250},{"@type":"BreadcrumbList","@id":"https:\/\/www.lowcostpetvaccinations.net\/es\/libreria-de-salud-animal\/que-vacunas-necesita-su-perro\/#breadcrumb","itemListElement":[{"@type":"ListItem","position":1,"name":"Home","item":"https:\/\/www.lowcostpetvaccinations.net\/es\/"},{"@type":"ListItem","position":2,"name":"Libreria de Salud Animal","item":"https:\/\/www.lowcostpetvaccinations.net\/es\/libreria-de-salud-animal\/"},{"@type":"ListItem","position":3,"name":"\u00bfQu\u00e9 Vacunas Necesita Su Perro?"}]},{"@type":"WebSite","@id":"https:\/\/www.lowcostpetvaccinations.net\/es\/#website","url":"https:\/\/www.lowcostpetvaccinations.net\/es\/","name":"Low Cost Pet Vax\u00ae","description":"Amigable, Conveniente, Accesible","publisher":{"@id":"https:\/\/www.lowcostpetvaccinations.net\/es\/#organization"},"potentialAction":[{"@type":"SearchAction","target":{"@type":"EntryPoint","urlTemplate":"https:\/\/www.lowcostpetvaccinations.net\/es\/?s={search_term_string}"},"query-input":{"@type":"PropertyValueSpecification","valueRequired":true,"valueName":"search_term_string"}}],"inLanguage":"es"},{"@type":["Organization","Place","VeterinaryCare"],"@id":"https:\/\/www.lowcostpetvaccinations.net\/es\/#organization","name":"Low Cost Pet Vax","url":"https:\/\/www.lowcostpetvaccinations.net\/","logo":{"@type":"ImageObject","inLanguage":"es","@id":"https:\/\/www.lowcostpetvaccinations.net\/es\/#\/schema\/logo\/image\/","url":"https:\/\/www.lowcostpetvaccinations.net\/wp-content\/uploads\/2017\/02\/Logo.jpg","contentUrl":"https:\/\/www.lowcostpetvaccinations.net\/wp-content\/uploads\/2017\/02\/Logo.jpg","width":960,"height":831,"caption":"Low Cost Pet Vax"},"image":{"@id":"https:\/\/www.lowcostpetvaccinations.net\/es\/#\/schema\/logo\/image\/"},"sameAs":["http:\/\/www.facebook.com\/lowcostpetvax","https:\/\/x.com\/lowcostpetvax"],"telephone":["(817) 282-1000"],"email":"contact@lowcostpetvax.com"}]}},"jetpack_sharing_enabled":true,"_links":{"self":[{"href":"https:\/\/www.lowcostpetvaccinations.net\/es\/wp-json\/wp\/v2\/pages\/1091","targetHints":{"allow":["GET"]}}],"collection":[{"href":"https:\/\/www.lowcostpetvaccinations.net\/es\/wp-json\/wp\/v2\/pages"}],"about":[{"href":"https:\/\/www.lowcostpetvaccinations.net\/es\/wp-json\/wp\/v2\/types\/page"}],"author":[{"embeddable":true,"href":"https:\/\/www.lowcostpetvaccinations.net\/es\/wp-json\/wp\/v2\/users\/3"}],"replies":[{"embeddable":true,"href":"https:\/\/www.lowcostpetvaccinations.net\/es\/wp-json\/wp\/v2\/comments?post=1091"}],"version-history":[{"count":2,"href":"https:\/\/www.lowcostpetvaccinations.net\/es\/wp-json\/wp\/v2\/pages\/1091\/revisions"}],"predecessor-version":[{"id":7707,"href":"https:\/\/www.lowcostpetvaccinations.net\/es\/wp-json\/wp\/v2\/pages\/1091\/revisions\/7707"}],"up":[{"embeddable":true,"href":"https:\/\/www.lowcostpetvaccinations.net\/es\/wp-json\/wp\/v2\/pages\/1096"}],"wp:featuredmedia":[{"embeddable":true,"href":"https:\/\/www.lowcostpetvaccinations.net\/es\/wp-json\/wp\/v2\/media\/1186"}],"wp:attachment":[{"href":"https:\/\/www.lowcostpetvaccinations.net\/es\/wp-json\/wp\/v2\/media?parent=1091"}],"curies":[{"name":"wp","href":"https:\/\/api.w.org\/{rel}","templated":true}]}}