{"id":1076,"date":"2017-05-08T22:48:20","date_gmt":"2017-05-08T22:48:20","guid":{"rendered":"http:\/\/www.lowcostpetvaccinations.net\/?page_id=1076\/"},"modified":"2021-03-31T19:30:24","modified_gmt":"2021-03-31T19:30:24","slug":"horarios-y-ubicaciones","status":"publish","type":"page","link":"https:\/\/www.lowcostpetvaccinations.net\/es\/horarios-y-ubicaciones\/","title":{"rendered":"Horarios y Ubicaci\u00f3nes"},"content":{"rendered":"<p style=\"text-align: center;\">Ofrecemos vacunas accesibles en todo Dallas Forth Worth y en San Antonio, con nuevos locales abriendo en todo Texas. Conozca nuestros horarios y ent\u00e9rese cu\u00e1ndo estaremos en su \u00e1rea- Actualizamos nuestros horarios constantemente, aseg\u00farese de revisar frecuentemente.<\/p>\n<p style=\"text-align: center;\"><strong><a href=\"http:\/\/business.facebook.com\/lowcostpetvax\/\">S\u00edganos en Facebook y mant\u00e9nganse al tanto de nuestros nuevos locales! De click aqu\u00ed.<\/a><\/strong><\/p>\n<h2>Horarios de Low Cost Pet Vax<\/h2>\n<p><iframe loading=\"lazy\" style=\"border: solid 1px #777;\" src=\"https:\/\/calendar.google.com\/calendar\/embed?height=600&amp;wkst=1&amp;bgcolor=%23ffffff&amp;ctz=America%2FChicago&amp;src=amlzZG4wNHM2bDlndjBoZzhyMjFxa2lmZmNAZ3JvdXAuY2FsZW5kYXIuZ29vZ2xlLmNvbQ&amp;color=%23F6BF26&amp;showTz=0&amp;showCalendars=0&amp;showTabs=0&amp;showPrint=0&amp;showNav=0&amp;title=Horarios%20de%20Low%20Cost%20Pet%20Vax&amp;mode=AGENDA&amp;hl=es_419\" width=\"800\" height=\"600\" frameborder=\"0\" scrolling=\"no\"><\/iframe><\/p>\n<h2>Ubicaci\u00f3n de Cl\u00ednicas de Low Cost Pet Vax<\/h2>\n<p><iframe loading=\"lazy\" style=\"border: 1px solid #aaa;\" src=\"\/\/batchgeo.com\/map\/f51efab036a734888b3e1f902d7934aa\" width=\"100%\" height=\"550\" frameborder=\"0\"><\/iframe><\/p>\n<p><small>View <a href=\"http:\/\/batchgeo.com\/map\/f51efab036a734888b3e1f902d7934aa\">Low Cost Pet Vaccinations Locations<\/a> in a full screen map<\/small><\/p>\n<h1 style=\"text-align: center;\"><strong>Arlington<\/strong><\/h1>\n<p style=\"text-align: center;\"><em><strong>Westlake Ace<\/strong>: 1705 West Park Row, Arlington, TX 76013 (<a href=\"http:\/\/www.google.com\/maps\/place\/Westlake+Ace+Hardware\/@32.7217962,-97.1358488,17z\/data=!3m1!4b1!4m5!3m4!1s0x864e7d1e51347277:0x41606a231d2af186!8m2!3d32.7217962!4d-97.1336548\">mapa<\/a>)<\/em><\/p>\n<p style=\"text-align: center;\"><em><strong> Dollar General: <\/strong>1200 E Pioneer Pkwy, Arlington, TX 76010 (<a href=\"http:\/\/goo.gl\/maps\/EMQqteSuZKja519j6\">mapa<\/a>)<\/em><\/p>\n<h1 style=\"text-align: center;\"><strong>Balch Springs<\/strong><\/h1>\n<p style=\"text-align: center;\"><em><strong>La Carreta:<\/strong>\u00a0<span data-sheets-value=\"{&quot;1&quot;:2,&quot;2&quot;:&quot;11501 Elam Rd, 75180&quot;}\" data-sheets-userformat=\"{&quot;2&quot;:15019,&quot;3&quot;:{&quot;1&quot;:0},&quot;4&quot;:[null,2,14275305],&quot;6&quot;:{&quot;1&quot;:[{&quot;1&quot;:2,&quot;2&quot;:0,&quot;5&quot;:[null,2,12040119]},{&quot;1&quot;:0,&quot;2&quot;:0,&quot;3&quot;:3},{&quot;1&quot;:1,&quot;2&quot;:0,&quot;4&quot;:1}]},&quot;8&quot;:{&quot;1&quot;:[{&quot;1&quot;:2,&quot;2&quot;:0,&quot;5&quot;:[null,2,12040119]},{&quot;1&quot;:0,&quot;2&quot;:0,&quot;3&quot;:3},{&quot;1&quot;:1,&quot;2&quot;:0,&quot;4&quot;:1}]},&quot;10&quot;:2,&quot;12&quot;:0,&quot;14&quot;:[null,2,0],&quot;15&quot;:&quot;Calibri&quot;,&quot;16&quot;:11}\">11501 Elam Rd,\u00a0<\/span>\u00a0<span data-sheets-value=\"{&quot;1&quot;:2,&quot;2&quot;:&quot;Balch Springs&quot;}\" data-sheets-userformat=\"{&quot;2&quot;:15019,&quot;3&quot;:{&quot;1&quot;:0},&quot;4&quot;:[null,2,14275305],&quot;6&quot;:{&quot;1&quot;:[{&quot;1&quot;:2,&quot;2&quot;:0,&quot;5&quot;:[null,2,12040119]},{&quot;1&quot;:0,&quot;2&quot;:0,&quot;3&quot;:3},{&quot;1&quot;:1,&quot;2&quot;:0,&quot;4&quot;:1}]},&quot;8&quot;:{&quot;1&quot;:[{&quot;1&quot;:2,&quot;2&quot;:0,&quot;5&quot;:[null,2,12040119]},{&quot;1&quot;:0,&quot;2&quot;:0,&quot;3&quot;:3},{&quot;1&quot;:1,&quot;2&quot;:0,&quot;4&quot;:1}]},&quot;10&quot;:2,&quot;12&quot;:0,&quot;14&quot;:[null,2,0],&quot;15&quot;:&quot;Calibri&quot;,&quot;16&quot;:11}\">Balch Springs<\/span>, TX\u00a0<span data-sheets-value=\"{&quot;1&quot;:2,&quot;2&quot;:&quot;11501 Elam Rd, 75180&quot;}\" data-sheets-userformat=\"{&quot;2&quot;:15019,&quot;3&quot;:{&quot;1&quot;:0},&quot;4&quot;:[null,2,14275305],&quot;6&quot;:{&quot;1&quot;:[{&quot;1&quot;:2,&quot;2&quot;:0,&quot;5&quot;:[null,2,12040119]},{&quot;1&quot;:0,&quot;2&quot;:0,&quot;3&quot;:3},{&quot;1&quot;:1,&quot;2&quot;:0,&quot;4&quot;:1}]},&quot;8&quot;:{&quot;1&quot;:[{&quot;1&quot;:2,&quot;2&quot;:0,&quot;5&quot;:[null,2,12040119]},{&quot;1&quot;:0,&quot;2&quot;:0,&quot;3&quot;:3},{&quot;1&quot;:1,&quot;2&quot;:0,&quot;4&quot;:1}]},&quot;10&quot;:2,&quot;12&quot;:0,&quot;14&quot;:[null,2,0],&quot;15&quot;:&quot;Calibri&quot;,&quot;16&quot;:11}\">75180<\/span> (<a href=\"http:\/\/www.google.com\/maps\/place\/La+Carreta+Meat+Market\/@32.7199647,-96.6302204,17z\/data=!3m1!4b1!4m5!3m4!1s0x864ebb2c40ce062b:0x144b7af4b0ca16a6!8m2!3d32.7199647!4d-96.6280264\">mapa<\/a>)<\/em><\/p>\n<h1 style=\"text-align: center;\"><strong>Dallas<\/strong><\/h1>\n<p style=\"text-align: center;\"><strong>Advance Auto: <\/strong><em>2434 W Illinois, Dallas, TX 75233 (<a href=\"http:\/\/goo.gl\/maps\/XvgNqWFQBQxsyTiHA\">mapa<\/a>)<\/em><\/p>\n<p style=\"text-align: center;\"><strong><em>T-Mobile:\u00a0<\/em><\/strong><em>4201 Gaston Ave Suite 100<\/em><em>, Dallas, TX 75246 (<a href=\"http:\/\/goo.gl\/maps\/LvxnsGi2CNZQ2k1N8\">mapa<\/a>)<\/em><\/p>\n<p style=\"text-align: center;\"><strong><em>Westlake Ace:\u00a0<\/em><\/strong><em>12895 Josey Ln, Farmer\u2019s Branch, TX 75234<\/em> <em>(<a href=\"http:\/\/goo.gl\/maps\/rFhx5FDw3Gyx43nv6\">mapa<\/a>)<\/em><\/p>\n<p style=\"text-align: center;\"><em><strong>O\u2019Reilly\u2019s:<\/strong> 11515 Garland Rd, Dallas, TX 75218 (<a href=\"http:\/\/goo.gl\/maps\/WnXah1ZkiVD3522n7\">mapa<\/a>)<\/em><\/p>\n<p style=\"text-align: center;\"><em><strong>O\u2019Reilly<\/strong>:\u00a0<span data-sheets-value=\"{&quot;1&quot;:2,&quot;2&quot;:&quot;2215 Marsalis Ave, 75216&quot;}\" data-sheets-userformat=\"{&quot;2&quot;:14979,&quot;3&quot;:{&quot;1&quot;:0},&quot;4&quot;:[null,2,15389148],&quot;10&quot;:2,&quot;12&quot;:0,&quot;14&quot;:[null,2,0],&quot;15&quot;:&quot;Calibri&quot;,&quot;16&quot;:11}\">2215 Marsalis Ave<\/span>, Dallas, TX\u00a0<span data-sheets-value=\"{&quot;1&quot;:2,&quot;2&quot;:&quot;2215 Marsalis Ave, 75216&quot;}\" data-sheets-userformat=\"{&quot;2&quot;:14979,&quot;3&quot;:{&quot;1&quot;:0},&quot;4&quot;:[null,2,15389148],&quot;10&quot;:2,&quot;12&quot;:0,&quot;14&quot;:[null,2,0],&quot;15&quot;:&quot;Calibri&quot;,&quot;16&quot;:11}\">75216, (<a href=\"http:\/\/goo.gl\/maps\/17r5fwkXL94pxxsx8\">mapa<\/a>)<\/span><\/em><\/p>\n<p style=\"text-align: center;\"><strong><em>O\u2019Reilly\u2019s:\u00a0<\/em><\/strong><em>4131 W Jefferson Blvd, Dallas, TX 75211 (<a href=\"http:\/\/goo.gl\/maps\/17r5fwkXL94pxxsx8\">mapa<\/a>)<\/em><\/p>\n<h1 style=\"text-align: center;\"><strong>Farmer\u2019s Branch<\/strong><\/h1>\n<p style=\"text-align: center;\"><em><strong>Westlake Ace: <\/strong><\/em>12895 Josey Ln #140, Farmers Branch, TX 75234 <em>(<a href=\"http:\/\/www.google.com\/maps\/place\/Westlake+Ace+Hardware\/@32.9225988,-96.8850005,17z\/data=!3m1!4b1!4m5!3m4!1s0x864c27a8a89d84d5:0x13ac4f4a6f87a2cc!8m2!3d32.9225988!4d-96.8828065\">mapa<\/a>)<\/em><\/p>\n<h1 style=\"text-align: center;\"><strong>Fort Worth<\/strong><\/h1>\n<p style=\"text-align: center;\"><em>Fort Worth Family Dollar on E Rosedale (<a href=\"http:\/\/www.google.com\/maps\/place\/Family+Dollar\/@32.7318795,-97.2726437,17z\/data=!3m1!4b1!4m5!3m4!1s0x864e707e703b78c5:0x6a7416d34e1ae25e!8m2!3d32.7318795!4d-97.2704497\">mapa<\/a>)<\/em><\/p>\n<p style=\"text-align: center;\"><em>Fort Worth Atwood on Lake Worth Blvd (<a href=\"http:\/\/www.google.com\/maps\/place\/Atwoods+Ranch+%26+Home\/@32.803798,-97.4161188,17z\/data=!3m1!4b1!4m5!3m4!1s0x864e74e7d2edec79:0x781c67df7c6eb222!8m2!3d32.803798!4d-97.4139248\">mapa<\/a>)<\/em><\/p>\n<p style=\"text-align: center;\"><em>Fort Worth Pep Boys on Camp Bowie (<a href=\"http:\/\/www.google.com\/maps\/place\/Pep+Boys+Auto+Parts+%26+Service\/@32.7235624,-97.4378708,16z\/data=!4m8!1m2!2m1!1sFort+Worth+Pep+Boys+on+Camp+Bowie!3m4!1s0x864e0d39b8427f59:0xd7ba72fc3981bfa3!8m2!3d32.722886!4d-97.441909\">mapa<\/a>)<\/em><\/p>\n<h1 style=\"text-align: center;\"><strong>Garland<\/strong><\/h1>\n<p style=\"text-align: center;\"><strong>Snoopy&#8217;s Grooming: <\/strong>5156 N Jupiter Rd, Garland, TX 75044 <em>(<a href=\"http:\/\/goo.gl\/maps\/x5fXhoFLsHRDUFdv5\">mapa<\/a>)<\/em><\/p>\n<p style=\"text-align: center;\"><strong>Pep Boys:\u00a0<\/strong>2002 Northwest Hwy, Garland, TX 75041 <i>(<a href=\"http:\/\/www.google.com\/maps\/place\/Pep+Boys+Auto+Parts+%26+Service\/@32.863552,-96.659875,17z\/data=!3m1!4b1!4m5!3m4!1s0x864ea72e982898b1:0x91b6fc18eb1e143f!8m2!3d32.863552!4d-96.657681\">mapa<\/a>)<\/i><\/p>\n<p style=\"text-align: center;\"><strong>Ridgewood Shopping Center:\u00a0<\/strong>3031 S 1st Street, Garland, TX 75041 <em>(<a href=\"http:\/\/goo.gl\/maps\/2QFZKT7dzShn5VTK7\">mapa<\/a>)<\/em><\/p>\n<h1 style=\"text-align: center;\"><strong>Irving<\/strong><\/h1>\n<p style=\"text-align: center;\"><b>Low Cost Pet Vet,<i>\u00a0<\/i><\/b>3202 W Irving Blvd, Irving, TX 75061 <em>(<a href=\"http:\/\/goo.gl\/maps\/krqLyFumPCRcSE42A\">mapa<\/a>)<\/em><\/p>\n<h1 style=\"text-align: center;\"><strong>Mesquite<\/strong><\/h1>\n<p style=\"text-align: center;\"><strong>Hobby Lobby<\/strong> 2302 N Galloway Ave, Mesquite, TX 75150<em> (<a href=\"http:\/\/www.google.com\/maps\/place\/Pep+Boys+Auto+Parts+%26+Service\/@32.796648,-96.614674,17z\/data=!3m1!4b1!4m5!3m4!1s0x864ea5c8c3ecd869:0x1895dd39bc600366!8m2!3d32.796648!4d-96.61248\">mapa<\/a>)<\/em><\/p>\n<p style=\"text-align: center;\"><strong>Albertsons,\u00a0<\/strong>2828 Motley Dr, Mesquite, TX 75150 <em>(<a href=\"http:\/\/goo.gl\/maps\/AxPGuL9NzYmffwQQ7\">mapa<\/a>)<\/em><\/p>\n<p style=\"text-align: center;\"><strong>Dollar General, <\/strong>1220 Pioneer Rd, Mesquite, TX 75149 <em>(<a href=\"http:\/\/goo.gl\/maps\/rfxqWev9DN3ZXBMh7\">mapa<\/a>)<\/em><\/p>\n<h1 style=\"text-align: center;\"><strong>San Antonio<\/strong><\/h1>\n<div class=\"JAPzS\" data-text=\"San Antonio Pep Boys (San Pedro Ave)\" data-tooltip-position=\"bottom\" data-tooltip-vertical-offset=\"0\" data-tooltip-horizontal-offset=\"0\" data-tooltip-only-if-necessary=\"true\">\n<div class=\"JAPzS\" data-text=\"San Antonio Pep Boys (San Pedro Ave)\" data-tooltip-position=\"bottom\" data-tooltip-vertical-offset=\"0\" data-tooltip-horizontal-offset=\"0\" data-tooltip-only-if-necessary=\"true\">\n<div class=\"JAPzS\" data-text=\"San Antonio Pep Boys (San Pedro Ave)\" data-tooltip-position=\"bottom\" data-tooltip-vertical-offset=\"0\" data-tooltip-horizontal-offset=\"0\" data-tooltip-only-if-necessary=\"true\">\n<div class=\"JAPzS\" data-text=\"San Antonio Pep Boys (San Pedro Ave)\" data-tooltip-position=\"bottom\" data-tooltip-vertical-offset=\"0\" data-tooltip-horizontal-offset=\"0\" data-tooltip-only-if-necessary=\"true\">\n<p style=\"text-align: center;\"><strong>Pep Boys<\/strong>, 8103 Marbach Rd, San Antonio, Texas<span data-sheets-value=\"{&quot;1&quot;:2,&quot;2&quot;:&quot;3021 West Ave B, 78201&quot;}\" data-sheets-userformat=\"{&quot;2&quot;:14979,&quot;3&quot;:{&quot;1&quot;:0},&quot;4&quot;:[null,2,13421772],&quot;10&quot;:2,&quot;12&quot;:0,&quot;14&quot;:[null,2,0],&quot;15&quot;:&quot;Calibri&quot;,&quot;16&quot;:11}\"> 78227\u00a0<\/span><em>\u00a0(<a href=\"http:\/\/goo.gl\/maps\/nejEJnR7voxYK53KA\">mapa<\/a>)<\/em><\/p>\n<\/div>\n<p style=\"text-align: center;\"><strong>Pep Boys<\/strong>, 5616 Walzem Rd, San Antonio, Texas 78218<em>\u00a0(<a href=\"http:\/\/goo.gl\/maps\/96A8kvfEEbxxmB788\">mapa<\/a>)<\/em><\/p>\n<\/div>\n<div class=\"JAPzS\" data-text=\"San Antonio Pep Boys (San Pedro Ave)\" data-tooltip-position=\"bottom\" data-tooltip-vertical-offset=\"0\" data-tooltip-horizontal-offset=\"0\" data-tooltip-only-if-necessary=\"true\">\n<div class=\"JAPzS\" data-text=\"San Antonio Pep Boys (San Pedro Ave)\" data-tooltip-position=\"bottom\" data-tooltip-vertical-offset=\"0\" data-tooltip-horizontal-offset=\"0\" data-tooltip-only-if-necessary=\"true\">\n<div class=\"JAPzS\" data-text=\"San Antonio Pep Boys (San Pedro Ave)\" data-tooltip-position=\"bottom\" data-tooltip-vertical-offset=\"0\" data-tooltip-horizontal-offset=\"0\" data-tooltip-only-if-necessary=\"true\">\n<p style=\"text-align: center;\"><strong>Pet\u2019s Barn<\/strong>: 803 SW Military Pkwy, San Antonio, Texas 78221 <em>(<a href=\"http:\/\/goo.gl\/maps\/inoLiPfnff6DfXBB7\">mapa<\/a>)<\/em><\/p>\n<p style=\"text-align: center;\"><strong>La Quesabrosaz<\/strong>: 909 WW White Rd, San Antonio, Texas 78220\u00a0<em>(<a href=\"http:\/\/goo.gl\/maps\/GhiNhwj79sAAHTQN7\">mapa<\/a>)<\/em><\/p>\n<p style=\"text-align: center;\"><strong>Cricket Wireless<\/strong>,\u00a0<span data-sheets-value=\"{&quot;1&quot;:2,&quot;2&quot;:&quot;3021 West Ave B, 78201&quot;}\" data-sheets-userformat=\"{&quot;2&quot;:14979,&quot;3&quot;:{&quot;1&quot;:0},&quot;4&quot;:[null,2,13421772],&quot;10&quot;:2,&quot;12&quot;:0,&quot;14&quot;:[null,2,0],&quot;15&quot;:&quot;Calibri&quot;,&quot;16&quot;:11}\">3021 West Ave B<\/span>, San Antonio, Texas<span data-sheets-value=\"{&quot;1&quot;:2,&quot;2&quot;:&quot;3021 West Ave B, 78201&quot;}\" data-sheets-userformat=\"{&quot;2&quot;:14979,&quot;3&quot;:{&quot;1&quot;:0},&quot;4&quot;:[null,2,13421772],&quot;10&quot;:2,&quot;12&quot;:0,&quot;14&quot;:[null,2,0],&quot;15&quot;:&quot;Calibri&quot;,&quot;16&quot;:11}\"> 78201<\/span><em>\u00a0(<a href=\"http:\/\/goo.gl\/maps\/Ra72eYnFXgodhMcX6\">mapa<\/a>)<\/em><\/p>\n<h3 style=\"text-align: center;\"><\/h3>\n<\/div>\n<\/div>\n<\/div>\n<\/div>\n<\/div>\n<h3 style=\"text-align: center;\"><em>\u00bfTiene alguna duda? Ll\u00e1menos al <\/em><em>817-282-1000<\/em><em> o <a href=\"https:\/\/www.lowcostpetvaccinations.net\/es\/contacto\/\">cont\u00e1ctenos aqu\u00ed<\/a>.<\/em><\/h3>\n","protected":false},"excerpt":{"rendered":"<p>Ofrecemos vacunas accesibles en todo Dallas Forth Worth y en San Antonio, con nuevos locales abriendo en todo Texas. Conozca nuestros horarios y ent\u00e9rese cu\u00e1ndo estaremos en su \u00e1rea- Actualizamos nuestros horarios constantemente, aseg\u00farese de revisar frecuentemente. S\u00edganos en Facebook y mant\u00e9nganse al tanto de nuestros nuevos locales! De click aqu\u00ed. Horarios de Low Cost [&hellip;]<\/p>\n","protected":false},"author":3,"featured_media":1548,"parent":0,"menu_order":11,"comment_status":"closed","ping_status":"closed","template":"","meta":{"nf_dc_page":"","footnotes":""},"class_list":["post-1076","page","type-page","status-publish","has-post-thumbnail","hentry"],"yoast_head":"<!-- This site is optimized with the Yoast SEO Premium plugin v27.3 (Yoast SEO v27.4) - https:\/\/yoast.com\/product\/yoast-seo-premium-wordpress\/ -->\n<title>Horarios y Ubicaci\u00f3nes in Dallas - Fort Worth, TX - Low Cost Pet Vax\u00ae<\/title>\n<meta name=\"description\" content=\"Low Cost Pet Vax is located across the Dallas Fort Worth area with new locations opening across TX. View our low cost pet vaccinations schedule here!\" \/>\n<meta name=\"robots\" content=\"index, follow, max-snippet:-1, max-image-preview:large, max-video-preview:-1\" \/>\n<link rel=\"canonical\" href=\"https:\/\/www.lowcostpetvaccinations.net\/es\/horarios-y-ubicaciones\/\" \/>\n<meta property=\"og:locale\" content=\"es_ES\" \/>\n<meta property=\"og:type\" content=\"article\" \/>\n<meta property=\"og:title\" content=\"Horarios y Ubicaci\u00f3nes\" \/>\n<meta property=\"og:description\" content=\"Low Cost Pet Vax is located across the Dallas Fort Worth area with new locations opening across TX. View our low cost pet vaccinations schedule here!\" \/>\n<meta property=\"og:url\" content=\"https:\/\/www.lowcostpetvaccinations.net\/es\/horarios-y-ubicaciones\/\" \/>\n<meta property=\"og:site_name\" content=\"Low Cost Pet Vax\u00ae\" \/>\n<meta property=\"article:publisher\" content=\"http:\/\/www.facebook.com\/lowcostpetvax\" \/>\n<meta property=\"article:modified_time\" content=\"2021-03-31T19:30:24+00:00\" \/>\n<meta property=\"og:image\" content=\"https:\/\/www.lowcostpetvaccinations.net\/wp-content\/uploads\/2017\/05\/Banner-04-Spanish.jpg\" \/>\n\t<meta property=\"og:image:width\" content=\"2850\" \/>\n\t<meta property=\"og:image:height\" content=\"1030\" \/>\n\t<meta property=\"og:image:type\" content=\"image\/jpeg\" \/>\n<meta name=\"twitter:card\" content=\"summary_large_image\" \/>\n<meta name=\"twitter:site\" content=\"@lowcostpetvax\" \/>\n<meta name=\"twitter:label1\" content=\"Tiempo de lectura\" \/>\n\t<meta name=\"twitter:data1\" content=\"2 minutos\" \/>\n<script type=\"application\/ld+json\" class=\"yoast-schema-graph\">{\"@context\":\"https:\\\/\\\/schema.org\",\"@graph\":[{\"@type\":\"WebPage\",\"@id\":\"https:\\\/\\\/www.lowcostpetvaccinations.net\\\/es\\\/horarios-y-ubicaciones\\\/\",\"url\":\"https:\\\/\\\/www.lowcostpetvaccinations.net\\\/es\\\/horarios-y-ubicaciones\\\/\",\"name\":\"Horarios y Ubicaci\u00f3nes in Dallas - Fort Worth, TX - Low Cost Pet Vax\u00ae\",\"isPartOf\":{\"@id\":\"https:\\\/\\\/www.lowcostpetvaccinations.net\\\/es\\\/#website\"},\"primaryImageOfPage\":{\"@id\":\"https:\\\/\\\/www.lowcostpetvaccinations.net\\\/es\\\/horarios-y-ubicaciones\\\/#primaryimage\"},\"image\":{\"@id\":\"https:\\\/\\\/www.lowcostpetvaccinations.net\\\/es\\\/horarios-y-ubicaciones\\\/#primaryimage\"},\"thumbnailUrl\":\"https:\\\/\\\/www.lowcostpetvaccinations.net\\\/wp-content\\\/uploads\\\/2017\\\/05\\\/Banner-04-Spanish.jpg\",\"datePublished\":\"2017-05-08T22:48:20+00:00\",\"dateModified\":\"2021-03-31T19:30:24+00:00\",\"description\":\"Low Cost Pet Vax is located across the Dallas Fort Worth area with new locations opening across TX. View our low cost pet vaccinations schedule here!\",\"breadcrumb\":{\"@id\":\"https:\\\/\\\/www.lowcostpetvaccinations.net\\\/es\\\/horarios-y-ubicaciones\\\/#breadcrumb\"},\"inLanguage\":\"es\",\"potentialAction\":[{\"@type\":\"ReadAction\",\"target\":[\"https:\\\/\\\/www.lowcostpetvaccinations.net\\\/es\\\/horarios-y-ubicaciones\\\/\"]}]},{\"@type\":\"ImageObject\",\"inLanguage\":\"es\",\"@id\":\"https:\\\/\\\/www.lowcostpetvaccinations.net\\\/es\\\/horarios-y-ubicaciones\\\/#primaryimage\",\"url\":\"https:\\\/\\\/www.lowcostpetvaccinations.net\\\/wp-content\\\/uploads\\\/2017\\\/05\\\/Banner-04-Spanish.jpg\",\"contentUrl\":\"https:\\\/\\\/www.lowcostpetvaccinations.net\\\/wp-content\\\/uploads\\\/2017\\\/05\\\/Banner-04-Spanish.jpg\",\"width\":2850,\"height\":1030},{\"@type\":\"BreadcrumbList\",\"@id\":\"https:\\\/\\\/www.lowcostpetvaccinations.net\\\/es\\\/horarios-y-ubicaciones\\\/#breadcrumb\",\"itemListElement\":[{\"@type\":\"ListItem\",\"position\":1,\"name\":\"Home\",\"item\":\"https:\\\/\\\/www.lowcostpetvaccinations.net\\\/es\\\/\"},{\"@type\":\"ListItem\",\"position\":2,\"name\":\"Horarios y Ubicaci\u00f3nes\"}]},{\"@type\":\"WebSite\",\"@id\":\"https:\\\/\\\/www.lowcostpetvaccinations.net\\\/es\\\/#website\",\"url\":\"https:\\\/\\\/www.lowcostpetvaccinations.net\\\/es\\\/\",\"name\":\"Low Cost Pet Vax\u00ae\",\"description\":\"Amigable, Conveniente, Accesible\",\"publisher\":{\"@id\":\"https:\\\/\\\/www.lowcostpetvaccinations.net\\\/es\\\/#organization\"},\"potentialAction\":[{\"@type\":\"SearchAction\",\"target\":{\"@type\":\"EntryPoint\",\"urlTemplate\":\"https:\\\/\\\/www.lowcostpetvaccinations.net\\\/es\\\/?s={search_term_string}\"},\"query-input\":{\"@type\":\"PropertyValueSpecification\",\"valueRequired\":true,\"valueName\":\"search_term_string\"}}],\"inLanguage\":\"es\"},{\"@type\":[\"Organization\",\"Place\",\"VeterinaryCare\"],\"@id\":\"https:\\\/\\\/www.lowcostpetvaccinations.net\\\/es\\\/#organization\",\"name\":\"Low Cost Pet Vax\",\"url\":\"https:\\\/\\\/www.lowcostpetvaccinations.net\\\/\",\"logo\":{\"@type\":\"ImageObject\",\"inLanguage\":\"es\",\"@id\":\"https:\\\/\\\/www.lowcostpetvaccinations.net\\\/es\\\/#\\\/schema\\\/logo\\\/image\\\/\",\"url\":\"https:\\\/\\\/www.lowcostpetvaccinations.net\\\/wp-content\\\/uploads\\\/2017\\\/02\\\/Logo.jpg\",\"contentUrl\":\"https:\\\/\\\/www.lowcostpetvaccinations.net\\\/wp-content\\\/uploads\\\/2017\\\/02\\\/Logo.jpg\",\"width\":960,\"height\":831,\"caption\":\"Low Cost Pet Vax\"},\"image\":{\"@id\":\"https:\\\/\\\/www.lowcostpetvaccinations.net\\\/es\\\/#\\\/schema\\\/logo\\\/image\\\/\"},\"sameAs\":[\"http:\\\/\\\/www.facebook.com\\\/lowcostpetvax\",\"https:\\\/\\\/x.com\\\/lowcostpetvax\"],\"telephone\":[\"(817) 282-1000\"],\"email\":\"contact@lowcostpetvax.com\"}]}<\/script>\n<!-- \/ Yoast SEO Premium plugin. -->","yoast_head_json":{"title":"Horarios y Ubicaci\u00f3nes in Dallas - Fort Worth, TX - Low Cost Pet Vax\u00ae","description":"Low Cost Pet Vax is located across the Dallas Fort Worth area with new locations opening across TX. View our low cost pet vaccinations schedule here!","robots":{"index":"index","follow":"follow","max-snippet":"max-snippet:-1","max-image-preview":"max-image-preview:large","max-video-preview":"max-video-preview:-1"},"canonical":"https:\/\/www.lowcostpetvaccinations.net\/es\/horarios-y-ubicaciones\/","og_locale":"es_ES","og_type":"article","og_title":"Horarios y Ubicaci\u00f3nes","og_description":"Low Cost Pet Vax is located across the Dallas Fort Worth area with new locations opening across TX. View our low cost pet vaccinations schedule here!","og_url":"https:\/\/www.lowcostpetvaccinations.net\/es\/horarios-y-ubicaciones\/","og_site_name":"Low Cost Pet Vax\u00ae","article_publisher":"http:\/\/www.facebook.com\/lowcostpetvax","article_modified_time":"2021-03-31T19:30:24+00:00","og_image":[{"width":2850,"height":1030,"url":"https:\/\/www.lowcostpetvaccinations.net\/wp-content\/uploads\/2017\/05\/Banner-04-Spanish.jpg","type":"image\/jpeg"}],"twitter_card":"summary_large_image","twitter_site":"@lowcostpetvax","twitter_misc":{"Tiempo de lectura":"2 minutos"},"schema":{"@context":"https:\/\/schema.org","@graph":[{"@type":"WebPage","@id":"https:\/\/www.lowcostpetvaccinations.net\/es\/horarios-y-ubicaciones\/","url":"https:\/\/www.lowcostpetvaccinations.net\/es\/horarios-y-ubicaciones\/","name":"Horarios y Ubicaci\u00f3nes in Dallas - Fort Worth, TX - Low Cost Pet Vax\u00ae","isPartOf":{"@id":"https:\/\/www.lowcostpetvaccinations.net\/es\/#website"},"primaryImageOfPage":{"@id":"https:\/\/www.lowcostpetvaccinations.net\/es\/horarios-y-ubicaciones\/#primaryimage"},"image":{"@id":"https:\/\/www.lowcostpetvaccinations.net\/es\/horarios-y-ubicaciones\/#primaryimage"},"thumbnailUrl":"https:\/\/www.lowcostpetvaccinations.net\/wp-content\/uploads\/2017\/05\/Banner-04-Spanish.jpg","datePublished":"2017-05-08T22:48:20+00:00","dateModified":"2021-03-31T19:30:24+00:00","description":"Low Cost Pet Vax is located across the Dallas Fort Worth area with new locations opening across TX. View our low cost pet vaccinations schedule here!","breadcrumb":{"@id":"https:\/\/www.lowcostpetvaccinations.net\/es\/horarios-y-ubicaciones\/#breadcrumb"},"inLanguage":"es","potentialAction":[{"@type":"ReadAction","target":["https:\/\/www.lowcostpetvaccinations.net\/es\/horarios-y-ubicaciones\/"]}]},{"@type":"ImageObject","inLanguage":"es","@id":"https:\/\/www.lowcostpetvaccinations.net\/es\/horarios-y-ubicaciones\/#primaryimage","url":"https:\/\/www.lowcostpetvaccinations.net\/wp-content\/uploads\/2017\/05\/Banner-04-Spanish.jpg","contentUrl":"https:\/\/www.lowcostpetvaccinations.net\/wp-content\/uploads\/2017\/05\/Banner-04-Spanish.jpg","width":2850,"height":1030},{"@type":"BreadcrumbList","@id":"https:\/\/www.lowcostpetvaccinations.net\/es\/horarios-y-ubicaciones\/#breadcrumb","itemListElement":[{"@type":"ListItem","position":1,"name":"Home","item":"https:\/\/www.lowcostpetvaccinations.net\/es\/"},{"@type":"ListItem","position":2,"name":"Horarios y Ubicaci\u00f3nes"}]},{"@type":"WebSite","@id":"https:\/\/www.lowcostpetvaccinations.net\/es\/#website","url":"https:\/\/www.lowcostpetvaccinations.net\/es\/","name":"Low Cost Pet Vax\u00ae","description":"Amigable, Conveniente, Accesible","publisher":{"@id":"https:\/\/www.lowcostpetvaccinations.net\/es\/#organization"},"potentialAction":[{"@type":"SearchAction","target":{"@type":"EntryPoint","urlTemplate":"https:\/\/www.lowcostpetvaccinations.net\/es\/?s={search_term_string}"},"query-input":{"@type":"PropertyValueSpecification","valueRequired":true,"valueName":"search_term_string"}}],"inLanguage":"es"},{"@type":["Organization","Place","VeterinaryCare"],"@id":"https:\/\/www.lowcostpetvaccinations.net\/es\/#organization","name":"Low Cost Pet Vax","url":"https:\/\/www.lowcostpetvaccinations.net\/","logo":{"@type":"ImageObject","inLanguage":"es","@id":"https:\/\/www.lowcostpetvaccinations.net\/es\/#\/schema\/logo\/image\/","url":"https:\/\/www.lowcostpetvaccinations.net\/wp-content\/uploads\/2017\/02\/Logo.jpg","contentUrl":"https:\/\/www.lowcostpetvaccinations.net\/wp-content\/uploads\/2017\/02\/Logo.jpg","width":960,"height":831,"caption":"Low Cost Pet Vax"},"image":{"@id":"https:\/\/www.lowcostpetvaccinations.net\/es\/#\/schema\/logo\/image\/"},"sameAs":["http:\/\/www.facebook.com\/lowcostpetvax","https:\/\/x.com\/lowcostpetvax"],"telephone":["(817) 282-1000"],"email":"contact@lowcostpetvax.com"}]}},"jetpack_sharing_enabled":true,"_links":{"self":[{"href":"https:\/\/www.lowcostpetvaccinations.net\/es\/wp-json\/wp\/v2\/pages\/1076","targetHints":{"allow":["GET"]}}],"collection":[{"href":"https:\/\/www.lowcostpetvaccinations.net\/es\/wp-json\/wp\/v2\/pages"}],"about":[{"href":"https:\/\/www.lowcostpetvaccinations.net\/es\/wp-json\/wp\/v2\/types\/page"}],"author":[{"embeddable":true,"href":"https:\/\/www.lowcostpetvaccinations.net\/es\/wp-json\/wp\/v2\/users\/3"}],"replies":[{"embeddable":true,"href":"https:\/\/www.lowcostpetvaccinations.net\/es\/wp-json\/wp\/v2\/comments?post=1076"}],"version-history":[{"count":7,"href":"https:\/\/www.lowcostpetvaccinations.net\/es\/wp-json\/wp\/v2\/pages\/1076\/revisions"}],"predecessor-version":[{"id":4098,"href":"https:\/\/www.lowcostpetvaccinations.net\/es\/wp-json\/wp\/v2\/pages\/1076\/revisions\/4098"}],"wp:featuredmedia":[{"embeddable":true,"href":"https:\/\/www.lowcostpetvaccinations.net\/es\/wp-json\/wp\/v2\/media\/1548"}],"wp:attachment":[{"href":"https:\/\/www.lowcostpetvaccinations.net\/es\/wp-json\/wp\/v2\/media?parent=1076"}],"curies":[{"name":"wp","href":"https:\/\/api.w.org\/{rel}","templated":true}]}}