{"id":1070,"date":"2017-05-08T22:48:35","date_gmt":"2017-05-08T22:48:35","guid":{"rendered":"http:\/\/www.lowcostpetvaccinations.net\/?page_id=1070\/"},"modified":"2017-05-08T22:48:35","modified_gmt":"2017-05-08T22:48:35","slug":"preguntas-frecuentes","status":"publish","type":"page","link":"https:\/\/www.lowcostpetvaccinations.net\/es\/preguntas-frecuentes\/","title":{"rendered":"Preguntas Frecuentes"},"content":{"rendered":"<p><strong><img loading=\"lazy\" decoding=\"async\" class=\"alignright wp-image-1071\" src=\"https:\/\/www.lowcostpetvaccinations.net\/wp-content\/uploads\/2017\/05\/IMG_20170313_085549_544.jpg\" alt=\"\" width=\"377\" height=\"377\" srcset=\"https:\/\/www.lowcostpetvaccinations.net\/wp-content\/uploads\/2017\/05\/IMG_20170313_085549_544.jpg 826w, https:\/\/www.lowcostpetvaccinations.net\/wp-content\/uploads\/2017\/05\/IMG_20170313_085549_544.jpg 150w, https:\/\/www.lowcostpetvaccinations.net\/wp-content\/uploads\/2017\/05\/IMG_20170313_085549_544.jpg 300w, https:\/\/www.lowcostpetvaccinations.net\/wp-content\/uploads\/2017\/05\/IMG_20170313_085549_544.jpg 768w, https:\/\/www.lowcostpetvaccinations.net\/wp-content\/uploads\/2017\/05\/IMG_20170313_085549_544.jpg 260w\" sizes=\"auto, (max-width: 377px) 100vw, 377px\" \/>\u00bfQu\u00e9 tipo de vacunas ofrecen?<\/strong> Low Cost Pet Vaccinations ofrece todo tipo de vacunas para sus perros y gatos. Revise aqu\u00ed para ver una lista detallada de nuestras vacunas.<\/p>\n<p><strong>\u00bfOfrecen otros servicios adem\u00e1s de vacunaci\u00f3n?<\/strong> Ofrecemos an\u00e1lisis y prevenci\u00f3n de par\u00e1sitos del coraz\u00f3n, junto con otros servicios como injerto de microchip, desparasitaci\u00f3n, y corte de u\u00f1as.<\/p>\n<p><strong>\u00bfOfrecen prevenci\u00f3n anti pulgas?<\/strong> \u00a1Claro! Ofrecemos tratamiento en nuestras cl\u00ednicas, as\u00ed como alternativas que le podemos enviar a su domicilio.<\/p>\n<p><strong>\u00bfPueden esterilizar a mi mascota?<\/strong> Desafortunadamente no ofrecemos este servicio. Por favor visite a su veterinario para esterilizar a su mascota.<\/p>\n<p><strong>\u00bfEn d\u00f3nde est\u00e1n ubicados?<\/strong> Puede encontrar nuestros locales aqu\u00ed. \u00a1Le recomendamos que revise seguido pues a\u00f1adimos nuevos locales constantemente!<\/p>\n<p><strong>\u00bfTienen alguna ubicaci\u00f3n fija?<\/strong> Low Cost Pet Vaccinations trabaja dentro de las comunidades, y no est\u00e1 centrado en locales o cl\u00ednicas fijas.<\/p>\n<p><strong>\u00bfCu\u00e1ndo puedo vacunar a mi mascota?<\/strong> Nos instalamos en diferentes lugares todos los fines de semana de cada mes. Puede revisar nuestros horarios aqu\u00ed y ver cu\u00e1ndo estaremos en su zona.<\/p>\n<p><strong>\u00bfPuedo traer mi a mi cachorro\/gatito para que reciba vacunas?<\/strong> \u00a1Por supuesto! Sin embargo, su mascota debe tener al menos entre 6 y 8 semanas antes de que poder aplicarle cualquier vacuna. Si su mascota a\u00fan no ha alcanzado esta edad, por favor vis\u00edtenos despu\u00e9s cuando estemos de nuevo en su zona.<\/p>\n<p><strong>\u00bfNecesito traer la cartilla de vacunaci\u00f3n de mi mascota?<\/strong> Depende de usted. As\u00ed traiga la cartilla de vacunaci\u00f3n, o no, podemos recomendarle vacunas que su mascota pueda necesitar y las opciones existentes.<\/p>\n<p><strong>\u00bfNo ve su pregunta aqu\u00ed?<\/strong> No dude en llamar al (817) 282-1000, enviar un correo aqu\u00ed, o contactarnos en Facebook en http:\/\/www.facebook.com\/lowcostpetvax.<\/p>\n","protected":false},"excerpt":{"rendered":"<p>\u00bfQu\u00e9 tipo de vacunas ofrecen? Low Cost Pet Vaccinations ofrece todo tipo de vacunas para sus perros y gatos. Revise aqu\u00ed para ver una lista detallada de nuestras vacunas. \u00bfOfrecen otros servicios adem\u00e1s de vacunaci\u00f3n? Ofrecemos an\u00e1lisis y prevenci\u00f3n de par\u00e1sitos del coraz\u00f3n, junto con otros servicios como injerto de microchip, desparasitaci\u00f3n, y corte de [&hellip;]<\/p>\n","protected":false},"author":3,"featured_media":1059,"parent":0,"menu_order":10,"comment_status":"closed","ping_status":"closed","template":"","meta":{"nf_dc_page":"","footnotes":""},"class_list":["post-1070","page","type-page","status-publish","has-post-thumbnail","hentry"],"yoast_head":"<!-- This site is optimized with the Yoast SEO Premium plugin v27.4 (Yoast SEO v27.5) - https:\/\/yoast.com\/product\/yoast-seo-premium-wordpress\/ -->\n<title>Preguntas Frecuentes in Dallas - Fort Worth, TX - Low Cost Pet Vax\u00ae<\/title>\n<meta name=\"robots\" content=\"index, follow, max-snippet:-1, max-image-preview:large, max-video-preview:-1\" \/>\n<link rel=\"canonical\" href=\"https:\/\/www.lowcostpetvaccinations.net\/es\/preguntas-frecuentes\/\" \/>\n<meta property=\"og:locale\" content=\"es_ES\" \/>\n<meta property=\"og:type\" content=\"article\" \/>\n<meta property=\"og:title\" content=\"Preguntas Frecuentes\" \/>\n<meta property=\"og:description\" content=\"\u00bfQu\u00e9 tipo de vacunas ofrecen? Low Cost Pet Vaccinations ofrece todo tipo de vacunas para sus perros y gatos. Revise aqu\u00ed para ver una lista detallada de nuestras vacunas. \u00bfOfrecen otros servicios adem\u00e1s de vacunaci\u00f3n? Ofrecemos an\u00e1lisis y prevenci\u00f3n de par\u00e1sitos del coraz\u00f3n, junto con otros servicios como injerto de microchip, desparasitaci\u00f3n, y corte de [&hellip;]\" \/>\n<meta property=\"og:url\" content=\"https:\/\/www.lowcostpetvaccinations.net\/es\/preguntas-frecuentes\/\" \/>\n<meta property=\"og:site_name\" content=\"Low Cost Pet Vax\u00ae\" \/>\n<meta property=\"article:publisher\" content=\"http:\/\/www.facebook.com\/lowcostpetvax\" \/>\n<meta property=\"og:image\" content=\"https:\/\/www.lowcostpetvaccinations.net\/wp-content\/uploads\/2017\/02\/banner3try2.png\" \/>\n\t<meta property=\"og:image:width\" content=\"700\" \/>\n\t<meta property=\"og:image:height\" content=\"250\" \/>\n\t<meta property=\"og:image:type\" content=\"image\/png\" \/>\n<meta name=\"twitter:card\" content=\"summary_large_image\" \/>\n<meta name=\"twitter:site\" content=\"@lowcostpetvax\" \/>\n<meta name=\"twitter:label1\" content=\"Tiempo de lectura\" \/>\n\t<meta name=\"twitter:data1\" content=\"1 minuto\" \/>\n<script type=\"application\/ld+json\" class=\"yoast-schema-graph\">{\"@context\":\"https:\\\/\\\/schema.org\",\"@graph\":[{\"@type\":\"WebPage\",\"@id\":\"https:\\\/\\\/www.lowcostpetvaccinations.net\\\/es\\\/preguntas-frecuentes\\\/\",\"url\":\"https:\\\/\\\/www.lowcostpetvaccinations.net\\\/es\\\/preguntas-frecuentes\\\/\",\"name\":\"Preguntas Frecuentes in Dallas - Fort Worth, TX - Low Cost Pet Vax\u00ae\",\"isPartOf\":{\"@id\":\"https:\\\/\\\/www.lowcostpetvaccinations.net\\\/es\\\/#website\"},\"primaryImageOfPage\":{\"@id\":\"https:\\\/\\\/www.lowcostpetvaccinations.net\\\/es\\\/preguntas-frecuentes\\\/#primaryimage\"},\"image\":{\"@id\":\"https:\\\/\\\/www.lowcostpetvaccinations.net\\\/es\\\/preguntas-frecuentes\\\/#primaryimage\"},\"thumbnailUrl\":\"https:\\\/\\\/www.lowcostpetvaccinations.net\\\/wp-content\\\/uploads\\\/2017\\\/02\\\/banner3try2.png\",\"datePublished\":\"2017-05-08T22:48:35+00:00\",\"breadcrumb\":{\"@id\":\"https:\\\/\\\/www.lowcostpetvaccinations.net\\\/es\\\/preguntas-frecuentes\\\/#breadcrumb\"},\"inLanguage\":\"es\",\"potentialAction\":[{\"@type\":\"ReadAction\",\"target\":[\"https:\\\/\\\/www.lowcostpetvaccinations.net\\\/es\\\/preguntas-frecuentes\\\/\"]}]},{\"@type\":\"ImageObject\",\"inLanguage\":\"es\",\"@id\":\"https:\\\/\\\/www.lowcostpetvaccinations.net\\\/es\\\/preguntas-frecuentes\\\/#primaryimage\",\"url\":\"https:\\\/\\\/www.lowcostpetvaccinations.net\\\/wp-content\\\/uploads\\\/2017\\\/02\\\/banner3try2.png\",\"contentUrl\":\"https:\\\/\\\/www.lowcostpetvaccinations.net\\\/wp-content\\\/uploads\\\/2017\\\/02\\\/banner3try2.png\",\"width\":700,\"height\":250},{\"@type\":\"BreadcrumbList\",\"@id\":\"https:\\\/\\\/www.lowcostpetvaccinations.net\\\/es\\\/preguntas-frecuentes\\\/#breadcrumb\",\"itemListElement\":[{\"@type\":\"ListItem\",\"position\":1,\"name\":\"Home\",\"item\":\"https:\\\/\\\/www.lowcostpetvaccinations.net\\\/es\\\/\"},{\"@type\":\"ListItem\",\"position\":2,\"name\":\"Preguntas Frecuentes\"}]},{\"@type\":\"WebSite\",\"@id\":\"https:\\\/\\\/www.lowcostpetvaccinations.net\\\/es\\\/#website\",\"url\":\"https:\\\/\\\/www.lowcostpetvaccinations.net\\\/es\\\/\",\"name\":\"Low Cost Pet Vax\u00ae\",\"description\":\"Amigable, Conveniente, Accesible\",\"publisher\":{\"@id\":\"https:\\\/\\\/www.lowcostpetvaccinations.net\\\/es\\\/#organization\"},\"potentialAction\":[{\"@type\":\"SearchAction\",\"target\":{\"@type\":\"EntryPoint\",\"urlTemplate\":\"https:\\\/\\\/www.lowcostpetvaccinations.net\\\/es\\\/?s={search_term_string}\"},\"query-input\":{\"@type\":\"PropertyValueSpecification\",\"valueRequired\":true,\"valueName\":\"search_term_string\"}}],\"inLanguage\":\"es\"},{\"@type\":[\"Organization\",\"Place\",\"VeterinaryCare\"],\"@id\":\"https:\\\/\\\/www.lowcostpetvaccinations.net\\\/es\\\/#organization\",\"name\":\"Low Cost Pet Vax\",\"url\":\"https:\\\/\\\/www.lowcostpetvaccinations.net\\\/\",\"logo\":{\"@type\":\"ImageObject\",\"inLanguage\":\"es\",\"@id\":\"https:\\\/\\\/www.lowcostpetvaccinations.net\\\/es\\\/#\\\/schema\\\/logo\\\/image\\\/\",\"url\":\"https:\\\/\\\/www.lowcostpetvaccinations.net\\\/wp-content\\\/uploads\\\/2017\\\/02\\\/Logo.jpg\",\"contentUrl\":\"https:\\\/\\\/www.lowcostpetvaccinations.net\\\/wp-content\\\/uploads\\\/2017\\\/02\\\/Logo.jpg\",\"width\":960,\"height\":831,\"caption\":\"Low Cost Pet Vax\"},\"image\":{\"@id\":\"https:\\\/\\\/www.lowcostpetvaccinations.net\\\/es\\\/#\\\/schema\\\/logo\\\/image\\\/\"},\"sameAs\":[\"http:\\\/\\\/www.facebook.com\\\/lowcostpetvax\",\"https:\\\/\\\/x.com\\\/lowcostpetvax\"],\"telephone\":[\"(817) 282-1000\"],\"email\":\"contact@lowcostpetvax.com\"}]}<\/script>\n<!-- \/ Yoast SEO Premium plugin. -->","yoast_head_json":{"title":"Preguntas Frecuentes in Dallas - Fort Worth, TX - Low Cost Pet Vax\u00ae","robots":{"index":"index","follow":"follow","max-snippet":"max-snippet:-1","max-image-preview":"max-image-preview:large","max-video-preview":"max-video-preview:-1"},"canonical":"https:\/\/www.lowcostpetvaccinations.net\/es\/preguntas-frecuentes\/","og_locale":"es_ES","og_type":"article","og_title":"Preguntas Frecuentes","og_description":"\u00bfQu\u00e9 tipo de vacunas ofrecen? Low Cost Pet Vaccinations ofrece todo tipo de vacunas para sus perros y gatos. Revise aqu\u00ed para ver una lista detallada de nuestras vacunas. \u00bfOfrecen otros servicios adem\u00e1s de vacunaci\u00f3n? Ofrecemos an\u00e1lisis y prevenci\u00f3n de par\u00e1sitos del coraz\u00f3n, junto con otros servicios como injerto de microchip, desparasitaci\u00f3n, y corte de [&hellip;]","og_url":"https:\/\/www.lowcostpetvaccinations.net\/es\/preguntas-frecuentes\/","og_site_name":"Low Cost Pet Vax\u00ae","article_publisher":"http:\/\/www.facebook.com\/lowcostpetvax","og_image":[{"width":700,"height":250,"url":"https:\/\/www.lowcostpetvaccinations.net\/wp-content\/uploads\/2017\/02\/banner3try2.png","type":"image\/png"}],"twitter_card":"summary_large_image","twitter_site":"@lowcostpetvax","twitter_misc":{"Tiempo de lectura":"1 minuto"},"schema":{"@context":"https:\/\/schema.org","@graph":[{"@type":"WebPage","@id":"https:\/\/www.lowcostpetvaccinations.net\/es\/preguntas-frecuentes\/","url":"https:\/\/www.lowcostpetvaccinations.net\/es\/preguntas-frecuentes\/","name":"Preguntas Frecuentes in Dallas - Fort Worth, TX - Low Cost Pet Vax\u00ae","isPartOf":{"@id":"https:\/\/www.lowcostpetvaccinations.net\/es\/#website"},"primaryImageOfPage":{"@id":"https:\/\/www.lowcostpetvaccinations.net\/es\/preguntas-frecuentes\/#primaryimage"},"image":{"@id":"https:\/\/www.lowcostpetvaccinations.net\/es\/preguntas-frecuentes\/#primaryimage"},"thumbnailUrl":"https:\/\/www.lowcostpetvaccinations.net\/wp-content\/uploads\/2017\/02\/banner3try2.png","datePublished":"2017-05-08T22:48:35+00:00","breadcrumb":{"@id":"https:\/\/www.lowcostpetvaccinations.net\/es\/preguntas-frecuentes\/#breadcrumb"},"inLanguage":"es","potentialAction":[{"@type":"ReadAction","target":["https:\/\/www.lowcostpetvaccinations.net\/es\/preguntas-frecuentes\/"]}]},{"@type":"ImageObject","inLanguage":"es","@id":"https:\/\/www.lowcostpetvaccinations.net\/es\/preguntas-frecuentes\/#primaryimage","url":"https:\/\/www.lowcostpetvaccinations.net\/wp-content\/uploads\/2017\/02\/banner3try2.png","contentUrl":"https:\/\/www.lowcostpetvaccinations.net\/wp-content\/uploads\/2017\/02\/banner3try2.png","width":700,"height":250},{"@type":"BreadcrumbList","@id":"https:\/\/www.lowcostpetvaccinations.net\/es\/preguntas-frecuentes\/#breadcrumb","itemListElement":[{"@type":"ListItem","position":1,"name":"Home","item":"https:\/\/www.lowcostpetvaccinations.net\/es\/"},{"@type":"ListItem","position":2,"name":"Preguntas Frecuentes"}]},{"@type":"WebSite","@id":"https:\/\/www.lowcostpetvaccinations.net\/es\/#website","url":"https:\/\/www.lowcostpetvaccinations.net\/es\/","name":"Low Cost Pet Vax\u00ae","description":"Amigable, Conveniente, Accesible","publisher":{"@id":"https:\/\/www.lowcostpetvaccinations.net\/es\/#organization"},"potentialAction":[{"@type":"SearchAction","target":{"@type":"EntryPoint","urlTemplate":"https:\/\/www.lowcostpetvaccinations.net\/es\/?s={search_term_string}"},"query-input":{"@type":"PropertyValueSpecification","valueRequired":true,"valueName":"search_term_string"}}],"inLanguage":"es"},{"@type":["Organization","Place","VeterinaryCare"],"@id":"https:\/\/www.lowcostpetvaccinations.net\/es\/#organization","name":"Low Cost Pet Vax","url":"https:\/\/www.lowcostpetvaccinations.net\/","logo":{"@type":"ImageObject","inLanguage":"es","@id":"https:\/\/www.lowcostpetvaccinations.net\/es\/#\/schema\/logo\/image\/","url":"https:\/\/www.lowcostpetvaccinations.net\/wp-content\/uploads\/2017\/02\/Logo.jpg","contentUrl":"https:\/\/www.lowcostpetvaccinations.net\/wp-content\/uploads\/2017\/02\/Logo.jpg","width":960,"height":831,"caption":"Low Cost Pet Vax"},"image":{"@id":"https:\/\/www.lowcostpetvaccinations.net\/es\/#\/schema\/logo\/image\/"},"sameAs":["http:\/\/www.facebook.com\/lowcostpetvax","https:\/\/x.com\/lowcostpetvax"],"telephone":["(817) 282-1000"],"email":"contact@lowcostpetvax.com"}]}},"jetpack_sharing_enabled":true,"_links":{"self":[{"href":"https:\/\/www.lowcostpetvaccinations.net\/es\/wp-json\/wp\/v2\/pages\/1070","targetHints":{"allow":["GET"]}}],"collection":[{"href":"https:\/\/www.lowcostpetvaccinations.net\/es\/wp-json\/wp\/v2\/pages"}],"about":[{"href":"https:\/\/www.lowcostpetvaccinations.net\/es\/wp-json\/wp\/v2\/types\/page"}],"author":[{"embeddable":true,"href":"https:\/\/www.lowcostpetvaccinations.net\/es\/wp-json\/wp\/v2\/users\/3"}],"replies":[{"embeddable":true,"href":"https:\/\/www.lowcostpetvaccinations.net\/es\/wp-json\/wp\/v2\/comments?post=1070"}],"version-history":[{"count":0,"href":"https:\/\/www.lowcostpetvaccinations.net\/es\/wp-json\/wp\/v2\/pages\/1070\/revisions"}],"wp:featuredmedia":[{"embeddable":true,"href":"https:\/\/www.lowcostpetvaccinations.net\/es\/wp-json\/wp\/v2\/media\/1059"}],"wp:attachment":[{"href":"https:\/\/www.lowcostpetvaccinations.net\/es\/wp-json\/wp\/v2\/media?parent=1070"}],"curies":[{"name":"wp","href":"https:\/\/api.w.org\/{rel}","templated":true}]}}